{"id":101,"date":"2018-10-02T01:14:29","date_gmt":"2018-10-01T22:14:29","guid":{"rendered":"http:\/\/erdogankutlu.com\/yeni\/wordpress\/?page_id=101"},"modified":"2018-10-02T01:14:29","modified_gmt":"2018-10-01T22:14:29","slug":"elektronik-caga-girerken-sanayimizin-gelistirilmesi","status":"publish","type":"page","link":"https:\/\/erdogankutlu.com\/index.php\/elektronik-caga-girerken-sanayimizin-gelistirilmesi\/","title":{"rendered":"Elektronik \u00c7a\u011fa Girerken Sanayimizin Geli\u015ftirilmesi"},"content":{"rendered":"\n<p><em>\u0130stanbul Sanayi Odas\u0131 &#8211; Ekim 1989<\/em><\/p>\n\n\n\n<p>End\u00fcstri \u00f6ncesi toplumda, temel \u00fcretim \u015fekli kol g\u00fcc\u00fcne dayal\u0131 tar\u0131msal \u00fcretimdi ve ya\u015fam k\u0131rsal kesimde tek d\u00fcze idi.<\/p>\n\n\n\n<p>End\u00fcstri devrinde ise, kolg\u00fcc\u00fcn\u00fcn yerini buhar makinalan ile ba\u015flay\u0131p geli\u015fen makinalar alm\u0131\u015ft\u0131r. \u00dcretim belirli hammaddelerin belirli makinalara girmesi ve belirli \u00fcr\u00fcnlerin tekrar tekrar \u00fcretilmesi \u015feklindedir. Ya\u015fam \u015fekli de kendini tekrar eden s\u00fcre\u00e7ler haline d\u00f6n\u00fc\u015fm\u00fc\u015ft\u00fcr.<\/p>\n\n\n\n<p>\u00c7a\u011f\u0131m\u0131zda ise; End\u00fcstri devriminin yerini ELEKTRON\u0130K devrimi alm\u0131\u015ft\u0131r ve bizi yepyeni bir toplum yap\u0131s\u0131na g\u00f6t\u00fcrmektedir. Bu toplum yap\u0131s\u0131 B\u0130LG\u0130 TOPLUMU olacakt\u0131r. Art\u0131k B\u0130LG\u0130 BANKALARI, Bilgisayarlar, Bilgiyazarlar ve ileti\u015fim ara\u00e7lar\u0131 ak\u0131l almaz boyutlardaki bilgileri insanlar\u0131n \u00f6nlerine an\u0131nda getirebilmektedir.<\/p>\n\n\n\n<p>Elektronik \u00e7a\u011fda, sanayinin yap\u0131s\u0131 da de\u011fi\u015fecektir. \u00dcretim zamana veya mekana ba\u011fl\u0131 olmayacakt\u0131r. Fabrikalar\u0131 Robotlar \u00e7al\u0131\u015ft\u0131racaklar ve fabrikalardaki \u00fcretimler kitlesel olabilece\u011fi gibi bireyselde olabileceklerdir. \u00d6rne\u011fin evinizdeki Bilgisayar ve ekran arac\u0131l\u0131\u011f\u0131 ile diledi\u011finiz bir Otomobil fabrikas\u0131na istedi\u011finiz \u00f6zellikleri ta\u015f\u0131yan bir otomobil sipari\u015f edebileceksiniz. Bu fabrikan\u0131n dev bilgisayarlar\u0131 sizin otomobilinize s\u0131ra geldi\u011finde robotlar\u0131na sizin istedi\u011finiz \u00f6zellikteki otomobili yapt\u0131racaklard\u0131r. Ayn\u0131 \u00fcretim prensibini kendinize yak\u0131\u015faca\u011f\u0131n\u0131za inand\u0131\u011f\u0131n\u0131z giysiyi \u00fcretmek i\u00e7inde d\u00fc\u015f\u00fcnebilirsiniz.<\/p>\n\n\n\n<p>Bilgi Bankalar\u0131 ve bilgi merkezleri ile her g\u00fcn sadece sizin i\u00e7in \u00e7\u0131kan bir gazetenin dizilmesi olas\u0131 hale gelecektir. Yine evinizdeki bilgisayar ile hangi yazar\u0131n yorumlan ile ilgili oldu\u011funuzu veya hangi \u00e7e\u015fit bilgileri \u00f6\u011frenmek ve g\u00f6rmek istedi\u011finizi \u00e7e\u015fitli bilgi merkezlerine iletti\u011finizde evinizdeki ekrandan derhal okuyabilecek ve g\u00f6rebileceksiniz.<\/p>\n\n\n\n<p>\u00d6zetle Elektronik sayesinde insanlar zaman ve mek\u00e2n\u0131 bug\u00fcn d\u00fc\u015f\u00fcnebildi\u011fimiz ve hatta hayal edebildi\u011fimizden \u00e7ok daha de\u011fi\u015fik ve farkl\u0131la\u015fm\u0131\u015f bi\u00e7imde kullanacaklar\u0131 i\u00e7in kal\u0131ps\u0131z insan ili\u015fkilerinin yer ald\u0131\u011f\u0131 \u00fcretim \u015fekli ba\u015fka hukuksal kavran\u0131lan de\u011fi\u015fmi\u015f, sanata bak\u0131\u015f\u0131 \u00e7ok farkl\u0131 yepyeni bir toplum do\u011facakt\u0131r.<\/p>\n\n\n\n<p>\u00dclke olarak bizimde bu toplum yap\u0131\u015fma ula\u015fabilmemiz i\u00e7in Sanayi yap\u0131m\u0131z\u0131 geli\u015fmi\u015f \u00fclkeler d\u00fczeyine \u00e7\u0131karmam\u0131z gerekmektedir.<\/p>\n\n\n\n<p>Bunun i\u00e7in e\u011fitim sistemimizin temelden ba\u015flamak \u00fczere ara\u015ft\u0131rmaya, geli\u015ftirmeye, yarat\u0131c\u0131l\u0131\u011fa ve teknoloji \u00fcretimine a\u011f\u0131rl\u0131k verecek \u015fekilde yeniden d\u00fczenlenmesi gerekmektedir.<\/p>\n\n\n\n<p>Aynca \u00dcniversitelerimizde geli\u015fmi\u015f \u00fclkelerin Uluslararas\u0131 \u00fcniversiteleri ile m\u00fc\u015fterek &#8220;Uluslararas\u0131 Bilim ve Teknoloji Enstit\u00fcleri&#8221; kurmalar\u0131m sa\u011flamal\u0131y\u0131z. B\u00f6ylece bilim adamlar\u0131m\u0131z\u0131n yabana bilim adamlan ile beraber ara\u015ft\u0131rma-ge-li\u015ftirme ve teknoloji \u00fcretimini ger\u00e7ekle\u015ftirmeleri sa\u011flanabilecektir. Aynca sanayi kurulu\u015flammz\u0131n da b\u00fcnyelerinde &#8221; Ara\u015f-tama-Geli\u015ftirme&#8221; merkezleri kurmalan te\u015fvik edilmelidir.<\/p>\n\n\n\n<p>\u00dclkeler zaman zaman gayrisafi milli has\u0131lalar\u0131n\u0131n ara\u015ft\u0131rma ve geli\u015ftirmeye ay\u0131rd\u0131klan y\u00fczdelerine g\u00f6re de\u011ferlendirilirler. &#8220;Ara\u015ft\u0131rma yo\u011fun&#8221; olarak tan\u0131mlayabilece\u011fimiz ve bu oran\u0131n y\u00fczde iki&#8217;-nin \u00fczerinde oldu\u011fu sekiz \u00fclke vard\u0131r.<\/p>\n\n\n\n<table class=\"wp-block-table\"><tbody><tr><td><strong>\u00dclkeler<\/strong><\/td><td><strong>GSMH\u2019nin y\u00fczdesi<\/strong><\/td><\/tr><tr><td>Amerika Birle\u015fik Devletleri<\/td><td>2.8<\/td><\/tr><tr><td>\u0130sve\u00e7<\/td><td>2.8<\/td><\/tr><tr><td>F. Almanya<\/td><td>2.7<\/td><\/tr><tr><td>\u0130svi\u00e7re<\/td><td>2.6<\/td><\/tr><tr><td>Japonya<\/td><td>2.6<\/td><\/tr><tr><td>\u0130ngiltere<\/td><td>2.3<\/td><\/tr><tr><td>Fransa<\/td><td>2.3<\/td><\/tr><tr><td>Hollanda<\/td><td>2.0<\/td><\/tr><\/tbody><\/table>\n\n\n\n<p>Kaynak: A.P. SPEISER \u0130svi\u00e7re M\u00fchendislik Bilimleri Akademisi Ba\u015fkan\u0131 (\u0130svi\u00e7re&#8217;de Bilimsel Ara\u015ft\u0131rma ve End\u00fcstriyel Geli\u015fme)<\/p>\n\n\n\n<p>Listede \u00fcst s\u0131ralarda bulunan \u0130sve\u00e7 ve \u0130svi\u00e7re&#8217;nin sadece bir sanayi kurulu\u015funu \u00f6rnek olarak inceleyecek olursak geli\u015fmi\u015f \u00fclkeler sanayicilerininde ara\u015ft\u0131rma ve geli\u015ftirmeye ne kadar \u00f6nem verdiklerini g\u00f6r\u00fcr\u00fcz.<\/p>\n\n\n\n<p>&#8220;1 Ocak 1988 itibariyle birle\u015fen \u0130sve\u00e7 Asea grubu ile \u0130svi\u00e7re&#8217;nin Brown Boveri grubunun ge\u00e7en y\u0131l ara\u015ft\u0131rma-geli\u015ftirmeye ay\u0131rd\u0131\u011f\u0131 pay 1.1 milyar $ olmu\u015ftur. Buna kar\u015f\u0131l\u0131k y\u0131ll\u0131k sab\u015flanda 20 milyar $ olarak ger\u00e7ekle\u015fmi\u015ftir.&#8221;<\/p>\n\n\n\n<p>Kaynak: Asea-Brown Boveri (ABB) Yay\u0131nlar\u0131<\/p>\n\n\n\n<p>Sanayimizin geli\u015fmesi ve \u00fclkemizin geli\u015fen \u00fclkeler seviyesine ula\u015fmas\u0131 i\u00e7in sadece Teknoloji \u00fcretmemizde k\u00e2fi de\u011fildir. \u00dcretilen Teknolojilerin D\u00fcnya piyasalar\u0131nda pazarlanmas\u0131 gerekir. Uluslararas\u0131 pazarlarda rekabet edebilmek ise \u00fcretilen mamullerin teknik \u00fcst\u00fcnl\u00fcklerinin yans\u0131ra maliyetinin d\u00fc\u015f\u00fck olmas\u0131na ba\u011fl\u0131d\u0131r.<\/p>\n\n\n\n<p>\u00dcretilen mamullerin maliyetine tesir eden fakt\u00f6rler i\u00e7inde en \u00f6nemlisi kullan\u0131lan kredilerin maliyetidir. % 100 (y\u00fczde y\u00fcz) 1er civannda faizle al\u0131narak \u00fcretilen mamullerin Geli\u015fmi\u015f \u00fclkelerde % 10 (y\u00fczde on) lar civannda faizle al\u0131narak \u00fcretilen mamullerle rekabet etmeleri m\u00fcmk\u00fcn de\u011fildir.<\/p>\n\n\n\n<p>Bunun i\u00e7inde Uluslararas\u0131 \u00e7e\u015fitli yap\u0131lanmalara gerek vard\u0131r. Bu yap\u0131lanmalann en \u00f6nemlileri &#8220;Uluslararas\u0131 Bankalar&#8221; d\u0131r. F\u0130NANS+TEKNOLOJ\u0130 y\u00f6n\u00fcnden g\u00fc\u00e7l\u00fc \u00fclkelerin (\u0130svi\u00e7re, \u0130sve\u00e7, Japonya, Kanada, Norve\u00e7&#8230;) Uluslararas\u0131 Bankalan ile Sanayicilerimizin ve \u0130\u015fa-damlanm\u0131zm ortak olaca\u011f\u0131 &#8220;INTERNATIONAL CONSORTIUMBANK&#8221; 1ar kurulmal\u0131d\u0131r.<\/p>\n\n\n\n<p>Kurulacak bu t\u00fcr &#8220;\u0130htisas Bankalan&#8221;: Resmi ve \u00d6zel kurulu\u015flanm\u0131zm DI\u015e KRED\u0130 ihtiya\u00e7lanm Euro-Pazarlarda &#8220;Lead manager&#8221; lik yaparak Euro-Kredi veya Euro-Tahvil ihrac\u0131 \u015feklinde en uygun \u015fartlarla ve en uygun fiyata temin edebileceklerdir. Bu da Sanayimizde \u00f6nemli bir yer tutan paran\u0131n maliyetinin d\u00fc\u015fmesini ve rekabet g\u00fcc\u00fcm\u00fcz\u00fcn artmas\u0131n\u0131 sa\u011flayacakt\u0131r.<\/p>\n\n\n\n<p>Banka taraf\u0131ndan \u00e7\u0131kanlacak EURO-\u00c7EK ve EURO-SENET&#8217;ler ile Sanayicilerimizin ve \u0130\u015fadamlanm\u0131zm Uluslararas\u0131 Ticaret yapabilmeleri ve g\u00fcn\u00fcn yirmi-d\u00f6rt saatini de\u011ferlendirmeleri m\u00fcmk\u00fcn olabilecektir.<\/p>\n\n\n\n<p>Sanayi yatmmlan olarakta \u00f6zellikle &#8220;Leasing&#8221; modeli ile \u00fclkemize Y\u00fcksek Teknoloji (High Tech.) \u00fcretim tesislerinin (Mikro-chip, Bilgisayar, Elektronik cihazlar, Robot, Lazer, Savunma f\u00fczeleri, Haberle\u015fme ve ara\u015ft\u0131rma uydulan, N\u00fckleer santrallar, S\u00fcper iletgenler, S\u00fcper H\u0131zl\u0131 Trenler ve sistemleri&#8230; gibi) kurulmas\u0131 sa\u011flanabilecektir.<\/p>\n\n\n\n<p>Y\u00fcksek k\u00e2r getirecek bu t\u00fcr tesislerin halka a\u00e7\u0131lmas\u0131 sa\u011flanmal\u0131d\u0131r. B\u00f6ylece en b\u00fcy\u00fck F\u0130NANS KAYNA\u011eI olan halk\u0131m\u0131z\u0131n tasarruflannm faiz yerine Sanayimizin geli\u015fmesine y\u00f6nlendirilmesi sa\u011flanm\u0131\u015f olacakt\u0131r.<\/p>\n\n\n\n<p>Halk\u0131m\u0131z\u0131n alt\u0131na olan taleplerininde daha \u00e7ok k\u00e2r getirecek bu t\u00fcr tesislere y\u00f6nlendirilmesini ve ekonomiye \u00fcretgen yatmmlar \u015fekline d\u00f6n\u00fc\u015fmesini sa\u011flamak i\u00e7in alt\u0131na endexli &#8220;Alt\u0131n Hisse&#8221;, &#8220;Alt\u0131n Tahvil&#8221; ve &#8220;Alt\u0131n Sertifikas\u0131&#8221; \u00e7\u0131kartmal\u0131d\u0131r.<\/p>\n\n\n\n<p>Ayr\u0131ca Bankalar b\u00fcnyesinde B\u0130LG\u0130 BANKALARI olu\u015fturularak D\u00fcnya Ekonomisindeki geli\u015fmeler Sanayicilerimize ve \u0130\u015fadamlanm\u0131za an\u0131nda iletilebilmelidir.<\/p>\n\n\n\n<p>\u00d6zetle &#8220;ELEKTRON\u0130K \u00c7A\u011eA girerken&#8221; Uluslararas\u0131 Bilim ve Teknoloji Enstit\u00fclerinin ve &#8220;International Consortiumbanklar&#8221; in kurulmas\u0131 Sanayimizin geli\u015fmesi ve gelece\u011fi a\u00e7\u0131s\u0131ndan gerekli.<\/p>\n","protected":false},"excerpt":{"rendered":"<p>\u0130stanbul Sanayi Odas\u0131 &#8211; Ekim 1989 End\u00fcstri \u00f6ncesi toplumda, temel \u00fcretim \u015fekli kol g\u00fcc\u00fcne dayal\u0131 tar\u0131msal \u00fcretimdi ve ya\u015fam k\u0131rsal kesimde tek d\u00fcze idi. End\u00fcstri&#8230;<\/p>\n","protected":false},"author":1,"featured_media":0,"parent":0,"menu_order":0,"comment_status":"closed","ping_status":"closed","template":"","meta":[],"_links":{"self":[{"href":"https:\/\/erdogankutlu.com\/index.php\/wp-json\/wp\/v2\/pages\/101"}],"collection":[{"href":"https:\/\/erdogankutlu.com\/index.php\/wp-json\/wp\/v2\/pages"}],"about":[{"href":"https:\/\/erdogankutlu.com\/index.php\/wp-json\/wp\/v2\/types\/page"}],"author":[{"embeddable":true,"href":"https:\/\/erdogankutlu.com\/index.php\/wp-json\/wp\/v2\/users\/1"}],"replies":[{"embeddable":true,"href":"https:\/\/erdogankutlu.com\/index.php\/wp-json\/wp\/v2\/comments?post=101"}],"version-history":[{"count":1,"href":"https:\/\/erdogankutlu.com\/index.php\/wp-json\/wp\/v2\/pages\/101\/revisions"}],"predecessor-version":[{"id":102,"href":"https:\/\/erdogankutlu.com\/index.php\/wp-json\/wp\/v2\/pages\/101\/revisions\/102"}],"wp:attachment":[{"href":"https:\/\/erdogankutlu.com\/index.php\/wp-json\/wp\/v2\/media?parent=101"}],"curies":[{"name":"wp","href":"https:\/\/api.w.org\/{rel}","templated":true}]}}