{"id":105,"date":"2018-10-02T01:17:56","date_gmt":"2018-10-01T22:17:56","guid":{"rendered":"http:\/\/erdogankutlu.com\/yeni\/wordpress\/?page_id=105"},"modified":"2018-10-02T01:17:56","modified_gmt":"2018-10-01T22:17:56","slug":"savunma-teknolojisi","status":"publish","type":"page","link":"https:\/\/erdogankutlu.com\/index.php\/savunma-teknolojisi\/","title":{"rendered":"SAVUNMA TEKNOLOJ\u0130S\u0130"},"content":{"rendered":"\n<p><em>\u0130stanbul Sanayi Odas\u0131 &#8211; A\u011fustos 1997<\/em><\/p>\n\n\n\n<p>Savunma- Ekonomisi; \u00dclke savunmas\u0131 i\u00e7in aynlan . kaynaklar\u0131n en verimli bir \u015fekilde de\u011ferlendirilmesidir.\u00a0Bu de\u011ferlendirmede ba\u015fan en ideal Savunma teknolojilerinin se\u00e7imi ile m\u00fcmk\u00fcn olabilmektedir. \u0130deal Savunma teknolojilerinin se\u00e7imi ise; Stratejik Ara\u015ft\u0131rma Enstit\u00fcleri&#8217; veya Savunma Teknolojisi Ar-Ge Enstit\u00fcleri kanal\u0131yla yap\u0131lmaktad\u0131r. Savunma Teknoloji Ar-Ge Enstit\u00fclerinin belirleyecekleri teknolojiler bir taraftan o \u00fclkenin konumu i\u00e7in en ideali olurken b&#8217;\u0131r taraftan-da \u00f6 \u00fclke i\u00e7in en d\u00fc\u015f\u00fck maliyetlisi olmaktad\u0131r.<\/p>\n\n\n\n<p>\u00d6rne\u011fin; Bir muhrip b\u00fct\u00e7eye bir Milyar USD civar\u0131nda bir maliyet getirirken bu Muhribi etkisiz hale getirebilen bir torpido sadece bir Milyon, USD. civannda bir maliyet getirmektedir.<\/p>\n\n\n\n<p>Ayn\u0131 \u015fekilde bir sava\u015f u\u00e7a\u011f\u0131 da b\u00fct\u00e7eye y\u00fcz. milyon USD civannda bir maliyet getirirken bu sava\u015f u\u00e7a\u011f\u0131n\u0131 devre d\u0131\u015f\u0131 b\u0131rakacak bir U\u00e7aksavar ancak bir veya birbu\u00e7uk milyon USD&#8217;l\u0131k bir maliyet getirmektedir.<\/p>\n\n\n\n<p>\u00d6zetle, \u00fclke savunmas\u0131nda sald\u0131r\u0131 ama\u00e7l\u0131&#8217;silahlar ile savunma ama\u00e7l\u0131, savar teknolojisi ihtiva eden silahlann projelendirilmesinde Savunma Teknolojisi&#8217; Ar-Ge Enstit\u00fcleri kanal\u0131yla en verimli ve en ideal olan\u0131 belir-lenebilmektedir.<\/p>\n\n\n\n<p>\u0130deal Savunma Teknolojilerinin se\u00e7imi ile daha g\u00fc\u00e7l\u00fc bir Savunma daha d\u00fc\u015f\u00fck bir maliyetle ger\u00e7ekle\u015ftirile-bilmektedir. \u00dclke b\u00fct\u00e7elerinde \u00f6nemli bir yer tutan savunma harcamalar\u0131nda yap\u0131lacak bu tasarruflar o \u00fclke b\u00fct\u00e7eleri i\u00e7inde \u00f6nemli bir katk\u0131 sa\u011flamaktad\u0131r.<\/p>\n\n\n\n<p>Jeopolitik ve ekonomik konumu itibariyle D\u00fcnyan\u0131n \u00f6nemli bir b\u00f6lgesinde bulunan \u00fclkemizin g\u00fc\u00e7l\u00fc bir savunmaya ihtiyac\u0131 vard\u0131r. Bu hepimizin ortak amac\u0131 ve dile\u011fidir. G\u00fc\u00e7l\u00fc Savunma G\u00fc\u00e7l\u00fc Ekonomi ile m\u00fcmk\u00fcn olmaktad\u0131r.<\/p>\n\n\n\n<p>G\u00fc\u00e7l\u00fc Savunma ve G\u00fc\u00e7l\u00fc Ekonomi i\u00e7in temel ise teknoloji \u00dcretebilmektedir. \u0130thal teknolojilerle savunman\u0131n ve ekonominin g\u00fc\u00e7l\u00fc ve ba\u011f\u0131ms\u0131z olamayaca\u011f\u0131 bilinen bir ger\u00e7ektir. \u00c7\u00fcnk\u00fc &#8220;Ger\u00e7ek Ba\u011f\u0131ms\u0131zl\u0131k ancak teknoloji ba\u011f\u0131ms\u0131zl\u0131\u011f\u0131 ile m\u00fcmk\u00fcn olabilmektedir.&#8221;<\/p>\n\n\n\n<p>Y\u0131ld\u0131z Sava\u015flar\u0131n\u0131n yap\u0131ld\u0131\u011f\u0131 \u00e7a\u011f\u0131m\u0131zda art\u0131k; \u00fclkelerin savunma g\u00fc\u00e7leri asker say\u0131lar\u0131na g\u00f6re de\u011fil o \u00fclkelerin savunma teknolojilerindeki ula\u015ft\u0131klar\u0131 seviyeye g\u00f6re de\u011ferlendirilmektedir.<\/p>\n\n\n\n<p>Bu bak\u0131mdan savunmam\u0131z ile ilgili Teknoloji \u00fcretebil memiz i\u00e7iri T\u00dcB\u0130TAK&#8217;\u0131n ve \u00dcniversitelerimizin deste\u011finde \u015eavuhtt\u0131a Sanayilerimizin, Harp; Okullar\u0131m\u0131z\u0131n. Harp Akademilerimizin. Genelkurmay Ba\u015fkanl\u0131\u011f\u0131m\u0131z\u0131n ve Milli Savunma Bakanl\u0131\u011f\u0131m\u0131z\u0131n.. m\u00fc\u015ftereken yararlanabilecekleri Deniz. Hava ve Kara ayn. ayr\u0131 olmak \u00fczere &#8220;Savunma Teknoloji Ar-Ge Enstit\u00fcleri&#8221;nin ve Teknopark&#8217;lar\u0131n kurulmas\u0131, uygun olacakt\u0131r.<\/p>\n\n\n\n<p>\u00dcretilecek Teknolojilerin yerli. sanayi tesislerimizde \u00fcretilmesi savunmam\u0131z\u0131n g\u00fc\u00e7lenmesi ile beraber Ekonomimizin&#8217; g\u00fc\u00e7lenmesi-nede katk\u0131da bulunacakt\u0131r. 2000&#8217;li y\u0131llar art\u0131k Bilgi yo\u011fun \u00fcretimlerin yap\u0131laca\u011f\u0131 y\u0131llar olacakt\u0131r. Emek yo\u011fun toplum yap\u0131lan-yerlerini Bilgi yo\u011fun toplum yap\u0131lar\u0131na b\u0131rakmaktad\u0131r. Eme\u011fin yerini robotlar ve bilgisayarlar almaktad\u0131r. T\u00fcm ileti\u015fim art\u0131k Uydular arac\u0131l\u0131\u011f\u0131 ile yap\u0131lmaktad\u0131r.<\/p>\n\n\n\n<p>Savunmada; uydularla y\u00f6nlendirilen &#8220;Ak\u0131ll\u0131 F\u00fczeler d\u00f6nemi ba\u015flam\u0131\u015ft\u0131r. Yeni geli\u015ftirilen iki milyon USD&#8217;l\u0131k Amraam (ABD) f\u00fczelerinin kendi radarlar\u0131 var ve ate\u015flendikten sonra uzaktan y\u00f6nlendirmeye ihtiyac\u0131 olmadan laser \u0131\u015f\u0131nlar\u0131 ile d\u00fc\u015fman hava hedeflerini ayn ayr\u0131 frekanslarda bularak g\u00f6r\u00fcp ayd\u0131nlatmakta ve kendi duyarl\u0131 oldu\u011fu fre-kanslardaki laser huzmesini se\u00e7ip hedefe bunun do\u011frultusunda sald\u0131rabilmektedir. Uzayda . yerle\u015fik par\u00e7ac\u0131k \u0131\u015f\u0131n Silahlan, laser silahlar\u0131 ve kinetik enerjili silahlar ile uzayda bulunan savunma ve g\u00f6zetleme ama\u00e7l\u0131 uyduiar ile ekonomik ama\u00e7l\u0131 (Enerji. Haberle\u015fme. Ara\u015ft\u0131rma. Meteoroloji&#8230;) uydular korunmaktad\u0131r.<\/p>\n\n\n\n<p>Ses h\u0131z\u0131n\u0131 a\u015fan teknolojideki geli\u015fmeler \u0131\u015f\u0131k h\u0131z\u0131na ula\u015fm\u0131\u015ft\u0131r,<\/p>\n\n\n\n<p>Enerii \u00fcretiminin G\u00fcne\u015ften Enen\u00ee uydular\u0131 ile sa\u011flanmas\u0131 ve iletiminin micro-dalgalarla yap\u0131lmas\u0131 ger\u00e7ekle\u015fmek \u00fczeredir. Geli\u015fen teknolojiler beraberinde yeni meslek dallar\u0131mda getirmektedir. (Robot M\u00fch.. Laser M\u00fch.. Enerji M\u00fch.. Uzay\/Uydu M\u00fch.. I\u015f\u0131k\/Is\u0131n M\u00fch.. N\u00fckleer End. M\u00fch.. Optik M\u00fch&#8230;v.b. gibi)<\/p>\n\n\n\n<p>Bunun i\u00e7in E\u011fitim Sistemimize (Harp Akademilerimiz dahil) bu meslek dalla-nn\u0131n ilave edilmesi uygun olacakt\u0131r.<\/p>\n\n\n\n<p>Aksi takdirde ithal teknoloji ile bareber yak\u0131n gelecekte bu meslek sahiplerini de ithal etmek zorunda kalabiliriz.<\/p>\n","protected":false},"excerpt":{"rendered":"<p>\u0130stanbul Sanayi Odas\u0131 &#8211; A\u011fustos 1997 Savunma- Ekonomisi; \u00dclke savunmas\u0131 i\u00e7in aynlan . kaynaklar\u0131n en verimli bir \u015fekilde de\u011ferlendirilmesidir.\u00a0Bu de\u011ferlendirmede ba\u015fan en ideal Savunma teknolojilerinin&#8230;<\/p>\n","protected":false},"author":1,"featured_media":0,"parent":0,"menu_order":0,"comment_status":"closed","ping_status":"closed","template":"","meta":[],"_links":{"self":[{"href":"https:\/\/erdogankutlu.com\/index.php\/wp-json\/wp\/v2\/pages\/105"}],"collection":[{"href":"https:\/\/erdogankutlu.com\/index.php\/wp-json\/wp\/v2\/pages"}],"about":[{"href":"https:\/\/erdogankutlu.com\/index.php\/wp-json\/wp\/v2\/types\/page"}],"author":[{"embeddable":true,"href":"https:\/\/erdogankutlu.com\/index.php\/wp-json\/wp\/v2\/users\/1"}],"replies":[{"embeddable":true,"href":"https:\/\/erdogankutlu.com\/index.php\/wp-json\/wp\/v2\/comments?post=105"}],"version-history":[{"count":1,"href":"https:\/\/erdogankutlu.com\/index.php\/wp-json\/wp\/v2\/pages\/105\/revisions"}],"predecessor-version":[{"id":106,"href":"https:\/\/erdogankutlu.com\/index.php\/wp-json\/wp\/v2\/pages\/105\/revisions\/106"}],"wp:attachment":[{"href":"https:\/\/erdogankutlu.com\/index.php\/wp-json\/wp\/v2\/media?parent=105"}],"curies":[{"name":"wp","href":"https:\/\/api.w.org\/{rel}","templated":true}]}}