{"id":111,"date":"2018-10-02T01:25:09","date_gmt":"2018-10-01T22:25:09","guid":{"rendered":"http:\/\/erdogankutlu.com\/yeni\/wordpress\/?page_id=111"},"modified":"2018-10-02T01:25:09","modified_gmt":"2018-10-01T22:25:09","slug":"global-pazar-global-disiplin","status":"publish","type":"page","link":"https:\/\/erdogankutlu.com\/index.php\/global-pazar-global-disiplin\/","title":{"rendered":"Global Pazar Global Disiplin"},"content":{"rendered":"\n<p><em>D\u00fcnya Gazetesi &#8211; 26 \u015eubat 2003<\/em><\/p>\n\n\n\n<p>D\u00fcnya bug\u00fcn birbirleriyle \u00e7eli\u015fen iki harekete g\u00f6re yeniden bi\u00e7imlenmektedir. Bir yandan ekonomi globalle\u015fip (k\u00fcreselle\u015fip) uluslararas\u0131 \u00f6rg\u00fctler geli\u015firken, \u00f6te yandan devletler ve s\u0131n\u0131rlar \u00e7o\u011falmaktad\u0131r.<\/p>\n\n\n\n<p>Ekonominin globalle\u015fmesine, ileti\u015fim teknolojisindeki h\u0131zl\u0131 geli\u015fme ile bilgi otoyollar\u0131n\u0131n kurulmas\u0131n\u0131n \u00f6nemli etkisi olmu\u015ftur.<\/p>\n\n\n\n<p>Globalle\u015fen ekonominin olu\u015fturdu\u011fu global pazarda kontrolleri, art\u0131k konu ile ilgili olarak kurulmu\u015f olan uluslararas\u0131 \u00f6rg\u00fctler yapmaktad\u0131r. \u00d6zetle; global pazarlar global disipline tabidir. Yani \u00fcretilecek olan mal ve hizmetler ulus-devletin kontrol\u00fc yan\u0131nda ayr\u0131ca, uluslararas\u0131 ilgili \u00f6rg\u00fct\u00fcn kontrol\u00fcne de tabidir.<\/p>\n\n\n\n<p>\u00d6rne\u011fin; Avrupa Birli\u011fi (AB), Avrupa \u00fclkelerinin bir araya gelerek olu\u015fturduklar\u0131 ekonomik ve siyasal bir \u00f6rg\u00fctt\u00fcr ve bu \u00f6rg\u00fcte AB d\u0131\u015f\u0131 \u00fclkelerin mal satabilmeleri i\u00e7in AB taraf\u0131ndan akredite edilmi\u015f kurulu\u015flar taraf\u0131ndan verilmi\u015f olan CE (Comfirme Europe) sertifikas\u0131na sahip olmas\u0131 gerekiyor.<\/p>\n\n\n\n<p>\u00dclkemizde CE sertifikalar\u0131n\u0131 ise \u00e7o\u011funlu\u011fu AB \u00fclkelerinin kurulu\u015flar\u0131 olmak \u00fczere (Bureau Veritas, Lloyds Register, Det Norske Veritas, vb. gibi) yabanc\u0131 kurulu\u015flar vermektedir.<\/p>\n\n\n\n<p>D\u00fcnyada jeo-ekonomik ve jeo-politik ama\u00e7l\u0131 olarak benzer \u00f6rg\u00fctler (ASEAN, APEC, NAFTA, BDT, OPEC vb. gibi) kuruldu\u011fu gibi, \u00fcretilen mal ve hizmetlerin \u00fcretimleri ile kontrollerini d\u00fczenleyen (WTO, WHO, FAO ILO, IMO, vb. gibi) uluslararas\u0131 \u00f6rg\u00fctler de kurulmu\u015ftur.<\/p>\n\n\n\n<p>D\u00fcnya Ticaret \u00d6rg\u00fct\u00fc&#8217;n\u00fcn (WTO) \u00c7in&#8217;i \u00fcyeli\u011fe kabul etmesi ve tahmini olarak 2005 y\u0131l\u0131ndan itibaren d\u00fcnyada g\u00fcmr\u00fcklerin kalkmas\u0131 projesi g\u00f6z \u00f6n\u00fcne al\u0131nd\u0131\u011f\u0131nda global pazarlar\u0131n ve global disiplinin \u00f6nemi daha da artmaktad\u0131r.<\/p>\n\n\n\n<p>Bu bak\u0131mdan global pazarlar i\u00e7in \u00fcretece\u011fimiz mal ve hizmetlerin global disipline uyumunun kontrol\u00fc, koordinesi ve \u00fcreticilerin bilgilendirilmesi \u00f6nem ta\u015f\u0131maktad\u0131r.<\/p>\n\n\n\n<p>Bu ama\u00e7la; D\u0131\u015f Ticaret M\u00fcste\u015farl\u0131\u011f\u0131&#8217;m\u0131z\u0131n koordinesinde Tayvan&#8217;daki CETRA (China External Trade Development Council) ve G. Kore&#8217;deki KOTRA (Korea Trade Promotion Corporation) benzeri T\u00fcrk Ekonomi ve D\u0131\u015f Ticaret Konseyi&#8217;nin kurulmas\u0131 ve global pazarda &#8220;ekonomi el\u00e7ilikleri&#8221; \u015feklinde yap\u0131lan\u0131lmas\u0131 uygun m\u00fctalaa edilmektedir.<\/p>\n","protected":false},"excerpt":{"rendered":"<p>D\u00fcnya Gazetesi &#8211; 26 \u015eubat 2003 D\u00fcnya bug\u00fcn birbirleriyle \u00e7eli\u015fen iki harekete g\u00f6re yeniden bi\u00e7imlenmektedir. Bir yandan ekonomi globalle\u015fip (k\u00fcreselle\u015fip) uluslararas\u0131 \u00f6rg\u00fctler geli\u015firken, \u00f6te yandan&#8230;<\/p>\n","protected":false},"author":1,"featured_media":0,"parent":0,"menu_order":0,"comment_status":"closed","ping_status":"closed","template":"","meta":[],"_links":{"self":[{"href":"https:\/\/erdogankutlu.com\/index.php\/wp-json\/wp\/v2\/pages\/111"}],"collection":[{"href":"https:\/\/erdogankutlu.com\/index.php\/wp-json\/wp\/v2\/pages"}],"about":[{"href":"https:\/\/erdogankutlu.com\/index.php\/wp-json\/wp\/v2\/types\/page"}],"author":[{"embeddable":true,"href":"https:\/\/erdogankutlu.com\/index.php\/wp-json\/wp\/v2\/users\/1"}],"replies":[{"embeddable":true,"href":"https:\/\/erdogankutlu.com\/index.php\/wp-json\/wp\/v2\/comments?post=111"}],"version-history":[{"count":1,"href":"https:\/\/erdogankutlu.com\/index.php\/wp-json\/wp\/v2\/pages\/111\/revisions"}],"predecessor-version":[{"id":112,"href":"https:\/\/erdogankutlu.com\/index.php\/wp-json\/wp\/v2\/pages\/111\/revisions\/112"}],"wp:attachment":[{"href":"https:\/\/erdogankutlu.com\/index.php\/wp-json\/wp\/v2\/media?parent=111"}],"curies":[{"name":"wp","href":"https:\/\/api.w.org\/{rel}","templated":true}]}}