{"id":113,"date":"2018-10-02T01:25:56","date_gmt":"2018-10-01T22:25:56","guid":{"rendered":"http:\/\/erdogankutlu.com\/yeni\/wordpress\/?page_id=113"},"modified":"2018-10-02T01:25:56","modified_gmt":"2018-10-01T22:25:56","slug":"gumruk-birligine-girerken-eureka-ile-iliskilerimizin-gelistirilmesi-ve-eurobanklarin-kurulmasi","status":"publish","type":"page","link":"https:\/\/erdogankutlu.com\/index.php\/gumruk-birligine-girerken-eureka-ile-iliskilerimizin-gelistirilmesi-ve-eurobanklarin-kurulmasi\/","title":{"rendered":"G\u00fcmr\u00fck Birli\u011fine Girerken EUREKA ile \u0130li\u015fkilerimizin Geli\u015ftirilmesi ve Eurobank\u2019lar\u0131n Kurulmas\u0131"},"content":{"rendered":"\n<p><em>D\u00fcnya Gazetesi &#8211; 20 Eyl\u00fcl 1995<\/em><\/p>\n\n\n\n<p>\u00dclkelerin ekonomik y\u00f6nden b\u00fcy\u00fcmeleri bilim ve teknoloji alan\u0131nda projeler \u00fcretmelerine ve g\u00fc\u00e7l\u00fc finans m\u00fcesseselerin ile bu projeleri yat\u0131r\u0131mlara d\u00f6n\u00fc\u015ft\u00fcrmelerine ba\u011fl\u0131d\u0131r.<\/p>\n\n\n\n<p>En son teknoloji ihtiva eden projelerin en d\u00fc\u015f\u00fck finans maliyeti ve uluslararas\u0131 standartlara uygun bir y\u00f6netim anlay\u0131\u015f\u0131 ile \u00fcretilmeleri o mam\u00fcllerin d\u00fcnya pazarlar\u0131ndaki rekabet g\u00fcc\u00fcn\u00fc artt\u0131rmaktad\u0131r.<\/p>\n\n\n\n<p>D\u00fcnya Pazarlar\u0131nda \u015fu an ya\u015fanan ekonomik sava\u015f asl\u0131nda bilim ve teknoloji sava\u015f\u0131d\u0131r. Bu sava\u015f uzayda da devam etmektedir.<\/p>\n\n\n\n<p>D\u00fcnya pazarlar\u0131nda ve uzayda s\u00fcper g\u00fc\u00e7 ABD\u2019dir. ABD\u2019den sonra Japonya gelmektedir. Avrupa Birli\u011fi (AB) bu s\u00fcper g\u00fc\u00e7ler kar\u015f\u0131s\u0131nda korunabilmek amac\u0131yla kurulmu\u015ftur.<\/p>\n\n\n\n<p>ABD y\u0131ld\u0131z sava\u015flar\u0131 projeleri (Stratejic Defence \u0130nitiative-SDI) ile uzay\u0131n tek hakimidir. Bu proje ile ABD uzayda bir savunma kalkan\u0131 haz\u0131rlam\u0131\u015f olup \u201cSavunma Silahlar\u0131\u201d ile uzayda bulunan t\u00fcm uydular\u0131n\u0131 (ara\u015ft\u0131rma, haberle\u015fme, meteoroloji, enerji&#8230;v.b.) korumaktad\u0131r.<\/p>\n\n\n\n<p>\u201cEnerji uydular\u0131, g\u00fcne\u015ften elde edilen enerjinin microdalgalarla uzayda ve d\u00fcnyada kullan\u0131lmas\u0131n\u0131 sa\u011flayan uydulard\u0131r.\u201d<\/p>\n\n\n\n<p>ABD savunmakta oldu\u011fu uydular\u0131 ile d\u00fcnyan\u0131n ve t\u00fcm \u00fclkelerin yerlat\u0131 ve denizalt\u0131 kaynaklar\u0131 (maden, petrol, do\u011fal gaz, jeotermal enerji&#8230;v.b. gibi) ile yer\u00fcst\u00fc kaynaklar\u0131n\u0131 (orman, tar\u0131m, su&#8230;v.b. gibi) bilmektedir ve devaml\u0131 izlemektedir.<\/p>\n\n\n\n<p>Bilim ve Teknoloj alan\u0131ndaki bu sava\u015fta korunabilmek i\u00e7in; AB \u00fcyesi \u00fclkeler ile di\u011fer Avrupa \u00fclkelerinin kat\u0131l\u0131m\u0131 ile Avrupa Teknoloji Birli\u011fi (EUREKA) kurulmu\u015ftur.<\/p>\n\n\n\n<p>EUREKA\u2019n\u0131n \u00fcye say\u0131s\u0131 16 Haziran 1994 Norve\u00e7\u2019in Lilhammer \u015fehrinde yap\u0131an XII. EUREKA Bakanlar Konferans\u0131\u2019nda olumlu bulunan Slovenya\u2019n\u0131n kat\u0131l\u0131m\u0131 ile 23 olmu\u015ftur. Dnem ba\u015fkanl\u0131\u011f\u0131 da konferans sonucu Norve\u00e7\u2019ten \u0130svi\u00e7re\u2019ye ge\u00e7mi\u015ftir. Ba\u015fkanl\u0131k haziran ay\u0131nda da Bel\u00e7ika\u2019ya ge\u00e7mi\u015ftir.<\/p>\n\n\n\n<p>EUREKA\u2019n\u0131n proje alanlar\u0131 \u015fu anda dokuz teknolojik alanda toplanm\u0131\u015ft\u0131r.<\/p>\n\n\n\n<p><strong>1.<\/strong>\u00a0T\u0131p ve Biyoteknoloji<\/p>\n\n\n\n<p><strong>2.\u00a0<\/strong>Robotik ve \u00fcretimde otomasyon<\/p>\n\n\n\n<p><strong>3.<\/strong>\u00a0\u0130leti\u015fim teknolojisi<\/p>\n\n\n\n<p><strong>4.<\/strong>\u00a0Enerji teknolojisi<\/p>\n\n\n\n<p><strong>5.<\/strong>\u00a0Enformasyon teknolojisi<\/p>\n\n\n\n<p><strong>6.\u00a0<\/strong>Yeni malzemeler<\/p>\n\n\n\n<p><strong>7.\u00a0<\/strong>\u00c7evre teknolojisi<\/p>\n\n\n\n<p><strong>8.<\/strong>\u00a0Ula\u015f\u0131m teknolojisi<\/p>\n\n\n\n<p><strong>9.<\/strong>\u00a0Lazerlerdir.<\/p>\n\n\n\n<p>\u00c7al\u0131\u015fmalar EUREKA \u00fcniversite-sanayi i\u015fbirli\u011fi ile yap\u0131lmakta ve geli\u015ftirilen projelerle teknoparklar olu\u015fturulmaktad\u0131r.<\/p>\n\n\n\n<p>Teknoparklar daki projelerin yat\u0131r\u0131ma d\u00f6n\u00fc\u015f\u00fct\u00fcr\u00fclerek \u00fcretilmesi de Avrupa Yat\u0131r\u0131m Bankas\u0131\u2019n\u0131n d\u00fc\u015f\u00fck faizli finans deste\u011fi ile m\u00fcmk\u00fcn olabilmektedir.<\/p>\n\n\n\n<p>\u00dcyesi bulundu\u011fumuz EUREKA ile ili\u015fkilerimizi geli\u015ftirmemiz \u00fclkemiz a\u00e7\u0131s\u0131ndan g\u00fcmr\u00fck birli\u011fine girmemiz \u00f6ncesi daha \u00f6nemlidir. \u00c7\u00fcnk\u00fc bilim ve teknoloji \u00fcretemeyen ve y\u00fcksek fazli finans maliyeti ile \u00fcretim yapan \u00fclkelerin d\u00fcnya pazarlar\u0131nda hi\u00e7bir rekabet \u015fans\u0131 bulunmamaktad\u0131r.<\/p>\n\n\n\n<p>Bu bak\u0131mdan \u00fclkemizin g\u00fcmr\u00fck birli\u011fine girerken T\u00dcB\u0130TAK\u2019\u0131n koordinat\u00f6rl\u00fc\u011f\u00fcnde EUREKA-\u00dcniversite-sanayi i\u015fbirli\u011fini kurmas\u0131 ve geli\u015ftirilecek (y\u00fcksek teknoloji ihtiva eden) projelerin \u00fcretimine y\u00f6nelmeleri ve teknoparklar kurmalar\u0131 uygun olacakt\u0131r<\/p>\n\n\n\n<p>Geli\u015ftirelecek projelerin finans maliyeti ile yat\u0131r\u0131ma d\u00f6n\u00fc\u015ft\u00fcr\u00fclebilmesi de bankalar\u0131m\u0131z\u0131n AB bankalar\u0131 ile m\u00fc\u015fterek olarak kuracaklar\u0131 \u201cconsortium Bank\u201d lar\u0131n (Eurobanklar) deste\u011fi ile sa\u011flanabilir.<\/p>\n\n\n\n<p>\u0130htisas ve yat\u0131r\u0131m bankas\u0131 konumunda olacak Eurobanklar; AB \u00fclkeleri ile \u00fclkemiz aras\u0131nda bir finans k\u00f6pr\u00fcs\u00fc olabilir. AB \u00fclkelerinde uygulamaya girecek Para Birli\u011fi ve Avrupa tek senedi uygulamalar\u0131nda bu bankalar ile kolayl\u0131kla uyum sa\u011flanabilir.<\/p>\n\n\n\n<p>Eurobank\u2019lar ile \u201cEuro-pazarlar\u201ddan talep edilecek \u201cEuro-Kredi\u201dler ve ihra\u00e7 edilecek \u201cEuro-Tahvil\u201dler i\u00e7in \u00f6denecek y\u00f6netim+kat\u0131l\u0131m+taahh\u00fct komisyonlar\u0131 d\u00fc\u015fece\u011finden finans maliyetleri AB \u00fclkeleri ortalamas\u0131na inecektir.<\/p>\n\n\n\n<p>Eurobank\u2019lar b\u00fcnyesinde olu\u015fturulacak \u201cmenkul k\u0131ymetler fonu\u201d ile de menkul k\u0131ymetlerin T\u00fcrkiye-AB \u00fclkeleri aras\u0131nda rahat\u00e7a hareketi sa\u011flanabilecektir.<\/p>\n","protected":false},"excerpt":{"rendered":"<p>D\u00fcnya Gazetesi &#8211; 20 Eyl\u00fcl 1995 \u00dclkelerin ekonomik y\u00f6nden b\u00fcy\u00fcmeleri bilim ve teknoloji alan\u0131nda projeler \u00fcretmelerine ve g\u00fc\u00e7l\u00fc finans m\u00fcesseselerin ile bu projeleri yat\u0131r\u0131mlara d\u00f6n\u00fc\u015ft\u00fcrmelerine&#8230;<\/p>\n","protected":false},"author":1,"featured_media":0,"parent":0,"menu_order":0,"comment_status":"closed","ping_status":"closed","template":"","meta":[],"_links":{"self":[{"href":"https:\/\/erdogankutlu.com\/index.php\/wp-json\/wp\/v2\/pages\/113"}],"collection":[{"href":"https:\/\/erdogankutlu.com\/index.php\/wp-json\/wp\/v2\/pages"}],"about":[{"href":"https:\/\/erdogankutlu.com\/index.php\/wp-json\/wp\/v2\/types\/page"}],"author":[{"embeddable":true,"href":"https:\/\/erdogankutlu.com\/index.php\/wp-json\/wp\/v2\/users\/1"}],"replies":[{"embeddable":true,"href":"https:\/\/erdogankutlu.com\/index.php\/wp-json\/wp\/v2\/comments?post=113"}],"version-history":[{"count":1,"href":"https:\/\/erdogankutlu.com\/index.php\/wp-json\/wp\/v2\/pages\/113\/revisions"}],"predecessor-version":[{"id":114,"href":"https:\/\/erdogankutlu.com\/index.php\/wp-json\/wp\/v2\/pages\/113\/revisions\/114"}],"wp:attachment":[{"href":"https:\/\/erdogankutlu.com\/index.php\/wp-json\/wp\/v2\/media?parent=113"}],"curies":[{"name":"wp","href":"https:\/\/api.w.org\/{rel}","templated":true}]}}