{"id":125,"date":"2018-10-02T01:37:35","date_gmt":"2018-10-01T22:37:35","guid":{"rendered":"http:\/\/erdogankutlu.com\/yeni\/wordpress\/?page_id=125"},"modified":"2018-10-02T01:37:35","modified_gmt":"2018-10-01T22:37:35","slug":"transit-ticarete-uyumlu-ulasim-projeleri","status":"publish","type":"page","link":"https:\/\/erdogankutlu.com\/index.php\/transit-ticarete-uyumlu-ulasim-projeleri\/","title":{"rendered":"Transit Ticarete Uyumlu Ula\u015f\u0131m Projeleri"},"content":{"rendered":"\n<p><em>21 Kas\u0131m 2015 &#8211; D\u00fcnya Gazatesi<\/em><\/p>\n\n\n\n<p>\u00dclkemiz, Avrupa, Asya ve Afrika \u00fclkeleri ile Ortado\u011fu \u201cK\u00f6rfez\u201c \u00fclkeleri aras\u0131nda transit ticaret ve transit ula\u015f\u0131ma son derece uygun bir co\u011frafi konuma sahiptir. \u00dclkemizin bu \u00f6nemli konumunu de\u011ferlendirebilmemiz i\u00e7in \u00fclkemizin Ula\u015f\u0131m sistemlerinin uluslararas\u0131 ula\u015f\u0131m sistemlerine uyumlu hale getirilmesi ve entegrasyonlar\u0131n\u0131n sa\u011flanmas\u0131 gerekmektedir.<\/p>\n\n\n\n<p>\u00d6rne\u011fin; \u00c7in ile \u0130zmir Liman\u0131\u2019n\u0131n, Mersin ile Samsun Liman\u0131\u2019n\u0131n h\u0131zl\u0131 tren ba\u011flant\u0131s\u0131n\u0131n ve Kurtalan-Nusaybin Demiryolu ba\u011flant\u0131s\u0131n\u0131n sa\u011flanmas\u0131 gibi.<\/p>\n\n\n\n<p>Transit ticarete ve transit ula\u015f\u0131ma uyumlu olacak baz\u0131 projeleri \u00f6zetleyecek olursak;<\/p>\n\n\n\n<ol><li>Kars-Sivas \u2013Ankara \u2013\u0130zmir \u201cH\u0131zl\u0131 Tren\u201c Projesi<\/li><\/ol>\n\n\n\n<p>\u201c\u00c7in-\u0130ngiltere Demiryolu Projesi\u2019nin Tiflis- Kars ba\u011flant\u0131s\u0131n\u0131n tamamlanmas\u0131 ile beraber \u0130zmir-Ankara-Sivas-Kars H\u0131zl\u0131 Tren Projesi\u2019nin de tamamlanmas\u0131 uygun olacakt\u0131r. B\u00f6ylece \u0130zmir- \u00c7in demiryolu ba\u011flant\u0131s\u0131 sa\u011flanm\u0131\u015f olacakt\u0131r.<\/p>\n\n\n\n<ol><li>Mersin\u2013Samsun H\u0131zl\u0131 Tren Projesi<\/li><\/ol>\n\n\n\n<p>\u201cDemiryolu ile 5 g\u00fcn (120 saat) s\u00fcren Ula\u015f\u0131m 10 Saat\u2019e d\u00fc\u015fecektir. Bu proje ile Mersin ve Samsun limanlar\u0131 Akdeniz ile Karadeniz\u2019i birle\u015ftiren \u00f6nemli birer transit ve transit ula\u015f\u0131m merkezi olacakt\u0131r.<\/p>\n\n\n\n<p>Ayr\u0131ca; G\u00fczergah Mersin-Adana-Samsun olup g\u00fczergah \u00fczerine ba\u011flant\u0131larda olabilecektir.<\/p>\n\n\n\n<p>\u00d6rne\u011fin Gaziantep Konya gibi \u0130zmir\u2013Ankara\u2013Sivas\u2013Kars\u2013Tiflis\u2013\u00c7in h\u0131zl\u0131 tren hatt\u0131 ile kesi\u015fme noktas\u0131nda ba\u011flant\u0131lar\u0131n sa\u011flanmas\u0131 gibi. B\u00f6ylece Mersin Liman\u2019\u0131 ile \u00c7in demiryolu ba\u011flant\u0131s\u0131 da sa\u011flanm\u0131\u015f olacakt\u0131r.<\/p>\n\n\n\n<ol><li>Antalya \u2013 Konya H\u0131zl\u0131 tren Projesi<\/li><\/ol>\n\n\n\n<p>Bu proje ile Antalya \u2013 Avrupa aras\u0131 yolcu \/y\u00fck h\u0131zl\u0131 tren ula\u015f\u0131m\u0131 sa\u011flanm\u0131\u015f olacakt\u0131r.<\/p>\n\n\n\n<ol><li>Karasu \u2013 \u0130zmit K\u00f6rfezi aras\u0131.<\/li><\/ol>\n\n\n\n<p>a) KANAL PROJES\u0130 ( Montr\u00f6 ye uyumlu olarak)<\/p>\n\n\n\n<p>b) Petrol Boru Hatt\u0131 Projesi<\/p>\n\n\n\n<p>c) Karasu Liman\u0131- Adapazar\u0131 -Demiryolu Projesi<\/p>\n\n\n\n<ol><li>Kurtalan\u2013Nusaybin Demiryolu Projesi<\/li><\/ol>\n\n\n\n<p>Bu proje ile K. Irak ve Basra K\u00f6rfezi\u2019ne \u00fclkemiz demiryollar\u0131 ile ula\u015fabilece\u011fiz.<\/p>\n\n\n\n<p>\u00d6rne\u011fin; Batman Petrol Rafinerisi K. Irak\u2019tan petrol ithal edilebilecek ve kapasitesini art\u0131rabilecektir.<\/p>\n\n\n\n<ol><li>D\u00f6rtyol-Hassa aras\u0131 (T\u00fcnel Projesi) Bu proje ile Gaziantep \u2013 \u0130skenderun Liman\u0131163 Km k\u0131salacakt\u0131r.<\/li><li>Band\u0131rma Liman\u0131 ile Tekirda\u011f Liman\u0131 aras\u0131 Tren Ferileri seferlerinin ba\u015flat\u0131lmas\u0131.<\/li><\/ol>\n\n\n\n<p>\u201cMuratl\u0131\u2013Tekirda\u011f Liman\u0131 aras\u0131 demiryolu ba\u011flant\u0131s\u0131n\u0131n tamamlanmas\u0131 ile Ege B\u00f6lgesi\u2019nin Avrupa\u2019ya demiryolu ile ba\u011flant\u0131s\u0131 sa\u011flanm\u0131\u015f olacakt\u0131r.<\/p>\n\n\n\n<ol><li>\u00c7anakkale Bo\u011faz\u0131 Asma K\u00f6pr\u00fc Projesi<\/li><\/ol>\n\n\n\n<p>S\u00fctl\u00fcce (Gelibolu) ile \u015eekerkaya (Lapseki) aras\u0131na yap\u0131lacak k\u00f6pr\u00fc ile G\u00fcney Marmara ile Ege B\u00f6lgesi\u2019nin Avrupa ile karayolu ba\u011flant\u0131s\u0131 daha h\u0131zl\u0131 sa\u011flanm\u0131\u015f olacakt\u0131r.<\/p>\n\n\n\n<p>Ayr\u0131ca,transit ticaret i\u00e7in gerekli olan deniz ve hava limanlar\u0131m\u0131z\u0131n da teknoloji yo\u011fun alt yap\u0131 ve \u00fcst yap\u0131 yap\u0131lanmalar\u0131 tamamlanarak transit ula\u015f\u0131m projeleri ile beraber bir b\u00fct\u00fcnl\u00fck i\u00e7eresinde uluslar aras\u0131 ticaret arenas\u0131na sunulmal\u0131d\u0131r. Transit ticaret (re-ex port\/re-in port dahil ) i\u00e7in transit ula\u015f\u0131m alt yap\u0131s\u0131 ne kadar \u00f6nemli ise bankac\u0131l\u0131k ve g\u00fcmr\u00fck rejimlerinin de uyumlu olmas\u0131 o kadar \u00f6nemlidir.<\/p>\n\n\n\n<p>\u00d6zetle; co\u011frafi konumu itibariyle transit ticarete ve transit ula\u015f\u0131ma son derece uygun olan \u00fclkemizin bu avantaj\u0131ndan yararlanabilmesi ekonomimizin geli\u015fmesi a\u00e7\u0131s\u0131ndan \u00f6nem arz etmektedir.<\/p>\n\n\n\n<p>Ula\u015f\u0131m ile ilgili di\u011fer projeler \u201cwww.erdogankutlu.com \u201c sitesinde incelenebilir.<\/p>\n","protected":false},"excerpt":{"rendered":"<p>21 Kas\u0131m 2015 &#8211; D\u00fcnya Gazatesi \u00dclkemiz, Avrupa, Asya ve Afrika \u00fclkeleri ile Ortado\u011fu \u201cK\u00f6rfez\u201c \u00fclkeleri aras\u0131nda transit ticaret ve transit ula\u015f\u0131ma son derece uygun&#8230;<\/p>\n","protected":false},"author":1,"featured_media":0,"parent":0,"menu_order":0,"comment_status":"closed","ping_status":"closed","template":"","meta":[],"_links":{"self":[{"href":"https:\/\/erdogankutlu.com\/index.php\/wp-json\/wp\/v2\/pages\/125"}],"collection":[{"href":"https:\/\/erdogankutlu.com\/index.php\/wp-json\/wp\/v2\/pages"}],"about":[{"href":"https:\/\/erdogankutlu.com\/index.php\/wp-json\/wp\/v2\/types\/page"}],"author":[{"embeddable":true,"href":"https:\/\/erdogankutlu.com\/index.php\/wp-json\/wp\/v2\/users\/1"}],"replies":[{"embeddable":true,"href":"https:\/\/erdogankutlu.com\/index.php\/wp-json\/wp\/v2\/comments?post=125"}],"version-history":[{"count":1,"href":"https:\/\/erdogankutlu.com\/index.php\/wp-json\/wp\/v2\/pages\/125\/revisions"}],"predecessor-version":[{"id":126,"href":"https:\/\/erdogankutlu.com\/index.php\/wp-json\/wp\/v2\/pages\/125\/revisions\/126"}],"wp:attachment":[{"href":"https:\/\/erdogankutlu.com\/index.php\/wp-json\/wp\/v2\/media?parent=125"}],"curies":[{"name":"wp","href":"https:\/\/api.w.org\/{rel}","templated":true}]}}