{"id":131,"date":"2018-10-02T01:40:03","date_gmt":"2018-10-01T22:40:03","guid":{"rendered":"http:\/\/erdogankutlu.com\/yeni\/wordpress\/?page_id=131"},"modified":"2018-10-02T01:40:03","modified_gmt":"2018-10-01T22:40:03","slug":"lojistik-koyleri-kuralim","status":"publish","type":"page","link":"https:\/\/erdogankutlu.com\/index.php\/lojistik-koyleri-kuralim\/","title":{"rendered":"Lojistik K\u00f6yleri Kural\u0131m"},"content":{"rendered":"\n<p>Konumu itibariyle Avrupa, Asya, Ortado\u011fu ve Afrika&#8217;n\u0131n transit ge\u00e7i\u015f merkezinde bulunan \u00fclkemizin; b\u00f6lr gesinde \u00f6nemli bir lojistik \u00fcs olmas\u0131 ve d\u00fcnya-lojistik pazar\u0131ndan daha fazla pay almas\u0131 hepimizin dile\u011fidir.<\/p>\n\n\n\n<p>\u00a0Hindistan, b\u00f6lgenin lojistik; \u00fcss\u00fc olmak i\u00e7in ulusal ye uluslararas\u0131 lojistik lcurulu\u015fla-rma her t\u00fcrl\u00fc imkan\u0131 sa\u011flamaktad\u0131r.<\/p>\n\n\n\n<p>Ulusal lojistik firmalar\u0131m\u0131z, ki\u015fisel gayretleri ve disiplinli y\u00f6netim anlay\u0131\u015flar\u0131 ile s\u00fcrekli b\u00fcy\u00fcmektedirler. Ancak bu yeterli de\u011fildir.<\/p>\n\n\n\n<p>Hem b\u00f6lgemizin lideri olmal\u0131lar, hem.de k\u0131talararas\u0131 kombine ta\u015f\u0131mac\u0131l\u0131k ile proje ta\u015f\u0131mac\u0131l\u0131\u011f\u0131 yaparak d\u00fcnya lojistik pazar\u0131ndan en y\u00fcksek pay\u0131 almal\u0131lar.<\/p>\n\n\n\n<p>Bunun i\u00e7in lojistik hizmeti veren kurulu\u015flar ile m\u00fc\u015fterek olarak masraflar\u0131n d\u00fc\u015f\u00fcr\u00fclmesi, rekabet g\u00fc\u00e7lerinin art\u0131r\u0131lmas\u0131 ve uluslararas\u0131 b\u00fcy\u00fcmelerinin sa\u011flanabilmesi amac\u0131yla .projeler \u00fcretilmeli ve bu projeler desteklenmelidir.<\/p>\n\n\n\n<p>Bu projelere \u00f6rnek olarak;<\/p>\n\n\n\n<p>1- Euro-pazarlardan d\u00fc\u015f\u00fck faizli\/uzun vadeli Euro kredi temin etmelerinde (Eurobond) ihra\u00e7 eimelerinde desteklenmeleri projeleri<\/p>\n\n\n\n<p>2- &#8220;Lojistik k\u00f6yleri&#8217;nin kurulmas\u0131 projeleri , Da\u011f\u0131n\u0131k ve plans\u0131z altyap\u0131 nedeniyle gereksiz mesafelerin karayolu ile yap\u0131lmas\u0131 lojistik maliyetlerini art\u0131rmaktad\u0131r. Bu maliyetlerin d\u00fc\u015f\u00fcr\u00fclebilmesi i\u00e7in-^epolama, y\u00fckleme\/bo\u015faltma, y\u00fckleri b\u015flf\u0131e^birle\u015f-tirme, balam\/onar\u0131m, g\u00fcmr\u00fck ve ofis hizmetlerinin ayn\u0131 yerde yap\u0131lmas\u0131 gerekmektedir. AB \u00fclkelerindeki uygulama bu y\u00f6ndedir.<\/p>\n\n\n\n<p>Bu ama\u00e7la, \u00f6zellikle organize sanayi b\u00f6lgeleri (OSB) biti\u015fi\u011finde veya yak\u0131n\u0131ndaki kamuya ait araziler &#8220;lojistik k\u00f6y\u00fc&#8221; olarak tahsis edilebilir ve t\u00fcm hizmetler bu k\u00f6ylerde verilebilir. Ayr\u0131ca bu k\u00f6ylere demiryolu ba\u011flant\u0131lar\u0131 sa\u011flanarak kombine ta\u015f\u0131mac\u0131l\u0131k te\u015fvik edilebilir.<\/p>\n\n\n\n<p>3- Ro-La (demiryolu ile TIR ta\u015f\u0131maali\u011f\u0131) projesi ba\u015flat\u0131lmas\u0131 ve bu konuda lojistik firmalar\u0131m\u0131z\u0131n te\u015fvik edilmesi ve desteklenmesi projesi<\/p>\n\n\n\n<p>\u00d6rnek olarak; Halkal\u0131 (\u0130stanbul)-Wels (Avusturya) aras\u0131 Ro-La ta\u015f\u0131mac\u0131l\u0131\u011f\u0131 \u00f6ncelikli olarak ba\u015flat\u0131labilir.<\/p>\n\n\n\n<p>Aynca; Islahiye-Abadah Liman\u0131 (\u00dcrd\u00fcn) ile Nusaybin-JBa\u011fdat-Basra Liman\u0131 (Irak) d\u00fc\u015f\u00fcn\u00fclebilir.<\/p>\n\n\n\n<p>4- Demiryollanm\u0131z\u0131n modernizasyonu ve OSB&#8217;lere, lojistik k\u00f6ylerine ve limanlara ba\u011flant\u0131lar\u0131n\u0131n sa\u011flanmas\u0131 projesi<\/p>\n\n\n\n<p>\u00d6rnek olarak; \u00c7erkezk\u00f6y OSB ve \u00c7orlu OSB&#8217;lerin yak\u0131n\u0131nda &#8220;lojistik k\u00f6yleri&#8221;nin kurulmas\u0131, demiryolu ba\u011flant\u0131lar\u0131n\u0131n sa\u011flanmas\u0131 ve Muratk-Tekirda\u011f Liman\u0131&#8217; (24 lan) aras\u0131 demiryolu yap\u0131lmas\u0131 gibi.<\/p>\n\n\n\n<p>Benzer \u015fekilde, \u00c7orum OSB&#8217;nin yan\u0131na &#8220;lojistik k\u00f6y\u00fc&#8221;n\u00fcn kurulmas\u0131 ve Samsun Liman\u0131&#8217;na demiryolu ile ba\u011flanabilmesi i\u00e7in \u00c7orum-Amasya demiryolu hatt\u0131n\u0131n yap\u0131lmas\u0131 gibi.<\/p>\n\n\n\n<p>5- Demiryollanm\u0131z\u0131n Avrasya demiryolla-n a\u011f\u0131na ba\u011flant\u0131s\u0131n\u0131n sa\u011flanmas\u0131 projesi<\/p>\n\n\n\n<p>TRACECA rotas\u0131na Kars-Tiflis demiryolu ba\u011flant\u0131s\u0131 sa\u011flanarak, Trans Asya ve Trans Sibirya rotalar\u0131na d\u00e2, Samsun-Poti veya Samsun-So\u00e7i aras\u0131 konulacak \u201ctren ferileri\u201d ile ba\u011flanabilir.<\/p>\n\n\n\n<p>(Trans Sibirya demiryolu hatt\u0131 Rusya\u2019n\u0131n Karadeniz limanlarondan ba\u015fl\u0131yor ve t\u00fcm Asya\u2019y\u0131 dola\u015farak B\u00fcy\u00fck Okyanus\u2019taki Viladivostok Liman\u0131\u2019nda bitiyor.)<\/p>\n\n\n\n<p>6- \u00c7anakkale Bo\u011faz K\u00f6pr\u00fcs\u00fc Projesi<\/p>\n\n\n\n<p>Bu proje ile Ege ve Marmara b\u00f6lgemizin y\u00fckleri var\u0131\u015f noktalar\u0131na daha h\u0131zl\u0131 ve daha az maliyetle varabilecektir.<\/p>\n\n\n\n<p>7- Lojistik Kurulu\u015flar\u0131m\u0131z\u0131n uluslararas\u0131 kombine ta\u015f\u0131mac\u0131l\u0131k ve proje ta\u015f\u0131mac\u0131l\u0131\u011fm\u00e2 y\u00f6nelmeleri projeleri<\/p>\n\n\n\n<p>Te\u015fvik ediln\u0131e\u00dc ve desteklenmelidir.<\/p>\n\n\n\n<p>8- Lojistik teknolojisindeki geli\u015fmeleria tek\u00e7i edi\u0130mesiye e\u0131rsbn geli\u015ftirilen cihazlar\u0131n\u0131n g\u00fcmr\u00fckten muaf olarak ithal edilmesi projesi<\/p>\n\n\n\n<p>9- TIR&#8217;lar\u0131n ve y\u00fcklerin uydu ve RFID (Radyo Dalgalan \u0130le Tan\u0131mlama Sistemi) ile takip edilmesi ve TIR&#8217;larda ve &#8220;\u0130cara kutu&#8221; bulundurulmas\u0131n\u0131n zorunlu hale getirilmesi projesi<\/p>\n\n\n\n<p>10- Lojistik meslek liseleri ile lojistik meslek y\u00fcksek okullar\u0131m\u0131z\u0131n kurulacak &#8220;uluslararas\u0131 lojistik akademisi&#8221;nin b\u00fcnyesinde al\u0131narak e\u011fitim d\u00fczeyinin uluslararas\u0131 d\u00fczeye \u00e7\u0131kar\u0131lmas\u0131 projesi<\/p>\n\n\n\n<p>Ayr\u0131ca; ulusal lojistik kurulu\u015flar\u0131m\u0131z\u0131n, uluslararas\u0131 lojistik ve kargo kurulu\u015flan d\u00fczeyine \u00e7\u0131kabilmeleri (Maersk, MSC, Hanjin, NYK, Kune DHL, Fedex, UPS&#8230;) ihra\u00e7 ve ithal y\u00fcklerimiz ile kamu ve askeri y\u00fcklerimizin ta\u015f\u0131nmas\u0131nda ulusal lojistik kurulu\u015flar\u0131m\u0131z tercih edilerek sa\u011flanabilir.<\/p>\n","protected":false},"excerpt":{"rendered":"<p>Konumu itibariyle Avrupa, Asya, Ortado\u011fu ve Afrika&#8217;n\u0131n transit ge\u00e7i\u015f merkezinde bulunan \u00fclkemizin; b\u00f6lr gesinde \u00f6nemli bir lojistik \u00fcs olmas\u0131 ve d\u00fcnya-lojistik pazar\u0131ndan daha fazla pay&#8230;<\/p>\n","protected":false},"author":1,"featured_media":0,"parent":0,"menu_order":0,"comment_status":"closed","ping_status":"closed","template":"","meta":[],"_links":{"self":[{"href":"https:\/\/erdogankutlu.com\/index.php\/wp-json\/wp\/v2\/pages\/131"}],"collection":[{"href":"https:\/\/erdogankutlu.com\/index.php\/wp-json\/wp\/v2\/pages"}],"about":[{"href":"https:\/\/erdogankutlu.com\/index.php\/wp-json\/wp\/v2\/types\/page"}],"author":[{"embeddable":true,"href":"https:\/\/erdogankutlu.com\/index.php\/wp-json\/wp\/v2\/users\/1"}],"replies":[{"embeddable":true,"href":"https:\/\/erdogankutlu.com\/index.php\/wp-json\/wp\/v2\/comments?post=131"}],"version-history":[{"count":1,"href":"https:\/\/erdogankutlu.com\/index.php\/wp-json\/wp\/v2\/pages\/131\/revisions"}],"predecessor-version":[{"id":132,"href":"https:\/\/erdogankutlu.com\/index.php\/wp-json\/wp\/v2\/pages\/131\/revisions\/132"}],"wp:attachment":[{"href":"https:\/\/erdogankutlu.com\/index.php\/wp-json\/wp\/v2\/media?parent=131"}],"curies":[{"name":"wp","href":"https:\/\/api.w.org\/{rel}","templated":true}]}}