{"id":135,"date":"2018-10-02T01:41:42","date_gmt":"2018-10-01T22:41:42","guid":{"rendered":"http:\/\/erdogankutlu.com\/yeni\/wordpress\/?page_id=135"},"modified":"2018-10-02T01:41:42","modified_gmt":"2018-10-01T22:41:42","slug":"tarim-ekonomisi-ve-teknolojisi","status":"publish","type":"page","link":"https:\/\/erdogankutlu.com\/index.php\/tarim-ekonomisi-ve-teknolojisi\/","title":{"rendered":"TARIM EKONOM\u0130S\u0130 VE TEKNOLOJ\u0130S\u0130"},"content":{"rendered":"\n<p><em>D\u00fcnya Gazetesi &#8211; .. .. &#8230;.<\/em><\/p>\n\n\n\n<p>Tar\u0131m ekonomisi; birim araziden ve birin) hayvandan en y\u00fcksek verimin al\u0131nmas\u0131d\u0131r. Tar\u0131m teknolojisi ise; y\u00fcksek verimin al\u0131nmas\u0131n\u0131 sa\u011flayacak bilimsel &#8221; usuller ve uygulamalard\u0131r.<\/p>\n\n\n\n<p>Geli\u015fen teknoloji, Tar\u0131m ve hayvanc\u0131l\u0131kla &#8216; \u0130lgili \u00e7al\u0131\u015fmalar\u0131n\u0131 &#8220;&#8216;Genetic-Tech&#8221; olarak \u0130simlendirmi\u015ftir.<\/p>\n\n\n\n<p>Genetic-Tech b\u00fcnyesindeki \u00e7al\u0131\u015fmalar, bio-tech, bio-t\u0131p ve bio-enerji konulun olarak s\u0131n\u0131fland\u0131r\u0131lm\u0131\u015f olup, bu \u00e7al\u0131\u015fmalar uzayda da devam etmektedir.<\/p>\n\n\n\n<p>Tar\u0131mda uzay \u00e7a\u011f\u0131n\u0131 yakalayan ABD&#8217;li \u00e7ift\u00e7iler, daha bir ya da iki nesil \u00f6ncesine kadar bu\u011fday \u00fcretimi i\u00e7in en uygun zaman\u0131 kestirmek i\u00e7in takvime ve ay\u0131n durumuna bakarken, \u015fimdi bu\u011fday ekece\u011fi zaman\u0131 uydudan g\u00f6nderilen k\u0131z\u0131l\u00f6tesi resimlere ve , diz\u00fcsl\u00fc bilgisayanna bakarak belirtiyor.<\/p>\n\n\n\n<p>ABD&#8217;li \u00e7ift\u00e7iler, uydu foto\u011fraflar\u0131ndan bu\u011fday \u00fcr\u00fcn\u00fcn\u00fcn geli\u015fmesini izliyor ve , verileri bilgisayar program\u0131na y\u00fckl\u00fcyor. Bilgisayar program\u0131da herhangi bir tar\u0131m \u00dcr\u00fcn\u00fcn\u00fcn tarih \u0130\u00e7indeki verimleri, topra\u011f\u0131n verimlili\u011fi ile tar\u0131m \u0130\u00e7in gerekli b\u00fct\u00fcn veriler y\u00fcklenip analizi yap\u0131l\u0131yor.<\/p>\n\n\n\n<p>ABD&#8217;li bu\u011fday eken bir \u00e7ift\u00e7inin trakt\u00f6r\u00fcndeki global konumland\u0131rma sistemi al\u0131c\u0131s\u0131, di\u011fer uydulardan ald\u0131\u011f\u0131 veri vebilgilerle arazide ekim yap\u0131lacak yeri tam olarak belirtiyor.<\/p>\n\n\n\n<p>B\u00f6ylelikle,&#8221;Tam \u0130sabetli nokta hedefli tar\u0131m&#8221; denilen tar\u0131mda bu yeni teknoloji, uydu, bilgisayarlar, lazerler, yery\u00fcz\u00fc merkezli monit\u00f6rler ve \u00fcr\u00fcn verimi say\u0131c\u0131s\u0131 kullan\u0131m\u0131yln d\u00fcnyan\u0131n en eski mesleklerinden \u00e7ft\u00e7ili\u011fe bilimin son geli\u015fmelerini sunuyor.<\/p>\n\n\n\n<p>\u00d6zetle, tar\u0131mda ve hayvanc\u0131l\u0131kta verimin y\u00fckseltilmesi ile \u0130lgili bilimsel \u00e7al\u0131\u015fmalar geli\u015fmi\u015f \u00fclkelerde h\u0131zla devam ediyor.<\/p>\n\n\n\n<p>\u00dclkemizde ise; bir taraftan erozyon nedeniyle y\u0131lda 500 milyon lon canl\u0131 topra\u011f\u0131 kaybediyoruz ve \u00e7\u00f6lle\u015fmeye gidiyoruz. (Erozyonun bu h\u0131zla devam\u0131 etmesi halinde 2020 y\u0131l\u0131nd\u0131m itibaren \u00fclkemizde \u00e7\u00f6lle\u015fmenin ba\u015flayaca\u011f\u0131 hesaplanmaklad\u0131r.)<\/p>\n\n\n\n<p>\u0130htiya\u00e7 art\u0131yor<\/p>\n\n\n\n<p>Di\u011fer taraftan artan nufus nedeniyle tar\u0131m ve hayvanc\u0131l\u0131k \u00fcr\u00fcnlerine olan ihtiyac\u0131m\u0131z devaml\u0131 artmaktad\u0131r.<\/p>\n\n\n\n<p>Bu bak\u0131mdan tar\u0131m ve hayvanc\u0131l\u0131kta y\u00fcksek verime ula\u015fabilmemiz, \u00fclke mlzin gelece\u011fi a\u00e7\u0131s\u0131ndan son derece \u00f6nemlidir.<\/p>\n\n\n\n<p>&#8220;Aksi takdirde 2010 y\u0131l\u0131nda sadece et \u0130thaline 11 (onbir) milyar US Dolar \u00f6deyece\u011fimiz hesaplanmaktad\u0131r.&#8221;<\/p>\n\n\n\n<p>Bunun i\u00e7in; Tar\u0131m ve Orman Bakanl\u0131klar\u0131m\u0131z\u0131n ziraat ve onnan M\u00fczelerimizin ve Ziraat Bankas\u0131&#8217;n\u0131n m\u00fc\u015fterek olarak olu\u015fturacaklar\u0131 bir &#8220;kurul\u201dun koordinat\u00f6rl\u00fc\u011f\u00fcnde haz\u0131rlanacakla \u201ctar\u0131m ve hayvanc\u0131l\u0131kta 2000&#8217;li y\u0131llar i\u00e7in projeler&#8221;e acilen ihtiyar\u0131m\u0131z vard\u0131r<\/p>\n\n\n\n<p>Haz\u0131rlanacak projelere \u00f6rnek olarak;<\/p>\n\n\n\n<p>1- Ziraat vc orman fak\u00fclteleri ile m\u00fc\u015fterek, Tar\u0131\u0131n Bakanl\u0131\u011f\u0131&#8217;n\u0131n i\u015fletmekle oldu\u011fu, &#8220;devlet \u00fcretme \u00e7iftJikleri&#8221;nln birer Ar-Ge enstit\u00fcs\u00fc ve teknopark haline getirilmesi projeleri.<\/p>\n\n\n\n<p>2- Orman Bakanl\u0131\u011f\u0131 A\u011fa\u00e7land\u0131r\u0131n\u00bb ve Erozyon Kontrol\u00fc Genel M\u00fcd\u00fcrl\u00fc\u011f\u00fc&#8217;n\u00fcn i\u015fletmekte oldu\u011fu fidanl\u0131klar\u0131n \u201cfide \u00fcretim \u00e7ftliklerine\u201d ve erozyonla m\u00fccadele projeleri:<\/p>\n\n\n\n<p>3- Toprak ve mera \u0131slah\u0131 projeleri.<\/p>\n\n\n\n<p>4- Genetic-Tech uygulamas\u0131 ile &#8220;tohum \u0131slah\u0131 ve geli\u015ftirme merkezlerinin geli\u015ftirilmesi projeleri;<\/p>\n\n\n\n<p>&#8220;\u00d6rne\u011fin; Eski\u015fehir\u2019in Soncakaya vadisindeki 10 k\u00f6yde ya\u015fayan insanlar\u0131n hayat\u0131 ABD den ithal edilen domates tohumunu ekmeye ba\u015flay\u0131nca de\u011fi\u015fti. \u00c7\u00fcnk\u00fc, daha \u00f6nce kulland\u0131klar\u0131 yerli tohum ile fide ba\u015f\u0131na 2.5 kg. \u00dcr\u00fcn al\u0131yorlard\u0131. Oysa \u015fimdi bu 10 gram\u0131 150 dolar olan sihirli Amerikan tohumu, fide ba\u015f\u0131na 25 kg&#8217;a kadar domates veriyor.&#8221;<\/p>\n\n\n\n<p>&#8220;Benzer uygulama Konya \u00c7u\u0131nra il\u00e7emizde de ba\u015fanl\u0131n\u0131\u015f, 1996 y\u0131l\u0131 itibariyle il\u00e7emize sadece domates sat\u0131\u015flar\u0131ndan 2.5 trilyon TL kazand\u0131r\u0131lm\u0131\u015ft\u0131r.&#8221;<\/p>\n\n\n\n<p>5- Daha uz su ile d\u0131\u0131l\u0131a fazla liretimin sa\u011fland\u0131\u011f\u0131 &#8220;bilgisayar kontroll\u00fc sera&#8221; projeleri.<\/p>\n\n\n\n<p>6- Jeolermal enerji kaynaklar\u0131na sahip y\u00f6relerimiz i\u00e7in &#8220;sera projeleri&#8221;.<\/p>\n\n\n\n<p>&#8220;\u00d6rne\u011fini K\u00fctahya Simav il\u00e7emizde bulunan 18000 (onsekizbin) d\u00f6n\u00fcm kurumu\u015f g\u00f6l alan\u0131 \u00fczerine sera yap\u0131lmas\u0131 ve jeotermal enerji ile \u0131s\u0131t\u0131lmas\u0131 halinde T\u00fcrkiye t\u00fcketiminin 3 (\u00fc\u00e7) kat\u0131 kadar sebze \u00fcretilebilece\u011fi Ankara \u00dcniversitesi taraf\u0131ndan yap\u0131lan bilimsel ara\u015ft\u0131rmalara sonucu hesaplanm\u0131\u015ft\u0131r.&#8221;<\/p>\n\n\n\n<p>7- Bio-Tech uygulamas\u0131 ile &#8220;soya fasulyesinden&#8221; yak\u0131t elde edilmesi projesi.<\/p>\n\n\n\n<p>8- Renkli pamuk \u00fcretimi projesi.<\/p>\n\n\n\n<p>9- Sabit ve gezici &#8220;toprak tahlil laboratuvarlar\u0131&#8221; ile ekilebilir arazilerin \u00e2zot (N), fosfor (P) ve potasyum (K) ihtiya\u00e7lar\u0131n\u0131n tespiti ile temini i\u00e7in gerekil finans\u0131n kredi \u015feklinde sa\u011flanmas\u0131 projeleri.<\/p>\n\n\n\n<p>10- Verimli tar\u0131m arazilerinin sanayi yat\u0131r\u0131mlar\u0131 veya konut yap\u0131m\u0131 \u015feklinde tahrip ve \u0130sraf edilmesinin \u00f6nlenmesi projeleri. ,<\/p>\n\n\n\n<p>11- Et ve et mamulleri, s\u00fct ve s\u00fct mamulleri, y\u00fcn ve y\u00fcnl\u00fc mamulleri, deri ve deri mamulleri entegre \u00dcretim projeleri.<\/p>\n\n\n\n<p>12- Et ve Bal\u0131k Kurumu&#8217;nun, et ve bal\u0131k \u00dcreticilerine kredili olarak (at\u0131lmas\u0131 ve modernizasyonu projeleri.<\/p>\n\n\n\n<p>13- Bal\u0131k\u00e7\u0131l\u0131k projeleri. (A\u00e7\u0131k deniz, tatl\u0131 su ve k\u00fclt\u00fcr bal\u0131k\u00e7\u0131l\u0131\u011f\u0131).<\/p>\n\n\n\n<p>14- Tavuk\u00e7uluk projeleri.<\/p>\n\n\n\n<p>15- Patenti \u00dclkemize ait olan &#8220;yo\u011furdumuzu d\u00fcnya markas\u0131 yapabilmemiz ve t\u00fcm d\u00fcnyaya pazarlayabilmemiz ile ilgili projeler.<\/p>\n\n\n\n<p>16- Dondurulmu\u015f g\u0131da maddeleri \u00fcretimi, da\u011f\u0131t\u0131m\u0131 ve puzarlanmas\u0131 \u0130le \u0130lgili projeler .<\/p>\n\n\n\n<p>&#8230; vb. gibi projeleri s\u0131ralayabiliriz.<\/p>\n\n\n\n<p>&#8220;Kurul&#8221; taraf\u0131ndan haz\u0131rlanacak bu t\u00fcr projeler, devlet \u00fcretme \u00e7iftliklerinde olu\u015fturulacak &#8220;teknopark&#8221;larda yat\u0131r\u0131mc\u0131lara sunulmal\u0131 ve yat\u0131r\u0131mc\u0131lar\u0131n ilgilendikleri projelere Ziraat Bankas\u0131&#8217;n\u0131n koordinat\u00f6rl\u00fc\u011f\u00fcnde \u0130\u00e7 ve d\u0131\u015f finans deste\u011fi sa\u011flanmal\u0131d\u0131r.<\/p>\n\n\n\n<p>Geli\u015fmi\u015f \u00fclkeler, tar\u0131m ve hayvanc\u0131l\u0131kta en son teknolojileri kullanarak, en y\u00fcksek verimi almakla ve \u0130htiya\u00e7lar\u0131n\u0131n fazlas\u0131n\u0131 ihra\u00e7 ederek \u00fclkelerine \u00f6nemli miktarda d\u00f6viz kazand\u0131rmaklad\u0131rlar.<\/p>\n\n\n\n<p>&#8220;\u00d6rne\u011fin, Hollanda 1996 y\u0131l\u0131 itibariyle 38 (otuzsekiz) milyar US Dolar&#8217;I\u0131k tar\u0131m ve hayvanc\u0131l\u0131k \u00fcr\u00fcnleri ihra\u00e7 etmi\u015ftir.&#8221;<\/p>\n","protected":false},"excerpt":{"rendered":"<p>D\u00fcnya Gazetesi &#8211; .. .. &#8230;. Tar\u0131m ekonomisi; birim araziden ve birin) hayvandan en y\u00fcksek verimin al\u0131nmas\u0131d\u0131r. Tar\u0131m teknolojisi ise; y\u00fcksek verimin al\u0131nmas\u0131n\u0131 sa\u011flayacak bilimsel&#8230;<\/p>\n","protected":false},"author":1,"featured_media":0,"parent":0,"menu_order":0,"comment_status":"closed","ping_status":"closed","template":"","meta":[],"_links":{"self":[{"href":"https:\/\/erdogankutlu.com\/index.php\/wp-json\/wp\/v2\/pages\/135"}],"collection":[{"href":"https:\/\/erdogankutlu.com\/index.php\/wp-json\/wp\/v2\/pages"}],"about":[{"href":"https:\/\/erdogankutlu.com\/index.php\/wp-json\/wp\/v2\/types\/page"}],"author":[{"embeddable":true,"href":"https:\/\/erdogankutlu.com\/index.php\/wp-json\/wp\/v2\/users\/1"}],"replies":[{"embeddable":true,"href":"https:\/\/erdogankutlu.com\/index.php\/wp-json\/wp\/v2\/comments?post=135"}],"version-history":[{"count":1,"href":"https:\/\/erdogankutlu.com\/index.php\/wp-json\/wp\/v2\/pages\/135\/revisions"}],"predecessor-version":[{"id":136,"href":"https:\/\/erdogankutlu.com\/index.php\/wp-json\/wp\/v2\/pages\/135\/revisions\/136"}],"wp:attachment":[{"href":"https:\/\/erdogankutlu.com\/index.php\/wp-json\/wp\/v2\/media?parent=135"}],"curies":[{"name":"wp","href":"https:\/\/api.w.org\/{rel}","templated":true}]}}