{"id":141,"date":"2018-10-02T01:44:27","date_gmt":"2018-10-01T22:44:27","guid":{"rendered":"http:\/\/erdogankutlu.com\/yeni\/wordpress\/?page_id=141"},"modified":"2018-10-02T01:44:27","modified_gmt":"2018-10-01T22:44:27","slug":"uretim-amacli-ihtisas-koyleri-kuralim","status":"publish","type":"page","link":"https:\/\/erdogankutlu.com\/index.php\/uretim-amacli-ihtisas-koyleri-kuralim\/","title":{"rendered":"\u00dcRET\u0130M AMA\u00c7LI \u0130HT\u0130SAS K\u00d6YLER\u0130 KURALIM"},"content":{"rendered":"\n<p><em>D\u00fcnya Gazetesi<\/em>\u00a0&#8211;<\/p>\n\n\n\n<p>\u00dclkelerin geli\u015fmesine, b\u00fcy\u00fcmesine ve mutlulu\u011funa \u00f6nemli\u00a0katk\u0131s\u0131 olan ve geli\u015fmi\u015f \u00fclkelerde (\u0130svi\u00e7re, \u0130talya, Fransa, Bel\u00e7ika, Hollanda, Danimarka, Almanya ve Uzakdo\u011fu \u00fclkeleri gibi) uygulanan \u0130htisas k\u00f6yleri projelerinin \u00fclkemizde de ba\u015flat\u0131lmas\u0131 uygun olacakt\u0131r.<\/p>\n\n\n\n<p>Geli\u015fmi\u015f \u00fclkelerdeki uygulama genelde, &#8220;ihtisas k\u00f6ylerinin&#8221; k\u00fclt\u00fcr ve turizm projeleri i\u00e7inde birer Disneyland fantezisi \u015feklinde d\u00fc\u015f\u00fcn\u00fclmesi y\u00f6n\u00fcndedir.<\/p>\n\n\n\n<p>Hedeflenen ama\u00e7 ise; k\u00f6ylerde istihdam imk\u00e2nlar\u0131 yarat\u0131lmas\u0131 ve \u00fcretimlerin pazarlanarak ekonominin g\u00fc\u00e7lenmesine katk\u0131 sa\u011flanmas\u0131d\u0131r.<\/p>\n\n\n\n<p>Geli\u015fmi\u015f \u00fclkelerde kurulmu\u015f olan ihtisas k\u00f6yleri ile bu k\u00f6ylerin \u00fclkelerine sa\u011flam\u0131\u015f olduklar\u0131 katk\u0131lar\u0131 k\u0131sa birka\u00e7 \u00f6rnekle vermeye \u00e7al\u0131\u015fal\u0131m;<\/p>\n\n\n\n<p>&#8211; isvi\u00e7re&#8217;deki &#8220;M\u00fccevher K\u00f6yleri&#8221; \u00fcretmi\u015f olduklar\u0131 m\u00fccevher ve saatlerden \u00fclkelerine \u00f6nemli oranda d\u00f6viz kazand\u0131rmaktaci\u0131r. (Kaynak: Gold International)<\/p>\n\n\n\n<p>Ayn\u0131 \u015feldlde \u0130svi\u00e7re&#8217;de s\u00fct ve s\u00fct mamulleri \u00fcreten k\u00f6yler, \u00e7ikolata \u00fcreten k\u00f6yler ile bal \u00fcreten k\u00f6ylerde \u00f6nemli \u00f6l\u00e7\u00fcde d\u00f6viz kazand\u0131rmaktad\u0131r.<\/p>\n\n\n\n<p>&#8211; \u0130talya!da ve Fransa&#8217;da parf\u00fcm ve kozmetik mamulleri, ipek ve ipekli mamulleri, deri ve deri mamulleri, y\u00fcn ye y\u00fcnl\u00fc mamulleri ile mobilya \u00fcretimi yapan&#8217; &#8220;\u0130htisas K\u00f6yleri&#8221; bulunmaktad\u0131r.<\/p>\n\n\n\n<p>&#8211; Venedik ve Murano adas\u0131ndaki ca\u0131\u0131\u0131 el sanatlar\u0131 \u00fcretiminin , yap\u0131ld\u0131\u011f\u0131 atelyeler ile pazarland\u0131\u011f\u0131 ma\u011fazalan y\u0131lda ikibu\u00e7uk &#8216;milyon turist gezmekte ve yapm\u0131\u015f olduklar\u0131 al\u0131\u015fveri\u015fler ile \u0130talya ekonomisine \u00f6nemli oranda d\u00f6viz kazand\u0131rmaktad\u0131r.<\/p>\n\n\n\n<p>&#8211; \u00c7ek Cumhuriyeti&#8217;nin bas\u0131ndaki Bohemya&#8221; belgesinde yap\u0131lan kesme cam ustal\u0131\u011f\u0131 ile m\u00fccevher camc\u0131l\u0131\u011f\u0131 da \u00c7ek Cumhuriyeti&#8217;ne \u00f6nemli miktarda d\u00f6viz ve turist kazand\u0131rmaktad\u0131r.<\/p>\n\n\n\n<p>&#8211; Almanya&#8217;n\u0131n Bodenmais b\u00f6lgesinde kurulan Camk\u00f6y ile de Almanya \u00f6nemli miktarda d\u00f6viz ve turist kas\u0131nmaktad\u0131r.<\/p>\n\n\n\n<p>&#8211; Fransa, Bel\u00e7ika ve Portekiz&#8217;de \u015farap \u00fcretimi ve f\u0131\u00e7\u0131 \u00fcretimi yapan &#8220;\u0130htisas K\u00f6yleri&#8221; ile \u0130sko\u00e7ya&#8217;da viski \u00fcretimi yapan ihtisas k\u00f6yleri \u00fcretimleri ve ihracatlar\u0131 ile \u00fclkelerine \u00f6nemli \u00f6l\u00e7\u00fcde d\u00f6viz kazand\u0131rmaktad\u0131r.<\/p>\n\n\n\n<p>&#8211; Almanya&#8217;da \u0130htisas K\u00f6yleri&#8217;nde \u00fcretilen keman ve viyo-Iansel gibi yayl\u0131&#8217;\u00e7alg\u0131lar t\u00fcm d\u00fcnyaya ihra\u00e7 edilmektedir.<\/p>\n\n\n\n<p>&#8211; Danimarka ve Hollanda&#8217;daki ihtisas k\u00f6ylerinde \u00fcretilen et ve et mamulleri ile s\u00fct ve s\u00fct ma-, mulleri d\u00fcnya pazarlar\u0131na ihra\u00e7 edilmektedir.<\/p>\n\n\n\n<p>&#8211; Norve\u00e7 bal\u0131k.ihracat\u0131nda d\u00fcnya birincisidir.<\/p>\n\n\n\n<p>&#8211; Malezya, Tayland ve Endo-nezya&#8217;daki &#8220;\u0130htisas K\u00f6yle-ri&#8221;nde&#8221; \u00fcretilen ve Singapur&#8217;dan ihra\u00e7 edilen \u00e7i\u00e7ek, orkide, s\u00fcs bitkileri ve m\u00fccevherler &#8216;ile ipekli kuma\u015flar \u00fclkelerine \u00f6nemli oranda d\u00f6viz ve turist kazand\u0131rmaktad\u0131r.<\/p>\n\n\n\n<p>Tayland&#8217;\u0131n ba\u015fkenti Bang-kok&#8217;taki &#8220;Orkide K\u00f6ye&#8221; ile &#8220;Timsah K\u00f6y\u00fc&#8217;ne&#8221; giri\u015f dahi paral\u0131d\u0131r. Orkideler t\u00fcm d\u00fcnyaya ihra\u00e7 edilirken timsah derisinden yap\u0131lan ayakkab\u0131, bavul, \u00e7anta, c\u00fczdan ve.kemer gibi&#8217;mamuller turistlere ancak, yetmektedir.<\/p>\n\n\n\n<p>&#8211; \u00c7in&#8217;in ihracat\u0131nda \u00f6nemli yer tutan ipek, ipekli mamuller ile ipek hal\u0131lar ihtisas k\u00f6ylerinde \u00fcretilmektedir.<\/p>\n\n\n\n<p>&#8211; Tayvan ihtisas k\u00f6ylerinde \u00fcretti\u011fi spor malzemeleri, dan-tek g\u00f6zl\u00fck. saat m\u00fccevher &#8230;vb. gibi mamullerin ihrac\u0131ndan &#8220;\u00f6nemli oranda d\u00f6viz kazanmaktad\u0131r;<\/p>\n\n\n\n<p>&#8211; Kanada&#8217;daki &#8220;Vizon ve Mink \u00c7iftlikleri&#8217;nde&#8221; \u00fcretilen k\u00fcrkler i\u00e7 ve d\u0131\u015f&#8217;pazara sat\u0131lmaktad\u0131r.<\/p>\n\n\n\n<p>&#8230; vb. gibi \u00f6rnekler \u00e7o\u011falt\u0131labilir.<\/p>\n\n\n\n<p>\u00dclkemizde de y\u00f6relerimizin \u00f6zelliklerine uygun &#8220;ihtisas k\u00f6yleri&#8221; kurulabilir.<\/p>\n\n\n\n<p>a) Mu\u011fla S\u0131\u011fla ormanlar\u0131 \u00e7evresindeki .k\u00f6ylerimizde parf\u00fcm ve kozmetik mamuller \u00fcreten k\u00f6yler kurulabilir.<\/p>\n\n\n\n<p>b) Mu\u011fla Fethiye \u00dcz\u00fcml\u00fc kasabas\u0131nda nesiller boyu \u00fcretilen dasiar bezi ile danteller. K\u00fclt\u00fcr ve Turizm Bakanl\u0131\u011f\u0131 taraf\u0131ndan d\u00fcnyaya tan\u0131t\u0131labilir.<\/p>\n\n\n\n<p>c) Mu\u011fla&#8217;dakapa\u0130\u0131 olan Defne Ya\u011f\u0131. Fabrikas\u0131 \u00e7evre k\u00f6yl\u00fclerin esat\u0131labilir.<\/p>\n\n\n\n<p>d) Ankara \u00e7evresindeki k\u00f6y-lerde yok olmak \u00fczere olan o\u011fr. lak tLffik\u00e7iii\u011fi acilen bir &#8220;\u0130htisas ; k\u00f6y\u00fc&#8221; kurularak kurtanlabilir ve me\u015fhur &#8220;angora tifti\u011fi&#8221; i\u00e7 ve d\u0131\u015f pazarlara sunulabilir.<\/p>\n\n\n\n<p>e) Bursa ba\u015fta,olmak \u00fczere \u00fclkemizin dut yeti\u015fen y\u00f6relerinde-yok olmak \u00fczere&#8217;olan kozac\u0131l\u0131k.&#8217; &#8221; ipek ve ipekli mamuller \u00fcreten &#8220;ihtisas k\u00f6yleri&#8221; kurularak geli\u015f- , tirilebilir ve kurtanlabilir.<\/p>\n\n\n\n<p>f) Beykoz&#8217;da say\u0131lan azalan maharetli cam ustalar\u0131 ve atelye-leri bir camk\u00f6y kurularak destekleneb\u0131lir ve geli\u015ftirilerek \u00fclkemiz i\u00e7in \u00f6nemli bir istihdam ve d\u00f6viz kayna\u011f\u0131 sa\u011flanabilir.<\/p>\n\n\n\n<p>Ayr\u0131ca \u00fclkemizin \u00e7e\u015fitli b\u00f6lgelerinde;<\/p>\n\n\n\n<p>&#8211; M\u00fccevher k\u00f6yleri<\/p>\n\n\n\n<p>&#8211; \u00c7ini, seramik Ve porselen k\u00f6yleri<\/p>\n\n\n\n<p>&#8211; Mermer i\u015fleme k\u00f6yleri<\/p>\n\n\n\n<p>&#8211; Mobilya \u00fcreten k\u00f6yler<\/p>\n\n\n\n<p>&#8211; \u0130pek ve \u0130pekli maluller \u00fcreten k\u00f6yler<\/p>\n\n\n\n<p>&#8211; Y\u00fcn ve y\u00fcnl\u00fc mamuller \u00fcreten k\u00f6yler<\/p>\n\n\n\n<p>&#8211; Deri ve deri mamulleri \u00fcreten k\u00f6yler<\/p>\n\n\n\n<p>&#8211; Bal ve re\u00e7el \u00fcreten k\u00f6yler<\/p>\n\n\n\n<p>&#8211; S\u00fct ve s\u00fct mamulleri \u00fcreten k\u00f6yler<\/p>\n\n\n\n<p>&#8211; Et ve et mamulleri &#8216;\u00fcreten -k\u00f6yler<\/p>\n\n\n\n<p>&#8211; Meyve suyu, konserve,-sal\u00e7a ve tur\u015fu \u00fcreten k\u00f6yler<\/p>\n\n\n\n<p>&#8211; Dantel \u00fcreten k\u00f6yler<\/p>\n\n\n\n<p>&#8211; Hal\u0131 \u00fcreten k\u00f6yler<\/p>\n\n\n\n<p>&#8211; K\u00fclt\u00fcr bal\u0131k\u00e7\u0131l\u0131\u011f\u0131 yapan k\u00f6yler<\/p>\n\n\n\n<p>&#8211; K\u00fcrk hayvanlan \u00e7iftli\u011fi ve k\u00fcrk \u00fcreten k\u00f6yler<\/p>\n\n\n\n<p>&#8211; Fide \u00fcretim \u00e7iftlikleri<\/p>\n\n\n\n<p>&#8211; \u00c7i\u00e7ek\u00e7ilik ve s\u00fcs bitkileri&#8217;, \u00fcretimi yapan k\u00f6yler<\/p>\n\n\n\n<p>&#8211; \u0130nci \u00fcretimi yapan k\u00f6yler vb. gibi &#8220;ihtisas k\u00f6yleri&#8221;<\/p>\n\n\n\n<p>&#8230;vb gibi kurulabilir.<\/p>\n\n\n\n<p>\u00dclkemizde, ihtisas k\u00f6ylerinin : kun\u0131lmas\u0131 \u00fcniversitelerin\u0131iz ile meslek: okllar\u0131m\u0131z\u0131n koordinat\u00f6rl\u00fc\u011f\u00fcnde ilgili resmi kurulu\u015flar\u0131m\u0131z\u0131n ve yerel y\u00f6netimlerimizin altyap\u0131 deste\u011finde pl\u00e2nl\u0131 bir, uygulama ile ger\u00e7ekle\u015ftirilebilir.<\/p>\n\n\n\n<p>Finans sorunu da; Ziraat Bankas\u0131 ve Halk B\u00e2nkas\u0131&#8217;n\u0131n \u00f6nderli\u011finde di\u011fer bankalar\u0131nda i\u015ftiraki ile \u00e7\u00f6z\u00fcmlenebilir. Finans sorunu ayr\u0131ca; Mu\u011fla&#8217;n\u0131n Ye\u015filyurt kasabas\u0131nda oldu\u011fu gibi el dokuma tezg\u00e2hlar\u0131n\u0131n b\u00fcy\u00fck bir kurulu\u015f ;taraf\u0131ndan desteklenmesi \u015feklinde veya k\u00f6ylerimizin kooperatifler kurmalar\u0131 \u015feklinde de \u00e7\u00f6z\u00fcmlenebilir.<\/p>\n\n\n\n<p>Ba\u015far\u0131l\u0131 kooperatiflere sadece iki \u00f6rnek verecek olursak, bunlar Konya &#8220;Hu\u011flu kasabas\u0131 \u00fcz\u00fcml\u00fc k\u00f6y\u00fcnde kurulan Koop. (Av t\u00fcfe\u011fi \u00fcretilmekte ve 1100 ki\u015fiye i\u015f imk\u00e2n\u0131 sa\u011flanmaktad\u0131r) ile Denizli Ac\u0131payam Su\u00e7at\u0131 K\u00f6y\u00fc&#8217;nde&#8217;kurulan koop.dir. (Deri mamulleri \u00fcretilmekte ve 300-400 ki\u015fiye i\u015f imk\u00e2n\u0131 yarat\u0131lmaktad\u0131r.)<\/p>\n","protected":false},"excerpt":{"rendered":"<p>D\u00fcnya Gazetesi\u00a0&#8211; \u00dclkelerin geli\u015fmesine, b\u00fcy\u00fcmesine ve mutlulu\u011funa \u00f6nemli\u00a0katk\u0131s\u0131 olan ve geli\u015fmi\u015f \u00fclkelerde (\u0130svi\u00e7re, \u0130talya, Fransa, Bel\u00e7ika, Hollanda, Danimarka, Almanya ve Uzakdo\u011fu \u00fclkeleri gibi) uygulanan \u0130htisas&#8230;<\/p>\n","protected":false},"author":1,"featured_media":0,"parent":0,"menu_order":0,"comment_status":"closed","ping_status":"closed","template":"","meta":[],"_links":{"self":[{"href":"https:\/\/erdogankutlu.com\/index.php\/wp-json\/wp\/v2\/pages\/141"}],"collection":[{"href":"https:\/\/erdogankutlu.com\/index.php\/wp-json\/wp\/v2\/pages"}],"about":[{"href":"https:\/\/erdogankutlu.com\/index.php\/wp-json\/wp\/v2\/types\/page"}],"author":[{"embeddable":true,"href":"https:\/\/erdogankutlu.com\/index.php\/wp-json\/wp\/v2\/users\/1"}],"replies":[{"embeddable":true,"href":"https:\/\/erdogankutlu.com\/index.php\/wp-json\/wp\/v2\/comments?post=141"}],"version-history":[{"count":1,"href":"https:\/\/erdogankutlu.com\/index.php\/wp-json\/wp\/v2\/pages\/141\/revisions"}],"predecessor-version":[{"id":142,"href":"https:\/\/erdogankutlu.com\/index.php\/wp-json\/wp\/v2\/pages\/141\/revisions\/142"}],"wp:attachment":[{"href":"https:\/\/erdogankutlu.com\/index.php\/wp-json\/wp\/v2\/media?parent=141"}],"curies":[{"name":"wp","href":"https:\/\/api.w.org\/{rel}","templated":true}]}}