{"id":147,"date":"2018-10-02T01:47:14","date_gmt":"2018-10-01T22:47:14","guid":{"rendered":"http:\/\/erdogankutlu.com\/yeni\/wordpress\/?page_id=147"},"modified":"2018-10-02T01:47:14","modified_gmt":"2018-10-01T22:47:14","slug":"modayi-sanata-donusturmek","status":"publish","type":"page","link":"https:\/\/erdogankutlu.com\/index.php\/modayi-sanata-donusturmek\/","title":{"rendered":"MODAYI SANATA D\u00d6N\u00dc\u015eT\u00dcRMEK"},"content":{"rendered":"\n<p><em>D\u00fcnya Gazatesi<\/em>\u00a0&#8211;<\/p>\n\n\n\n<p>\u00dclkemizin ihracat\u0131nda \u00f6nemli br yer tutan tekstil sekt\u00f6r\u00fcm\u00fcz bu ba\u015far\u0131s\u0131n\u0131 kendi ki\u015fisel gayretleriyle sa\u011flam\u0131\u015ft\u0131r.<\/p>\n\n\n\n<p>Ancak; emek yo\u011fun tekstil sekt\u00f6r\u00fcm\u00fcz, son zamanlarda eme\u011fin ve enerjinin ucuz oldu\u011fu \u00fclkeler (\u00c7in, Hindistan, Pakistan, M\u0131s\u0131r, Bulgaristan vb. gibi) kar\u015f\u0131s\u0131nda rekabet a\u00e7\u0131s\u0131ndan zorlanmaktad\u0131r. Art\u0131k bu \u00fclkeler de \u00fcretim yapmay\u0131 ve yapt\u0131rmay\u0131 d\u00fc\u015f\u00fcnmektedirler.<\/p>\n\n\n\n<p>Asl\u0131nda, \u00e7\u00f6z\u00fcm\u00fcn katma de\u011feri y\u00fcksek moda \u00fcr\u00fcnlerini \u00fcretmek oldu\u011funu ve moday\u0131 sanata d\u00f6n\u00fc\u015ft\u00fcrerek k\u00fclt\u00fcr ye turizm fantezisi i\u00e7inde uluslararas\u0131 pazarlara sunmak oldu\u011funu elbette, sekt\u00f6r d\u00fc\u015f\u00fcn\u00fcyordur.<\/p>\n\n\n\n<p>Katma de\u011feri y\u00fcksek d\u00fcnya moda \u00fcr\u00fcnleri Milano ve Paris&#8217;te \u015fekilleniyor ve y\u00f6netiliyor. D\u00fcnya modas\u0131n\u0131 y\u00f6nlendiren firmalar katma de\u011feri y\u00fcksek \u00fcr\u00fcn \u00fcrettikleri i\u00e7in cirolar\u0131 da y\u00fcksek olmaktad\u0131r. \u00d6rne\u011fin 2005 y\u0131l\u0131 cirolan:<\/p>\n\n\n\n<p>Christian Dior&#8230;&#8230;&#8230;&#8230;&#8230;;&#8230;&#8230;..16 milyar USD.<\/p>\n\n\n\n<p>Pierre Cardin&#8230;&#8230;&#8230;&#8230;&#8230;&#8230;&#8230;..4.5 Milyar USD.<\/p>\n\n\n\n<p>Gucci&#8230;&#8230;&#8230;&#8230;&#8230;&#8230;&#8230;&#8230;&#8230;&#8230;&#8230;.3.5 milyar USD.<\/p>\n\n\n\n<p>Polo&#8230;&#8230;&#8230;&#8230;&#8230;&#8230;&#8230;&#8230;&#8230;&#8230;&#8230;&#8230;.3.5 milyar USD.<\/p>\n\n\n\n<p>Benetton&#8230;&#8230;&#8230;&#8230;&#8230;&#8230;&#8230;&#8230;&#8230;.3.1 milyar USD.<\/p>\n\n\n\n<p>Tommy Hiifiger&#8230;&#8230;&#8230;&#8230;&#8230;&#8230;..3.0 milyar USD.<\/p>\n\n\n\n<p>Tiffany&#8230;&#8230;&#8230;&#8230;&#8230;&#8230;&#8230;&#8230;&#8230;.\u201e.. 2.5 milyar USD.<\/p>\n\n\n\n<p>Prada&#8230;&#8230;&#8230;&#8230;&#8230;&#8230;&#8230;&#8230;&#8230;&#8230;&#8230;&#8230;2.0 milyar USD.<\/p>\n\n\n\n<p>Arrnani &#8230;&#8230;&#8230;&#8230;&#8230;&#8230;&#8230;&#8230;&#8230;&#8230;2.0 milyar USD.<\/p>\n\n\n\n<p>Hermes&#8230;&#8230;&#8230;&#8230;&#8230;&#8230;&#8230;&#8230;&#8230;&#8230;..\u201e1.7 milyar USD.<\/p>\n\n\n\n<p>Bvlgar\u0131&#8230;&#8230;&#8230;&#8230;&#8230;&#8230;&#8230;&#8230;&#8230;&#8230;..1.5 milyar USD.<\/p>\n\n\n\n<p>Burberry&#8230;&#8230;&#8230;&#8230;&#8230;&#8230;&#8230;&#8230;&#8230;&#8230;1.5 milyar USD.<\/p>\n\n\n\n<p>Versace&#8230;&#8230;&#8230;&#8230;&#8230;&#8230;&#8230;&#8230;&#8230;. 600 milyon USD.<\/p>\n\n\n\n<p>D\u00f6lce Gabbana&#8230;&#8230;&#8230;&#8230;&#8230;.500 milyon USD.<\/p>\n\n\n\n<p>Bu firmalar \u00fcr\u00fcnlerini art\u0131k d\u00fcnyan\u0131n \u00e7e\u015fitli yerlerinde a\u00e7t\u0131klar\u0131 l\u00fcks ve muhte\u015fem otellerinde sergiliyor.<\/p>\n\n\n\n<p>\u00a7 Versace Avusturalya&#8217;n\u0131n favori tatil yeri Gold Coast&#8217;ta a\u00e7t\u0131\u011f\u0131 6 y\u0131ld\u0131zl\u0131 &#8220;Plazza Versace&#8221; Oteli&#8217;nde<\/p>\n\n\n\n<p>\u00a7 Bvlgar\u0131 Milano&#8217;daki ultra l\u00fcks otelinde<\/p>\n\n\n\n<p>\u00a7 Armani Milano, Londra, New York ve Dubai&#8217;deki yeni a\u00e7aca\u011f\u0131 otellerinde.<\/p>\n\n\n\n<p>Defileler yaparak t\u00fcm \u00fcr\u00fcnlerini (giyim, m\u00fccevher, aksesuar, parf\u00fcm&#8230;) bir b\u00fct\u00fcnl\u00fck i\u00e7inde sunmaktad\u0131rlar.<\/p>\n\n\n\n<p>D\u00fcnya modas\u0131n\u0131 y\u00f6nlendken bu firmalar\u0131n g\u00fc\u00e7l\u00fc tasanm ekipleri bulunmakla birlikte k\u00fclt\u00fcrel bir altya\u0131lar\u0131 bulunmamaktad\u0131r.<\/p>\n\n\n\n<p>Oysa, moday\u0131 yar\u00e2tri\u0131ak ve moday\u0131 sanata d\u00f6-nti\u015ft\u00fcrebilmek i\u00e7in her \u00fclkenin kendi k\u00fclt\u00fcrel altyap\u0131s\u0131 \u00f6nem kazanmal\u0131&#8221;ve k\u00fclt\u00fcrel temellerin \u00fczerine otunnal\u0131d\u0131r.<\/p>\n\n\n\n<p>Bu ama\u00e7la sekt\u00f6r;<\/p>\n\n\n\n<p>1-\u00a0Topraklar\u0131m\u0131zda binlerce y\u0131ld\u0131r ya\u015fanan k\u00fclt\u00fcrlerin \u00e7a\u011fda\u015f yorumu ile tasarlanacak \u00fcr\u00fcnlerin Anadolu G\u00fcne\u015fi ad\u0131 ile Antik \u00d6ren yerlerimizde (Efes, Aspendos, \u00c7atalh\u00f6y\u00fck. Ka-podokya&#8230;) d\u00fcnya modas\u0131na &#8220;Anadolu Ate\u015fi Dans G\u00f6sterisi&#8221; e\u015fli\u011finde sunulmas\u0131n\u0131.<\/p>\n\n\n\n<p>2-\u00a0&#8220;Fashion TV&#8221; benzeri uluslararas\u0131 yayu\u0131 yapacak Moda TVnin kurulmas\u0131n\u0131.<\/p>\n\n\n\n<p>3-\u00a0G\u00fc\u00e7l\u00fc bil&#8221; moda tasar\u0131n\u0131 ekibi olu\u015fturabilmek amac\u0131yla g\u00fczel sanatlar meslek liseleri ile g\u00fczel sanatlar akademilerinin desteklenmesini ve s\u00fcrekli &#8220;tasar\u0131m yar\u0131\u015fmalar\u0131&#8221; d\u00fczenlenmesini.<\/p>\n\n\n\n<p>4-\u00a0Sekt\u00f6r i\u00e7in son derece \u00f6nemli olan teknolojideki geli\u015fmeleri s\u00fcrekli takip edilmesini d\u00fc\u015f\u00fcnebilir.<\/p>\n\n\n\n<p>B\u00f6ylece, &#8220;\u0130pek Yolu&#8221; \u00fczerinde bulunan ve &#8220;uygarl\u0131klar\u0131n be\u015fi\u011fi olan Anadolu&#8221;muz d\u00fcnya modas\u0131n\u0131 \u015fekillendiren ve y\u00f6neten moda merkezlerinden biri olabilir ve sekt\u00f6r\u00fcm\u00fcz katma de\u011feri y\u00fcksek \u00fcr\u00fcnleri \u00fcreterek\/tasarlayarak s\u00fcrekli b\u00fcy\u00fcyebilir.<\/p>\n","protected":false},"excerpt":{"rendered":"<p>D\u00fcnya Gazatesi\u00a0&#8211; \u00dclkemizin ihracat\u0131nda \u00f6nemli br yer tutan tekstil sekt\u00f6r\u00fcm\u00fcz bu ba\u015far\u0131s\u0131n\u0131 kendi ki\u015fisel gayretleriyle sa\u011flam\u0131\u015ft\u0131r. Ancak; emek yo\u011fun tekstil sekt\u00f6r\u00fcm\u00fcz, son zamanlarda eme\u011fin ve&#8230;<\/p>\n","protected":false},"author":1,"featured_media":0,"parent":0,"menu_order":0,"comment_status":"closed","ping_status":"closed","template":"","meta":[],"_links":{"self":[{"href":"https:\/\/erdogankutlu.com\/index.php\/wp-json\/wp\/v2\/pages\/147"}],"collection":[{"href":"https:\/\/erdogankutlu.com\/index.php\/wp-json\/wp\/v2\/pages"}],"about":[{"href":"https:\/\/erdogankutlu.com\/index.php\/wp-json\/wp\/v2\/types\/page"}],"author":[{"embeddable":true,"href":"https:\/\/erdogankutlu.com\/index.php\/wp-json\/wp\/v2\/users\/1"}],"replies":[{"embeddable":true,"href":"https:\/\/erdogankutlu.com\/index.php\/wp-json\/wp\/v2\/comments?post=147"}],"version-history":[{"count":1,"href":"https:\/\/erdogankutlu.com\/index.php\/wp-json\/wp\/v2\/pages\/147\/revisions"}],"predecessor-version":[{"id":148,"href":"https:\/\/erdogankutlu.com\/index.php\/wp-json\/wp\/v2\/pages\/147\/revisions\/148"}],"wp:attachment":[{"href":"https:\/\/erdogankutlu.com\/index.php\/wp-json\/wp\/v2\/media?parent=147"}],"curies":[{"name":"wp","href":"https:\/\/api.w.org\/{rel}","templated":true}]}}