{"id":151,"date":"2018-10-02T01:48:43","date_gmt":"2018-10-01T22:48:43","guid":{"rendered":"http:\/\/erdogankutlu.com\/yeni\/wordpress\/?page_id=151"},"modified":"2018-10-02T01:48:43","modified_gmt":"2018-10-01T22:48:43","slug":"dunya-cevre-bankasi-kurulmali","status":"publish","type":"page","link":"https:\/\/erdogankutlu.com\/index.php\/dunya-cevre-bankasi-kurulmali\/","title":{"rendered":"D\u00fcnya \u00c7evre Bankas\u0131 Kurulmal\u0131"},"content":{"rendered":"\n<p><em>\u0130stanbul Sanayi Odas\u0131<\/em>\u00a0-Temmuz 1998<\/p>\n\n\n\n<p>Hava, su, \u00e7\u00f6p ve toprak kirlili\u011finin canl\u0131 ya\u015fam\u0131 tehdit eder boyutlara ula\u015fmas\u0131 etkin tedbirlerin al\u0131nmas\u0131n\u0131 beraberinde g\u00fcndeme getirmi\u015ftir. Ancak al\u0131nmas\u0131 istenen tedbirlerin projesi, teknolojisi ve finans\u0131 ile ilgili herhangi bir sistem getirilmedi\u011finden uygulama istenen seviyede ba\u015far\u0131l\u0131 olamamaktad\u0131r.<\/p>\n\n\n\n<p>Uygulaman\u0131n ba\u015far\u0131l\u0131 olabilmesi i\u00e7in;<\/p>\n\n\n\n<p>1. \u00c7evre, Bilim ve Teknoloji Enstit\u00fclerinin<\/p>\n\n\n\n<p>2. \u00c7evre Bankalar\u0131n\u0131n kurulmas\u0131 gerekmektedir.<\/p>\n\n\n\n<p>&#8211; \u00c7evre Bilim ve Teknoloji Enstit\u00fcleri ile hava, su, \u00e7\u00f6p ve toprak kirlili\u011finin \u00f6nlenmesi ile ilgili projeler \u00fcretilebilecek &#8211; \u00c7evre Bankalar\u0131 ile de; Bu projelerin Finans\u0131 uygun kredi \u015fartlar\u0131 ile temin edilebilecektir. Projelere \u00f6rnek olarak;<\/p>\n\n\n\n<p>&#8211; Su kirlili\u011finin \u00f6nlenmesi i\u00e7in;<\/p>\n\n\n\n<p>&#8211; Biyolojik ve Elektro-Katalitik ar\u0131tma sistemleri projeleri<\/p>\n\n\n\n<p>&#8211; \u00c7\u00f6p kirlili\u011finin \u00f6nlenmesi i\u00e7in, \u00c7\u00f6p Yakma Kazanlar\u0131 ve \u00c7\u00f6p Enerji Santralleri Projeleri<\/p>\n\n\n\n<p>&#8211; Toprak kirlili\u011finin \u00f6nlenmesi i\u00e7in, \u00e7\u00f6p sahalar\u0131nda olu\u015fan zehirli at\u0131klar ile zirai ila\u00e7lar\u0131n zehirlerinin ya\u011fmur sular\u0131 ile kar\u0131\u015ft\u0131\u011f\u0131 Toprak i\u00e7in tahlil laboratuarlar\u0131, Yeralt\u0131 sular\u0131 i\u00e7in Art\u0131ma Sistemleri Projeleri&#8230; v.b. gibi projeleri verebiliriz.<\/p>\n\n\n\n<p>\u0130htisas Bankas\u0131 konumunda olacak \u00c7evre Bankalar\u0131 bu projeler i\u00e7in gerekli finans\u0131 \u00e7e\u015fitli Fon kaynaklar\u0131ndan uygun \u015fartlarla ve uzun vadeli olarak temin edip Sanayilere, yerel y\u00f6netimlere ve di\u011fer talep edenlere \u201cKredi&#8221; olarak verebilmeli ve ya \u201cLeasing&#8221; modeli ile gerekli cihazlar\u0131 kiralayabilmelidir. Ancak, \u00c7evre kirlili\u011fi k\u00fcresel bir sorun oldu\u011fu i\u00e7in bu yap\u0131lanman\u0131n Birle\u015fmi\u015f Milletler (B.M.) nezdinde de ger\u00e7ekle\u015ftirilmesi gerekmektedir.<\/p>\n\n\n\n<p>Bu bak\u0131mdan B.M. nezdinde giri\u015fimde bulunarak B.M. b\u00fcnyesinde;<\/p>\n\n\n\n<p>1. D\u00fcnya \u00c7evre Teknoloji Enstit\u00fcs\u00fc ile<\/p>\n\n\n\n<p>2. D\u00fcnya \u00c7evre Bankas\u0131&#8217;n\u0131n kurulmas\u0131 sa\u011flanmal\u0131d\u0131r.<\/p>\n\n\n\n<p>K\u00fcresel bir sorun olan \u00c7evre Kirlili\u011fine \u00f6rnek olarak;<\/p>\n\n\n\n<p>\u201cKaradenize akan nehirlerle \u00f6rne\u011fin Tuna nehri ile Avrupa \u00dclkelerinin kirli at\u0131klar\u0131, di\u011fer nehirlerle de Ukrayna ve Rusya&#8217;n\u0131n kirli-zehirli at\u0131klar\u0131 Karadeniz, Marmara ve Ege Denizi ile k\u0131y\u0131lar\u0131 kirletmektedir. Rusya&#8217;daki \u00c7ernobil N\u00fckleer santralinden yay\u0131lan s\u0131z\u0131nt\u0131 Karadeniz B\u00f6lgemizdeki ya\u015fam\u0131 tahrip etmi\u015ftir. Benzer kirlilikler \u015fu an d\u00fcnyan\u0131n her taraf\u0131nda olmaktad\u0131r. Nehirlere ve denizlere ve Okyanuslara a\u00e7\u0131lan sanayilerin, termik ve n\u00fckleer santrallerin, petrol rafinelerinin, Petro-Kimya tesislerinin ve yerle\u015fim birimlerinin zehirli at\u0131klar\u0131 ile d\u00fcnya denizleri devaml\u0131 kirlenmektedir.<\/p>\n\n\n\n<p>\u0130\u015fte B.M. nezdinde kurulacak D\u00fcnya \u00c7evre Teknoloji Enstit\u00fcleri ile \u00dclkelerde kurulacak Ulusal \u00c7evre Teknolojileri Enstit\u00fcleri bu t\u00fcr \u00e7evre kirlenmesinin \u00f6nlenmesi i\u00e7in m\u00fc\u015ftereken projeler \u00fcretebilmeli ve d\u00fcnya \u00c7evre Bankas\u0131 ile \u00fclkelerde kurulacak Ulusal \u00c7evre Bankalar\u0131 ile de bu projelerin finans\u0131 temin edilebilmelidir.<\/p>\n\n\n\n<p>D\u00fcnya ve ulusal \u00c7evre Teknolojileri Enstit\u00fcleri ile \u00c7evre Bankalar\u0131, ayr\u0131ca Temiz Enerji kaynaklar\u0131n\u0131n(G\u00fcne\u015f, Jeotermal, Do\u011fal Gaz, Hidrojen, Elektrik, Bio-Enerji &#8230;v.b. gibi) Is\u0131tma, Ula\u015f\u0131m ve Sanayi de kullan\u0131lmas\u0131 projeleri ile daha az enerji sarfiyat\u0131 i\u00e7in in\u015faatlarda \u201c\u0131s\u0131 Yal\u0131t\u0131m\u0131&#8221; projeleri &#8230;v.b. gibi projeleri de haz\u0131rlamal\u0131 ve finanse edebilmelidir.<\/p>\n\n\n\n<p>Bu uygulama \u00c7evre Sorununun \u00e7\u00f6z\u00fcm\u00fc i\u00e7in ba\u015far\u0131l\u0131 sonu\u00e7lar\u0131n al\u0131nmas\u0131n\u0131 sa\u011flayacakt\u0131r.<\/p>\n","protected":false},"excerpt":{"rendered":"<p>\u0130stanbul Sanayi Odas\u0131\u00a0-Temmuz 1998 Hava, su, \u00e7\u00f6p ve toprak kirlili\u011finin canl\u0131 ya\u015fam\u0131 tehdit eder boyutlara ula\u015fmas\u0131 etkin tedbirlerin al\u0131nmas\u0131n\u0131 beraberinde g\u00fcndeme getirmi\u015ftir. Ancak al\u0131nmas\u0131 istenen&#8230;<\/p>\n","protected":false},"author":1,"featured_media":0,"parent":0,"menu_order":0,"comment_status":"closed","ping_status":"closed","template":"","meta":[],"_links":{"self":[{"href":"https:\/\/erdogankutlu.com\/index.php\/wp-json\/wp\/v2\/pages\/151"}],"collection":[{"href":"https:\/\/erdogankutlu.com\/index.php\/wp-json\/wp\/v2\/pages"}],"about":[{"href":"https:\/\/erdogankutlu.com\/index.php\/wp-json\/wp\/v2\/types\/page"}],"author":[{"embeddable":true,"href":"https:\/\/erdogankutlu.com\/index.php\/wp-json\/wp\/v2\/users\/1"}],"replies":[{"embeddable":true,"href":"https:\/\/erdogankutlu.com\/index.php\/wp-json\/wp\/v2\/comments?post=151"}],"version-history":[{"count":1,"href":"https:\/\/erdogankutlu.com\/index.php\/wp-json\/wp\/v2\/pages\/151\/revisions"}],"predecessor-version":[{"id":152,"href":"https:\/\/erdogankutlu.com\/index.php\/wp-json\/wp\/v2\/pages\/151\/revisions\/152"}],"wp:attachment":[{"href":"https:\/\/erdogankutlu.com\/index.php\/wp-json\/wp\/v2\/media?parent=151"}],"curies":[{"name":"wp","href":"https:\/\/api.w.org\/{rel}","templated":true}]}}