{"id":153,"date":"2018-10-02T01:49:25","date_gmt":"2018-10-01T22:49:25","guid":{"rendered":"http:\/\/erdogankutlu.com\/yeni\/wordpress\/?page_id=153"},"modified":"2018-10-02T01:49:25","modified_gmt":"2018-10-01T22:49:25","slug":"saglik-bilgi-bankasi-ve-medical-card","status":"publish","type":"page","link":"https:\/\/erdogankutlu.com\/index.php\/saglik-bilgi-bankasi-ve-medical-card\/","title":{"rendered":"Sa\u011fl\u0131k Bilgi Bankas\u0131 ve \u201cMedical Card\u201d"},"content":{"rendered":"\n<p><em>D\u00fcnya Gazetesi<\/em>\u00a0&#8211;<\/p>\n\n\n\n<p>2006 y\u0131l\u0131 b\u00fct\u00e7esinde sa\u011fl\u0131k harcamalar\u0131 i\u00e7in ayr\u0131lan kaynak GSMH\u2019nin y\u00fczde 6.9&#8217;u civar\u0131ndad\u0131r. Bu oran AB \u00fclkeleri ortalamas\u0131 olan y\u00fczde 8&#8217;e \u00e7ok yak\u0131nd\u0131r.<\/p>\n\n\n\n<p>Ancak sa\u011fl\u0131\u011f\u0131m\u0131z AB \u00fclkeleri d\u00fczeyinde de\u011fildir.<\/p>\n\n\n\n<p>\u00d6rne\u011fin: \u00fclkemizde \u00e7ocuk \u00f6l\u00fcmleri (bir yad\u0131na kadar) binde yirmi alt\u0131 civar\u0131ndad\u0131rve saatte \u00fc\u00e7 (3) \u00e7ocuk \u00f6lmektedir.<\/p>\n\n\n\n<p>Bu oran geli\u015fmi\u015f \u00fclkelerde binde d\u00f6rde kadar d\u00fc\u015fmektedir.<\/p>\n\n\n\n<p>Sa\u011fl\u0131kBakanl\u0131\u011f\u0131m\u0131z,hastal\u0131klar\u0131n te\u015fhisi ve tedavisi ile ilgili \u00e7al\u0131\u015fmalar yapmaktad\u0131r.<\/p>\n\n\n\n<p>Oysa sorun hastal\u0131klara neden olan etkenlerdir. Bu etkenler insanlar\u0131n sa\u011fl\u0131\u011f\u0131na dikkat etmemesi, \u00e7evre kirlili\u011fi ve yoksulluktur. Aynca kal\u0131t\u0131msal nedenlerlegelenhastal\u0131klard\u0131r.<\/p>\n\n\n\n<p>Ancak insanlar\u0131n sapana dikkat etmesi son derece \u00f6nemlidir. &#8216; .<\/p>\n\n\n\n<p>\u00d6rne\u011fin; 2005 y\u0131l\u0131nda 20 milyar USD sigara i\u00e7in harcayan insanlan\u0131mz ila\u00e7 i\u00e7in de en az bu kadar harcama yapmaktad\u0131rlar. Hert\u00fcrl\u00fc uyanlara ra\u011fmen bu uyar\u0131lan dikkate almayanlar ekonomiye ve Sa\u011fl\u0131k Bakanl\u0131\u011f\u0131&#8217;na ilave y\u00fckler getirmektedirler.<\/p>\n\n\n\n<p>Hastal\u0131klara neden olan di\u011fer \u00f6rnekler; K\u0131rsal<\/p>\n\n\n\n<p>hastal\u0131klar ile yoksulluk nedeniyle gerekli g\u0131da-lann al\u0131namamas\u0131 ve sa\u011fl\u0131k ko\u015fullar\u0131na uygun yalanmamas\u0131 nedeniyle meydana gelmektedir.<\/p>\n\n\n\n<p>\u00d6zetle; Sa\u011fl\u0131k Bakanl\u0131\u011f\u0131m\u0131z\u0131n, hastal\u0131klar\u0131n te\u015fhisi ve tedavisi \u00e7al\u0131\u015fmalar\u0131na ilave olarak, hastal\u0131klara neden olan etkenlerin en aza indirilebilmesi amac\u0131yla ilgili kurum ve kurulu\u015flar ile m\u00fc\u015fterek \u00e7al\u0131\u015fmalar yapmas\u0131 ve sa\u011fl\u0131k sorunlar\u0131m\u0131z\u0131 bir b\u00fct\u00fcn olarak de\u011ferlendirmesi ve planlanmas\u0131n\u0131n daha uygun olaca\u011f\u0131 d\u00fc\u015f\u00fcn\u00fclmektedir.<\/p>\n\n\n\n<p>Bu ama\u00e7la;<\/p>\n\n\n\n<p>1- Sa\u011fl\u0131kBakanl\u0131\u011f\u0131m\u0131z b\u00fcnyesinde Sa\u011fl\u0131kBilgi Ba\u0131\u0131kas\u0131&#8217;run kurulmas\u0131 ve \u00fclke olarak ki\u015fi baz\u0131nda, hastal\u0131k baz\u0131nda ve b\u00f6lge baz\u0131nda sa\u011fl\u0131\u011f\u0131m\u0131z\u0131n kayda al\u0131nmas\u0131.<\/p>\n\n\n\n<p>2- Sa\u011fl\u0131k bilgi kart\u0131 &#8220;Medical Card&#8221; uygulamas\u0131 ile Sa\u011fl\u0131k CVmizin her an sa\u011fl\u0131k merkezlerinden (Kamu\/\u00f6zel) ve eczanelerden \u015fifremizi ta\u015flayarak alabilme\/sunabilme imkan\u0131na kavu\u015fmam\u0131z\u0131n sa\u011flanmas\u0131.<\/p>\n\n\n\n<p>3- Kamu kurum ve kurulu\u015flar\u0131nda \u00e7al\u0131\u015fa\u0131\u0131lar-dankesilen primlerin emeklilik ve sa\u011fhkprimle-ri olarak ayn ayn kesilmesi ve toplanacak primlerin Merkez Bankas\u0131 nezdinde olu\u015fturulacak Emeklilik Fonu ve Sa\u011fl\u0131k Fonu hesaplar\u0131nda toplanmas\u0131.<\/p>\n\n\n\n<p>4- Sa\u011fl\u0131k Fonu&#8217;nda birikecek kaynaklar\u0131n sa\u011fl\u0131k ile ilgili teknoloji yo\u011fun yat\u0131r\u0131mlar tarafindan \u00e7\u0131kar\u0131lacak &#8220;Eurobond&#8217;lardan al\u0131narak de\u011ferlendirilmesi ve bu t\u00fcr yat\u0131r\u0131mlar\u0131n d\u00fc\u015f\u00fck faizli ve uzun vadeli fina\u0131\u0131s imkanlan ile desteklenmesi.<\/p>\n\n\n\n<p>5- \u00c7evre.kirlili\u011finin (hava, su, toprak) \u00f6nlenmesi amac\u0131yla;<\/p>\n\n\n\n<p>a) \u00c7evre ve Orman Bakanl\u0131\u011f\u0131m\u0131z\u0131n ve \u00fcniversitelerimizin deste\u011finde &#8220;\u00c7evre Ara\u015ft\u0131rma ve Geli\u015ftirme Enstit\u00fclerf&#8217;nin kurulmas\u0131 ve hava, su* toprakkirlili\u011finin \u00f6nlenmesi amac\u0131yla projeler geli\u015ftirilmesi ve uygulamalar i\u00e7in zorunluluklar getirilmesi.<\/p>\n\n\n\n<p>&#8220;\u00d6rne\u011fin, acilen k\u0131rsal kesimlerde ya\u015fayan vatanda\u015flar\u0131m\u0131z\u0131n zehirli tar\u0131msal ila\u00e7lar\u0131n kar\u0131\u015ft\u0131\u011f\u0131 kuyu suyunu kullanmalar\u0131n\u0131n \u00f6nlenmesi, nehirlere ve g\u00f6llere akan sanayi at\u0131klar\u0131 ile evsel at\u0131klar\u0131n irtibatlar\u0131n\u0131n kesilmesi ve antma sistemi projeleri haz\u0131rlanarak uygulanmas\u0131.&#8221;<\/p>\n\n\n\n<p>b) &#8220;\u00c7evre Fonu&#8221; ad\u0131 ile toplanan kaynaklar\u0131n Merkez Bankas\u0131 nezdinde olu\u015fturulacak &#8220;\u00c7evre Fonu&#8221; hesab\u0131nda toplanmas\u0131.<\/p>\n\n\n\n<p>c) \u0130htisas Bankas\u0131 konumunda \u00c7evre Banka-s\u0131&#8217;rim kurulmas\u0131 ve projelerin \u00e7evreibnundan istifade ile d\u00fc\u015f\u00fck faizli\/uzun vadeli olarak kredi-lendirilmesi.<\/p>\n\n\n\n<p>6-Yoksullu\u011fun \u00f6nlenebilmesi amacryla;<\/p>\n\n\n\n<p>a) K\u0131rsal fesimde ya\u015fayan vatanda\u015flar\u0131m\u0131z i\u00e7in,<\/p>\n\n\n\n<p>Tar\u0131m ve Koyi\u015fleri Bakanl\u0131\u011f\u0131m\u0131z ile Milli E\u011fitim Bakanl\u0131\u011f\u0131m\u0131z\u0131n deste\u011finde &#8220;K\u00f6y E\u011fitim Enstit\u00fcleri&#8221; benzeri yat\u0131l\u0131 b\u00f6lge okullar\u0131n\u0131n (uygulamal\u0131) kurulmas\u0131 ve k\u00f6ylerimizin kooperatifle\u015fmeleri sa\u011flanarak &#8220;Organize Tar\u0131m B\u00f6lgeleri&#8221; ile \u00fcretim ve turizm ama\u00e7l\u0131 &#8216;ihtisas K\u00f6yleri&#8221; kurularak istihdam imkanlar\u0131n\u0131n yarat\u0131lmas\u0131.<\/p>\n\n\n\n<p>b) \u00c7al\u0131\u015fma Bakanl\u0131\u011f\u0131m\u0131z ile Milli E\u011fitim Bakanl\u0131\u011f\u0131m\u0131z\u0131n deste\u011finde meslek liselerinde<\/p>\n\n\n\n<p>\u201cmeslek kurslar\u0131&#8221; a\u00e7\u0131lmas\u0131 ve insalar\u0131m\u0131z\u0131n meslek sahibi olmalar\u0131 sa\u011flanmas\u0131.<\/p>\n\n\n\n<p>7- Ana ve ilk\u00f6\u011fretimde okuyan \u00e7ocuklar\u0131m\u0131z i\u00e7in;<\/p>\n\n\n\n<p>Sa\u011fl\u0131k Bakanl\u0131\u011f\u0131m\u0131z\u0131n, Milli E\u011fitim Bakanl\u0131\u011f\u0131m\u0131z ile Tar\u0131m ve Koyi\u015fleri Bakanl\u0131\u011f\u0131m\u0131z m\u00fc\u015fterek \u00e7al\u0131\u015fmalar yaparak, \u00e7ocuklar\u0131m\u0131z\u0131n temel sa\u011fl\u0131k hizmetleri ile standart beslenmelerinin devlet taraf\u0131ndan kar\u015f\u0131lanmas\u0131n\u0131 sa\u011flamalan ve gerekli g\u0131da ve ihtiya\u00e7 maddelerini (s\u00fcti bal, tereya\u011f\u0131, peynir, yumurta, zeytin) civar k\u00f6ylerden (kurulacak \u00fcretim ama\u00e7l\u0131 ihtisas k\u00f6ylerinden) temin etmeleri.<\/p>\n\n\n\n<p>\u00d6zede; hastal\u0131klara neden olan etkenlerin azalt\u0131lmas\u0131 neticesi hastal\u0131k oranlar\u0131m\u0131z \u00e7ok &#8221; azalacakt\u0131r. Bu da Sa\u011fl\u0131k Bakanl\u0131\u011f\u0131m\u0131z\u0131n daha rahat \u00e7al\u0131\u015fmas\u0131n\u0131 sa\u011flayacakt\u0131r.<\/p>\n\n\n\n<p>Ayr\u0131ca, Sa\u011fl\u0131k Bakanl\u0131\u011f\u0131m\u0131z tarafindan hasta-l\u0131klann te\u015fhisi ve tedavisi amac\u0131yla;<\/p>\n\n\n\n<p>a) Sa\u011fl\u0131k ocaklar\u0131nda &#8220;Uzman Hekim&#8217;lerin g\u00f6rev yapmas\u0131 ve &#8220;On-Line&#8221; ile kurulacak Sa\u011fl\u0131k Bilgi Bankas\u0131&#8217;na ba\u011flanmas\u0131 ve &#8220;Medical Card&#8221; uygulamas\u0131na ba\u015flan\u0131lmas\u0131..<\/p>\n\n\n\n<p>b) Ambulans hazmederinin hava ve deniz olarak da yayg\u0131nla\u015ft\u0131r\u0131lmas\u0131, tam te\u015fekk\u00fcll\u00fc hale getirilmesi ve &#8220;Uzman Hekimlerin&#8221; g\u00f6revlendirilmesi.<\/p>\n\n\n\n<p>c) Gezici sa\u011fl\u0131k hizmetlerinin yayg\u0131nla\u015ft\u0131r\u0131lmas\u0131 ve hastane gemilerinin, demiryolu hastanelerinin, u\u00e7an hastanelerin ve gezici kara hastane ara\u00e7lar\u0131n\u0131n hizmete verilmesi.<\/p>\n\n\n\n<p>d) En son t\u0131bbi cihazlarla te\u00e7hiz edilecek&#8217;ve uzman hekimleri ile donat\u0131lacak &#8220;\u0130htisas Hastanelerinin kurulmas\u0131n\u0131n te\u015fvik edilmesi ve &#8220;Medical Card&#8221; ile gelen vatanda\u015flar\u0131m\u0131za e\u015fit ve adil sa\u011fl\u0131k hizme\u00fcerinin verilmesi.<\/p>\n\n\n\n<p>e) S\u00fcrekli olarak medya kanal\u0131yla vatanda\u015flar\u0131m\u0131z\u0131n sa\u011fl\u0131kl\u0131 ya\u015fam konular\u0131nda bilgilendirilmeleri ve okullarda brifingler d\u00fczenlenmesinin uygun olaca\u011f\u0131 d\u00fc\u015f\u00fcn\u00fclmektedir.<\/p>\n","protected":false},"excerpt":{"rendered":"<p>D\u00fcnya Gazetesi\u00a0&#8211; 2006 y\u0131l\u0131 b\u00fct\u00e7esinde sa\u011fl\u0131k harcamalar\u0131 i\u00e7in ayr\u0131lan kaynak GSMH\u2019nin y\u00fczde 6.9&#8217;u civar\u0131ndad\u0131r. Bu oran AB \u00fclkeleri ortalamas\u0131 olan y\u00fczde 8&#8217;e \u00e7ok yak\u0131nd\u0131r. Ancak&#8230;<\/p>\n","protected":false},"author":1,"featured_media":0,"parent":0,"menu_order":0,"comment_status":"closed","ping_status":"closed","template":"","meta":[],"_links":{"self":[{"href":"https:\/\/erdogankutlu.com\/index.php\/wp-json\/wp\/v2\/pages\/153"}],"collection":[{"href":"https:\/\/erdogankutlu.com\/index.php\/wp-json\/wp\/v2\/pages"}],"about":[{"href":"https:\/\/erdogankutlu.com\/index.php\/wp-json\/wp\/v2\/types\/page"}],"author":[{"embeddable":true,"href":"https:\/\/erdogankutlu.com\/index.php\/wp-json\/wp\/v2\/users\/1"}],"replies":[{"embeddable":true,"href":"https:\/\/erdogankutlu.com\/index.php\/wp-json\/wp\/v2\/comments?post=153"}],"version-history":[{"count":1,"href":"https:\/\/erdogankutlu.com\/index.php\/wp-json\/wp\/v2\/pages\/153\/revisions"}],"predecessor-version":[{"id":154,"href":"https:\/\/erdogankutlu.com\/index.php\/wp-json\/wp\/v2\/pages\/153\/revisions\/154"}],"wp:attachment":[{"href":"https:\/\/erdogankutlu.com\/index.php\/wp-json\/wp\/v2\/media?parent=153"}],"curies":[{"name":"wp","href":"https:\/\/api.w.org\/{rel}","templated":true}]}}