{"id":155,"date":"2018-10-02T01:56:37","date_gmt":"2018-10-01T22:56:37","guid":{"rendered":"http:\/\/erdogankutlu.com\/yeni\/wordpress\/?page_id=155"},"modified":"2018-10-02T01:56:37","modified_gmt":"2018-10-01T22:56:37","slug":"kocaeli-teknokent-olmali","status":"publish","type":"page","link":"https:\/\/erdogankutlu.com\/index.php\/kocaeli-teknokent-olmali\/","title":{"rendered":"KOCAEL\u0130 TEKNOKENT OLMALI"},"content":{"rendered":"\n<p><em>Kocaeli \u00dcniversitesi Dergisi\u00a0<\/em>&#8211; &#8230;.<\/p>\n\n\n\n<p>Ekonomimize yapm\u0131\u015f oldu\u011fu katk\u0131lar\u0131 yan\u0131nda sahip oldu\u011fu Bilim ve Teknoloji \u00fcretim Merkezleri ile Kocaeli \u0130limizin art\u0131k Y\u00fcksek Teknoloji (High-Tech.) \u00fcretimi yapan ve bu projeleri finanse edebilen bir TEKNOKENT olmas\u0131 beklenmektedir.<\/p>\n\n\n\n<p>TEKNOKENT&#8217;lerin en \u00f6nemli \u00f6zellikleri Bilim ve Teknoloji \u00dcretim Merkezlerine sahip olmas\u0131 ve \u00fcretilecek projelerin topland\u0131\u011f\u0131 TEKNOPARK 1ar ile bu projelerin f\u0131nans\u0131n\u0131 koordine edecek ye Yat\u0131r\u0131ma d\u00f6n\u00fc\u015fmesini sa\u011flayacak TEKNOBANK lara sahip olmas\u0131d\u0131r.<\/p>\n\n\n\n<p>Kocaeli ilimiz Gebze Y\u00fcksek Teknoloji Enstit\u00fcs\u00fc ile T\u00dcB\u0130TAK Marmara Ara\u015ft\u0131rma Merkezine ve TEKNOPARK lama sahip bir ilimizdir.<\/p>\n\n\n\n<p>Ancak bu merkezlerde \u00fcretilecek projelerin en d\u00fc\u015f\u00fck kredi maliyetleri ile Yat\u0131rana d\u00f6n\u00fc\u015fmesini koordine edecek \u0130htisas Bankas\u0131 konumunda bir TEKNOBANK \u0131 bulunmamaktad\u0131r,<\/p>\n\n\n\n<p>Kurulacak bir TEKNOBANK ile TEKNOPARKlardaki projeler pazarlanabilecek ve bu projelerin Yat\u0131r\u0131ma d\u00f6n\u00fc\u015febilmesi i\u00e7in gerekli fina\u0131\u0131s ihtiya\u00e7lar\u0131 en d\u00fc\u015fiik maliyetle temin edilebilecektir,<\/p>\n\n\n\n<p>Banka; Kredi taleplerinde yurt i\u00e7indeki ve d\u0131\u015fu\u0131daki f\u0131nans pazarlar\u0131na y\u00f6netici banka(Lead-Manager) olarak \u00e7\u0131kabilecek ve krediye ortak (Co-Manager) leri bularak bir &#8220;Consortium&#8221; olu\u015fturulacak ve en d\u00fc\u015f\u00fck maliyete krediyi temin edebilecektir.<\/p>\n\n\n\n<p>Ayr\u0131ca hisse senetleri vc tahvil ihra\u00e7lar\u0131 ile Halka ve Euro &#8211; Tahvil ihra\u00e7lar\u0131 ilede Euro-Pazarlara \u00e7\u0131kabilecektir.<\/p>\n\n\n\n<p>K urulacak TEKNOBANK; F\u0130NANS +TEKN OLOJ \u0130 y\u00f6n\u00fcnden g\u00fc\u00e7l\u00fc \u00fclkelerin (Japonya Jsvi\u00e7re, ABD, Kanada, \u0130sve\u00e7&#8230;.vb gibi) Uluslararas\u0131 Bankalar\u0131 ile m\u00fc\u015fterek olarak bir &#8220;Consortium Bank&#8221; \u015feklinde de olabilir.<\/p>\n\n\n\n<p>Di\u011fer taraftan KOCAEL\u0130 \u00dcN\u0130VERSiTES\u0130 b\u00fcnyesine geli\u015fen teknolojilerin beraberinde getirmi\u015f olduklar\u0131 yeni meslek dallar\u0131n\u0131n ilave edilmeside uygun olacakt\u0131r.<\/p>\n\n\n\n<p>Bu yeni meslek dallar\u0131na \u00f6rnek olarak;<\/p>\n\n\n\n<p>-Robot M\u00fchendisli\u011fi<\/p>\n\n\n\n<p>-Laser M\u00fchendisli\u011fi<\/p>\n\n\n\n<p>-N\u00fckleer Enerji M\u00fchendisli\u011fi<\/p>\n\n\n\n<p>-Uzay M\u00fchendisli\u011fi<\/p>\n\n\n\n<p>-Uydu M\u00fchendisli\u011fi<\/p>\n\n\n\n<p>-I\u015f\u0131k M\u00fchendisli\u011fi<\/p>\n\n\n\n<p>-I\u015f\u0131n M\u00fchendisli\u011fi<\/p>\n\n\n\n<p>-Optik M\u00fchendisli\u011fi<\/p>\n\n\n\n<p>-Genetik M\u00fchendisli\u011fi ve<\/p>\n\n\n\n<p>-F\u0130NANS M\u00dcHEND\u0130SL\u0130\u011e\u0130<\/p>\n\n\n\n<p>g\u00f6sterilebilir. B\u00f6ylece, Bilim ve Teknoloji \u00dcretim Merkezlerinde Y\u00fcksek Teknoloji ihtiva eden End\u00fcstrilerde ve Finans merkezlerinde (TEKNOBANK larda) istihdam edilecek beyinler de yeti\u015ftirilmi\u015f olur.<\/p>\n","protected":false},"excerpt":{"rendered":"<p>Kocaeli \u00dcniversitesi Dergisi\u00a0&#8211; &#8230;. Ekonomimize yapm\u0131\u015f oldu\u011fu katk\u0131lar\u0131 yan\u0131nda sahip oldu\u011fu Bilim ve Teknoloji \u00fcretim Merkezleri ile Kocaeli \u0130limizin art\u0131k Y\u00fcksek Teknoloji (High-Tech.) \u00fcretimi yapan&#8230;<\/p>\n","protected":false},"author":1,"featured_media":0,"parent":0,"menu_order":0,"comment_status":"closed","ping_status":"closed","template":"","meta":[],"_links":{"self":[{"href":"https:\/\/erdogankutlu.com\/index.php\/wp-json\/wp\/v2\/pages\/155"}],"collection":[{"href":"https:\/\/erdogankutlu.com\/index.php\/wp-json\/wp\/v2\/pages"}],"about":[{"href":"https:\/\/erdogankutlu.com\/index.php\/wp-json\/wp\/v2\/types\/page"}],"author":[{"embeddable":true,"href":"https:\/\/erdogankutlu.com\/index.php\/wp-json\/wp\/v2\/users\/1"}],"replies":[{"embeddable":true,"href":"https:\/\/erdogankutlu.com\/index.php\/wp-json\/wp\/v2\/comments?post=155"}],"version-history":[{"count":1,"href":"https:\/\/erdogankutlu.com\/index.php\/wp-json\/wp\/v2\/pages\/155\/revisions"}],"predecessor-version":[{"id":156,"href":"https:\/\/erdogankutlu.com\/index.php\/wp-json\/wp\/v2\/pages\/155\/revisions\/156"}],"wp:attachment":[{"href":"https:\/\/erdogankutlu.com\/index.php\/wp-json\/wp\/v2\/media?parent=155"}],"curies":[{"name":"wp","href":"https:\/\/api.w.org\/{rel}","templated":true}]}}