{"id":168,"date":"2018-10-02T02:12:40","date_gmt":"2018-10-01T23:12:40","guid":{"rendered":"http:\/\/erdogankutlu.com\/yeni\/wordpress\/?page_id=168"},"modified":"2018-10-02T03:00:07","modified_gmt":"2018-10-02T00:00:07","slug":"linkler","status":"publish","type":"page","link":"https:\/\/erdogankutlu.com\/index.php\/linkler\/","title":{"rendered":"Linkler"},"content":{"rendered":"\n<div class=\"wp-block-image\"><figure class=\"aligncenter is-resized\"><a href=\"http:\/\/www.enerjivecevre.com\"><img loading=\"lazy\" src=\"http:\/\/erdogankutlu.com\/yeni\/wordpress\/wp-content\/uploads\/2018\/10\/ec.jpg\" alt=\"\" class=\"wp-image-171\" width=\"245\" height=\"203\"\/><\/a><figcaption><strong>Uluslararas\u0131 Enerji ve \u00c7evre Teknolojileri Birli\u011fi<\/strong><\/figcaption><\/figure><\/div>\n\n\n\n<div class=\"wp-block-image\"><figure class=\"aligncenter is-resized\"><img loading=\"lazy\" src=\"http:\/\/erdogankutlu.com\/images\/banners\/linkler\/utb.jpg\" alt=\"\" width=\"275\" height=\"182\"\/><figcaption>Uluslararas\u0131 Teknoloji Birli\u011fi\u00a0<a href=\"http:\/\/www.utb.org.tr\">http:\/\/www.utb.org.tr<\/a><\/figcaption><\/figure><\/div>\n\n\n\n<div class=\"wp-block-image\"><figure class=\"aligncenter is-resized\"><a href=\"http:\/\/erdogankutlu.com\/index.php?option=com_content&amp;view=article&amp;id=239&amp;Itemid=121\"><img loading=\"lazy\" src=\"http:\/\/erdogankutlu.com\/images\/banners\/linkler\/projeturk.jpg\" alt=\"\" width=\"268\" height=\"38\"\/><\/a><figcaption><strong>\u00a0 Uluslararas\u0131 PROJETURK Yar\u0131\u015fmas\u0131<\/strong><br\/><\/figcaption><\/figure><\/div>\n\n\n\n<h3 style=\"text-align:center\">\u00a0<a href=\"http:\/\/www.cyberpark.com.tr\/tr\/\" target=\"_blank\" rel=\"noreferrer noopener\"><strong>Bilkent Cyberpark<\/strong><\/a><\/h3>\n\n\n\n<h3 style=\"text-align:center\"><a href=\"http:\/\/www.bilkent.edu.tr\"><strong>Bilkent \u00dcniversitesi<\/strong><\/a><\/h3>\n\n\n\n<h3 style=\"text-align:center\">\u00a0<a href=\"http:\/\/www.metutech.metu.edu.tr\/cms\/\" target=\"_blank\" rel=\"noreferrer noopener\"><strong>ODT\u00dc Teknokent<\/strong><\/a><\/h3>\n\n\n\n<h3 style=\"text-align:center\"><a href=\"http:\/\/www.odtu.edu.tr\"><strong>Orta Do\u011fu Teknik \u00dcniversitesi<\/strong><\/a><\/h3>\n\n\n\n<h3 style=\"text-align:center\"><a href=\"http:\/\/www.mam.gov.tr\/\" target=\"_blank\" rel=\"noreferrer noopener\">TUB\u0130TAK MAM<\/a><\/h3>\n\n\n\n<h3 style=\"text-align:center\">\u00a0<a href=\"http:\/\/www.mit.edu\/\" target=\"_blank\" rel=\"noreferrer noopener\"><strong>MIT<\/strong><\/a><\/h3>\n\n\n\n<h3 style=\"text-align:center\">\u00a0<a href=\"http:\/\/www.boeing.com\/commercial\/\" target=\"_blank\" rel=\"noreferrer noopener\"><strong>BOEING<\/strong><\/a><\/h3>\n\n\n\n<h3 style=\"text-align:center\">\u00a0<a href=\"http:\/\/www.siliconvalley.com\/\" target=\"_blank\" rel=\"noreferrer noopener\"><strong>Silicon Valley<\/strong><\/a><\/h3>\n\n\n\n<h3 style=\"text-align:center\">\u00a0<a href=\"http:\/\/www.nasa.gov\/\" target=\"_blank\" rel=\"noreferrer noopener\"><strong>NASA<\/strong><\/a><\/h3>\n\n\n\n<h3 style=\"text-align:center\">\u00a0<a href=\"http:\/\/www.ge.com\/\" target=\"_blank\" rel=\"noreferrer noopener\"><strong>General Electric<\/strong><\/a><\/h3>\n\n\n\n<h3 style=\"text-align:center\">\u00a0<a href=\"http:\/\/www.abb.com\/\" target=\"_blank\" rel=\"noreferrer noopener\"><strong>ABB<\/strong><\/a><\/h3>\n\n\n\n<h3 style=\"text-align:center\">\u00a0<a href=\"http:\/\/www.stw.de\/en\/home.html?no_cache=1\" target=\"_blank\" rel=\"noreferrer noopener\"><strong>STEINBEIS<\/strong><\/a><\/h3>\n\n\n\n<h3 style=\"text-align:center\"><a href=\"http:\/\/www.raiffeisen.at\/eBusiness\/rzb_template1\/184404838712238398-NA-NA-NA-3-EN.html\"><strong>Raiffeisen<\/strong><\/a><\/h3>\n\n\n\n<h3 style=\"text-align:center\">\u00a0<a href=\"http:\/\/www.siemens.com\/entry\/cc\/en\/\" target=\"_blank\" rel=\"noreferrer noopener\"><strong>Siemens<\/strong><\/a><\/h3>\n\n\n\n<h3 style=\"text-align:center\"><a href=\"http:\/\/www.airbus.com\/en\/\" target=\"_blank\" rel=\"noreferrer noopener\"><strong>Airbus<\/strong><\/a><\/h3>\n\n\n\n<h3 style=\"text-align:center\">\u00a0<a href=\"http:\/\/www.sony.com\/\" target=\"_blank\" rel=\"noreferrer noopener\"><strong>Sony<\/strong><\/a><\/h3>\n\n\n\n<h3 style=\"text-align:center\"><a href=\"http:\/\/www.hyundai.com\/TR\/en\/\" target=\"_blank\" rel=\"noreferrer noopener\"><strong>Hyundai<\/strong><\/a><\/h3>\n\n\n\n<h3 style=\"text-align:center\">\u00a0<a href=\"http:\/\/www.samsung.com\/tr\/\" target=\"_blank\" rel=\"noreferrer noopener\"><strong>Samsung<\/strong><\/a><\/h3>\n","protected":false},"excerpt":{"rendered":"<p>\u00a0Bilkent Cyberpark Bilkent \u00dcniversitesi \u00a0ODT\u00dc Teknokent Orta Do\u011fu Teknik \u00dcniversitesi TUB\u0130TAK MAM \u00a0MIT \u00a0BOEING \u00a0Silicon Valley \u00a0NASA \u00a0General Electric \u00a0ABB \u00a0STEINBEIS Raiffeisen \u00a0Siemens Airbus \u00a0Sony&#8230;<\/p>\n","protected":false},"author":1,"featured_media":0,"parent":0,"menu_order":0,"comment_status":"closed","ping_status":"closed","template":"","meta":[],"_links":{"self":[{"href":"https:\/\/erdogankutlu.com\/index.php\/wp-json\/wp\/v2\/pages\/168"}],"collection":[{"href":"https:\/\/erdogankutlu.com\/index.php\/wp-json\/wp\/v2\/pages"}],"about":[{"href":"https:\/\/erdogankutlu.com\/index.php\/wp-json\/wp\/v2\/types\/page"}],"author":[{"embeddable":true,"href":"https:\/\/erdogankutlu.com\/index.php\/wp-json\/wp\/v2\/users\/1"}],"replies":[{"embeddable":true,"href":"https:\/\/erdogankutlu.com\/index.php\/wp-json\/wp\/v2\/comments?post=168"}],"version-history":[{"count":4,"href":"https:\/\/erdogankutlu.com\/index.php\/wp-json\/wp\/v2\/pages\/168\/revisions"}],"predecessor-version":[{"id":202,"href":"https:\/\/erdogankutlu.com\/index.php\/wp-json\/wp\/v2\/pages\/168\/revisions\/202"}],"wp:attachment":[{"href":"https:\/\/erdogankutlu.com\/index.php\/wp-json\/wp\/v2\/media?parent=168"}],"curies":[{"name":"wp","href":"https:\/\/api.w.org\/{rel}","templated":true}]}}