{"id":173,"date":"2018-10-02T02:19:44","date_gmt":"2018-10-01T23:19:44","guid":{"rendered":"http:\/\/erdogankutlu.com\/yeni\/wordpress\/?page_id=173"},"modified":"2018-10-02T02:21:20","modified_gmt":"2018-10-01T23:21:20","slug":"173-2","status":"publish","type":"page","link":"https:\/\/erdogankutlu.com\/index.php\/173-2\/","title":{"rendered":"OSMANLI \u0130MPARATORLU\u011eU"},"content":{"rendered":"\n<p><a href=\"http:\/\/tr.wikipedia.org\/wiki\/Osmanl%C4%B1_%C4%B0mparatorlu%C4%9Fu\" target=\"_blank\" rel=\"noreferrer noopener\"><strong>OSMANLI \u0130MPARATORLU\u011eU<\/strong><\/a><strong>\u00a0<br\/>(OSMANLI \u0130MPARATORLU\u011eU&#8217;nun Tarihi)<\/strong><\/p>\n\n\n\n<p><a href=\"http:\/\/tr.wikipedia.org\/wiki\/Kapit%C3%BClasyonlar\" target=\"_blank\" rel=\"noreferrer noopener\"><strong>KAP\u0130T\u00dcLASYONLAR<\/strong><\/a><strong><br\/>(Osmanl\u0131 \u0130mparatorlu\u011fu&#8217;nda yabanc\u0131lara verilen ekonomik, adli, idari vb. hak ve ayr\u0131cal\u0131klard\u0131r)<\/strong><br\/><strong><br\/>G\u00d6K B\u0130L\u0130MLER\u0130 RASATHANES\u0130 toplarla yerle bir edildi<br\/><\/strong><strong>(\u015eeyh\u00fclislam Fetvas\u0131 ile d\u00fcnyan\u0131n en \u00f6nemli TAK\u0130Y\u00dcDD\u0130N&#8217;in G\u00d6K B\u0130L\u0130MLER\u0130 RASATHANES\u0130 toplarla yerle bir edildi)<\/strong><\/p>\n\n\n\n<p><strong>MATBAA MAK\u0130NELER\u0130 as\u0131rlar sonra ancak getirilebildi<\/strong><strong>(\u015eeyh\u00fclislamlar Fetva vermedikleri i\u00e7in ve Loncalar istemedi\u011fi i\u00e7in (Kuran-\u0131 Kerim elle yaz\u0131l\u0131r gerek\u00e7esi ile) MATBAA MAK\u0130NELER\u0130 as\u0131rlar sonra ancak getirilebildi (\u0130brahim M\u00fcteferrika taraf\u0131ndan 250 y\u0131l sonra)<\/strong><\/p>\n\n\n\n<p><strong><a href=\"http:\/\/tr.wikipedia.org\/wiki\/I._Viyana_Ku%C5%9Fatmas%C4%B1\" target=\"_blank\" rel=\"noreferrer noopener\">1. Viyana Ku\u015fatmas\u0131\u00a0<\/a><\/strong><strong>( 27 Eyl\u00fcl-16 Ekim 1529)<\/strong><a href=\"http:\/\/tr.wikipedia.org\/wiki\/II._Viyana_Ku%C5%9Fatmas%C4%B1\" target=\"_blank\" rel=\"noreferrer noopener\">\u00a0<br\/><br\/>2<strong>. Viyana Ku\u015fatmas\u0131\u00a0<\/strong><\/a><strong>(1683)<\/strong><\/p>\n\n\n\n<p><strong><a href=\"http:\/\/tr.wikipedia.org\/wiki\/Karlof%C3%A7a_Antla%C5%9Fmas%C4%B1\" target=\"_blank\" rel=\"noreferrer noopener\">Karlof\u00e7a Antla\u015fmas\u0131\u00a0<\/a><\/strong><a href=\"http:\/\/www.obarsiv.com\/ob-tarih.html\" target=\"_blank\" rel=\"noreferrer noopener\">(\u0130lk toprak kayb\u0131 verildi.)\u00a0<\/a><strong>(26 Ocak 1699 )<\/strong><a href=\"http:\/\/tr.wikipedia.org\/wiki\/Baltaliman%C4%B1_Antla%C5%9Fmas%C4%B1\" target=\"_blank\" rel=\"noreferrer noopener\">\u00a0<br\/><br\/><strong>BALTA L\u0130MANI ANTLA\u015eMASI imzaland\u0131<\/strong><\/a><strong><br\/>Viyana ba\u015far\u0131s\u0131zl\u0131\u011f\u0131 sonucu\u00a0BOR\u00c7 ALMA\u00a0d\u00f6nemi ba\u015flad\u0131 ve BALTA L\u0130MANI ANTLA\u015eMASI imzaland\u0131\u00a0 ve\u00a0 \u00e7e\u015fitli \u00fclkelere imtiyazlar sa\u011fland\u0131<\/strong><strong>(16 A\u011fustos 1838)<\/strong><\/p>\n\n\n\n<p><strong><a href=\"http:\/\/www.tta.gov.tr\/default.asp?islem=tarihce\" target=\"_blank\" rel=\"noreferrer noopener\">Frans\u0131z Rejisine T\u00fct\u00fcn Tekelinin Verilmesi<\/a><\/strong><strong><br\/>(T\u00fct\u00fcn Rejisinin Kurulmas\u0131 1883)<\/strong><\/p>\n\n\n\n<p><a href=\"http:\/\/www.obarsiv.com\/ob-tarih.html\" target=\"_blank\" rel=\"noreferrer noopener\">OSMANLI BANKASI&#8217;n\u0131n Kurulu\u015fu (\u0130ngiliz &#8211; Frans\u0131z Ortakl\u0131\u011f\u0131 ile)<\/a><br\/><strong>(4 \u015eUBAT 1863)<\/strong>\u00a0DUYUN-U UMUM\u0130YE geldi<strong>(1872 &#8211; 1939 )<\/strong><strong>\u00a0<br\/><br\/><a href=\"http:\/\/www.tcdd.gov.tr\/home\/detail\/?id=267\" target=\"_blank\" rel=\"noreferrer noopener\">DEM\u0130RYOLLARI \u0130MT\u0130YAZLARI<\/a><\/strong><strong>\u00a0(1876 &#8211; 1909 )<\/strong><\/p>\n\n\n\n<p>MONDROS ANTLA\u015eMASI \u0130mzaland\u0131\u00a0<strong>(30 Ekim 1918)<\/strong><br\/><strong><a href=\"http:\/\/www.atam.gov.tr\/index.php?Page=DergiIcerik&amp;IcerikNo=1053\" target=\"_blank\" rel=\"noreferrer noopener\"><br\/>YUNAN \u0130ZM\u0130R&#8217;E G\u0130RD\u0130\u00a0<\/a><\/strong><strong>(15\u00a0May\u0131s 1919)<\/strong><\/p>\n\n\n\n<p><strong><a href=\"http:\/\/www.atam.gov.tr\/index.php?Page=DergiIcerik&amp;IcerikNo=916\" target=\"_blank\" rel=\"noreferrer noopener\">\u0130NG\u0130L\u0130ZLER \u0130STANBUL&#8217;U \u0130\u015eGAL ETT\u0130\u00a0<\/a><\/strong><strong>(16\u00a0Mart 1920)<\/strong><\/p>\n\n\n\n<p><strong><a href=\"http:\/\/www.byegm.gov.tr\/YAYINLARIMIZ\/kitaplar\/turkiye2002x\/turkce\/site\/turkce\/html\/126-127.htm\" target=\"_blank\" rel=\"noreferrer noopener\">MECL\u0130S-\u0130 MEBUSAN DA\u011eITILDI\u00a0<\/a><\/strong><strong>(20 Mart 1920)<\/strong><\/p>\n\n\n\n<p><strong>SEVR ANTLA\u015eMASI \u0130mzaland\u0131.\u00a0<\/strong><strong>(10 A\u011fustos 1920)<\/strong><\/p>\n","protected":false},"excerpt":{"rendered":"<p>OSMANLI \u0130MPARATORLU\u011eU\u00a0(OSMANLI \u0130MPARATORLU\u011eU&#8217;nun Tarihi) KAP\u0130T\u00dcLASYONLAR(Osmanl\u0131 \u0130mparatorlu\u011fu&#8217;nda yabanc\u0131lara verilen ekonomik, adli, idari vb. hak ve ayr\u0131cal\u0131klard\u0131r)G\u00d6K B\u0130L\u0130MLER\u0130 RASATHANES\u0130 toplarla yerle bir edildi(\u015eeyh\u00fclislam Fetvas\u0131 ile d\u00fcnyan\u0131n en&#8230;<\/p>\n","protected":false},"author":1,"featured_media":0,"parent":0,"menu_order":0,"comment_status":"closed","ping_status":"closed","template":"","meta":[],"_links":{"self":[{"href":"https:\/\/erdogankutlu.com\/index.php\/wp-json\/wp\/v2\/pages\/173"}],"collection":[{"href":"https:\/\/erdogankutlu.com\/index.php\/wp-json\/wp\/v2\/pages"}],"about":[{"href":"https:\/\/erdogankutlu.com\/index.php\/wp-json\/wp\/v2\/types\/page"}],"author":[{"embeddable":true,"href":"https:\/\/erdogankutlu.com\/index.php\/wp-json\/wp\/v2\/users\/1"}],"replies":[{"embeddable":true,"href":"https:\/\/erdogankutlu.com\/index.php\/wp-json\/wp\/v2\/comments?post=173"}],"version-history":[{"count":4,"href":"https:\/\/erdogankutlu.com\/index.php\/wp-json\/wp\/v2\/pages\/173\/revisions"}],"predecessor-version":[{"id":177,"href":"https:\/\/erdogankutlu.com\/index.php\/wp-json\/wp\/v2\/pages\/173\/revisions\/177"}],"wp:attachment":[{"href":"https:\/\/erdogankutlu.com\/index.php\/wp-json\/wp\/v2\/media?parent=173"}],"curies":[{"name":"wp","href":"https:\/\/api.w.org\/{rel}","templated":true}]}}