{"id":180,"date":"2018-10-02T02:32:33","date_gmt":"2018-10-01T23:32:33","guid":{"rendered":"http:\/\/erdogankutlu.com\/yeni\/wordpress\/?page_id=180"},"modified":"2018-10-02T02:32:33","modified_gmt":"2018-10-01T23:32:33","slug":"yapilan-cagdas-devrimler","status":"publish","type":"page","link":"https:\/\/erdogankutlu.com\/index.php\/yapilan-cagdas-devrimler\/","title":{"rendered":"YAPILAN \u00c7A\u011eDA\u015e DEVR\u0130MLER"},"content":{"rendered":"\n<table class=\"wp-block-table aligncenter\"><tbody><tr><td>6 N\u0130SAN 1920<\/td><td>Anadolu Ajans\u0131&#8217;n\u0131n Kurulmas\u0131<\/td><\/tr><tr><td>23 N\u0130SAN 1923<\/td><td><a href=\"http:\/\/www.meb.gov.tr\/belirligunler\/23nisan_2002\/tbmm.htm\" target=\"_blank\" rel=\"noreferrer noopener\">T.B.M.M kurulu\u015funun M\u0130LL\u0130 EGEMENL\u0130K VE \u00c7OCUK BAYRAMI ilan edilmesi<br\/><\/a><\/td><\/tr><tr><td>29 EK\u0130M 1923<\/td><td><a href=\"http:\/\/www.meb.gov.tr\/belirligunler\/29ekim\/index_cumhuriyetilani.htm\" target=\"_blank\" rel=\"noreferrer noopener\">CUMHUR\u0130YET&#8217;in ilan\u0131 ve M\u0130LL\u0130 BAYRAM olarak kutlanmas\u0131<\/a><\/td><\/tr><tr><td>03 MART 1924<\/td><td><a href=\"http:\/\/www.meb.gov.tr\/belirligunler\/10kasim\/inkilaplari\/siyasi\/halifelik.htm\" target=\"_blank\" rel=\"noreferrer noopener\">Halifeli\u011fin kald\u0131r\u0131lmas\u0131 ve hanedan\u0131n s\u0131n\u0131r d\u0131\u015f\u0131 edilmesi<\/a><\/td><\/tr><tr><td>03 Mart 1924<\/td><td><a href=\"http:\/\/www.meb.gov.tr\/belirligunler\/10kasim\/inkilaplari\/egitim\/tevhidi_tedrisat.htm\" target=\"_blank\" rel=\"noreferrer noopener\">Tevhid-i Tedrisat Kanununun Kabul\u00fc<\/a><\/td><\/tr><tr><td>13 MART 1924<\/td><td><a href=\"http:\/\/tortum.meb.gov.tr\/index.php?option=com_content&amp;view=article&amp;id=49&amp;Itemid=27\" target=\"_blank\" rel=\"noreferrer noopener\">Medreselerin kapat\u0131lmas\u0131 (479 adet)<\/a><\/td><\/tr><tr><td>08 EK\u0130M 1924<\/td><td><a href=\"http:\/\/www.atam.gov.tr\/index.php?Page=DergiIcerik&amp;IcerikNo=835\" target=\"_blank\" rel=\"noreferrer noopener\">Kad\u0131nlar\u0131n ticari faaliyette bulunmas\u0131 hakk\u0131nda Kanun \u00e7\u0131kar\u0131lmas\u0131<\/a><\/td><\/tr><tr><td>17 \u015eUBAT 1925<\/td><td><a href=\"http:\/\/www.atam.gov.tr\/index.php?Page=Print&amp;DergiIcerikNo=813&amp;Yer=DergiIcerik\" target=\"_blank\" rel=\"noreferrer noopener\">A\u015far vergisinin kald\u0131r\u0131lmas\u0131<\/a><\/td><\/tr><tr><td>05 N\u0130SAN 1925<\/td><td><a href=\"http:\/\/www.atam.gov.tr\/index.php?Page=Print&amp;DergiIcerikNo=397&amp;Yer=DergiIcerik\" target=\"_blank\" rel=\"noreferrer noopener\">\u015eeker Fabrikalar\u0131n\u0131n kurulmas\u0131 ile ilgli Kanun \u00e7\u0131kar\u0131lmas\u0131<\/a><\/td><\/tr><tr><td>25 KASIM 1925<\/td><td><a href=\"http:\/\/www.mevzuat.adalet.gov.tr\/html\/389.html\" target=\"_blank\" rel=\"noreferrer noopener\">\u015eapka Kanunu&#8217;nun kabul edilmesi<\/a><\/td><\/tr><tr><td>30 KASIM 1925<\/td><td><a href=\"http:\/\/www.atam.gov.tr\/index.php?Page=FikirDusunceler&amp;IcerikNo=30\" target=\"_blank\" rel=\"noreferrer noopener\">Tekke ve Zaviyelerin kapat\u0131lmas\u0131<\/a><\/td><\/tr><tr><td>26 ARALIK 1925<\/td><td><a href=\"http:\/\/okulweb.meb.gov.tr\/32\/04\/335041\/inklp.html\" target=\"_blank\" rel=\"noreferrer noopener\">Milletleraras\u0131 Saat ve Takvimin kabul edilmesi<\/a><\/td><\/tr><tr><td>01 OCAK 1926<\/td><td>\u0130lk kez resmi olarak Y\u0131lba\u015f\u0131n\u0131n kutlanmas\u0131<\/td><\/tr><tr><td>17 \u015eUBAT 1926<\/td><td><a href=\"http:\/\/okulweb.meb.gov.tr\/32\/04\/335041\/inklp.html\" target=\"_blank\" rel=\"noreferrer noopener\">T\u00fcrk Medeni Kanunu&#8217;nun kabul edilmesi<\/a><\/td><\/tr><tr><td>01 MART 1926<\/td><td><a href=\"http:\/\/www.atam.gov.tr\/index.php?Page=Print&amp;DergiIcerikNo=605&amp;Yer=DergiIcerik\" target=\"_blank\" rel=\"noreferrer noopener\">T\u00fcrk Ceza Kanunu&#8217;nun kabul edilmesi<\/a><\/td><\/tr><tr><td>01 N\u0130SAN 1926<\/td><td><a href=\"http:\/\/www.atam.gov.tr\/index.php?Page=DergiIcerik&amp;IcerikNo=655\" target=\"_blank\" rel=\"noreferrer noopener\">30 A\u011fustos&#8217;un ZAFER BAYRAMI olarak kutlanmas\u0131<\/a><\/td><\/tr><tr><td>19 N\u0130SAN 1926<\/td><td><a href=\"http:\/\/www.mevzuat.adalet.gov.tr\/html\/406.html\" target=\"_blank\" rel=\"noreferrer noopener\">KABOTAJ KANUNU&#8217;nun kabul edilmesi<\/a><\/td><\/tr><tr><td>22 N\u0130SAN 1926<\/td><td>Bor\u00e7lar Kanunu&#8217;nun kabul edilmesi<\/td><\/tr><tr><td>29 MAYIS 1926<\/td><td>T\u00fcrk Ticaret Kanunu&#8217;nun kabul edilmesi<\/td><\/tr><tr><td>06 TEMMUZ 1927<\/td><td>Dan\u0131\u015ftay&#8217;\u0131n a\u00e7\u0131lmas\u0131<br\/><\/td><\/tr><tr><td>28 EK\u0130M 1927<\/td><td>T.C. ilk N\u00fcfus say\u0131m\u0131n\u0131n yap\u0131lmas\u0131 (13.648.270)<br\/><\/td><\/tr><tr><td>10 N\u0130SAN 1928<\/td><td><a href=\"http:\/\/tr.wikipedia.org\/wiki\/T%C3%BCrkiye_Cumhuriyeti_Anayasas%C4%B1_(1924)\" target=\"_blank\" rel=\"noreferrer noopener\">1924 Anayasas\u0131<\/a>\u00a0(Laikli\u011fin Anayasa&#8217;ya girmesi ve Laikli\u011fin Tan\u0131m\u0131)\u00a0<br\/><\/td><\/tr><tr><td>11 N\u0130SAN 1928<\/td><td>Temyiz Mahkemesinin kurulmas\u0131<br\/><\/td><\/tr><tr><td>20 MAYIS 1928<\/td><td>Uluslararas\u0131 rakamlar\u0131n kullan\u0131lmas\u0131n\u0131n kabul edilmesi<\/td><\/tr><tr><td>23 MAYIS 1928<\/td><td>T\u00fcrk Vatanda\u015fl\u0131\u011f\u0131 Kanunun kabul edilmesi<\/td><\/tr><tr><td>03 KASIM 1928<\/td><td>Yeni T\u00fcrk Harflerinin kulan\u0131lmas\u0131n\u0131n kabul edilmesi<\/td><\/tr><tr><td>01 OCAK 1929<\/td><td>Yeni T\u00fcrk Harflerinin kullan\u0131laca\u011f\u0131Millet Mekteplerinin a\u00e7\u0131lmas\u0131<\/td><\/tr><tr><td>13 MAYIS 1929<\/td><td>Deniz Ticaret Kanunu&#8217;nun kabul edilmesi<\/td><\/tr><tr><td>20 \u015eUBAT 1930<\/td><td>T\u00fcrk Paras\u0131n\u0131 Koruma Kanunu&#8217;nun kabul edilmesi<\/td><\/tr><tr><td>26 MART 1931<\/td><td>\u00d6l\u00e7\u00fc birimi olarak Okka ve Endese yerine kg, gr ve metre&#8217;ye ge\u00e7i\u015f<\/td><\/tr><tr><td>15 N\u0130SAN 1931<\/td><td><a href=\"http:\/\/www.ttk.org.tr\/index.php?Page=Sayfa&amp;No=1\" target=\"_blank\" rel=\"noreferrer noopener\">T\u00fcrk Tarih Kurumunun Kurulu\u015fu<\/a><\/td><\/tr><tr><td>12 TEMMUZ 1932<\/td><td><a href=\"http:\/\/www.tdk.gov.tr\/TR\/Genel\/BelgeGoster.aspx?F6E10F8892433CFFAAF6AA849816B2EF2858DA18F4388CDD\" target=\"_blank\" rel=\"noreferrer noopener\">T\u00fcrk Dil Kurumunun Kurulu\u015fu<\/a><\/td><\/tr><tr><td>12 HAZ\u0130RAN 1933<\/td><td>Mustafa Kemal&#8217;in t\u00fcm mal varl\u0131\u011f\u0131&#8217;n\u0131 Hazineye ba\u011f\u0131\u015flamas\u0131<\/td><\/tr><tr><td>21 HAZ\u0130RAN 1934<\/td><td>Soyad\u0131 Kanunu&#8217;nun \u00e7\u0131kar\u0131lmas\u0131<\/td><\/tr><tr><td>24 KASIM 1934<\/td><td>Mustafa Kemal&#8217;e ATAT\u00dcRK soyad\u0131n\u0131n verilmesi<\/td><\/tr><tr><td>03 ARALIK 1934<\/td><td>K\u0131yafet Kanunu&#8217;nun kabul edilmesi<\/td><\/tr><tr><td>14 HAZ\u0130RAN 1935<\/td><td>Diyanet \u0130\u015fleri Ba\u015fkanl\u0131\u011f\u0131&#8217;n\u0131n kurulmas\u0131<\/td><\/tr><tr><td>22 HAZ\u0130RAN 1935<\/td><td><a href=\"http:\/\/www.dtcf.ankara.edu.tr\/fakultetan.html\" target=\"_blank\" rel=\"noreferrer noopener\">DTCF nin Kurulmas\u0131<\/a><\/td><\/tr><tr><td>09 OCAK 1936<\/td><td>Ankara \u00dcniversitesi ve D.T.C.F. sinin kurulmas\u0131<br\/><\/td><\/tr><tr><td>29 MAYIS 1936<\/td><td>T\u00fcrk Bayra\u011f\u0131 Kanunu&#8217;nun kabul edilmesi<\/td><\/tr><tr><td>01 HAZ\u0130RAN 1936<\/td><td>Bankalar Kanunun kabul edilmesi<br\/><\/td><\/tr><tr><td>20 TEMMUZ 1936<\/td><td>Montr\u00f6 (MONTREUX) BO\u011eAZLAR S\u00d6ZLE\u015eMES\u0130&#8217;nin imzalanmas\u0131<br\/><\/td><\/tr><tr><td>27 OCAK 1937<\/td><td>Cenevre&#8217;de yap\u0131lan Milletleraras\u0131 Cemyet taraf\u0131ndan HATAY&#8217;\u0131n BA\u011eIMSIZLI\u011eI kabul edilmesi<\/td><\/tr><\/tbody><\/table>\n","protected":false},"excerpt":{"rendered":"<p>6 N\u0130SAN 1920 Anadolu Ajans\u0131&#8217;n\u0131n Kurulmas\u0131 23 N\u0130SAN 1923 T.B.M.M kurulu\u015funun M\u0130LL\u0130 EGEMENL\u0130K VE \u00c7OCUK BAYRAMI ilan edilmesi 29 EK\u0130M 1923 CUMHUR\u0130YET&#8217;in ilan\u0131 ve M\u0130LL\u0130&#8230;<\/p>\n","protected":false},"author":1,"featured_media":0,"parent":0,"menu_order":0,"comment_status":"closed","ping_status":"closed","template":"","meta":[],"_links":{"self":[{"href":"https:\/\/erdogankutlu.com\/index.php\/wp-json\/wp\/v2\/pages\/180"}],"collection":[{"href":"https:\/\/erdogankutlu.com\/index.php\/wp-json\/wp\/v2\/pages"}],"about":[{"href":"https:\/\/erdogankutlu.com\/index.php\/wp-json\/wp\/v2\/types\/page"}],"author":[{"embeddable":true,"href":"https:\/\/erdogankutlu.com\/index.php\/wp-json\/wp\/v2\/users\/1"}],"replies":[{"embeddable":true,"href":"https:\/\/erdogankutlu.com\/index.php\/wp-json\/wp\/v2\/comments?post=180"}],"version-history":[{"count":1,"href":"https:\/\/erdogankutlu.com\/index.php\/wp-json\/wp\/v2\/pages\/180\/revisions"}],"predecessor-version":[{"id":181,"href":"https:\/\/erdogankutlu.com\/index.php\/wp-json\/wp\/v2\/pages\/180\/revisions\/181"}],"wp:attachment":[{"href":"https:\/\/erdogankutlu.com\/index.php\/wp-json\/wp\/v2\/media?parent=180"}],"curies":[{"name":"wp","href":"https:\/\/api.w.org\/{rel}","templated":true}]}}