{"id":182,"date":"2018-10-02T02:38:15","date_gmt":"2018-10-01T23:38:15","guid":{"rendered":"http:\/\/erdogankutlu.com\/yeni\/wordpress\/?page_id=182"},"modified":"2018-10-02T02:40:18","modified_gmt":"2018-10-01T23:40:18","slug":"milli-varliklarimiz","status":"publish","type":"page","link":"https:\/\/erdogankutlu.com\/index.php\/milli-varliklarimiz\/","title":{"rendered":"M\u0130LL\u0130 VARLIKLARIMIZ"},"content":{"rendered":"\n<figure class=\"wp-block-image\"><img src=\"http:\/\/erdogankutlu.com\/yeni\/wordpress\/wp-content\/uploads\/2018\/10\/banner9.png\" alt=\"\" class=\"wp-image-186\" width=\"NaN\" srcset=\"https:\/\/erdogankutlu.com\/wp-content\/uploads\/2018\/10\/banner9.png 978w, https:\/\/erdogankutlu.com\/wp-content\/uploads\/2018\/10\/banner9-300x67.png 300w, https:\/\/erdogankutlu.com\/wp-content\/uploads\/2018\/10\/banner9-768x173.png 768w\" sizes=\"(max-width: 978px) 100vw, 978px\" \/><\/figure>\n\n\n\n<div class=\"wp-block-columns has-2-columns\">\n<div class=\"wp-block-column\">\n<h3><a href=\"http:\/\/www.maol.meb.gov.tr\/html_files\/Ataturk\/Meslek_Canakkale2010.html\" target=\"_blank\" rel=\"noreferrer noopener\">\u00c7anakkale Zaferimiz<\/a><br\/><strong>18 MART 1915<\/strong><\/h3>\n\n\n\n<h3>Bayra\u011f\u0131m\u0131z<br\/><strong>29 MAYIS 1936\u00a0<br\/><\/strong><\/h3>\n\n\n\n<h3>\u0130stiklal Mar\u015f\u0131m\u0131z<br\/><strong>1919-1927 &#8211; Mehmet Akif Ersoy<\/strong><\/h3>\n\n\n\n<p><strong><a href=\"http:\/\/tr.wikipedia.org\/wiki\/Seyit_Ali_%C3%87abuk\" target=\"_blank\" rel=\"noreferrer noopener\">Seyit Onba\u015f\u0131<br\/><\/a><\/strong><strong>Seyit Ali Yusuf<br\/><\/strong><\/p>\n\n\n\n<h3><strong>Yahya \u00c7avu\u015f<br\/><\/strong><strong>Ezine&#8217;li Yahya \u00c7avu\u015f<\/strong><\/h3>\n\n\n\n<h3><a href=\"http:\/\/www.kastamonu.gov.tr\/istiklal\/Default.html\" target=\"_blank\" rel=\"noreferrer noopener\"><strong>\u0130stiklal Yolu<\/strong><\/a><br\/><strong>\u0130nebolu&#8217;dan Ankara&#8217;ya \u0130stiklal Yolu<\/strong><\/h3>\n\n\n\n<h3><a href=\"http:\/\/www.kastamonu.gov.tr\/haber-detay.asp?NewsId=110\" target=\"_blank\" rel=\"noreferrer noopener\"><strong>Halime \u00c7avu\u015f<\/strong><\/a><br\/><strong>T\u00fcrk Kad\u0131n\u0131n\u0131n Mill M\u00fccadele An\u0131t\u0131<\/strong><\/h3>\n\n\n\n<p><a href=\"http:\/\/okulweb.meb.gov.tr\/09\/12\/423279\/Ataturk\/Ataturk%20hayati\/buyuk_taarruz.html\" target=\"_blank\" rel=\"noreferrer noopener\"><strong>B\u00fcy\u00fck Taarruz<\/strong><\/a><br\/><strong>(26 A\u011fustos 18 Eyl\u00fcl\u00a01922)<\/strong><\/p>\n\n\n\n<p>ATAT\u00dcRK&#8217;\u00dcN T\u00dcRK GEN\u00c7L\u0130\u011e\u0130&#8217;NE H\u0130TABES\u0130\u00a0<br\/><strong>20 EK\u0130M 1927<\/strong><\/p>\n\n\n\n<h3><a href=\"http:\/\/www.atam.gov.tr\/index.php?Page=Nutuk\" target=\"_blank\" rel=\"noreferrer noopener\"><strong>Nutuk<\/strong><\/a><br\/><strong>1919-1927 Mustafa Kemal ATAT\u00dcRK<\/strong><\/h3>\n\n\n\n<h3><a href=\"http:\/\/www.kizilay.org.tr\/kurumsal\/sayfa.php?t=-Kurumsal-Tarihcemiz\" target=\"_blank\" rel=\"noreferrer noopener\"><strong>T\u00dcRK KIZILAYI<\/strong><\/a><br\/><strong>T\u00fcrkiye K\u0131z\u0131lay Derne\u011fi Kurumsal Sitesi<\/strong><\/h3>\n<\/div>\n\n\n\n<div class=\"wp-block-column\">\n<figure class=\"wp-block-image is-resized\"><img loading=\"lazy\" src=\"http:\/\/erdogankutlu.com\/yeni\/wordpress\/wp-content\/uploads\/2018\/10\/021.jpg\" alt=\"\" class=\"wp-image-183\" width=\"464\" height=\"615\" srcset=\"https:\/\/erdogankutlu.com\/wp-content\/uploads\/2018\/10\/021.jpg 283w, https:\/\/erdogankutlu.com\/wp-content\/uploads\/2018\/10\/021-226x300.jpg 226w\" sizes=\"(max-width: 464px) 100vw, 464px\" \/><\/figure>\n<\/div>\n<\/div>\n\n\n\n<figure class=\"wp-block-image\"><img loading=\"lazy\" width=\"948\" height=\"199\" src=\"http:\/\/erdogankutlu.com\/yeni\/wordpress\/wp-content\/uploads\/2018\/10\/banner10.png\" alt=\"\" class=\"wp-image-187\" srcset=\"https:\/\/erdogankutlu.com\/wp-content\/uploads\/2018\/10\/banner10.png 948w, https:\/\/erdogankutlu.com\/wp-content\/uploads\/2018\/10\/banner10-300x63.png 300w, https:\/\/erdogankutlu.com\/wp-content\/uploads\/2018\/10\/banner10-768x161.png 768w\" sizes=\"(max-width: 948px) 100vw, 948px\" \/><\/figure>\n","protected":false},"excerpt":{"rendered":"<p>\u00c7anakkale Zaferimiz18 MART 1915 Bayra\u011f\u0131m\u0131z29 MAYIS 1936\u00a0 \u0130stiklal Mar\u015f\u0131m\u0131z1919-1927 &#8211; Mehmet Akif Ersoy Seyit Onba\u015f\u0131Seyit Ali Yusuf Yahya \u00c7avu\u015fEzine&#8217;li Yahya \u00c7avu\u015f \u0130stiklal Yolu\u0130nebolu&#8217;dan Ankara&#8217;ya \u0130stiklal&#8230;<\/p>\n","protected":false},"author":1,"featured_media":0,"parent":0,"menu_order":0,"comment_status":"closed","ping_status":"closed","template":"","meta":[],"_links":{"self":[{"href":"https:\/\/erdogankutlu.com\/index.php\/wp-json\/wp\/v2\/pages\/182"}],"collection":[{"href":"https:\/\/erdogankutlu.com\/index.php\/wp-json\/wp\/v2\/pages"}],"about":[{"href":"https:\/\/erdogankutlu.com\/index.php\/wp-json\/wp\/v2\/types\/page"}],"author":[{"embeddable":true,"href":"https:\/\/erdogankutlu.com\/index.php\/wp-json\/wp\/v2\/users\/1"}],"replies":[{"embeddable":true,"href":"https:\/\/erdogankutlu.com\/index.php\/wp-json\/wp\/v2\/comments?post=182"}],"version-history":[{"count":4,"href":"https:\/\/erdogankutlu.com\/index.php\/wp-json\/wp\/v2\/pages\/182\/revisions"}],"predecessor-version":[{"id":189,"href":"https:\/\/erdogankutlu.com\/index.php\/wp-json\/wp\/v2\/pages\/182\/revisions\/189"}],"wp:attachment":[{"href":"https:\/\/erdogankutlu.com\/index.php\/wp-json\/wp\/v2\/media?parent=182"}],"curies":[{"name":"wp","href":"https:\/\/api.w.org\/{rel}","templated":true}]}}