{"id":190,"date":"2018-10-02T02:41:34","date_gmt":"2018-10-01T23:41:34","guid":{"rendered":"http:\/\/erdogankutlu.com\/yeni\/wordpress\/?page_id=190"},"modified":"2018-10-02T02:43:09","modified_gmt":"2018-10-01T23:43:09","slug":"cumhuriyet-demokrasi-bilim-ve-sanat","status":"publish","type":"page","link":"https:\/\/erdogankutlu.com\/index.php\/cumhuriyet-demokrasi-bilim-ve-sanat\/","title":{"rendered":"CUMHUR\u0130YET, DEMOKRAS\u0130, B\u0130L\u0130M VE SANAT"},"content":{"rendered":"\n<p><strong>CUMHUR\u0130YET<\/strong><\/p>\n\n\n\n<h1>&lt;&lt;T\u00fcrkiye Cumhuriyeti\u2019nin temeli k\u00fclt\u00fcrd\u00fcr.>><\/h1>\n\n\n\n<div class=\"wp-block-image\"><figure class=\"alignright\"><img src=\"http:\/\/www.erdogankutlu.com\/images\/erdogan\/ata_imza.gif\" alt=\"\"\/><\/figure><\/div>\n\n\n\n<p>.<\/p>\n\n\n\n<p>.<\/p>\n\n\n\n<p>T\u00dcRK\u0130YE CUMHUR\u0130YET\u0130\u00a0Mustafa Kemal\u2019in \u00f6nderli\u011finde ve t\u00fcm milletimizin i\u015ftirakiyle kazan\u0131lan \u0130ST\u0130KLAL SAVA\u015eLARI sonucu hakedilerek kurulmu\u015f bir\u00a0CUMHUR\u0130YET\u00a0olup yap\u0131lan \u00e7a\u011fda\u015f devrimler ile temeli K\u00dcLT\u00dcR olan bir yap\u0131ya kavu\u015fmu\u015f ve D\u00fcnyaya \u00f6rnek olmu\u015ftur.<\/p>\n\n\n\n<p>T\u00dcRK\u0130YE CUMHUR\u0130YET\u0130\u00a0\u2018nin<\/p>\n\n\n\n<table class=\"wp-block-table\"><tbody><tr><td>Temeli:<\/td><td>\u00b7\u00a0<strong>LA\u0130KL\u0130K<\/strong><em>.\u00a0\u00a0\u00a0\u00a0\u00a0\u00a0\u00a0\u00a0\u00a0\u00a0\u00a0\u00a0\u00a0 &#8211; Din, Devlet, Bilim ve Sanat i\u015flerinin ayr\u0131lmas\u0131<\/em><em>.\u00a0\u00a0\u00a0\u00a0\u00a0\u00a0\u00a0\u00a0 \u00a0 \u00a0\u00a0\u00a0 &#8211; \u0130nan\u00e7 ve \u0130badet \u00f6zg\u00fcrl\u00fcklerinin sa\u011flanmas\u0131<\/em><em>.\u00a0\u00a0\u00a0\u00a0\u00a0\u00a0\u00a0\u00a0\u00a0\u00a0\u00a0\u00a0\u00a0\u00a0 &#8211;\u00a0\u00c7a\u011fda\u015f e\u011fitim sistemlerinin kurulmas\u0131<\/em>\u00b7\u00a0<strong>KADIN = ERKEK\u00a0<\/strong>e\u015fitli\u011fi- Kad\u0131n\u0131n toplumda lay\u0131k oldu\u011fu yere kavu\u015fmas\u0131<strong><br\/><\/strong>\u00b7\u00a0<strong>HALKIN EGEMENL\u0130\u011e\u0130<\/strong>&lt;&lt;Egemenlik kay\u0131ts\u0131z \u015farts\u0131z milletindir.>><strong>.\u00a0\u00a0\u00a0\u00a0\u00a0\u00a0\u00a0\u00a0\u00a0\u00a0\u00a0\u00a0\u00a0\u00a0\u00a0\u00a0\u00a0\u00a0\u00a0\u00a0\u00a0\u00a0\u00a0\u00a0\u00a0\u00a0\u00a0<\/strong>K\u00fclt\u00fcr\u00fcne dayanmaktad\u0131r.<\/td><\/tr><tr><td>Hedefi ise:<\/td><td>\u00b7\u00a0<strong>TAM BA\u011eIMSIZ<\/strong>\u00b7\u00a0<strong>Anti-emperyalist<\/strong>\u00b7\u00a0<strong>\u00c7A\u011eDA\u015e\u00a0T\u00dcRK\u0130YE\u2019nin<\/strong>Kurulmas\u0131 ilkesine dayanmaktad\u0131r.<strong>Ancak;<\/strong>\u00a0<strong>T\u00dcRK\u0130YE CUMHUR\u0130YET\u0130 &#8220;K\u00dcLT\u00dcR DEVR\u0130M\u0130&#8221;<\/strong>nin korunmas\u0131 ve ilelebet muhafaza edilebilmesi i\u00e7in;\u00a0<strong>DEMOKRAS\u0130<\/strong>,<strong>\u00a0B\u0130L\u0130M<\/strong>\u00a0ve\u00a0<strong>SANAT<\/strong>\u00a0alanlar\u0131nda s\u00fcrekli geli\u015fmelerin sa\u011flanmas\u0131 gerekmektedir.<\/td><\/tr><\/tbody><\/table>\n\n\n\n<p><strong>DEMOKRAS\u0130;<\/strong><\/p>\n\n\n\n<p>Demokrasi, kurallar rejimidir. \u0130lgili t\u00fcm kurallar\u0131n haz\u0131rlanmas\u0131 ve tavizsiz uygulanmas\u0131 ile ancak ba\u015far\u0131labilir.<\/p>\n\n\n\n<p>Demokrasinin kurallar\u0131 bir b\u00fct\u00fcnd\u00fcr ve ayr\u0131lamaz.<\/p>\n\n\n\n<p>Demokrasilerde YASAMA-Y\u00dcR\u00dcTME-YARGI ba\u011f\u0131ms\u0131zl\u0131\u011f\u0131 temel olup, Anayasa\u2019n\u0131n, Se\u00e7im Sisteminin, Siyasi Partiler Kanununun ve hukuk kurallar\u0131n\u0131n demokratik olmas\u0131 esast\u0131r.<\/p>\n\n\n\n<p><strong>B\u0130L\u0130M VE SANAT;<\/strong><\/p>\n\n\n\n<p>Bilim ve sanat ise, ancak demokratik rejimlerde geli\u015fir. Bilim insanlar\u0131 ile sanat\u00e7\u0131lar \u00f6zg\u00fcrce d\u00fc\u015f\u00fcnebilir ve d\u00fc\u015f\u00fcncelerini \u00f6zg\u00fcrce ifade edebilirler.<\/p>\n\n\n\n<p>\u201c16. yy\u2019da Floransa\u2019da Galileo\u2019nin \u201cD\u00fcnya yuvarlakt\u0131r\u201d dedi\u011fi i\u00e7in Engizisyon Mahkemesinde yarg\u0131lanmas\u0131n\u0131 protesto eden ayd\u0131n insanlar R\u00f6nesans\u2019\u0131n ilk k\u0131v\u0131lc\u0131m\u0131n\u0131 ate\u015flemi\u015flerdir.<\/p>\n\n\n\n<p>B\u00f6ylece din ile devlet i\u015fleri ve B\u0130L\u0130M &#8211; SANAT \u00e7al\u0131\u015fmalar\u0131 ayr\u0131lm\u0131\u015f Avrupa\u2019da bug\u00fcnk\u00fc \u00e7a\u011fda\u015f geli\u015fmi\u015flik d\u00fczeyine ula\u015fm\u0131\u015ft\u0131r. \u201c<\/p>\n\n\n\n<p>Ayn\u0131 y\u00fczy\u0131lda Osmanl\u0131&#8217;da ise \u015eeyh\u00fclislam fetvas\u0131yla Tak\u00fcyyiddin efendinin d\u00fcnyaca \u00fcnl\u00fc\u00a0<strong>g\u00f6kbilimleri<\/strong>\u00a0<strong>rasathanesi<\/strong>\u00a0yerlebir ediliyor ve Matbaan\u0131n getirilmesine y\u00fczy\u0131llarca izin verilmiyordu.<\/p>\n\n\n\n<p>\u00dclkelerin geli\u015febilmesi ve g\u00fc\u00e7lenebilmesi i\u00e7in B\u0130L\u0130M ve SANAT\u2019IN beraberce ve s\u00fcrekli olarak geli\u015fmesi gerekir.<\/p>\n\n\n\n<p>\u00dclkelerin geli\u015fmesinde B\u0130L\u0130M ve SANAT\u2019IN \u00f6nemi konusunda Darwin\u2019in;<\/p>\n\n\n\n<p>\u201cB\u0130L\u0130M ve SANAT bir ku\u015fun iki kanad\u0131 gibidir. Bu iki kanad\u0131 kullanabilen toplumlar u\u00e7ar ve \u00f6zg\u00fcr olurlar. U\u00e7amayanlar ise tavuk olur. Tavuk toplumlar \u00f6nlerine at\u0131lan bir avu\u00e7 yemi gagalarken arkadan yumurtalar\u0131n\u0131n al\u0131nd\u0131\u011f\u0131n\u0131n fark\u0131na bile varmazlar.\u201d<\/p>\n\n\n\n<p>g\u00f6r\u00fc\u015fleri dikkate de\u011ferdir.<\/p>\n\n\n\n<p>B\u0130L\u0130M ve SANAT\u2019taki geli\u015fmeler \u00c7A\u011eDA\u015eLA\u015eMAYI getirmektedir.<\/p>\n\n\n\n<p>\u00c7A\u011eDA\u015eLA\u015eMA ile de \u00e7a\u011fda\u015f ya\u015fam ve teknoloji yo\u011fun end\u00fcstrile\u015fme hedeflenmektedir.<\/p>\n\n\n\n<p>\u00d6zetle; \u00c7A\u011eDA\u015e bir toplum olabilmek i\u00e7in, DEMOKRAS\u0130\u2019nin, B\u0130L\u0130M\u2019in ve SANAT\u2019\u0131n beraberce de\u011ferlendirilmesi gerekiyor.<\/p>\n\n\n\n<p>Yarat\u0131c\u0131 beyinlerin \u201cAr-Ge\u201d \u00e7al\u0131\u015fmalar\u0131 ile geli\u015fen B\u0130L\u0130M ve SANAT, DEMOKRAS\u0130\u2019nin t\u00fcm kurallar\u0131 ile uygulanmas\u0131n\u0131 sa\u011flad\u0131\u011f\u0131 gibi, \u00fclkelerin TAM BA\u011eIMSIZ ve Anti-Emperyalist bir g\u00fcce kavu\u015fmas\u0131n\u0131 da sa\u011flamaktad\u0131r.<\/p>\n","protected":false},"excerpt":{"rendered":"<p>CUMHUR\u0130YET &lt;&lt;T\u00fcrkiye Cumhuriyeti\u2019nin temeli k\u00fclt\u00fcrd\u00fcr.>> . . T\u00dcRK\u0130YE CUMHUR\u0130YET\u0130\u00a0Mustafa Kemal\u2019in \u00f6nderli\u011finde ve t\u00fcm milletimizin i\u015ftirakiyle kazan\u0131lan \u0130ST\u0130KLAL SAVA\u015eLARI sonucu hakedilerek kurulmu\u015f bir\u00a0CUMHUR\u0130YET\u00a0olup yap\u0131lan \u00e7a\u011fda\u015f devrimler&#8230;<\/p>\n","protected":false},"author":1,"featured_media":0,"parent":0,"menu_order":0,"comment_status":"closed","ping_status":"closed","template":"","meta":[],"_links":{"self":[{"href":"https:\/\/erdogankutlu.com\/index.php\/wp-json\/wp\/v2\/pages\/190"}],"collection":[{"href":"https:\/\/erdogankutlu.com\/index.php\/wp-json\/wp\/v2\/pages"}],"about":[{"href":"https:\/\/erdogankutlu.com\/index.php\/wp-json\/wp\/v2\/types\/page"}],"author":[{"embeddable":true,"href":"https:\/\/erdogankutlu.com\/index.php\/wp-json\/wp\/v2\/users\/1"}],"replies":[{"embeddable":true,"href":"https:\/\/erdogankutlu.com\/index.php\/wp-json\/wp\/v2\/comments?post=190"}],"version-history":[{"count":3,"href":"https:\/\/erdogankutlu.com\/index.php\/wp-json\/wp\/v2\/pages\/190\/revisions"}],"predecessor-version":[{"id":193,"href":"https:\/\/erdogankutlu.com\/index.php\/wp-json\/wp\/v2\/pages\/190\/revisions\/193"}],"wp:attachment":[{"href":"https:\/\/erdogankutlu.com\/index.php\/wp-json\/wp\/v2\/media?parent=190"}],"curies":[{"name":"wp","href":"https:\/\/api.w.org\/{rel}","templated":true}]}}