{"id":194,"date":"2018-10-02T02:46:32","date_gmt":"2018-10-01T23:46:32","guid":{"rendered":"http:\/\/erdogankutlu.com\/yeni\/wordpress\/?page_id=194"},"modified":"2018-10-02T02:47:50","modified_gmt":"2018-10-01T23:47:50","slug":"194-2","status":"publish","type":"page","link":"https:\/\/erdogankutlu.com\/index.php\/194-2\/","title":{"rendered":"Son s\u00f6z"},"content":{"rendered":"\n<h2 style=\"text-align:left\"><strong>ATAT\u00dcRK<\/strong><\/h2>\n\n\n\n<ul><li><strong>TAM BA\u011eIMSIZ<\/strong><\/li><li><strong>ANT\u0130 EMPERYAL\u0130ST<\/strong><\/li><li><strong>\u00c7A\u011eDA\u015e<\/strong><br\/><\/li><\/ul>\n\n\n\n<figure class=\"wp-block-image\"><img src=\"http:\/\/erdogankutlu.com\/images\/banners\/sema.png\" alt=\"\"\/><\/figure>\n\n\n\n<h2><strong>Ancak Atat\u00fcrk&#8217;den sonra bu heyecan kayboldu ve hedeflerde k\u0131r\u0131lmalar ba\u015flad\u0131<\/strong><\/h2>\n\n\n\n<h1>\u201c\u00dcRETMEK B\u0130R M\u0130LLET\u0130N \u0130ST\u0130KBAL\u0130D\u0130R\u201d<\/h1>\n\n\n\n<ul><li>\u00dcRETMEMEK<\/li><li>\u0130THAL ETMEK<\/li><li>B\u0130L\u0130N\u00c7S\u0130ZCE T\u00dcKETMEK<\/li><li>\u0130thal \u00fcr\u00fcnlerin paras\u0131n\u0131 \u00f6deyebilmek i\u00e7in y\u00fcksek faizli DI\u015e BOR\u00c7 ALMAK<\/li><li>D\u0131\u015f Bor\u00e7lar\u0131 \u00f6deyebilmek i\u00e7in KAR EDEN KAMU \u0130KT\u0130SAD\u0130 KURULU\u015eLARINI<\/li><\/ul>\n\n\n\n<h2>&#8220;Tekel haklar\u0131yla beraber&#8221; SATMAK<\/h2>\n\n\n\n<h1>\u201cB\u0130R \u00dcLKEN\u0130N GELECE\u011e\u0130N\u0130 YOK ETMEKT\u0130R\u201d<\/h1>\n\n\n\n<h2>&lt;&lt;\u0130THAL edilen her \u00fcr\u00fcnle, o \u00fclkenin \u00fcreticileriyle ekonomisi g\u00fc\u00e7lendirilmekte,<\/h2>\n\n\n\n<h2>\u00dclkemizin \u00fcreticileri ile ekonomisi ise g\u00fc\u00e7s\u00fczle\u015ftirilmektedir.>><\/h2>\n\n\n\n<table class=\"wp-block-table\"><tbody><tr><td><strong>SON S\u00d6Z :<\/strong><\/td><\/tr><\/tbody><\/table>\n\n\n\n<h2>&lt;&lt;\u0130ktisadi ba\u011f\u0131ms\u0131zl\u0131k sa\u011flanmadan siyasi ba\u011f\u0131ms\u0131zl\u0131ktan s\u00f6z edilemez.<\/h2>\n\n\n\n<h2>\u201c\u00c7al\u0131\u015fmadan, Yorulmadan, \u00dcretmeden rahat ya\u015faman\u0131n yollar\u0131n\u0131 al\u0131\u015fkanl\u0131k<\/h2>\n\n\n\n<h2>haline getiren milletler \u00f6nce haysiyetlerini sonra istikballerini daha sonra<\/h2>\n\n\n\n<h2>da \u0130ST\u0130KLALLER\u0130N\u0130 KAYBETMEYE MAHKUMDURLAR\u201d>><\/h2>\n\n\n\n<h2><\/h2>\n","protected":false},"excerpt":{"rendered":"<p>ATAT\u00dcRK TAM BA\u011eIMSIZ ANT\u0130 EMPERYAL\u0130ST \u00c7A\u011eDA\u015e Ancak Atat\u00fcrk&#8217;den sonra bu heyecan kayboldu ve hedeflerde k\u0131r\u0131lmalar ba\u015flad\u0131 \u201c\u00dcRETMEK B\u0130R M\u0130LLET\u0130N \u0130ST\u0130KBAL\u0130D\u0130R\u201d \u00dcRETMEMEK \u0130THAL ETMEK B\u0130L\u0130N\u00c7S\u0130ZCE T\u00dcKETMEK&#8230;<\/p>\n","protected":false},"author":1,"featured_media":0,"parent":0,"menu_order":0,"comment_status":"closed","ping_status":"closed","template":"","meta":[],"_links":{"self":[{"href":"https:\/\/erdogankutlu.com\/index.php\/wp-json\/wp\/v2\/pages\/194"}],"collection":[{"href":"https:\/\/erdogankutlu.com\/index.php\/wp-json\/wp\/v2\/pages"}],"about":[{"href":"https:\/\/erdogankutlu.com\/index.php\/wp-json\/wp\/v2\/types\/page"}],"author":[{"embeddable":true,"href":"https:\/\/erdogankutlu.com\/index.php\/wp-json\/wp\/v2\/users\/1"}],"replies":[{"embeddable":true,"href":"https:\/\/erdogankutlu.com\/index.php\/wp-json\/wp\/v2\/comments?post=194"}],"version-history":[{"count":2,"href":"https:\/\/erdogankutlu.com\/index.php\/wp-json\/wp\/v2\/pages\/194\/revisions"}],"predecessor-version":[{"id":196,"href":"https:\/\/erdogankutlu.com\/index.php\/wp-json\/wp\/v2\/pages\/194\/revisions\/196"}],"wp:attachment":[{"href":"https:\/\/erdogankutlu.com\/index.php\/wp-json\/wp\/v2\/media?parent=194"}],"curies":[{"name":"wp","href":"https:\/\/api.w.org\/{rel}","templated":true}]}}