{"id":197,"date":"2018-10-02T02:55:57","date_gmt":"2018-10-01T23:55:57","guid":{"rendered":"http:\/\/erdogankutlu.com\/yeni\/wordpress\/?page_id=197"},"modified":"2018-10-02T02:56:18","modified_gmt":"2018-10-01T23:56:18","slug":"197-2","status":"publish","type":"page","link":"https:\/\/erdogankutlu.com\/index.php\/197-2\/","title":{"rendered":"D\u00dc\u015e\u00dcNCELER"},"content":{"rendered":"\n<p><strong>\u00dcLKELER\u0130N<\/strong>\u00a0<strong>\u00c7A\u011eDA\u015e ve G\u00dc\u00c7L\u00dc<\/strong>,\u00a0<strong>\u0130NSANLARININ<\/strong>\u00a0<strong>MUTLU ve BA\u015eARILI\u00a0<\/strong>olabilmeleri i\u00e7in<\/p>\n\n\n\n<p><strong>1-<\/strong><strong>\u00a0<\/strong><strong>\u00dcLKE Y\u00d6NET\u0130M\u0130N\u0130N<\/strong><\/p>\n\n\n\n<p>\u00b7\u00a0Adil ve Demokratik kurallara uygun olarak y\u00f6netilmesi<\/p>\n\n\n\n<p>\u00b7\u00a0Anayasa \u2018s\u0131 ve Se\u00e7im sistemi ile Siyasi Partiler Kanunu\u2019nun Demokratik olmas\u0131<\/p>\n\n\n\n<p>\u00b7\u00a0Hukuk Kurallar\u0131n\u0131n Demokratik olmas\u0131 ve Adil bir \u015fekilde uygulanmas\u0131<\/p>\n\n\n\n<p>\u00b7\u00a0Milli ve K\u00fcresel vizyonlar\u0131 olmas\u0131<\/p>\n\n\n\n<p><strong>2-<\/strong><strong>\u00a0<\/strong><strong>\u00dcLKE \u0130NSANLARININ<\/strong><\/p>\n\n\n\n<p>\u00b7\u00a0D\u00fcr\u00fcst olmas\u0131<\/p>\n\n\n\n<p>\u00b7\u00a0Ahlakl\u0131 olmas\u0131<\/p>\n\n\n\n<p>\u00b7\u00a0\u00dclkesini sevmesi ve sorumluluk duymas\u0131<\/p>\n\n\n\n<p>\u00b7\u00a0\u00c7al\u0131\u015fkan olmas\u0131 ve \u00dcretmesi<\/p>\n\n\n\n<p>\u00b7\u00a0Vizyonu olmas\u0131<\/p>\n\n\n\n<p><strong>3-<\/strong><strong>\u00a0<\/strong><strong>\u00c7A\u011eDA\u015e \u00dcLKE Olabilmek \u0130\u00e7in<\/strong><\/p>\n\n\n\n<p>\u00b7\u00a0\u00c7a\u011fda\u015f Devrimleri yapmas\u0131 ve korumas\u0131, \u00c7a\u011fda\u015f olmay\u0131 hedef olarak belirlemesi<\/p>\n\n\n\n<p>\u00b7\u00a0\u00c7a\u011fda\u015f E\u011fitim Sistemlerine sahip olmas\u0131 , Mesleki e\u011fitime \u00f6nem vermesi<\/p>\n\n\n\n<p>\u00b7\u00a0Bilim ve Teknoloji\u2019ye \u00f6nem vermesi<\/p>\n\n\n\n<p>\u00b7\u00a0K\u00fclt\u00fcr ve Sanat\u2019a \u00f6nem vermesi<\/p>\n\n\n\n<p><strong>4-<\/strong><strong>\u00a0<\/strong><strong>G\u00dc\u00c7L\u00dc \u00fclke olabilmek i\u00e7in<\/strong><\/p>\n\n\n\n<p>\u00b7\u00a0TAM BA\u011eIMSIZLI\u011eI ve Anti Emparyelizmi hedef olarak belirlemesi<\/p>\n\n\n\n<p>\u00b7\u00a0Finans ve Teknoloji y\u00f6n\u00fcnden ba\u011f\u0131ms\u0131zl\u0131\u011f\u0131n\u0131 sa\u011flam\u0131\u015f olmas\u0131<\/p>\n\n\n\n<p>\u00b7\u00a0Teknoloji yo\u011fun kaliteli \u00fcretim yapmas\u0131<\/p>\n\n\n\n<p>\u00b7\u00a0Uluslararas\u0131 ili\u015fkilere \u00f6nem vermesi ve d\u00fcr\u00fcst olmas\u0131<\/p>\n\n\n\n<p>\u00b7\u00a0Uluslararas\u0131 Pazarlamaya ve Uluslararas\u0131 Yat\u0131r\u0131mlara \u00f6nem vermesi<\/p>\n\n\n\n<p>gerekir.<\/p>\n","protected":false},"excerpt":{"rendered":"<p>\u00dcLKELER\u0130N\u00a0\u00c7A\u011eDA\u015e ve G\u00dc\u00c7L\u00dc,\u00a0\u0130NSANLARININ\u00a0MUTLU ve BA\u015eARILI\u00a0olabilmeleri i\u00e7in 1-\u00a0\u00dcLKE Y\u00d6NET\u0130M\u0130N\u0130N \u00b7\u00a0Adil ve Demokratik kurallara uygun olarak y\u00f6netilmesi \u00b7\u00a0Anayasa \u2018s\u0131 ve Se\u00e7im sistemi ile Siyasi Partiler Kanunu\u2019nun Demokratik&#8230;<\/p>\n","protected":false},"author":1,"featured_media":0,"parent":0,"menu_order":0,"comment_status":"closed","ping_status":"closed","template":"","meta":[],"_links":{"self":[{"href":"https:\/\/erdogankutlu.com\/index.php\/wp-json\/wp\/v2\/pages\/197"}],"collection":[{"href":"https:\/\/erdogankutlu.com\/index.php\/wp-json\/wp\/v2\/pages"}],"about":[{"href":"https:\/\/erdogankutlu.com\/index.php\/wp-json\/wp\/v2\/types\/page"}],"author":[{"embeddable":true,"href":"https:\/\/erdogankutlu.com\/index.php\/wp-json\/wp\/v2\/users\/1"}],"replies":[{"embeddable":true,"href":"https:\/\/erdogankutlu.com\/index.php\/wp-json\/wp\/v2\/comments?post=197"}],"version-history":[{"count":2,"href":"https:\/\/erdogankutlu.com\/index.php\/wp-json\/wp\/v2\/pages\/197\/revisions"}],"predecessor-version":[{"id":199,"href":"https:\/\/erdogankutlu.com\/index.php\/wp-json\/wp\/v2\/pages\/197\/revisions\/199"}],"wp:attachment":[{"href":"https:\/\/erdogankutlu.com\/index.php\/wp-json\/wp\/v2\/media?parent=197"}],"curies":[{"name":"wp","href":"https:\/\/api.w.org\/{rel}","templated":true}]}}