{"id":20,"date":"2018-09-29T01:38:10","date_gmt":"2018-09-28T22:38:10","guid":{"rendered":"http:\/\/erdogankutlu.com\/yeni\/wordpress\/?page_id=20"},"modified":"2022-02-23T18:09:50","modified_gmt":"2022-02-23T15:09:50","slug":"yazilarim","status":"publish","type":"page","link":"https:\/\/erdogankutlu.com\/index.php\/yazilarim\/","title":{"rendered":"YAZILARIM"},"content":{"rendered":"\n<p style=\"text-align:center\"><a href=\"http:\/\/erdogankutlu.com\/index.php\/yazilarim\/kamu-bankalari-ihtisas-bankasi-islevine-donusturulse\/\">KAMU BANKALARI \u0130HT\u0130SAS BANKASI \u0130\u015eLEV\u0130NE D\u00d6N\u00dc\u015eT\u00dcR\u00dcLSE<\/a><\/p>\n\n\n\n<p style=\"text-align:center\"><a href=\"http:\/\/erdogankutlu.com\/index.php\/yazilarim\/bilimsel-devrimlerin-onemi\/\">Bilimsel Devrimlerin \u00d6nemi<\/a><\/p>\n\n\n\n<p style=\"text-align:center\"><a href=\"http:\/\/erdogankutlu.com\/index.php\/demokrasi-monarsi-ve-cumhuriyet\/\">DEMOKRAS\u0130, MONAR\u015e\u0130 ve CUMHUR\u0130YET<\/a><\/p>\n\n\n\n<p style=\"text-align:center\"><a href=\"http:\/\/erdogankutlu.com\/index.php\/lojistik-koyleri-kuralim\/\">Lojistik K\u00f6yleri Kural\u0131m<\/a><\/p>\n\n\n\n<p style=\"text-align:center\"><a href=\"http:\/\/erdogankutlu.com\/index.php\/trafik-sorunumuzun-cozumu-icin-oneriler\/\">Trafik sorunumuzun \u00e7\u00f6z\u00fcm\u00fc i\u00e7in \u00f6neriler<\/a><\/p>\n\n\n\n<p style=\"text-align:center\"><a href=\"http:\/\/erdogankutlu.com\/index.php\/tarim-ekonomisi-ve-teknolojisi\/\">TARIM EKONOM\u0130S\u0130 VE TEKNOLOJ\u0130S\u0130<\/a><\/p>\n\n\n\n<p style=\"text-align:center\"><a href=\"http:\/\/erdogankutlu.com\/index.php\/organize-tarim-ve-hayvancilik\/\">ORGAN\u0130ZE TARIM ve HAYVANCILIK<\/a><\/p>\n\n\n\n<p style=\"text-align:center\"><a href=\"http:\/\/erdogankutlu.com\/index.php\/uretim-amacli-ihtisas-koyleri-kuralim\/\">\u00dcRET\u0130M AMA\u00c7LI \u0130HT\u0130SAS K\u00d6YLER\u0130 KURALIM<\/a><\/p>\n\n\n\n<p style=\"text-align:center\"><a href=\"http:\/\/erdogankutlu.com\/index.php\/mezopotomyayi-tekrar-canlandirmak\/\">MEZOPOTOMYA\u2019YI TEKRAR CANLANDIRMAK<\/a><\/p>\n\n\n\n<p style=\"text-align:center\"><a href=\"http:\/\/erdogankutlu.com\/index.php\/turizmimizin-gelismesi-yonunde-bazi-dusunceler\/\">Turizmimizin Geli\u015fmesi Y\u00f6n\u00fcnde Baz\u0131 D\u00fc\u015f\u00fcnceler<\/a><\/p>\n\n\n\n<p style=\"text-align:center\"><a href=\"http:\/\/erdogankutlu.com\/index.php\/modayi-sanata-donusturmek\/\">MODAYI SANATA D\u00d6N\u00dc\u015eT\u00dcRMEK<\/a><\/p>\n\n\n\n<p style=\"text-align:center\"><a href=\"http:\/\/erdogankutlu.com\/index.php\/altin-mevduat-ve-kredili-altin-satisi\/\">Alt\u0131n Mevduat ve Kredili Alt\u0131n Sat\u0131\u015f\u0131<\/a><\/p>\n\n\n\n<p style=\"text-align:center\"><a href=\"http:\/\/erdogankutlu.com\/index.php\/dunya-cevre-bankasi-kurulmali\/\">D\u00fcnya \u00c7evre Bankas\u0131 Kurulmal\u0131<\/a><\/p>\n\n\n\n<p style=\"text-align:center\"><a href=\"http:\/\/erdogankutlu.com\/index.php\/saglik-bilgi-bankasi-ve-medical-card\/\">Sa\u011fl\u0131k Bilgi Bankas\u0131 ve \u201cMedical Card\u201d<\/a><\/p>\n\n\n\n<p><\/p>\n","protected":false},"excerpt":{"rendered":"<p>KAMU BANKALARI \u0130HT\u0130SAS BANKASI \u0130\u015eLEV\u0130NE D\u00d6N\u00dc\u015eT\u00dcR\u00dcLSE Bilimsel Devrimlerin \u00d6nemi DEMOKRAS\u0130, MONAR\u015e\u0130 ve CUMHUR\u0130YET Lojistik K\u00f6yleri Kural\u0131m Trafik sorunumuzun \u00e7\u00f6z\u00fcm\u00fc i\u00e7in \u00f6neriler TARIM EKONOM\u0130S\u0130 VE TEKNOLOJ\u0130S\u0130&#8230;<\/p>\n","protected":false},"author":1,"featured_media":0,"parent":0,"menu_order":0,"comment_status":"closed","ping_status":"closed","template":"","meta":[],"_links":{"self":[{"href":"https:\/\/erdogankutlu.com\/index.php\/wp-json\/wp\/v2\/pages\/20"}],"collection":[{"href":"https:\/\/erdogankutlu.com\/index.php\/wp-json\/wp\/v2\/pages"}],"about":[{"href":"https:\/\/erdogankutlu.com\/index.php\/wp-json\/wp\/v2\/types\/page"}],"author":[{"embeddable":true,"href":"https:\/\/erdogankutlu.com\/index.php\/wp-json\/wp\/v2\/users\/1"}],"replies":[{"embeddable":true,"href":"https:\/\/erdogankutlu.com\/index.php\/wp-json\/wp\/v2\/comments?post=20"}],"version-history":[{"count":17,"href":"https:\/\/erdogankutlu.com\/index.php\/wp-json\/wp\/v2\/pages\/20\/revisions"}],"predecessor-version":[{"id":460,"href":"https:\/\/erdogankutlu.com\/index.php\/wp-json\/wp\/v2\/pages\/20\/revisions\/460"}],"wp:attachment":[{"href":"https:\/\/erdogankutlu.com\/index.php\/wp-json\/wp\/v2\/media?parent=20"}],"curies":[{"name":"wp","href":"https:\/\/api.w.org\/{rel}","templated":true}]}}