{"id":215,"date":"2018-10-02T12:01:06","date_gmt":"2018-10-02T09:01:06","guid":{"rendered":"http:\/\/erdogankutlu.com\/yeni\/wordpress\/?page_id=215"},"modified":"2018-10-03T07:42:22","modified_gmt":"2018-10-03T04:42:22","slug":"ekonomi","status":"publish","type":"page","link":"https:\/\/erdogankutlu.com\/index.php\/ekonomi\/","title":{"rendered":"EKONOM\u0130"},"content":{"rendered":"\n<div class=\"wp-block-columns has-3-columns\">\n<div class=\"wp-block-column\">\n<div class=\"wp-block-image\"><figure class=\"aligncenter is-resized\"><a href=\"sony.net\"><img loading=\"lazy\" src=\"http:\/\/erdogankutlu.com\/yeni\/wordpress\/wp-content\/uploads\/2018\/10\/sony.jpg\" alt=\"\" class=\"wp-image-224\" width=\"150\" height=\"40\"\/><\/a><\/figure><\/div>\n<\/div>\n\n\n\n<div class=\"wp-block-column\">\n<h4 style=\"text-align:center\"><a href=\"http:\/\/erdogankutlu.com\/index.php\/kayit-disi-ekonominin-kayda-alinmasi\/\">KAYIT DI\u015eI EKONOM\u0130N\u0130N KAYDA ALINMASI<\/a><br\/><\/h4>\n\n\n\n<h4 style=\"text-align:center\"><a href=\"http:\/\/erdogankutlu.com\/index.php\/teknoloji-bankasi-kurulmali\/\">TEKNOLOJ\u0130 BANKASI KURULMALI<\/a><br\/><\/h4>\n\n\n\n<h4 style=\"text-align:center\"><a href=\"http:\/\/erdogankutlu.com\/index.php\/kuresel-vizyonumuzu-belirleyelim\/\">K\u00dcRESEL V\u0130ZYONUMUZU BEL\u0130RLEYEL\u0130M<\/a><\/h4>\n\n\n\n<h4 style=\"text-align:center\"><a href=\"http:\/\/erdogankutlu.com\/index.php\/guclu-ekonomi-icin-projeler\/\">G\u00dc\u00c7L\u00dc EKONOM\u0130 \u0130\u00c7\u0130N PROJELER<\/a><\/h4>\n\n\n\n<h4 style=\"text-align:center\"><a href=\"http:\/\/erdogankutlu.com\/index.php\/teknobaklar-ve-teknoparklar-kurulmali\/\">TEKNOBANKLAR VE TEKNOPARKLAR KURULMALI<\/a><\/h4>\n<\/div>\n\n\n\n<div class=\"wp-block-column\">\n<div class=\"wp-block-image\"><figure class=\"aligncenter is-resized\"><a href=\"ge.com\"><img loading=\"lazy\" src=\"http:\/\/erdogankutlu.com\/yeni\/wordpress\/wp-content\/uploads\/2018\/10\/ge.gif\" alt=\"\" class=\"wp-image-225\" width=\"209\" height=\"56\"\/><\/a><\/figure><\/div>\n<\/div>\n<\/div>\n","protected":false},"excerpt":{"rendered":"<p>KAYIT DI\u015eI EKONOM\u0130N\u0130N KAYDA ALINMASI TEKNOLOJ\u0130 BANKASI KURULMALI K\u00dcRESEL V\u0130ZYONUMUZU BEL\u0130RLEYEL\u0130M G\u00dc\u00c7L\u00dc EKONOM\u0130 \u0130\u00c7\u0130N PROJELER TEKNOBANKLAR VE TEKNOPARKLAR KURULMALI<\/p>\n","protected":false},"author":1,"featured_media":0,"parent":0,"menu_order":0,"comment_status":"closed","ping_status":"closed","template":"","meta":[],"_links":{"self":[{"href":"https:\/\/erdogankutlu.com\/index.php\/wp-json\/wp\/v2\/pages\/215"}],"collection":[{"href":"https:\/\/erdogankutlu.com\/index.php\/wp-json\/wp\/v2\/pages"}],"about":[{"href":"https:\/\/erdogankutlu.com\/index.php\/wp-json\/wp\/v2\/types\/page"}],"author":[{"embeddable":true,"href":"https:\/\/erdogankutlu.com\/index.php\/wp-json\/wp\/v2\/users\/1"}],"replies":[{"embeddable":true,"href":"https:\/\/erdogankutlu.com\/index.php\/wp-json\/wp\/v2\/comments?post=215"}],"version-history":[{"count":15,"href":"https:\/\/erdogankutlu.com\/index.php\/wp-json\/wp\/v2\/pages\/215\/revisions"}],"predecessor-version":[{"id":355,"href":"https:\/\/erdogankutlu.com\/index.php\/wp-json\/wp\/v2\/pages\/215\/revisions\/355"}],"wp:attachment":[{"href":"https:\/\/erdogankutlu.com\/index.php\/wp-json\/wp\/v2\/media?parent=215"}],"curies":[{"name":"wp","href":"https:\/\/api.w.org\/{rel}","templated":true}]}}