{"id":232,"date":"2018-10-02T12:17:39","date_gmt":"2018-10-02T09:17:39","guid":{"rendered":"http:\/\/erdogankutlu.com\/yeni\/wordpress\/?page_id=232"},"modified":"2019-05-13T19:05:40","modified_gmt":"2019-05-13T16:05:40","slug":"sanayi","status":"publish","type":"page","link":"https:\/\/erdogankutlu.com\/index.php\/sanayi\/","title":{"rendered":"SANAY\u0130"},"content":{"rendered":"\n<div class=\"wp-block-columns has-3-columns\">\n<div class=\"wp-block-column\">\n<div class=\"wp-block-image\"><figure class=\"aligncenter\"><img loading=\"lazy\" width=\"150\" height=\"40\" src=\"http:\/\/erdogankutlu.com\/wp-content\/uploads\/2018\/10\/sony.jpg\" alt=\"\" class=\"wp-image-224\"\/><\/figure><\/div>\n<\/div>\n\n\n\n<div class=\"wp-block-column\">\n<h3 style=\"text-align:center\"><a href=\"http:\/\/erdogankutlu.com\/index.php\/bilgi-endustrileri-ile-sillikon-vadileri-kuralim\/\">B\u0130LG\u0130 END\u00dcSTR\u0130LER\u0130 \u0130LE S\u0130L\u0130KON VAD\u0130LER\u0130 KURALIM<\/a><br><\/h3>\n\n\n\n<div style=\"height:20px\" aria-hidden=\"true\" class=\"wp-block-spacer\"><\/div>\n\n\n\n<h3 style=\"text-align:center\"><a href=\"http:\/\/erdogankutlu.com\/index.php\/elektronik-caga-girerken-sanayimizin-gelistirilmesi\/\">ELEKTRON\u0130K \u00c7A\u011eA G\u0130RERKEN SANAY\u0130M\u0130Z\u0130N GEL\u0130\u015eT\u0130R\u0130LMES\u0130<\/a><br><\/h3>\n\n\n\n<h3 style=\"text-align:center\"><a href=\"http:\/\/erdogankutlu.com\/index.php\/4-sanayi-devrimi-nasil-yonetilmeli\/\">4. SANAY\u0130 DEVR\u0130M\u0130<\/a><\/h3>\n<\/div>\n\n\n\n<div class=\"wp-block-column\">\n<div class=\"wp-block-image\"><figure class=\"aligncenter\"><img loading=\"lazy\" width=\"209\" height=\"56\" src=\"http:\/\/erdogankutlu.com\/wp-content\/uploads\/2018\/10\/ge.gif\" alt=\"\" class=\"wp-image-225\"\/><\/figure><\/div>\n<\/div>\n<\/div>\n","protected":false},"excerpt":{"rendered":"<p>B\u0130LG\u0130 END\u00dcSTR\u0130LER\u0130 \u0130LE S\u0130L\u0130KON VAD\u0130LER\u0130 KURALIM ELEKTRON\u0130K \u00c7A\u011eA G\u0130RERKEN SANAY\u0130M\u0130Z\u0130N GEL\u0130\u015eT\u0130R\u0130LMES\u0130 4. SANAY\u0130 DEVR\u0130M\u0130<\/p>\n","protected":false},"author":1,"featured_media":0,"parent":0,"menu_order":0,"comment_status":"closed","ping_status":"closed","template":"","meta":[],"_links":{"self":[{"href":"https:\/\/erdogankutlu.com\/index.php\/wp-json\/wp\/v2\/pages\/232"}],"collection":[{"href":"https:\/\/erdogankutlu.com\/index.php\/wp-json\/wp\/v2\/pages"}],"about":[{"href":"https:\/\/erdogankutlu.com\/index.php\/wp-json\/wp\/v2\/types\/page"}],"author":[{"embeddable":true,"href":"https:\/\/erdogankutlu.com\/index.php\/wp-json\/wp\/v2\/users\/1"}],"replies":[{"embeddable":true,"href":"https:\/\/erdogankutlu.com\/index.php\/wp-json\/wp\/v2\/comments?post=232"}],"version-history":[{"count":7,"href":"https:\/\/erdogankutlu.com\/index.php\/wp-json\/wp\/v2\/pages\/232\/revisions"}],"predecessor-version":[{"id":413,"href":"https:\/\/erdogankutlu.com\/index.php\/wp-json\/wp\/v2\/pages\/232\/revisions\/413"}],"wp:attachment":[{"href":"https:\/\/erdogankutlu.com\/index.php\/wp-json\/wp\/v2\/media?parent=232"}],"curies":[{"name":"wp","href":"https:\/\/api.w.org\/{rel}","templated":true}]}}