{"id":247,"date":"2018-10-02T12:30:51","date_gmt":"2018-10-02T09:30:51","guid":{"rendered":"http:\/\/erdogankutlu.com\/yeni\/wordpress\/?page_id=247"},"modified":"2018-11-28T19:49:42","modified_gmt":"2018-11-28T16:49:42","slug":"savunma","status":"publish","type":"page","link":"https:\/\/erdogankutlu.com\/index.php\/savunma\/","title":{"rendered":"SAVUNMA"},"content":{"rendered":"\n<div class=\"wp-block-columns has-3-columns\">\n<div class=\"wp-block-column\">\n<div class=\"wp-block-image\"><figure class=\"aligncenter\"><img loading=\"lazy\" width=\"166\" height=\"55\" src=\"http:\/\/erdogankutlu.com\/wp-content\/uploads\/2018\/10\/boeing.jpg\" alt=\"\" class=\"wp-image-248\"\/><\/figure><\/div>\n<\/div>\n\n\n\n<div class=\"wp-block-column\">\n<h3 style=\"text-align:center\"><a href=\"http:\/\/erdogankutlu.com\/index.php\/gelismis-ulkeler-ve-taseron-orgutler\/\">GEL\u0130\u015eM\u0130\u015e \u00dcLKELER VE TA\u015eERON \u00d6RG\u00dcTLER<\/a><br><\/h3>\n\n\n\n<div style=\"height:20px\" aria-hidden=\"true\" class=\"wp-block-spacer\"><\/div>\n\n\n\n<h3 style=\"text-align:center\"><a href=\"http:\/\/erdogankutlu.com\/index.php\/savunma-teknolojisi\/\">SAVUNMA TEKNOLOJ\u0130S\u0130<\/a><br><\/h3>\n\n\n\n<p><\/p>\n<\/div>\n\n\n\n<div class=\"wp-block-column\">\n<div class=\"wp-block-image\"><figure class=\"aligncenter\"><img loading=\"lazy\" width=\"135\" height=\"94\" src=\"http:\/\/erdogankutlu.com\/wp-content\/uploads\/2018\/10\/nasa.jpg\" alt=\"\" class=\"wp-image-241\"\/><\/figure><\/div>\n<\/div>\n<\/div>\n","protected":false},"excerpt":{"rendered":"<p>GEL\u0130\u015eM\u0130\u015e \u00dcLKELER VE TA\u015eERON \u00d6RG\u00dcTLER SAVUNMA TEKNOLOJ\u0130S\u0130<\/p>\n","protected":false},"author":1,"featured_media":0,"parent":0,"menu_order":0,"comment_status":"closed","ping_status":"closed","template":"","meta":[],"_links":{"self":[{"href":"https:\/\/erdogankutlu.com\/index.php\/wp-json\/wp\/v2\/pages\/247"}],"collection":[{"href":"https:\/\/erdogankutlu.com\/index.php\/wp-json\/wp\/v2\/pages"}],"about":[{"href":"https:\/\/erdogankutlu.com\/index.php\/wp-json\/wp\/v2\/types\/page"}],"author":[{"embeddable":true,"href":"https:\/\/erdogankutlu.com\/index.php\/wp-json\/wp\/v2\/users\/1"}],"replies":[{"embeddable":true,"href":"https:\/\/erdogankutlu.com\/index.php\/wp-json\/wp\/v2\/comments?post=247"}],"version-history":[{"count":3,"href":"https:\/\/erdogankutlu.com\/index.php\/wp-json\/wp\/v2\/pages\/247\/revisions"}],"predecessor-version":[{"id":385,"href":"https:\/\/erdogankutlu.com\/index.php\/wp-json\/wp\/v2\/pages\/247\/revisions\/385"}],"wp:attachment":[{"href":"https:\/\/erdogankutlu.com\/index.php\/wp-json\/wp\/v2\/media?parent=247"}],"curies":[{"name":"wp","href":"https:\/\/api.w.org\/{rel}","templated":true}]}}