{"id":253,"date":"2018-10-02T12:33:23","date_gmt":"2018-10-02T09:33:23","guid":{"rendered":"http:\/\/erdogankutlu.com\/yeni\/wordpress\/?page_id=253"},"modified":"2018-11-28T19:57:23","modified_gmt":"2018-11-28T16:57:23","slug":"illerimiz","status":"publish","type":"page","link":"https:\/\/erdogankutlu.com\/index.php\/illerimiz\/","title":{"rendered":"\u0130LLER\u0130M\u0130Z"},"content":{"rendered":"\n<div class=\"wp-block-columns has-3-columns\">\n<div class=\"wp-block-column\"><\/div>\n\n\n\n<div class=\"wp-block-column\">\n<h3 style=\"text-align:center\"><a href=\"http:\/\/erdogankutlu.com\/yeni\/wordpress\/index.php\/trakya\/\">TRAKYA<\/a><br><\/h3>\n\n\n\n<div style=\"height:20px\" aria-hidden=\"true\" class=\"wp-block-spacer\"><\/div>\n\n\n\n<h3 style=\"text-align:center\"><a href=\"http:\/\/erdogankutlu.com\/index.php\/dunya-kentleri-ve-istanbul\/\">D\u00fcnya Kentleri ve \u0130stanbul<\/a><br><\/h3>\n\n\n\n<div style=\"height:20px\" aria-hidden=\"true\" class=\"wp-block-spacer\"><\/div>\n\n\n\n<h3 style=\"text-align:center\"><a href=\"http:\/\/erdogankutlu.com\/index.php\/kocaeli-teknokent-olmali\/\">KOCAEL\u0130 TEKNOKENT OLMALI<\/a><\/h3>\n\n\n\n<div style=\"height:20px\" aria-hidden=\"true\" class=\"wp-block-spacer\"><\/div>\n\n\n\n<h3 style=\"text-align:center\"><a href=\"http:\/\/erdogankutlu.com\/index.php\/konya-ovasinda-micro-chip-uretelim\/\">Konya Ovas\u0131\u2019nda \u201dMicro-Chip\u201d \u00dcretelim?<\/a><\/h3>\n\n\n\n<div style=\"height:20px\" aria-hidden=\"true\" class=\"wp-block-spacer\"><\/div>\n\n\n\n<h3 style=\"text-align:center\"><a href=\"http:\/\/erdogankutlu.com\/index.php\/gaziantep-teknokent-olmali\/\">Gaziantep \u201cTeknokent\u201d Olmal\u0131<\/a><\/h3>\n\n\n\n<div style=\"height:20px\" aria-hidden=\"true\" class=\"wp-block-spacer\"><\/div>\n\n\n\n<h3 style=\"text-align:center\"><a href=\"http:\/\/erdogankutlu.com\/index.php\/iskenderun-lojistik-us-olabilir\/\">\u0130skenderun Lojistik \u00fcs olabilir<\/a><\/h3>\n<\/div>\n\n\n\n<div class=\"wp-block-column\"><\/div>\n<\/div>\n","protected":false},"excerpt":{"rendered":"<p>TRAKYA D\u00fcnya Kentleri ve \u0130stanbul KOCAEL\u0130 TEKNOKENT OLMALI Konya Ovas\u0131\u2019nda \u201dMicro-Chip\u201d \u00dcretelim? Gaziantep \u201cTeknokent\u201d Olmal\u0131 \u0130skenderun Lojistik \u00fcs olabilir<\/p>\n","protected":false},"author":1,"featured_media":0,"parent":0,"menu_order":0,"comment_status":"closed","ping_status":"closed","template":"","meta":[],"_links":{"self":[{"href":"https:\/\/erdogankutlu.com\/index.php\/wp-json\/wp\/v2\/pages\/253"}],"collection":[{"href":"https:\/\/erdogankutlu.com\/index.php\/wp-json\/wp\/v2\/pages"}],"about":[{"href":"https:\/\/erdogankutlu.com\/index.php\/wp-json\/wp\/v2\/types\/page"}],"author":[{"embeddable":true,"href":"https:\/\/erdogankutlu.com\/index.php\/wp-json\/wp\/v2\/users\/1"}],"replies":[{"embeddable":true,"href":"https:\/\/erdogankutlu.com\/index.php\/wp-json\/wp\/v2\/comments?post=253"}],"version-history":[{"count":4,"href":"https:\/\/erdogankutlu.com\/index.php\/wp-json\/wp\/v2\/pages\/253\/revisions"}],"predecessor-version":[{"id":389,"href":"https:\/\/erdogankutlu.com\/index.php\/wp-json\/wp\/v2\/pages\/253\/revisions\/389"}],"wp:attachment":[{"href":"https:\/\/erdogankutlu.com\/index.php\/wp-json\/wp\/v2\/media?parent=253"}],"curies":[{"name":"wp","href":"https:\/\/api.w.org\/{rel}","templated":true}]}}