{"id":260,"date":"2018-10-02T13:32:09","date_gmt":"2018-10-02T10:32:09","guid":{"rendered":"http:\/\/erdogankutlu.com\/yeni\/wordpress\/?page_id=260"},"modified":"2018-10-02T13:32:09","modified_gmt":"2018-10-02T10:32:09","slug":"dunya-kentleri-ve-istanbul","status":"publish","type":"page","link":"https:\/\/erdogankutlu.com\/index.php\/dunya-kentleri-ve-istanbul\/","title":{"rendered":"D\u00dcNYA KENTLER\u0130 VE \u0130STANBUL"},"content":{"rendered":"\n<p><em>Haziran 1996 &#8211; D\u00fcnya Gazetesi<\/em><\/p>\n\n\n\n<p>H\u0131zla artan n\u00fcfusu ile k\u00fc\u00e7\u00fck bir avrupa \u00fclkesi b\u00fcy\u00fckl\u00fc\u011f\u00fcne ula\u015fan istanbul&#8217;un yerel y\u00f6netimi ancak &#8220;Bilgi Teknolojisi&#8221; kullan\u0131larak y\u00fcr\u00fct\u00fclebilir. Sorunlar, yerel y\u00f6netimlerin b\u00fcnyesinde olu\u015fturulacak Bilgi Bankalar\u0131+Beyin Merkezleri ile (bu birimlerde g\u00f6rev alacak Uluslararas\u0131 d\u00fczeyde e\u011fitim g\u00f6rm\u00fc\u015f beyinler ile) \u00e7\u00f6z\u00fcmlenebilir.\u00a0<\/p>\n\n\n\n<p>\u00d6rneklerini &#8220;Bilgi Yo\u011fun&#8221; toplum d\u00fczeyine ula\u015fan geli\u015fmi\u015f \u00fclkelerde g\u00f6rmekteyiz.\u00a0<\/p>\n\n\n\n<p>Fransa&#8217;da Paris, Blois, Montpellier, Orleans dahil 20&#8217;den fazla kentte &#8220;Ak\u0131ll\u0131 Kart sistemi yayg\u0131nla\u015ft\u0131r\u0131lm\u0131\u015f. Toplu ta\u015f\u0131mdan otoparka kadar pek \u00e7ok belediye hizmetinde bu kartlar kullan\u0131l\u0131yor ve bu hizmetlerin bedeli daha sonra kart sahibi kullan\u0131c\u0131n\u0131n hesab\u0131ndan tahsil ediliyor.\u00a0<\/p>\n\n\n\n<p>Kanada&#8217;n\u0131n baz\u0131 belediyeleri (Pael, Peterborough, Guelp, St. John gibi) lazer sistemiyle \u00e7al\u0131\u015fan bilgisayarl\u0131 bir yol bak\u0131m ve onar\u0131m program\u0131 kullanmaya ba\u015flam\u0131\u015f. yol bak\u0131m ve onar\u0131m kararlar\u0131n\u0131 belediyedeki y\u00f6neticiler de\u011fil &#8220;Bilgisayar&#8221; veriyor. Avustralya&#8217;n\u0131n Melbourne kentinde evlerdeki kat\u0131 at\u0131klar i\u00e7in &#8220;Elektronik \u00e7\u00f6p bidonlar\u0131&#8221; geli\u015ftirilmi\u015f. Bidonlar\u0131n \u00fczerindeki bilgisayar sayesinde \u00e7\u00f6p\u00fcn sahibi belirlenmekte ve bidonlar \u00e7\u00f6p kamyonuna d\u00f6k\u00fcl\u00fcrken i\u00e7erindeki at\u0131\u011f\u0131n a\u011f\u0131rl\u0131\u011f\u0131 \u00f6l\u00e7\u00fclmekte. Bilgisayara kaydedilen bu bilgiler sonucunda &#8221; att\u0131\u011f\u0131n kadar \u00f6de&#8221; sistemi uygulanmakta.\u00a0<\/p>\n\n\n\n<p>Norve\u00e7 yerel y\u00f6netimler birli\u011fi \u00fclke \u00e7a\u011f\u0131nda bir bilgisayar a\u011f\u0131 kurmu\u015f. Yerel y\u00f6netimleri ilgilendiren her karar ve bilgi an\u0131nda belediyelerdeki bilgisayar terminallerine aktar\u0131l\u0131yor. Danimarka&#8217;da \u00e7ok say\u0131da belediye kent merkezlerinde ve banliy\u00f6lerde bilgi merkezleri olu\u015fturmu\u015f. \u00d6rne\u011fin Shaelskoer Belediyesi&#8217;nin bilgi merkezi sosyal tard\u0131mlar i\u00e7in ba\u015fvuru, \u00fccretsiz ula\u015f\u0131m hizmetleri, \u00e7ocuk yuvalar\u0131 ve kre\u015fler gibi konularda hizmet veriyor.\u00a0<\/p>\n\n\n\n<p>\u0130ngiltere&#8217;nin Birmingham kentinde 40&#8217;dan fazla mahalle hizmet b\u00fcrosu var. Bu b\u00fcrolarda kat\u0131l\u0131m\u0131n \u00f6zendirilmesi, hizmetlerin belde halk\u0131n\u0131n aya\u011f\u0131na g\u00f6t\u00fcr\u00fclmesi ve halk\u0131n g\u00fcnl\u00fck ya\u015fam\u0131 ile ilgili soru ve sorunlar\u0131na mahallinde \u00e7\u00f6z\u00fcm getirilmesi i\u00e7in \u00e7al\u0131\u015f\u0131l\u0131yor.<\/p>\n\n\n\n<p>A.B.D.&#8217;nin California eyaletindeki Santa Monica kentinde geli\u015ftirlen sistemde evlerinde bilgisayar\u0131 olanlar, yerel y\u00f6netimin bilgisyar sistemi ile ba\u011flant\u0131 kurabiliyorlar. Bu sayede kentsel hizmetlerle ilgili her t\u00fcrl\u00fc bilgiye ula\u015fabiliyorlar. Ayr\u0131ca elektronik posta kutular\u0131 arac\u0131l\u0131\u011f\u0131yla meclis \u00fcyelerine ve yerel y\u00f6neticiler taleplerini g\u00f6r\u00fc\u015flerini ve ele\u015ftirilerini duyurabiliyorlar.<\/p>\n\n\n\n<p>Fransa&#8217;n\u0131n Dunkerque metropolitan alan\u0131nda yer alan d\u00f6rt b\u00fcy\u00fck yerel y\u00f6netim, y\u00f6relerindeki t\u00fcm do\u011fum, \u00f6l\u00fcm ve evlilik kay\u0131tlar\u0131n\u0131 bigisayarlar\u0131na kaydetmi\u015f. Sistemin bulundu\u011fu merkezlere telefonla ula\u015f\u0131labilmekte ve an\u0131nda istenen bilgilere kavu\u015fulmakta.<\/p>\n\n\n\n<p>Almanya&#8217;n\u0131n Hamburg kentinde yerel y\u00f6netim say\u0131salla\u015ft\u0131r\u0131lm\u0131\u015f co\u011frafi veri taban\u0131na dayal\u0131 bilgisayar sistemi kurmu\u015f. Bu yolla 1\/2500 ile 1\/5000&#8217;lik haritalar elde edilebiliyor. Bilgisayar her t\u00fcrl\u00fc yap\u0131m i\u015finde bir planlama arac\u0131 olarak kullan\u0131l\u0131yor.\u00a0<\/p>\n\n\n\n<p>A.B.D&#8217;nin North Carolina eyaletindeki Rocky Mount belediyesi bilgisayar destekli ileti\u015fim a\u011f\u0131 kurmu\u015f. Hem\u015feriler telefonun tu\u015funa basarak Bilgi Bankalar\u0131na ula\u015fabiliyorlar. B\u00f6ylelikle yerel y\u00f6netimleri ile ilgili t\u00fcm bilgileri an\u0131nda \u00f6\u011frenebiliyorlar.<\/p>\n\n\n\n<p>Gerekli Finans \u0130stanbul&#8217;un modern bir d\u00fcnya kenti olabilmesi i\u00e7in \u00e7ok \u00f6nemli altyap\u0131 yat\u0131r\u0131mlar\u0131na ihtiyac\u0131 vard\u0131r. Bu yat\u0131r\u0131mlar i\u00e7in gerekli finans d\u00fc\u015f\u00fck maliyetli olarak ancak &#8220;\u0130stanbul Vakf\u0131&#8221; kurularak sa\u011flanabilir.<\/p>\n\n\n\n<p>Vak\u0131f b\u00fcnyesinde bulunacak Uluslararas\u0131 Banka, Sigorta, Turizm, Ticaret ve Hizmet birimleri \u0130stanbul&#8217;un d\u00fcnyan\u0131n say\u0131l\u0131 finans, turizm, ticaret, k\u00fclt\u00fcr ve sanat merkezi haline getirecektir.<\/p>\n\n\n\n<p>Vak\u0131f b\u00fcnyesinde kurulacak banka ile Uluslararas\u0131 Finans Pazarlar\u0131na &#8220;Lead Manager&#8221; olarak \u00e7\u0131k\u0131labilecek ve \u00f6zellikle Euro-Pazarlar\u0131ndan d\u00fc\u015f\u00fck faizli ve uzun vadeli Euro-Kredi temin edilebilecek ve en y\u00fcksek fiyata Euro-Tahvil ihra\u00e7 edilebilecektir.\u00a0<\/p>\n\n\n\n<p>Finans+Teknoloji y\u00f6n\u00fcnden g\u00fc\u00e7l\u00fc \u00fclkelerin Uluslararas\u0131 Bankalar\u0131 ile &#8220;Consortium&#8221;lar kurularak \u0130stanbul&#8217;a Uluslararas\u0131 yat\u0131r\u0131mlar\u0131n gelmesi sa\u011flanabilecek.<\/p>\n\n\n\n<p>Ak\u0131ll\u0131k Kart&#8217;lar ile her semte konacak &#8220;Telebank&#8221; b\u00fcfelerinden vatanda\u015flar, yerel y\u00f6netimleri ile ilgili her t\u00fcrl\u00fc bilgileri alabilecekler ve bor\u00e7lar\u0131n\u0131 g\u00fcn\u00fcn 24 saati yat\u0131rabilecekler.\u00a0Bilgi+Proje+Kredi ama\u00e7l\u0131 &#8220;\u0130htisas Bankac\u0131l\u0131\u011f\u0131&#8221; yap\u0131labilecek. Uygun g\u00f6r\u00fclecek projeler halka a\u00e7\u0131larak finans\u0131 hisse senedi sat\u0131\u015f\u0131 ile sa\u011flanabilecek. Vak\u0131f b\u00fcnyesinde kurulacak sigorta \u015firketine vatanda\u015flar hayat, sa\u011fl\u0131k, gayrimenkul, otomobil vb. gibi sigortalar\u0131n\u0131 yapt\u0131rabilecekler ve \u00f6demelerini Telebank b\u00fcfelerine &#8220;Ak\u0131ll\u0131 Kart&#8221;lar\u0131 ile yapabilecekler.<\/p>\n\n\n\n<h4>Altyap\u0131 Projeleri<\/h4>\n\n\n\n<p>Banka ve sigorta hizmetlerinden elde edilecek gelirler altyap\u0131 yat\u0131r\u0131mlar\u0131 i\u00e7in harcanabilecek banka taraf\u0131ndan kredisi sa\u011flanabilecek altyap\u0131 yat\u0131r\u0131m projeleri olarak;<\/p>\n\n\n\n<ol><li><strong>Su \u0130le \u0130lgili Projeler<\/strong><br\/>a) Denizlere d\u00f6k\u00fclen \u00e7aylar ve nehirlerden boru hatlar\u0131 ile su ta\u015f\u0131nmas\u0131 projeleri (B\u00fcy\u00fck Melen Baraj\u0131 ve reg\u00fclat\u00f6r\u00fc vb. gibi)<br\/>b) Su\u00a0 da\u011f\u0131t\u0131m hatlar\u0131n\u0131n s\u0131zd\u0131rmaz ye\u015fil borularla yenilenme projesi<br\/>c) Ya\u011fmur sular\u0131n\u0131n denizlere gitmesi yerine haz\u0131rlanacak g\u00f6let ve sarn\u0131\u00e7lara depolanmas\u0131 projeleri ile mevcut sarn\u0131\u00e7lar\u0131n bak\u0131m\u0131 projeleri<br\/>d) \u0130stanbul&#8217;a su sa\u011flayan mevcut baraj g\u00f6llerinin sanayi ve evsel at\u0131klarla kirletilmesinin \u00f6nlenmesi projeleri<br\/>e) En son teknoloji ar\u0131tma projeleri ile musluklardan akan suyun i\u00e7ilebilir hale getirilmesi projeleri <br\/>f) \u0130\u00e7me suyu kontrol istasyonlar\u0131 projeleri<\/li><li><strong>\u00c7\u00f6p \u0130le \u0130lgili<\/strong> <strong>Projeler<\/strong><br\/>a) \u00c7\u00f6p santralleri projeleri<br\/>b) Geri d\u00f6nebilir \u00e7\u00f6plerin (cam, plastik, metal, ka\u011f\u0131t vb. gibi) \u00d6zel kurulu\u015flar taraf\u0131ndan toplanmas\u0131 ve de\u011ferlendirilmesi projeleri.<br\/><\/li><li><strong>Enerji \u0130le \u0130lgili Projeler<br\/><\/strong>a) Do\u011falgaza dayal\u0131 enerji santralleri kurulmas\u0131 projeleri<br\/>b) \u0130kitelli organize sanayi b\u00f6lgesi, Tuzla deri organize sanayi b\u00f6lgesi ve tersaneler b\u00f6lgesi, \u0130MES Organize sanayi b\u00f6lgesi vb. gibi sanayi b\u00f6lgeleri ile b\u00fcy\u00fck sanayilerin kendi \u00f6zel enerji santrallerini do\u011falgaza dayal\u0131 olarak kurmalar\u0131 projeleri<\/li><li><strong>Ula\u015f\u0131m \u0130le \u0130lgili projeler<br\/><\/strong>a) Denizyolu ula\u015f\u0131m\u0131 i\u00e7in modern deniz otob\u00fcsleri projeleri ile iskeleleri projeleri<br\/>b) Elektrikli banliy\u00f6 tren hatlar\u0131n\u0131n tramway hatlar\u0131n\u0131n uzat\u0131lmas\u0131 ve ara\u00e7lar\u0131n modern ara\u00e7larla yenilenmesi projesi<br\/>c) Ayakta yolcu almayacak \u00e7ift katl\u0131 otob\u00fcs projeleri<br\/>d) Otopark Projeleri<br\/>e) Teleferik Projeleri<br\/>f) Helikopter ve Heliport projeleri<br\/>g) T\u00fcp ge\u00e7it projesi<br\/>h) Ah\u0131rkap\u0131 &#8211; Salacak aras\u0131 Asma k\u00f6pr\u00fc projesi\u00a0<br\/>i) Liman, h\u0131zl\u0131 tren ve h\u0131zl\u0131 tramway projeleri<\/li><li><strong>Sa\u011fl\u0131k \u0130le \u0130lgili<\/strong> <strong>Projeler<br\/><\/strong>a) Tam te\u015fekk\u00fcll\u00fc kara modern hastane projeleri<br\/>b) Tam te\u015fekk\u00fcll\u00fc kara ambulans\u0131 projeleri, helikopter ambulans projeleri ve deniz ambulans\u0131 projeleri<br\/>c) Semt poliklinikleri ile gezici sa\u011fl\u0131k kontrol ara\u00e7lar\u0131 projeleri<br\/>d) Hastane gemisi projeleri<br\/>e) Huzurevi ve a\u015fhane projeleri<br\/>f) Semt kre\u015fleri projeleri<\/li><li><strong>\u00c7evre \u0130le \u0130lgili Projeler<br\/><\/strong>a) Pis su ar\u0131tma tesisleri projeleri<br\/>b) Bacalar ve eksozlar i\u00e7in filtre projeleri<br\/>c) Temizlik ara\u00e7 ve gere\u00e7leri projesi<br\/>d) A\u011fa\u00e7land\u0131rma projeleri<br\/>e) \u00c7evre temizli\u011fi e\u011fitimi projeleri<\/li><li><strong>\u0130tfaiye \u0130le \u0130lgili Projeler<br\/><\/strong>a) Modern itfaiye ara\u00e7 ve gere\u00e7leri projeleri<br\/>b) \u0130tfaiye okuluna ba\u011fl\u0131 gezici itfaiye e\u011fitim arac\u0131 projesi<br\/>c) Deniz itfaiyesi kurulmas\u0131 ve itfaiye helikopterleri projeleri<br\/>d) Hava itfaiyesi kurulmas\u0131 ve itfaiye helikopterleri projeleri<br\/>e) Yerle\u015fim ve i\u015f merkezleri ile sanayilerin yang\u0131ndan korunmas\u0131 projeleri<br\/><\/li><li><strong>Hipermarket Projeleri<br\/><\/strong>a) \u00dcreticiden t\u00fcketiciye direkt sat\u0131\u015f\u0131n yap\u0131laca\u011f\u0131 modern hiper marketlerin kurulmas\u0131 projeleri<br\/>b) Kurulacak hipermarketlerde g\u0131da-giyim ve ihtiya\u00e7 maddeleri yan\u0131nda beyaz e\u015fya, k\u0131rtasiye, elektronik, mobilya ve otomotiv te\u00e7hizatlar\u0131 gibi her t\u00fcrl\u00fc mal\u0131n sat\u0131\u015f\u0131n\u0131n yap\u0131lmas\u0131 projeleri<\/li><li><strong>Turizm ve Ticaret Merkezleri Kurulmas\u0131 \u0130le \u0130lgili Projeler<\/strong>\u00a0<br\/>a) Hali\u00e7&#8217;in Yat Liman\u0131 yap\u0131lmas\u0131 projesi (Cibali Sigara Fabrikas\u0131n\u0131n be\u015f y\u0131ld\u0131zl\u0131 otel yap\u0131lmas\u0131 i\u00e7in TEKEL ile g\u00f6r\u00fc\u015f\u00fclmesi)<br\/>b) Sarayburnu &#8211; Atak\u00f6y aras\u0131 sahil band\u0131n\u0131n Turizm ve Ticaret merkezleri kurularak de\u011ferlendirilmesi projeleri. \u00d6rne\u011fin;<br\/>* Yedikule&#8217;deki Gazhane&#8217;nin yerine be\u015f y\u0131ld\u0131zl\u0131 otel ve ticaret merkezi yap\u0131lmas\u0131 projesi<br\/>* Zeytinburnu sahil yolu \u00fczerinde bulunan eski \u00c7imento fabrikas\u0131 ile yan\u0131nda bulunan Et ve Bal\u0131k Kurumu&#8217;na ait saha ile askeri sahan\u0131n g\u00f6r\u00fc\u015f\u00fclerek K\u00fclt\u00fcr &#8211; Turizm ve Ticaret merkezileri olarak projelendirilmesi<br\/>* Kazl\u0131\u00e7e\u015fme&#8217;ye Dericilik M\u00fczesi yap\u0131lmas\u0131 projesi<br\/>c) Kongre turizmi i\u00e7in uluslararas\u0131 standartta bir Tatil K\u00f6y\u00fc&#8217;n\u00fcn kurulmas\u0131 projesi<br\/>d) \u0130stanbul&#8217;da y\u0131lboyu a\u00e7\u0131k olacak Uluslararas\u0131 \u0130htisas Fuar\u0131 kurulmas\u0131 projesi<br\/>e) Beykoz&#8217;un maharetli cam ustalar\u0131n\u0131 bir araya gtirecek bir CamK\u00f6y&#8217;\u00fcn kurulmas\u0131 ve buran\u0131n \u00f6ne\u00f6li bir D\u00fcnya Cam Merkezi haline geitirlmesi projesi<br\/>f) L\u00fcks yolcu gemilerinin yana\u015ft\u0131\u011f\u0131 Sal\u0131pazar\u0131 r\u0131ht\u0131m\u0131 ve antrepolar\u0131n bulundu\u011fu sahan\u0131n Turizm ve Ticaret Merkezi olarak projelendirilmesi i\u00e7in sahibi Kurum ile g\u00f6r\u00fc\u015f\u00fclmesi\u00a0<br\/>g) Uluslararas\u0131 Film M\u00fczik ve Spor Festivalleri&#8217;nin d\u00fczenlenmesi projeleri<br\/>h) \u0130stinye Koyu&#8217;nun yat Liman\u0131 ve Otel yap\u0131lmas\u0131 projesi<\/li><li><strong> E\u011fitim \u0130le \u0130lgili Projeler<br\/><\/strong>a) El sanatlar\u0131 e\u011fitim merkezleri kurulmas\u0131 projesi<br\/>b) \u015eehir tiyatrolar\u0131n\u0131n geli\u015ftirilmesi ve tiyatro say\u0131s\u0131n\u0131n art\u0131r\u0131lmas\u0131 projesi<br\/>c) Uluslararas\u0131 k\u00fclt\u00fcr ve sanat festivallerinin d\u00fczenlenmesi projesi<\/li><\/ol>\n\n\n\n<p><\/p>\n","protected":false},"excerpt":{"rendered":"<p>Haziran 1996 &#8211; D\u00fcnya Gazetesi H\u0131zla artan n\u00fcfusu ile k\u00fc\u00e7\u00fck bir avrupa \u00fclkesi b\u00fcy\u00fckl\u00fc\u011f\u00fcne ula\u015fan istanbul&#8217;un yerel y\u00f6netimi ancak &#8220;Bilgi Teknolojisi&#8221; kullan\u0131larak y\u00fcr\u00fct\u00fclebilir. Sorunlar, yerel&#8230;<\/p>\n","protected":false},"author":1,"featured_media":0,"parent":0,"menu_order":0,"comment_status":"closed","ping_status":"closed","template":"","meta":[],"_links":{"self":[{"href":"https:\/\/erdogankutlu.com\/index.php\/wp-json\/wp\/v2\/pages\/260"}],"collection":[{"href":"https:\/\/erdogankutlu.com\/index.php\/wp-json\/wp\/v2\/pages"}],"about":[{"href":"https:\/\/erdogankutlu.com\/index.php\/wp-json\/wp\/v2\/types\/page"}],"author":[{"embeddable":true,"href":"https:\/\/erdogankutlu.com\/index.php\/wp-json\/wp\/v2\/users\/1"}],"replies":[{"embeddable":true,"href":"https:\/\/erdogankutlu.com\/index.php\/wp-json\/wp\/v2\/comments?post=260"}],"version-history":[{"count":1,"href":"https:\/\/erdogankutlu.com\/index.php\/wp-json\/wp\/v2\/pages\/260\/revisions"}],"predecessor-version":[{"id":261,"href":"https:\/\/erdogankutlu.com\/index.php\/wp-json\/wp\/v2\/pages\/260\/revisions\/261"}],"wp:attachment":[{"href":"https:\/\/erdogankutlu.com\/index.php\/wp-json\/wp\/v2\/media?parent=260"}],"curies":[{"name":"wp","href":"https:\/\/api.w.org\/{rel}","templated":true}]}}