{"id":282,"date":"2018-10-02T14:44:46","date_gmt":"2018-10-02T11:44:46","guid":{"rendered":"http:\/\/erdogankutlu.com\/yeni\/wordpress\/?page_id=282"},"modified":"2018-11-28T19:50:39","modified_gmt":"2018-11-28T16:50:39","slug":"ulasim","status":"publish","type":"page","link":"https:\/\/erdogankutlu.com\/index.php\/ulasim\/","title":{"rendered":"ULA\u015eIM"},"content":{"rendered":"\n<div class=\"wp-block-columns has-3-columns\">\n<div class=\"wp-block-column\">\n<div class=\"wp-block-image\"><figure class=\"aligncenter\"><img loading=\"lazy\" width=\"211\" height=\"55\" src=\"http:\/\/erdogankutlu.com\/wp-content\/uploads\/2018\/10\/maersk.jpg\" alt=\"\" class=\"wp-image-270\"\/><\/figure><\/div>\n<\/div>\n\n\n\n<div class=\"wp-block-column\">\n<h3 style=\"text-align:center\"><a href=\"http:\/\/erdogankutlu.com\/index.php\/transit-ticarete-uyumlu-ulasim-projeleri\/\">Transit Ticarete Uyumlu Ula\u015f\u0131m Projeleri<\/a><\/h3>\n\n\n\n<div style=\"height:20px\" aria-hidden=\"true\" class=\"wp-block-spacer\"><\/div>\n\n\n\n<h3 style=\"text-align:center\"><a href=\"http:\/\/erdogankutlu.com\/index.php\/ulasim-ile-ilgili-dusunebilecek-bazi-projeler\/\">Ula\u015f\u0131m ile ilgili D\u00fc\u015f\u00fcnebilecek Baz\u0131 Projeler<\/a><\/h3>\n\n\n\n<div style=\"height:20px\" aria-hidden=\"true\" class=\"wp-block-spacer\"><\/div>\n\n\n\n<h3 style=\"text-align:center\"><a href=\"http:\/\/erdogankutlu.com\/index.php\/ulastirma-ekonomisi-ve-teknolojisi\/\">Ula\u015ft\u0131rma Ekonomisi ve Teknolojisi<\/a><\/h3>\n\n\n\n<div style=\"height:20px\" aria-hidden=\"true\" class=\"wp-block-spacer\"><\/div>\n<\/div>\n\n\n\n<div class=\"wp-block-column\">\n<div class=\"wp-block-image\"><figure class=\"aligncenter\"><img loading=\"lazy\" width=\"351\" height=\"220\" src=\"http:\/\/erdogankutlu.com\/wp-content\/uploads\/2018\/10\/gemi-1.jpg\" alt=\"\" class=\"wp-image-272\" srcset=\"https:\/\/erdogankutlu.com\/wp-content\/uploads\/2018\/10\/gemi-1.jpg 351w, https:\/\/erdogankutlu.com\/wp-content\/uploads\/2018\/10\/gemi-1-300x188.jpg 300w\" sizes=\"(max-width: 351px) 100vw, 351px\" \/><\/figure><\/div>\n<\/div>\n<\/div>\n","protected":false},"excerpt":{"rendered":"<p>Transit Ticarete Uyumlu Ula\u015f\u0131m Projeleri Ula\u015f\u0131m ile ilgili D\u00fc\u015f\u00fcnebilecek Baz\u0131 Projeler Ula\u015ft\u0131rma Ekonomisi ve Teknolojisi<\/p>\n","protected":false},"author":1,"featured_media":0,"parent":0,"menu_order":0,"comment_status":"closed","ping_status":"closed","template":"","meta":[],"_links":{"self":[{"href":"https:\/\/erdogankutlu.com\/index.php\/wp-json\/wp\/v2\/pages\/282"}],"collection":[{"href":"https:\/\/erdogankutlu.com\/index.php\/wp-json\/wp\/v2\/pages"}],"about":[{"href":"https:\/\/erdogankutlu.com\/index.php\/wp-json\/wp\/v2\/types\/page"}],"author":[{"embeddable":true,"href":"https:\/\/erdogankutlu.com\/index.php\/wp-json\/wp\/v2\/users\/1"}],"replies":[{"embeddable":true,"href":"https:\/\/erdogankutlu.com\/index.php\/wp-json\/wp\/v2\/comments?post=282"}],"version-history":[{"count":4,"href":"https:\/\/erdogankutlu.com\/index.php\/wp-json\/wp\/v2\/pages\/282\/revisions"}],"predecessor-version":[{"id":386,"href":"https:\/\/erdogankutlu.com\/index.php\/wp-json\/wp\/v2\/pages\/282\/revisions\/386"}],"wp:attachment":[{"href":"https:\/\/erdogankutlu.com\/index.php\/wp-json\/wp\/v2\/media?parent=282"}],"curies":[{"name":"wp","href":"https:\/\/api.w.org\/{rel}","templated":true}]}}