{"id":372,"date":"2018-10-05T11:52:47","date_gmt":"2018-10-05T08:52:47","guid":{"rendered":"http:\/\/erdogankutlu.com\/?page_id=372"},"modified":"2018-10-05T11:57:08","modified_gmt":"2018-10-05T08:57:08","slug":"4-sanayi-devrimi-nasil-yonetilmeli","status":"publish","type":"page","link":"https:\/\/erdogankutlu.com\/index.php\/4-sanayi-devrimi-nasil-yonetilmeli\/","title":{"rendered":"4. Sanayi devrimi nas\u0131l y\u00f6netilmeli ?"},"content":{"rendered":"\n<div class=\"wp-block-image\"><figure class=\"aligncenter\"><img loading=\"lazy\" width=\"531\" height=\"399\" src=\"http:\/\/erdogankutlu.com\/wp-content\/uploads\/2018\/10\/Screen-Shot-2018-10-05-at-11.33.29-1.png\" alt=\"\" class=\"wp-image-373\" srcset=\"https:\/\/erdogankutlu.com\/wp-content\/uploads\/2018\/10\/Screen-Shot-2018-10-05-at-11.33.29-1.png 531w, https:\/\/erdogankutlu.com\/wp-content\/uploads\/2018\/10\/Screen-Shot-2018-10-05-at-11.33.29-1-300x225.png 300w\" sizes=\"(max-width: 531px) 100vw, 531px\" \/><\/figure><\/div>\n\n\n\n<p><em>21 Haziran 2016 D\u00dcNYA GAZETES\u0130<\/em><\/p>\n\n\n\n<p>20-23 Ocak 2016 tarihleri aras\u0131nda \u0130svi\u00e7re Davos\u2019ta d\u00fczenlenen \u2018D\u00fcnya Ekonomi Forumu\u2019nun bu y\u0131lki konusu, \u20184. Sanayi Devrimi Nas\u0131l Y\u00f6netilmeli\u2019 idi.<\/p>\n\n\n\n<h2>4. Sanayi Devrimi<\/h2>\n\n\n\n<p>Geli\u015fmi\u015f \u00fclkelerde s\u00fcper iletkenlerin \u00fcretimi ile ba\u015flad\u0131. Micro-chip, s\u00fcper bilgisayarlar, ileti\u015fim uydular\u0131, internet ileti\u015fim sistemlerinin geli\u015ftirilmesi, GPS, GSM, NAVTEX t\u00fcr\u00fc uydu ileti\u015fimini sa\u011flayan cihazlar, sanayi ve hizmet tipi robotlar, t\u0131bbi tip robotlar, positron emisyonlu tomografi (PET) cihazlar\u0131, ve 3 boyutlu yaz\u0131c\u0131lar\u0131n \u00fcretimi ile 4. Sanayi Devrimi devam etmektedir.\u00a0<\/p>\n\n\n\n<p>Bu geli\u015fmeler \u00fcretim ve ya\u015fam k\u00fclt\u00fcrlerini de de\u011fi\u015ftirmektedir.<\/p>\n\n\n\n<p>Geli\u015fmi\u015f \u00fclkeler, bili\u015fim ve teknolojideki \u2018Ar-Ge\u2019 \u00e7al\u0131\u015fmalar\u0131 ile art\u0131k 5. Sanayi Devrimi\u2019ne haz\u0131rlan\u0131yorlar. Yapay beyinler, y\u00f6netici robotlar ve nanochipler geliyor. Ayr\u0131ca enerji uydular ile g\u00fcne\u015ften elde edilecek elektrik enerjisinin kablosuz olarak d\u00fcnyaya g\u00f6nderilmesi (g\u00fcne\u015fin \u0131s\u0131 enerjisinin kablosuz olarak d\u00fcnyaya gelmesi gibi) ve cisimlerin yine \u00f6zel uydular kanal\u0131yla bir noktadan di\u011fer noktaya \u0131\u015f\u0131nlanabilmesi \u00e7al\u0131\u015fmalar\u0131 ba\u015far\u0131 ile devam etmekte.<\/p>\n\n\n\n<p>Bu \u00e7al\u0131\u015fmalar\u0131n da uygulamaya ge\u00e7mesi ile \u00fcretim ve ya\u015fam k\u00fclt\u00fcrleri geli\u015fmi\u015f \u00fclkelerde daha da de\u011fi\u015fecek.<\/p>\n\n\n\n<p>Geli\u015fmi\u015f \u00fclkeler bu d\u00fczeye bilime ve sanata \u00f6nem vererek ve bilimsel devrimler yaparak ula\u015fm\u0131\u015flard\u0131r.<\/p>\n\n\n\n<p>1) Buhar enerjisini ve pistonlu buhar makinelerini geli\u015ftirerek 1. Sanayi Devrimi\u2019ni;<\/p>\n\n\n\n<p>2)Elektrik enerjisini bularak dinamolar\u0131, alternat\u00f6rlerini, i\u00e7ten yanmal\u0131 makineleri, jenerat\u00f6rleri, buhar t\u00fcrbinlerini, gaz t\u00fcrbinlerini, baraj t\u00fcrbinlerini geli\u015ftirerek 2. Sanayi Devrimi\u2019ni;<\/p>\n\n\n\n<p>3) Elektronik sistemlerin geli\u015ftirilmesi ile haberle\u015fme ve ileti\u015fim sistemlerindeki geli\u015fmeleri sa\u011flayarak 3. Sanayi Devrimi\u2019ni ger\u00e7ekle\u015ftirmi\u015flerdir.<\/p>\n\n\n\n<p>Geli\u015fmi\u015f \u00fclkeler bu geli\u015fmeleri sa\u011flayarak tar\u0131m toplumundan sanayi toplumuna ge\u00e7mi\u015flerdir. 4.\u00a0Sanayi Devrimi ile de sanayi toplumundan bilgi toplumu d\u00fczeyine y\u00fckselmi\u015flerdir.<\/p>\n\n\n\n<p>Geli\u015fmi\u015f \u00fclkeler art\u0131k \u00fcretimlerini robotlar ile 3 (\u00fc\u00e7) boyutlu yaz\u0131c\u0131lar ile \u00fcretiyor; ileti\u015fimlerini en son teknolojiler ile geli\u015ftirilmi\u015f cihazlar ile yap\u0131yorlar; daha fazla \u00fcretiyorlar<br\/>ve daha ucuza mal ediyorlar.<\/p>\n\n\n\n<p>\u0130\u015fte Davos\u2019ta d\u00fczenlenen forumda g\u00fcndem \u2018bu devrim nas\u0131l y\u00f6netilmeli\u2019 idi.<\/p>\n\n\n\n<p>Sanayide ve hizmet sekt\u00f6r\u00fcnde uydu ileti\u015fimli cihazlar ile y\u00f6netilebilen robotlar\u0131n, robotik sistemlerin ve 3 boyutlu yaz\u0131c\u0131lar\u0131n \u00fcretim sahalar\u0131n\u0131 ele ge\u00e7irmesi sonucu meydana gelecek i\u015fsizlik nas\u0131l y\u00f6netilecek ve \u00fcretilecek \u00fcr\u00fcnlerle geli\u015fmekte olan \u00fclkeler nas\u0131l rekabet edecekler?<\/p>\n\n\n\n<p>\u00c7\u00fcnk\u00fc robotlar\u0131n sendikalar\u0131 yok, maa\u015flar\u0131 yok, sosyal g\u00fcvenlikleri, k\u0131dem tazminatlar\u0131\u2026 vb gibi giderleri yok. Robotik sistemler ile 3 boyutlu \u00fcretimlerde hem maliyetler \u00e7ok d\u00fc\u015f\u00fck, hem \u00fcretim kapasiteleri \u00e7ok y\u00fcksek. Ayr\u0131ca son derece kaliteli ve defolar\u0131 yok.<\/p>\n\n\n\n<p>Bu nedenle geli\u015fmekte olan \u00fclkeleri zor g\u00fcnler bekliyor.<\/p>\n\n\n\n<p>Geli\u015fmekte olan \u00fclkemizin, geli\u015fen teknolojiler kar\u015f\u0131s\u0131nda zor durumda kalmamas\u0131 i\u00e7in;<\/p>\n\n\n\n<h2>1) E\u011fitim sistemimizin \u00e7a\u011fda\u015fla\u015ft\u0131r\u0131lmas\u0131<\/h2>\n\n\n\n<p>a) Ezberci yap\u0131dan ara\u015ft\u0131rmaya, geli\u015ftirmeye dayal\u0131 ve yarat\u0131c\u0131l\u0131\u011f\u0131 geli\u015ftirecek uygulamal\u0131 \u00e7a\u011fda\u015f e\u011fitim sistemine ge\u00e7ilmesi;<br\/>b) Geli\u015fen teknolojilerin beraberinde getirdi\u011fi yeni meslek dallar\u0131n\u0131n e\u011fitim sistemimize ilave edilmesi (Genetik m\u00fchendisli\u011fi, robot m\u00fchendisli\u011fi, mekatronik m\u00fchendisli\u011fi, uzay \/ uydu m\u00fchendisli\u011fi, \u0131\u015f\u0131k\/\u0131\u015f\u0131n m\u00fchendisli\u011fi,enerji m\u00fchendisli\u011fi biotech m\u00fchendisli\u011fi, lazer m\u00fchendisli\u011fi ve teknisyenli\u011fi ile, finans m\u00fchendisli\u011fi ile uzmanl\u0131\u011f\u0131 gibi\u2026)<br\/>c) E\u011fitim ve \u00f6\u011fretim sistemimizde g\u00fczel sanatlar e\u011fitimine \u00f6nem verilmesi (bilim ve sanat bir ku\u015fun iki kanad\u0131 gibidir)<br\/>d) E\u011fitim m\u00fcfredat\u0131m\u0131z\u0131n laik, \u00e7a\u011fda\u015f ve milli olmas\u0131 (T\u00fcrkiye Cumhuriyeti\u2019nin kurulu\u015fu ve bu u\u011furda verilen milli m\u00fccadelenin nas\u0131l kazan\u0131ld\u0131\u011f\u0131, 1923-1938 aras\u0131 d\u00fcnyaya \u00f6rnek olan milli kalk\u0131nman\u0131n nas\u0131l sa\u011fland\u0131\u011f\u0131 ve yap\u0131lan \u00e7a\u011fda\u015f devrimlerin neler oldu\u011fu, tam ba\u011f\u0131ms\u0131z<br\/>antiemperyalist \u00e7a\u011fda\u015f T\u00fcrkiye\u2019den bug\u00fcnlere nas\u0131l gelindi\u011fini her vatanda\u015f bilmelidir.)<br\/>e) Okullarda m\u00fcnazaralar\u0131n yap\u0131lmas\u0131 ve okullar aras\u0131 bilgi yar\u0131\u015fmalar\u0131n\u0131n d\u00fczenlenmesi<br\/>f) \u00d6\u011fretim elemanlar\u0131n\u0131n e\u011fitimine son derece \u00f6nem verilmesi ve \u00f6zel olarak yeti\u015ftirilmesi<br\/>gerekmektedir.<\/p>\n\n\n\n<h2>2) Teknoloji geli\u015ftirilmesi<\/h2>\n\n\n\n<p>Geli\u015fmekte olan \u00fclkemizin geli\u015fmi\u015f \u00fclkeler d\u00fczeyine y\u00fckselebilmesi ve sanayi toplumundan bilgi toplumuna ge\u00e7ebilmesi i\u00e7in, bilimsel devrimler yapmas\u0131 gerekmektedir. Bunun ba\u015far\u0131labilmesi i\u00e7in; <br\/>a) Teknoloji fonunun olu\u015fturulmas\u0131 (Kaynak olarak teknoloji yo\u011fun \u00fcr\u00fcnlerin ithallerinde g\u00fcmr\u00fck vergilerine ilave olarak fon kesintileri yap\u0131larak sa\u011flanabilir.)<br\/>b) Teknoloji yo\u011fun \u00fcr\u00fcnleri \u00fcretecek olan sanayicilere, d\u00fc\u015f\u00fck faizli \/ uzun vadeli kredi verecek ihtisas bankas\u0131 konumunda T\u00fcrkiye Teknoloji Bankas\u0131\u2019n\u0131n kurulmas\u0131<br\/>c) Teknoloji yo\u011fun proje yar\u0131\u015fmalar\u0131n\u0131n (ProjeT\u00fcrk) d\u00fczenlenmesi<br\/>d) Proje pazarlar\u0131n\u0131n kurulmas\u0131 (Teknoloji yo\u011fun \u00fcr\u00fcnlerin sergilenece\u011fi proje pazarlar\u0131nda proje sahipleri ile yat\u0131r\u0131mc\u0131lar\u0131n bulu\u015fturulmas\u0131.)<br\/>e) Organize teknoloji b\u00f6lgelerinin kurulmas\u0131 (Katma de\u011feri y\u00fcksek ileri teknoloji yo\u011fun \u00fcr\u00fcnleri \u00fcretecek sanayilerin bir arada olaca\u011f\u0131 ve b\u00fcnyelerinde Ar-Ge enstit\u00fclerinin<br\/>bulunaca\u011f\u0131 \u00f6zel b\u00f6lgelerin kurulmas\u0131)<br\/>f) \u00dcniversitelerimizin \u00f6zerk olmas\u0131 ve \u00f6zg\u00fcrce d\u00fc\u015f\u00fcnme ile konu\u015fman\u0131n \u00f6n\u00fcn\u00fcn a\u00e7\u0131lmas\u0131. Y\u00d6K\u2019\u00fcn konumunun yeniden belirlenmesi ve profes\u00f6r. olabilmenin yeterliliklerinin y\u00fckseltilmesi, patent sahibi olanlar\u0131n tercih edilmesi,<br\/>g) T\u00fcrkiye Teknoloji Merkezi\u2019nin kurulmas\u0131 ve b\u00fcnyesinde genetic-tech, hi-tech, nano-tech ve space-tech enstit\u00fclerinin bulunmas\u0131 (Ar-Ge giderlerinin teknoloji fonundan kar\u015f\u0131lanmas\u0131)<br\/>h) Kamuoyunun ve yat\u0131r\u0131mc\u0131lar\u0131n bu konularda bilgilendirilmesi ve tasarruflar\u0131n\u0131n bu t\u00fcr yat\u0131r\u0131mlara y\u00f6nlendirilmesi sa\u011flanmal\u0131d\u0131r.<\/p>\n\n\n\n<h2>3) K\u00fcresel vizyonumuzun belirlenmesi<\/h2>\n\n\n\n<p>Fert ba\u015f\u0131na milli geliri 10 bin ABD Dolar\u0131 civar\u0131nda olan ve n\u00fcfusu h\u0131zla artan \u00fclkemizin gelecekle ilgili hedeflerinin belirlenmesi ve hedefe ula\u015ft\u0131racak projenin haz\u0131rlanmas\u0131.<\/p>\n\n\n\n<p>\u00d6rne\u011fin \u0130svi\u00e7re fert ba\u015f\u0131na milli geliri 80 bin ABD Dolar\u0131 ve d\u0131\u015f ticaret fazlas\u0131 30 milyar ABD Dolar\u0131. \u0130svi\u00e7re bunu nas\u0131l ba\u015fard\u0131? \u0130ncelendi\u011finde bu ba\u015far\u0131s\u0131n\u0131 \u00e7a\u011fda\u015f e\u011fitim ile demokratik y\u00f6netim yap\u0131lanmas\u0131na ve adalet sistemine bor\u00e7lu oldu\u011fu g\u00f6r\u00fclmektedir. Geli\u015fmi\u015f \u00fclke d\u00fczeyine y\u00fckselmesini de katma de\u011feri y\u00fcksek \u00fcr\u00fcnleri \u00fcreterek ve d\u0131\u015f ticarete \u00f6nem vererek ba\u015farmaktad\u0131r.<\/p>\n\n\n\n<p>\u00d6rne\u011fin otomobil \u00fcretmiyor, saat \u00fcretiyor, alt\u0131n ve p\u0131rlantalar ile tasar\u0131mlar yaparak paha bi\u00e7ilmez m\u00fccevherler geli\u015ftiriyor. Buhar t\u00fcrbinleri \u00fcretiyor, rulman \u00fcretiyor, ila\u00e7 \u00fcretiyor, t\u0131bbi cihazlar \u00fcretiyor. \u00dcretim ve turizm ama\u00e7l\u0131 k\u00f6ylerinde modern hayvanc\u0131l\u0131k \u00fcr\u00fcnleri<br\/>\u00fcretiliyor. Teknoloji yo\u011fun \u00fcr\u00fcnler \u00fcretiyor.<\/p>\n\n\n\n<p>Ayr\u0131ca petrol\u00fc yok ama, d\u00fcnya petrol\u00fcn\u00fcn y\u00fczde 30\u2019unu pazarl\u0131yor. Alt\u0131n\u0131 yok ama, d\u00fcnya alt\u0131n pazar\u0131n\u0131n y\u00fczde 60\u2019\u0131n\u0131 y\u00f6netiyor. Denizi yok ama, d\u00fcnya deniz ticaretinde \u00f6zellikle Bulk\/Ore t\u00fcr\u00fc gemileri ile \u00f6nemli bir tonaja sahip.<\/p>\n\n\n\n<p>Hukuka olan ba\u011fl\u0131l\u0131\u011f\u0131 ile de uluslararas\u0131 bankalar\u0131n bulundu\u011fu \u00f6nemli bir finans merkezi. AB \u00fclkelerinin aras\u0131nda ve \u00fcyelik teklif ediliyor; kabul etmiyor. Uluslararas\u0131 g\u00f6r\u00fc\u015fmelerin \u00e7o\u011fu orada yap\u0131l\u0131yor.<\/p>\n\n\n\n<p>\u00d6zetle \u00fclkemizin de geli\u015fmi\u015f \u00fclkeler s\u0131n\u0131f\u0131na \u00e7\u0131kmas\u0131 ve bilgi toplumu d\u00fczeyine ula\u015fabilmesi i\u00e7in e\u011fitim sistemimizin \u00e7a\u011fda\u015fla\u015ft\u0131r\u0131lmas\u0131, teknoloji geli\u015ftirilmesi ve bilimsel devrimler yapmas\u0131 gerekmektedir.<\/p>\n\n\n\n<p>Bunun i\u00e7in k\u00fcresel vizyonumuzun belirlenmesi ve projelerin haz\u0131rlanmas\u0131 \u00f6nem arz etmektedir.<\/p>\n\n\n\n<p>Konuyla ilgili d\u00fc\u015f\u00fcnceler hakk\u0131nda www.erdogankutlu.com adresinden detayl\u0131 bilgi alabilirsiniz.<\/p>\n","protected":false},"excerpt":{"rendered":"<p>21 Haziran 2016 D\u00dcNYA GAZETES\u0130 20-23 Ocak 2016 tarihleri aras\u0131nda \u0130svi\u00e7re Davos\u2019ta d\u00fczenlenen \u2018D\u00fcnya Ekonomi Forumu\u2019nun bu y\u0131lki konusu, \u20184. Sanayi Devrimi Nas\u0131l Y\u00f6netilmeli\u2019 idi.&#8230;<\/p>\n","protected":false},"author":1,"featured_media":0,"parent":0,"menu_order":0,"comment_status":"closed","ping_status":"closed","template":"","meta":[],"_links":{"self":[{"href":"https:\/\/erdogankutlu.com\/index.php\/wp-json\/wp\/v2\/pages\/372"}],"collection":[{"href":"https:\/\/erdogankutlu.com\/index.php\/wp-json\/wp\/v2\/pages"}],"about":[{"href":"https:\/\/erdogankutlu.com\/index.php\/wp-json\/wp\/v2\/types\/page"}],"author":[{"embeddable":true,"href":"https:\/\/erdogankutlu.com\/index.php\/wp-json\/wp\/v2\/users\/1"}],"replies":[{"embeddable":true,"href":"https:\/\/erdogankutlu.com\/index.php\/wp-json\/wp\/v2\/comments?post=372"}],"version-history":[{"count":5,"href":"https:\/\/erdogankutlu.com\/index.php\/wp-json\/wp\/v2\/pages\/372\/revisions"}],"predecessor-version":[{"id":381,"href":"https:\/\/erdogankutlu.com\/index.php\/wp-json\/wp\/v2\/pages\/372\/revisions\/381"}],"wp:attachment":[{"href":"https:\/\/erdogankutlu.com\/index.php\/wp-json\/wp\/v2\/media?parent=372"}],"curies":[{"name":"wp","href":"https:\/\/api.w.org\/{rel}","templated":true}]}}