{"id":422,"date":"2019-05-31T10:51:47","date_gmt":"2019-05-31T07:51:47","guid":{"rendered":"http:\/\/erdogankutlu.com\/?page_id=422"},"modified":"2019-05-31T10:51:48","modified_gmt":"2019-05-31T07:51:48","slug":"faydali-bilgiler","status":"publish","type":"page","link":"https:\/\/erdogankutlu.com\/index.php\/faydali-bilgiler\/","title":{"rendered":"FAYDALI B\u0130LG\u0130LER"},"content":{"rendered":"\n<div class=\"wp-block-columns has-3-columns\">\n<div class=\"wp-block-column\">\n<p><\/p>\n<\/div>\n\n\n\n<div class=\"wp-block-column\">\n<h3 style=\"text-align:center\"><a href=\"http:\/\/erdogankutlu.com\/index.php\/gelecegin-planlamasi-yapilirken\/\">OSMANLI \u0130MPARATORLU\u011eU<\/a><\/h3>\n\n\n\n<div style=\"height:20px\" aria-hidden=\"true\" class=\"wp-block-spacer\"><\/div>\n\n\n\n<h3 style=\"text-align:center\"><a href=\"http:\/\/erdogankutlu.com\/index.php\/gelecegin-aristokratlari\/\">M\u0130LL\u0130 KALKINMA PROJES\u0130<\/a><\/h3>\n\n\n\n<div style=\"height:20px\" aria-hidden=\"true\" class=\"wp-block-spacer\"><\/div>\n\n\n\n<h3 style=\"text-align:center\"><a href=\"https:\/\/erdogankutlu.com\/index.php\/cumhuriyet-demokrasi-bilim-ve-sanat\/\">CUMHUR\u0130YET, DEMOKRAS\u0130, B\u0130L\u0130M VE SANAT<\/a><\/h3>\n\n\n\n<div style=\"height:20px\" aria-hidden=\"true\" class=\"wp-block-spacer\"><\/div>\n\n\n\n<h3 style=\"text-align:center\"><a href=\"https:\/\/erdogankutlu.com\/index.php\/milli-varliklarimiz\/\">M\u0130LL\u0130 VARLIKLARIMIZ<\/a><\/h3>\n\n\n\n<div style=\"height:20px\" aria-hidden=\"true\" class=\"wp-block-spacer\"><\/div>\n\n\n\n<h3 style=\"text-align:center\"><a href=\"https:\/\/erdogankutlu.com\/index.php\/milli-kurtulus-hareketi\/\">M\u0130LL\u0130 KURTULU\u015e HAREKET\u0130<\/a><\/h3>\n\n\n\n<div style=\"height:20px\" aria-hidden=\"true\" class=\"wp-block-spacer\"><\/div>\n\n\n\n<h3 style=\"text-align:center\"><a href=\"https:\/\/erdogankutlu.com\/index.php\/yapilan-cagdas-devrimler\/\">YAPILAN \u00c7A\u011eDA\u015e DEVR\u0130MLER<\/a><\/h3>\n\n\n\n<div style=\"height:20px\" aria-hidden=\"true\" class=\"wp-block-spacer\"><\/div>\n\n\n\n<h3 style=\"text-align:center\"><a href=\"https:\/\/erdogankutlu.com\/index.php\/194-2\/\">SON S\u00d6Z<\/a><\/h3>\n\n\n\n<div style=\"height:20px\" aria-hidden=\"true\" class=\"wp-block-spacer\"><\/div>\n\n\n\n<h3 style=\"text-align:center\"><a href=\"https:\/\/erdogankutlu.com\/index.php\/197-2\/\">D\u00dc\u015e\u00dcNCELER<\/a><\/h3>\n<\/div>\n\n\n\n<div class=\"wp-block-column\"><\/div>\n<\/div>\n","protected":false},"excerpt":{"rendered":"<p>OSMANLI \u0130MPARATORLU\u011eU M\u0130LL\u0130 KALKINMA PROJES\u0130 CUMHUR\u0130YET, DEMOKRAS\u0130, B\u0130L\u0130M VE SANAT M\u0130LL\u0130 VARLIKLARIMIZ M\u0130LL\u0130 KURTULU\u015e HAREKET\u0130 YAPILAN \u00c7A\u011eDA\u015e DEVR\u0130MLER SON S\u00d6Z D\u00dc\u015e\u00dcNCELER<\/p>\n","protected":false},"author":1,"featured_media":0,"parent":0,"menu_order":0,"comment_status":"closed","ping_status":"closed","template":"","meta":[],"_links":{"self":[{"href":"https:\/\/erdogankutlu.com\/index.php\/wp-json\/wp\/v2\/pages\/422"}],"collection":[{"href":"https:\/\/erdogankutlu.com\/index.php\/wp-json\/wp\/v2\/pages"}],"about":[{"href":"https:\/\/erdogankutlu.com\/index.php\/wp-json\/wp\/v2\/types\/page"}],"author":[{"embeddable":true,"href":"https:\/\/erdogankutlu.com\/index.php\/wp-json\/wp\/v2\/users\/1"}],"replies":[{"embeddable":true,"href":"https:\/\/erdogankutlu.com\/index.php\/wp-json\/wp\/v2\/comments?post=422"}],"version-history":[{"count":1,"href":"https:\/\/erdogankutlu.com\/index.php\/wp-json\/wp\/v2\/pages\/422\/revisions"}],"predecessor-version":[{"id":423,"href":"https:\/\/erdogankutlu.com\/index.php\/wp-json\/wp\/v2\/pages\/422\/revisions\/423"}],"wp:attachment":[{"href":"https:\/\/erdogankutlu.com\/index.php\/wp-json\/wp\/v2\/media?parent=422"}],"curies":[{"name":"wp","href":"https:\/\/api.w.org\/{rel}","templated":true}]}}