{"id":451,"date":"2022-02-23T17:49:07","date_gmt":"2022-02-23T14:49:07","guid":{"rendered":"http:\/\/erdogankutlu.com\/?page_id=451"},"modified":"2022-02-23T17:49:07","modified_gmt":"2022-02-23T14:49:07","slug":"bilimsel-devrimlerin-onemi","status":"publish","type":"page","link":"https:\/\/erdogankutlu.com\/index.php\/yazilarim\/bilimsel-devrimlerin-onemi\/","title":{"rendered":"Bilimsel Devrimlerin \u00d6nemi"},"content":{"rendered":"\n<p>D\u00fcnyadaki en g\u00fcvenilir ara\u015ft\u0131rma kurulu\u015flar\u0131ndan \u201cTimes Higher Education (THE)\u201d taraf\u0131ndan 2022 D\u00fcnya \u00dcniversiteler s\u0131ralamas\u0131 a\u00e7\u0131kland\u0131. \u00d6\u011fretim, ara\u015ft\u0131rma, bilgi aktar\u0131m\u0131, uluslararas\u0131 g\u00f6r\u00fcn\u00fcm gibi 13 ayr\u0131 kriterle 99 \u00fclkedeki 1600 \u00fcniversite karne ald\u0131. <\/p>\n\n\n\n<p>\u0130lk 10\u2019a ABD\u2019den 8 \u00fcniversite (MIT, Harvard, California Technology, California, Yale, Chicago Stanford, Princeton) ve \u0130ngiltere\u2019den 2 \u00fcniversite (Oxford, Cambridge) girdi. <\/p>\n\n\n\n<p>\u0130lk 200 s\u0131ralamas\u0131nda ABD 57, \u0130ngiltere 28, Almanya 22, Avustralya 12, \u00c7in 10, Hollanda 10, \u0130svi\u00e7re 7, Kanada 7, G\u00fcney Kore 6 ve \u0130sve\u00e7 5 \u00fcniversitesi ile yer ald\u0131. <\/p>\n\n\n\n<p>\u00dclkemiz \u00fcniversiteleri ise, 2022 d\u00fcnyan\u0131n en iyi 500 \u00fcniversiteleri aras\u0131nda dahi yer alamad\u0131. D\u00fcnya ve Uzay pazarlar\u0131nda ya\u015fanan bilim, teknoloji, finans ve yat\u0131r\u0131m sava\u015flar\u0131 h\u0131zla devam etmektedir.<\/p>\n\n\n\n<p>D\u00f6rd\u00fcnc\u00fc sanayi devrimini (Sanayi 4.0) ya\u015fayan geli\u015fmi\u015f \u00fclkeler yapay zekal\u0131 robotlar\u0131, insans\u0131z ak\u0131ll\u0131 fabrikalar\u0131, elektrik enerjisinin depo edilmesi, kablosuz iletilmesi ve fosil yak\u0131tlar d\u0131\u015f\u0131ndan (petrol, k\u00f6m\u00fcr, do\u011falgaz vs.) g\u00fcne\u015f ve hidrojenden elde edilmesini sa\u011flayarak 5.Sanayi Devrimi\u2019ne (Sanayi 5.0) ge\u00e7meye \u00e7al\u0131\u015f\u0131yorlar. <\/p>\n\n\n\n<p>\u201cG\u00fcne\u015f enerjisinden 24 saat \u00fcretim yap\u0131labilmesi ve d\u00fcnyaya kablosuz iletilmesi i\u00e7in \u201cG\u00fcne\u015f<br> Uydular\u0131\u201d in\u015fa edilmektedir. Deniz suyundan hidrojen \u00fcretimi i\u00e7in yap\u0131lan bilimsel \u00e7al\u0131\u015fmalar ba\u015far\u0131 ile tamamlanm\u0131\u015ft\u0131r.\u201d<\/p>\n\n\n\n<p>Yak\u0131n bir gelecekte hidrojen ile u\u00e7acak u\u00e7aklar\u0131, gidecek gemileri, trenleri, otomobilleri g\u00f6rece\u011fiz. <\/p>\n\n\n\n<p>Geli\u015fmi\u015f \u00fclkeler teknoloji yo\u011fun \u00fcretimlerini art\u0131k insans\u0131z ak\u0131ll\u0131 fabrikalarda yapay zekal\u0131 robotlar\u0131n y\u00f6netimindeki robotlar taraf\u0131ndan ger\u00e7ekle\u015ftirmeye ba\u015flamak \u00fczereler. B\u00f6ylece daha fazla \u00fcretecekler ve daha ucuza mal edecekler. \u00c7\u00fcnk\u00fc robotlar\u0131n maa\u015f\u0131 yok, sosyal g\u00fcvenlik masraflar\u0131 yok ve sendikalar\u0131 yok.<\/p>\n\n\n\n<p>Geli\u015fmekte olan ve emek yo\u011fun \u00fcretim yapan \u00fclkemizi zor g\u00fcnler bekliyor.<\/p>\n\n\n\n<p>\u00c7\u00f6z\u00fcm: Bilimsel devrimler yapmam\u0131z gerekiyor.<\/p>\n\n\n\n<p>Bunun i\u00e7in;<\/p>\n\n\n\n<ol><li>E\u011fitim sistemimizin ezberci yap\u0131dan ak\u0131l ve bilime dayal\u0131 uygulamal\u0131 e\u011fitim sistemine ge\u00e7mesi,  \u00e7a\u011fda\u015f ve ulusal olmas\u0131<\/li><li>Anaokulundan ba\u015flamak \u00fczere ilk, orta, lise ve y\u00fcksekokullarda g\u00f6rev yapacak \u00f6\u011fretim \u00fcyelerinin \u00f6zel e\u011fitim almalar\u0131n\u0131n zorunlu olmas\u0131<\/li><li>Okullar aras\u0131 \u201cBilgi Yar\u0131\u015fmalar\u0131\u201d n\u0131n d\u00fczenlenmesi<\/li><li>\u00dcniversitelerin \u00f6zerk olmas\u0131 ve Y\u00d6K\u2019\u00fcn konumunun yeniden belirlenmesi<\/li><li>Geli\u015fen teknolojilerin beraberinde getirdi\u011fi yeni meslek dallar\u0131n\u0131n e\u011fitim sistemimize ilave edilmesi (\u0131\u015f\u0131n m\u00fch., \u0131\u015f\u0131k m\u00fch., enerji m\u00fch., lazer m\u00fch., uzay m\u00fch., uydu m\u00fch., enerji m\u00fch.,  robot m\u00fch., ileri malzeme m\u00fch., finans m\u00fch., bio-t\u0131p m\u00fch., vs.)<\/li><li>T\u00fcrkiye Teknoloji Merkezi\u2019nin kurulmas\u0131 ve b\u00fcnyesinde genetic-tech, high-tech, nano-tech, energy- tech, robotic-tech, space-tech, enstit\u00fclerinin bulunmas\u0131<\/li><li>Teknoloji yo\u011fun proje yar\u0131\u015fmalar\u0131n\u0131n (Proje T\u00fcrk) d\u00fczenlenmesi ve kazanan projelerin patentleri verilerek \u201cTEKNOPARK\u201d larda sergilenmesi<\/li><li>Teknoloji Fonu\u2019nun olu\u015fturulmas\u0131 ve kaynak olarak ithal edilen teknoloji yo\u011fun \u00fcr\u00fcnlerden vergi al\u0131nmas\u0131<\/li><li>Teknoloji yo\u011fun \u00fcretimlerin yap\u0131laca\u011f\u0131 \u201cTeknoloji Vadileri\u201d nin haz\u0131rlanmas\u0131<\/li><li>\u0130htisas Bankas\u0131 konumunda \u201cT\u00fcrkiye Teknoloji Bankas\u0131\u201d n\u0131n kurulmas\u0131 ve teknoloji yo\u011fun \u00fcr\u00fcn \u00fcreten kurulu\u015flara d\u00fc\u015f\u00fck faizli uzun vadeli krediler vermesi bunun yan\u0131 s\u0131ra yat\u0131r\u0131mc\u0131 bulmas\u0131 <ol><li>Ayr\u0131ca T.C Ziraat Bankas\u0131\u2019n\u0131n asli g\u00f6revi olan tar\u0131m ve hayvanc\u0131l\u0131kta genetic-tech uygulamal\u0131 \u00fcretim yapan \u00fcreticilere y\u00f6nelmesi, birim araziden ve birim hayvandan en y\u00fcksek verimi alan \u00fcreticilere d\u00fc\u015f\u00fck faizli \u2013 uzun vadeli kredi vermesi,<\/li><li>Halk Bankas\u0131\u2019n\u0131n T\u00fcrkiye Teknoloji Bankas\u0131 olmas\u0131,<\/li><li>Vak\u0131flar Bankas\u0131\u2019n\u0131n \u00c7evre Teknolojileri ile ilgili \u00fcretim yapanlar ile kullanacak olanlara d\u00fc\u015f\u00fck faizli \u2013 uzun vadeli kredi verecek (T\u00fcrkiye \u00c7evre Bankas\u0131 olmas\u0131 da d\u00fc\u015f\u00fcn\u00fclebilir.)<\/li><li>* Bilimsel devrimler yapan teknoloji \u015firketlerinden Apple\u2019\u0131n 2022 borsa de\u011feri 3 Trilyon USD olarak a\u00e7\u0131kland\u0131. Microsoft, Tesla, Space-X gibi di\u011fer teknoloji \u015firketlerinin de borsa de\u011feri Trilyon USD seviyesindedir.<\/li><\/ol><\/li><\/ol>\n\n\n\n<p> \u00d6zetle; geli\u015fmekte olan \u00fclkemizin geli\u015fmi\u015f \u00fclkeler d\u00fczeyine ula\u015fabilmesi i\u00e7in Ata\u2019m\u0131z\u0131n ak\u0131l ve<br> bilimden ayr\u0131lmay\u0131n \u00f6nerisine uyarak bilimsel devrimler yapmam\u0131z gerekiyor. Bu hepimizin ortak<br> amac\u0131 ve dile\u011fidir.<\/p>\n","protected":false},"excerpt":{"rendered":"<p>D\u00fcnyadaki en g\u00fcvenilir ara\u015ft\u0131rma kurulu\u015flar\u0131ndan \u201cTimes Higher Education (THE)\u201d taraf\u0131ndan 2022 D\u00fcnya \u00dcniversiteler s\u0131ralamas\u0131 a\u00e7\u0131kland\u0131. \u00d6\u011fretim, ara\u015ft\u0131rma, bilgi aktar\u0131m\u0131, uluslararas\u0131 g\u00f6r\u00fcn\u00fcm gibi 13 ayr\u0131 kriterle&#8230;<\/p>\n","protected":false},"author":1,"featured_media":0,"parent":20,"menu_order":0,"comment_status":"closed","ping_status":"closed","template":"","meta":[],"_links":{"self":[{"href":"https:\/\/erdogankutlu.com\/index.php\/wp-json\/wp\/v2\/pages\/451"}],"collection":[{"href":"https:\/\/erdogankutlu.com\/index.php\/wp-json\/wp\/v2\/pages"}],"about":[{"href":"https:\/\/erdogankutlu.com\/index.php\/wp-json\/wp\/v2\/types\/page"}],"author":[{"embeddable":true,"href":"https:\/\/erdogankutlu.com\/index.php\/wp-json\/wp\/v2\/users\/1"}],"replies":[{"embeddable":true,"href":"https:\/\/erdogankutlu.com\/index.php\/wp-json\/wp\/v2\/comments?post=451"}],"version-history":[{"count":1,"href":"https:\/\/erdogankutlu.com\/index.php\/wp-json\/wp\/v2\/pages\/451\/revisions"}],"predecessor-version":[{"id":453,"href":"https:\/\/erdogankutlu.com\/index.php\/wp-json\/wp\/v2\/pages\/451\/revisions\/453"}],"up":[{"embeddable":true,"href":"https:\/\/erdogankutlu.com\/index.php\/wp-json\/wp\/v2\/pages\/20"}],"wp:attachment":[{"href":"https:\/\/erdogankutlu.com\/index.php\/wp-json\/wp\/v2\/media?parent=451"}],"curies":[{"name":"wp","href":"https:\/\/api.w.org\/{rel}","templated":true}]}}