{"id":454,"date":"2022-02-23T18:09:36","date_gmt":"2022-02-23T15:09:36","guid":{"rendered":"http:\/\/erdogankutlu.com\/?page_id=454"},"modified":"2022-02-23T18:09:37","modified_gmt":"2022-02-23T15:09:37","slug":"kamu-bankalari-ihtisas-bankasi-islevine-donusturulse","status":"publish","type":"page","link":"https:\/\/erdogankutlu.com\/index.php\/yazilarim\/kamu-bankalari-ihtisas-bankasi-islevine-donusturulse\/","title":{"rendered":"KAMU BANKALARI \u0130HT\u0130SAS BANKASI \u0130\u015eLEV\u0130NE D\u00d6N\u00dc\u015eT\u00dcR\u00dcLSE"},"content":{"rendered":"\n<p>D\u00fcnya Gazetesi \u2013 04 Aral\u0131k 2021<\/p>\n\n\n\n<p>Co\u011frafi konumu itibariyle Avrupa, Asya ve Afrika k\u0131talar\u0131 ile Ortado\u011fu \u00fclkeleri aras\u0131nda bulunan<br> \u00fclkemizin bu avantaj\u0131n\u0131 de\u011ferlendirmesi ve ekonomimizin daha da g\u00fc\u00e7lenmesi hepimizin ortak amac\u0131 ve dile\u011fidir.<\/p>\n\n\n\n<p>Ancak bu amac\u0131m\u0131za ula\u015fabilmemiz i\u00e7in; \u201cFinans Y\u00f6netimi\u201dni do\u011fru yapmam\u0131z \u201cTeknoloji Geli\u015ftirmemiz\u201d ve \u201cTeknoloji Yo\u011fun \u00dcr\u00fcnler\u201d \u00fcreterek \u201culuslararas\u0131 pazarlarda pazarlayabilmemiz&#8221; gerekiyor.<\/p>\n\n\n\n<p>Bu nedenle;<\/p>\n\n\n\n<ol><li>\u201cFinans Y\u00f6netimi\u201d olarak; Kamu Bankalar\u0131 \u201c\u0130htisas Bankas\u0131\u201d i\u015flevine d\u00f6n\u00fc\u015ft\u00fcr\u00fclebilir.<ol type=\"a\"><li> \u201cDisponobilite\u201d ve \u201cMunzam Kar\u015f\u0131l\u0131k\u201d muafiyeti yan\u0131nda Kurumlar Vergisi muafiyeti de sa\u011flanarak finans\u0131n maliyeti d\u00fc\u015f\u00fcr\u00fclebilir.<\/li><li> Mevduatlar faiz yerine teknoloji yo\u011fun yat\u0131r\u0131mlar\u0131n \u201cYat\u0131r\u0131m Fonlar\u0131\u201dnda de\u011ferlendirilebilir.<\/li><li> Teknoloji yo\u011fun \u00fcretim yapan kurulu\u015flar ihracat garantisi vermeleri halinde Kamu Bankalar\u0131ndan d\u00fc\u015f\u00fck faizli\/uzun vadeli kredi imkanlar\u0131na kavu\u015fabilirler.<\/li><\/ol><\/li><\/ol>\n\n\n\n<p>\u201c\u0130htisas Bankas\u0131\u201d i\u015flevine d\u00f6n\u00fc\u015ft\u00fcr\u00fclecek Kamu Bankalar\u0131 olarak;<\/p>\n\n\n\n<ul><li> <strong>T.C Ziraat Bankas\u0131\u2019n\u0131n<\/strong> asli g\u00f6revine d\u00f6nmesi ve G\u0131da-Tar\u0131m-Hayvanc\u0131l\u0131k konular\u0131nda e\u011fitim g\u00f6rm\u00fc\u015f uzmanlardan olu\u015facak kadrolar\u0131n\u0131 kurarak ve Tar\u0131m Bakanl\u0131\u011f\u0131 ile m\u00fc\u015fterek \u00e7al\u0131\u015farak \u201cBirim araziden\u201d ve \u201cBirim hayvandan\u201d en y\u00fcksek verimin al\u0131naca\u011f\u0131 \u201cTeknoloji Yo\u011fun Projeleri\u201d haz\u0131rlasa ve \u00fcreticiler ile yat\u0131r\u0131mc\u0131lara sunsa ve kredi talepleri uygun g\u00f6r\u00fclen projelere d\u00fc\u015f\u00fck faizli\/uzun vadeli kredi imkanlar\u0131 sa\u011flasa, Mevduatlar faiz yerine \u201cTeknoloji Yo\u011fun Projeler\u201dden olu\u015fan \u201cYat\u0131r\u0131m Fonlar\u0131\u201dna y\u00f6nlendirilse,<\/li><li> <strong>Halk Bankas\u0131<\/strong> \u201cT\u00fcrkiye Teknoloji Bankas\u0131\u201dna d\u00f6n\u00fc\u015ft\u00fcr\u00fclse ve sadece \u201cTeknoloji Yo\u011fun Projeler\u201de kredi verse, ihracat garantili projelere ise daha d\u00fc\u015f\u00fck faizli\/uzun vadeli kredi imkanlar\u0131 sa\u011flasa, (\u00f6rne\u011fin; otomobil ihra\u00e7 ediyoruz 20 USD\/kg, teknoloji yo\u011fun cep telefonu ithal ediyoruz 2000 USD\/kg) Mevduatlar, faiz yerine \u201cTeknoloji Yo\u011fun Projeler\u201dden olu\u015fan \u201cYat\u0131r\u0131m Fonlar\u0131\u201dna y\u00f6nlendirilse,<\/li><li><strong>Vak\u0131flar Bankas\u0131<\/strong> \u201cT\u00fcrkiye \u00c7evre Bankas\u0131\u201dna d\u00f6n\u00fc\u015ft\u00fcr\u00fclse ve sadece \u201c\u00c7evre Teknolojileri\u201d ile ilgili \u00fcretim yapan kurulu\u015flara ve sat\u0131n alacak kurum ve kurulu\u015flara d\u00fc\u015f\u00fck faizli\/uzun vadeli kredi imkanlar\u0131 sa\u011flansa, mevduatlar faiz yerine \u00c7evre Teknolojilerinin \u00fcretiminden olu\u015fan \u201cYat\u0131r\u0131m Fonlar\u0131\u201dna y\u00f6nlendirilse<\/li><li> <strong>EXIMBANK<\/strong> \u201cUluslararas\u0131 Ticaret ve Yat\u0131r\u0131m Bankas\u0131\u201dna d\u00f6n\u00fc\u015ft\u00fcr\u00fclse, mevduat kabul etse ve \u00fclkemizde \u00fcretilen \u00fcr\u00fcnlerin uluslararas\u0131 pazarlarda pazarlanabilmesi a\u015famas\u0131nda kredi ihtiya\u00e7lar\u0131 d\u00fc\u015f\u00fck faiz\/uzun vadeli olarak temin edilse Ayr\u0131ca \u00fclkeleraras\u0131 ticaret ve yat\u0131r\u0131m yapacak kurulu\u015flara da d\u00fc\u015f\u00fck faiz\/uzun vadeli kredi imkan\u0131 sa\u011flansa Mevduatlar faiz yerine uluslararas\u0131 kurulu\u015flar\u0131n olu\u015fturaca\u011f\u0131 \u201cYat\u0131r\u0131m Fonlar\u0131\u201dna y\u00f6nlendirilse<\/li><\/ul>\n\n\n<ol start=\"2\">\n<li>\u201cTeknoloji Geli\u015ftirebilmemiz\u201d i\u00e7in;<br \/>B\u00fcnyesinde Genetic-Tech, High-Tech, Nano-Tech, Energy-Tech, Robot-Tech, Space-Tech gibi enstit\u00fclerin bulunaca\u011f\u0131 \u201cT\u00fcrkiye Teknoloji Merkezi\u201dnin kurulmas\u0131 ve Ar-Ge \u00e7al\u0131\u015fmalar\u0131 yan\u0131nda ayr\u0131ca Nobel benzeri uluslararas\u0131 proje yar\u0131\u015fmalar\u0131 d\u00fczenlense ve geli\u015ftirilen projeler, proje pazarlar\u0131nda sergilenerek yat\u0131r\u0131mc\u0131lar\u0131n bilgisine sunulsa<\/li>\n<li>\u201cTeknoloji Yo\u011fun \u00dcretimler\u201din bir arada yap\u0131labilmesi amac\u0131yla;\n<ol>\n<li>Birim araziden en y\u00fcksek verimin al\u0131naca\u011f\u0131 Organize Tar\u0131m B\u00f6lgeleri\u2019nin kurulmas\u0131<\/li>\n<li>Birim hayvandan en y\u00fcksek verimin al\u0131naca\u011f\u0131 Organize Hayvanc\u0131l\u0131k B\u00f6lgeleri\u2019nin kurulmas\u0131<\/li>\n<li>\u00dcretim ama\u00e7l\u0131 \u201c\u0130htisas K\u00f6yleri\u201dnin kurulmas\u0131<\/li>\n<li>Birim \u00fcretimden en y\u00fcksek kar\u0131n elde edilece\u011fi ( &gt;100 USD\/kg) Organize Teknoloji B\u00f6lgeleri\u2019nin kurulmas\u0131<\/li>\n<li>Savunmam\u0131z\u0131n milli teknolojilerimizle ba\u011f\u0131ms\u0131z hale kavu\u015fturulmas\u0131 amac\u0131yla Organize Savunma Sanayi Teknoloji B\u00f6lgeleri\u2019nin kurulmas\u0131<\/li>\n<\/ol>\n<\/li>\n<\/ol>\n\n\n<p>Ekonomimizin geli\u015fmesine ve g\u00fc\u00e7lenmesine \u00f6nemli katk\u0131 sa\u011flayacakt\u0131r.<\/p>\n\n\n\n<p>Ayr\u0131ca;<\/p>\n\n\n\n<p>Ekonomimizin g\u00fc\u00e7lenmesi i\u00e7in di\u011fer \u00f6nemli konu \u201ckay\u0131t d\u0131\u015f\u0131\u201d ekonominin kayda al\u0131nmas\u0131d\u0131r. Bunun i\u00e7in paran\u0131n kontrol\u00fcn\u00fcn yap\u0131lmas\u0131 ve \u201cNereden Buldun Yasas\u0131\u201dn\u0131n \u00e7\u0131kar\u0131lmas\u0131 gerekiyor.<\/p>\n\n\n\n<p> Paran\u0131n kontrol\u00fc i\u00e7in; g\u00f6revli olan Merkez Bankas\u0131 tedav\u00fcldeki TL miktar\u0131n\u0131 biliyor ama<br> piyasada para gibi i\u015flem g\u00f6ren senet+\u00e7eklerin miktar\u0131n\u0131 tahmin dahi edemiyor. Benzer \u015fekilde<br> d\u00f6viz b\u00fcfelerindeki d\u00f6viz al\u0131m ve sat\u0131mlar\u0131 da ki\u015fi ve kurum baz\u0131nda bilinmiyor. Bu nedenle<br> senetlerinde bankalar taraf\u0131ndan verilmesi ve \u00e7ekler ile senetlerin m\u00fc\u015fterilere verilir verilmez<br> d\u00f6viz b\u00fcfelerinde d\u00f6viz al\u0131m ve sat\u0131m i\u015flemleri yap\u0131l\u0131r yap\u0131lmaz an\u0131nda \u201cOnline\u201d olarak<br> Merkez Bankas\u0131 ile Gelir \u0130daresi Ba\u015fkanl\u0131\u011f\u0131\u2019na bildirilmesi ekonomimizin daha sa\u011fl\u0131kl\u0131 bir<br> yap\u0131ya kavu\u015fmas\u0131n\u0131 ve g\u00fc\u00e7lenmesini sa\u011flayacakt\u0131r.<\/p>\n","protected":false},"excerpt":{"rendered":"<p>D\u00fcnya Gazetesi \u2013 04 Aral\u0131k 2021 Co\u011frafi konumu itibariyle Avrupa, Asya ve Afrika k\u0131talar\u0131 ile Ortado\u011fu \u00fclkeleri aras\u0131nda bulunan \u00fclkemizin bu avantaj\u0131n\u0131 de\u011ferlendirmesi ve ekonomimizin&#8230;<\/p>\n","protected":false},"author":1,"featured_media":0,"parent":20,"menu_order":0,"comment_status":"closed","ping_status":"closed","template":"","meta":[],"_links":{"self":[{"href":"https:\/\/erdogankutlu.com\/index.php\/wp-json\/wp\/v2\/pages\/454"}],"collection":[{"href":"https:\/\/erdogankutlu.com\/index.php\/wp-json\/wp\/v2\/pages"}],"about":[{"href":"https:\/\/erdogankutlu.com\/index.php\/wp-json\/wp\/v2\/types\/page"}],"author":[{"embeddable":true,"href":"https:\/\/erdogankutlu.com\/index.php\/wp-json\/wp\/v2\/users\/1"}],"replies":[{"embeddable":true,"href":"https:\/\/erdogankutlu.com\/index.php\/wp-json\/wp\/v2\/comments?post=454"}],"version-history":[{"count":1,"href":"https:\/\/erdogankutlu.com\/index.php\/wp-json\/wp\/v2\/pages\/454\/revisions"}],"predecessor-version":[{"id":456,"href":"https:\/\/erdogankutlu.com\/index.php\/wp-json\/wp\/v2\/pages\/454\/revisions\/456"}],"up":[{"embeddable":true,"href":"https:\/\/erdogankutlu.com\/index.php\/wp-json\/wp\/v2\/pages\/20"}],"wp:attachment":[{"href":"https:\/\/erdogankutlu.com\/index.php\/wp-json\/wp\/v2\/media?parent=454"}],"curies":[{"name":"wp","href":"https:\/\/api.w.org\/{rel}","templated":true}]}}