{"id":57,"date":"2018-10-01T14:25:32","date_gmt":"2018-10-01T11:25:32","guid":{"rendered":"http:\/\/erdogankutlu.com\/yeni\/wordpress\/?page_id=57"},"modified":"2018-10-01T14:32:49","modified_gmt":"2018-10-01T11:32:49","slug":"iletisim","status":"publish","type":"page","link":"https:\/\/erdogankutlu.com\/index.php\/iletisim\/","title":{"rendered":"\u0130LET\u0130\u015e\u0130M"},"content":{"rendered":"\n<p>Erdo\u011fan Kutlu<br\/>Mak. M\u00fch.\u00a0<\/p>\n\n\n\n<p>\u0130stanbul \/ T\u00fcrkiye<\/p>\n\n\n\n<p>e.kutlu@yahoo.com<\/p>\n\n\n\n<p>0 535 857 62 22<\/p>\n\n\n\n<p><\/p>\n","protected":false},"excerpt":{"rendered":"<p>Erdo\u011fan KutluMak. M\u00fch.\u00a0 \u0130stanbul \/ T\u00fcrkiye e.kutlu@yahoo.com 0 535 857 62 22<\/p>\n","protected":false},"author":1,"featured_media":0,"parent":0,"menu_order":0,"comment_status":"closed","ping_status":"closed","template":"templates\/full-width.php","meta":[],"_links":{"self":[{"href":"https:\/\/erdogankutlu.com\/index.php\/wp-json\/wp\/v2\/pages\/57"}],"collection":[{"href":"https:\/\/erdogankutlu.com\/index.php\/wp-json\/wp\/v2\/pages"}],"about":[{"href":"https:\/\/erdogankutlu.com\/index.php\/wp-json\/wp\/v2\/types\/page"}],"author":[{"embeddable":true,"href":"https:\/\/erdogankutlu.com\/index.php\/wp-json\/wp\/v2\/users\/1"}],"replies":[{"embeddable":true,"href":"https:\/\/erdogankutlu.com\/index.php\/wp-json\/wp\/v2\/comments?post=57"}],"version-history":[{"count":1,"href":"https:\/\/erdogankutlu.com\/index.php\/wp-json\/wp\/v2\/pages\/57\/revisions"}],"predecessor-version":[{"id":58,"href":"https:\/\/erdogankutlu.com\/index.php\/wp-json\/wp\/v2\/pages\/57\/revisions\/58"}],"wp:attachment":[{"href":"https:\/\/erdogankutlu.com\/index.php\/wp-json\/wp\/v2\/media?parent=57"}],"curies":[{"name":"wp","href":"https:\/\/api.w.org\/{rel}","templated":true}]}}