{"id":66,"date":"2018-10-01T16:47:46","date_gmt":"2018-10-01T13:47:46","guid":{"rendered":"http:\/\/erdogankutlu.com\/yeni\/wordpress\/?page_id=66"},"modified":"2018-10-02T00:15:46","modified_gmt":"2018-10-01T21:15:46","slug":"trakya","status":"publish","type":"page","link":"https:\/\/erdogankutlu.com\/index.php\/trakya\/","title":{"rendered":"Trakya teknoloji vadileri kural\u0131m"},"content":{"rendered":"\n<p class=\"has-regular-font-size\">Avrupa ve asya k\u0131talar\u0131n\u0131 birle\u015ftiren konumu ile Trakya yar\u0131madas\u0131 AB&#8217;ye giri\u015fimiz \u00f6ncesi \u00f6zel bir \u00f6nem arz etmektedir. Trakya yar\u0131madas\u0131, Avrupa pazarlar\u0131na yak\u0131n olmas\u0131 ile sa\u011flam\u0131\u015f oldu\u011fu ula\u015f\u0131m avantaj\u0131n\u0131 kullanarak, teknoloji yo\u011fun \u00fcr\u00fcnler \u00fcretebilir ve ihra\u00e7 ederek b\u00f6lgeye ve \u00fclkemize daha y\u00fcksek katma de\u011feri kazand\u0131rabilir.Bu ama\u00e7la; Trakya yar\u0131madas\u0131nda belirlenecek yerler Teknoloji vadisi te\u015fvik b\u00f6lgesi olarak ilan edilebilir ve gerekli alt yap\u0131 eksiklikleri tamamlanarak b\u00f6lge, yat\u0131r\u0131mlara haz\u0131r hale getirilebilir.<\/p>\n\n\n\n<p>Belirlenecek b\u00f6lgeler &#8216;\u00d6zel te\u015fvik b\u00f6lgesi&#8217; olarak ilan edilebilir ve bu b\u00f6lgelere sadece teknoloji yo\u011fun\/ileri teknoloji \u00fcr\u00fcnleri \u00fcretimi yapacak yat\u0131r\u0131mc\u0131lar i\u00e7in yer tahsis edilebilir.\u00a0<\/p>\n\n\n\n<p>&#8220;\u00d6zel te\u015fvik b\u00f6lgeleri&#8221; i\u00e7in \u00f6rnekler:<\/p>\n\n\n\n<p>\u00a01- Organize tar\u0131m b\u00f6lgeleri kurulabilir.<\/p>\n\n\n\n<p>Araziler, kooperatif veya birlik olarak birle\u015ftirilebilir ve birim araziden en y\u00fcksek verimin al\u0131naca\u011f\u0131 teknolojiler uygulanarak ve uluslararas\u0131 standartlara uygun son \u00fcr\u00fcnlerin \u00fcretilece\u011fi teknoloji yo\u011fun tesis kurulabilir.\u00a0<\/p>\n\n\n\n<p>2- Organize hayvanc\u0131l\u0131k b\u00f6lgeleri kurulabilir.<\/p>\n\n\n\n<p>Hayvanlar, kooperatif veya birlik olarak birle\u015ftirilebilir ve teknoloji yo\u011fun modern mand\u0131ralar kurulabilir ve birim hayvandan en y\u00fcksek verim al\u0131nabilir ve uluslar aras\u0131 standartlara uygun son \u00fcr\u00fcnlerin \u00fcretilece\u011fi teknoloji yo\u011fun tesisler kurulabilir.<\/p>\n\n\n\n<p>3- Organize teknoloji b\u00f6lgeleri kurulabilir.<\/p>\n\n\n\n<p>Katma de\u011feri y\u00fcksek ileri teknoloji \u00fcr\u00fcnlerin \u00fcretilece\u011fi tesisler kurulabilir. \u00d6rne\u011fin; &#8220;Bilgisayar cihazlar\u0131, elektronik cihazlar, GPS cihazlar\u0131, GSM cihazlar\u0131, navigasyon cihazlar\u0131, optik cihazlar, t\u0131bbi cihazlar, robotik sistemler, sanayi robotlar\u0131; lazer cihazlar\u0131, kompozit malzemeler, s\u00fcper iletkenler, s\u00fcper h\u0131zl\u0131 trenler, r\u00fczg\u00e2r t\u00fcrbinleri, g\u00fcne\u015f fotovoltaik sistemleri, ar\u0131tma sistemleri, biogaz enerji santralleri, bik\u00fctle enerji sistemleri vb. gibi \u00fcretim tesisleri kurulabilir.<\/p>\n\n\n\n<p>4- Organize savunma ve teknoloji b\u00f6lgeleri kurulabilir. Lojistik ara\u00e7lar\u0131 ve te\u00e7hizatlar\u0131n\u0131n, ak\u0131ll\u0131 savunma giysilerinin, sahra \u00e7ad\u0131rlar\u0131n\u0131n, sahra hastaneleri ile te\u00e7hizatlar\u0131n\u0131n ileri teknoloji ihtiva eden toplar\u0131n, tanklar\u0131n, ak\u0131ll\u0131 f\u00fczelerin, robot askerlerin, insans\u0131z u\u00e7aklar\u0131n, muhabere cihazlar\u0131n\u0131n&#8230; vb. gibi \u00fcr\u00fcnlerin \u00fcretilece\u011fi \u00fcretim tesisleri kurulabilir.Kurulacak bu tesisler i\u00e7in gerekli:<\/p>\n\n\n\n<p>A- F\u0130NANS<\/p>\n\n\n\n<p>a) T\u00fcrkiye teknoloji bankas\u0131 kurularak<\/p>\n\n\n\n<p>b) Teknoloji fonu olu\u015fturularak<\/p>\n\n\n\n<p>c) Uluslararas\u0131 yat\u0131r\u0131mc\u0131lar ile &#8216;Consortium&#8217;lar kurularak temin edilebilir.<\/p>\n\n\n\n<p>B- TEKNOLOJ\u0130<\/p>\n\n\n\n<p>a) T\u00fcrkiye teknoloji merkezi kurularak ve b\u00fcnyesinde de &#8216;Genetic Tech.&#8217;, &#8216;High Tech.&#8217;, &#8216;Nano Tech.&#8217;, ve &#8216;Space Tech.&#8217; AR-GE enstit\u00fcleri bulunarak.<\/p>\n\n\n\n<p>b) Teknoloji (Bulu\u015f) borsas\u0131 kurularak sa\u011flanabilir.<\/p>\n\n\n\n<p>C- VASIFLI ELEMAN<\/p>\n\n\n\n<p>a) Trakya Teknik \u00dcniversitesi&#8217;nin\u00a0 kurulmas\u0131 ve b\u00fcnyesinde Genetic M\u00fch., Bilgisayar M\u00fch., Lazer M\u00fch., Mekatronik M\u00fch., Robot M\u00fch., I\u015f\u0131k\/I\u015f\u0131n M\u00fch., Uzay\/Uydu M\u00fch., Enerji M\u00fch. ve Finans M\u00fchendisli\u011fi gibi b\u00f6l\u00fcmlerin bulunmas\u0131.<\/p>\n\n\n\n<p>b) Trakya Teknik \u00dcniversitesi&#8217;ne ba\u011fl\u0131 Meslek Y\u00fcksek Okulu&#8217;nun kurulmas\u0131<\/p>\n\n\n\n<p>c) Elektronik, bilgisayar, end\u00fcstri \u00fcr\u00fcnleri tasar\u0131m\u0131 &#8230; vb. gibi Anadolu End\u00fcstri Meslek liseleri ile havac\u0131l\u0131k, denizcilik ve lojistik meslek liselerinin kurulmas\u0131 ile temin edilebilir.\u00a0<\/p>\n\n\n\n<p>Ancak,<\/p>\n\n\n\n<p>Teknoloji b\u00f6lgelerinde \u00fcretimlerin sa\u011fl\u0131kl\u0131 bir \u015fekilde yap\u0131labilmesi i\u00e7in Trakya B\u00f6lgesi&#8217;ndeki baz\u0131 alt yap\u0131 eksiklerinin tammalanmas\u0131 gerekmektedir.<\/p>\n\n\n\n<p>I- ULA\u015eIM \u0130LE \u0130LG\u0130L\u0130 OLARAK;<\/p>\n\n\n\n<p>a) Tekirda\u011f Liman\u0131 &#8211; Muratl\u0131 demiryolu ba\u011flant\u0131s\u0131n\u0131n sa\u011flanmas\u0131na m\u00fcteakip Band\u0131rma Liman\u0131 &#8211; Tekirda\u011f Liman\u0131 aras\u0131 &#8216;Tren Ferisi&#8217;nin \u00e7al\u0131\u015ft\u0131r\u0131lmas\u0131.<\/p>\n\n\n\n<p>b) \u00c7orlu OSB ve \u00c7erkezk\u00f6y OSB aras\u0131 Trakya Organize Lojistik K\u00f6y\u00fc&#8217;n\u00fcn kurulmas\u0131.<\/p>\n\n\n\n<p>c) \u00c7orlu Havaalan\u0131&#8217;n\u0131n uluslar aras\u0131 u\u00e7u\u015flara a\u00e7\u0131larak &#8216;Uluslar aras\u0131 Hava Liman\u0131&#8217; haline d\u00f6n\u00fc\u015ft\u00fcr\u00fclmesi<\/p>\n\n\n\n<p>d) Gelibolu &#8211; \u00c7ardak (Lapseki) aras\u0131 &#8216;\u00c7anakkale Bo\u011faz K\u00f6pr\u00fcs\u00fc&#8217;n\u00fcn yap\u0131lmas\u0131 ve ba\u011flant\u0131 \u00e7evre yollar\u0131n\u0131n sa\u011flanmas\u0131 ( Ke\u015fan &#8211; Gelibolu aras\u0131 ve \u00c7ardak &#8211; \u0130zmir yolu ba\u011flant\u0131s\u0131 gibi )<\/p>\n\n\n\n<p>e) Enez Liman\u0131n\u0131 s\u00fcrekli tarak gemileri ile taranmas\u0131 ( Limana Ro-Ro r\u0131ht\u0131m\u0131 yap\u0131lmas\u0131 ile liman\u0131n \u0130psala ve Ke\u015fan ile \u00e7ift yol ba\u011flant\u0131s\u0131n\u0131n d\u00fc\u015f\u00fcn\u00fclmesi) Trakya B\u00f6lgesi&#8217;nin Ege Denizi ba\u011flant\u0131s\u0131n\u0131n sa\u011flanmas\u0131.<\/p>\n\n\n\n<p>f) Alpullu &#8211; K\u0131rklareli aras\u0131 mevcut demiryolunun yolcu ta\u015f\u0131mac\u0131l\u0131\u011f\u0131na a\u00e7\u0131lmas\u0131 ve K\u0131rklareli &#8211; Karadeniz aras\u0131 demiryolunun uzat\u0131lmas\u0131 ve yap\u0131lacak limana ba\u011flant\u0131s\u0131n\u0131n sa\u011flanmas\u0131 d\u00fc\u015f\u00fcn\u00fclebilir.<\/p>\n\n\n\n<p>II &#8211; ENERJ\u0130 \u0130LE \u0130LG\u0130L\u0130 OLARAK;<\/p>\n\n\n\n<p>a) R\u00fczg\u00e2r enerjisi ile g\u00fcne\u015f enerjisi kullan\u0131m\u0131n\u0131n te\u015fvik edilmesi.<\/p>\n\n\n\n<p>b) \u00c7\u00f6p enerji santralleri ile bio-gaz enerji santrallerinin kurulmas\u0131.<\/p>\n\n\n\n<p>c) Kanola \u00fcretimininte\u015fvik edilmesi ve bio-enerji kullan\u0131lmas\u0131.<\/p>\n\n\n\n<p>III &#8211; SU \u0130LE \u0130LG\u0130L\u0130 OLARAK;<\/p>\n\n\n\n<p>a) Ergene \u00c7ay\u0131&#8217;n\u0131n korunmas\u0131 amac\u0131yla evsel ve sanayi at\u0131klar\u0131n\u0131n hi\u00e7bir \u015fekilde ba\u011flant\u0131lar\u0131na m\u00fcsaade edilmemeli.<\/p>\n\n\n\n<p>b) Ar\u0131tma tesisleri kurulmal\u0131.<\/p>\n\n\n\n<p>c) &#8216;Damla sulama&#8217; tar\u0131mda zorunlu hale getirmeli<\/p>\n\n\n\n<p>d) Meri\u00e7 nehri tarak gemileri ile s\u00fcrekli taranmal\u0131 ve Ege Denizi&#8217;ne akt\u0131\u011f\u0131 yerde su depolama ama\u00e7l\u0131 baraj yap\u0131lmas\u0131 ve ar\u0131tma tesisi kurularak boru hatlar\u0131 ile b\u00f6lgeye temiz su verilmesi &#8230; vb. gibi projeler d\u00fc\u015f\u00fcn\u00fclebilir.\u00a0<\/p>\n","protected":false},"excerpt":{"rendered":"<p>Avrupa ve asya k\u0131talar\u0131n\u0131 birle\u015ftiren konumu ile Trakya yar\u0131madas\u0131 AB&#8217;ye giri\u015fimiz \u00f6ncesi \u00f6zel bir \u00f6nem arz etmektedir. Trakya yar\u0131madas\u0131, Avrupa pazarlar\u0131na yak\u0131n olmas\u0131 ile sa\u011flam\u0131\u015f&#8230;<\/p>\n","protected":false},"author":1,"featured_media":0,"parent":0,"menu_order":0,"comment_status":"closed","ping_status":"closed","template":"templates\/full-width.php","meta":[],"_links":{"self":[{"href":"https:\/\/erdogankutlu.com\/index.php\/wp-json\/wp\/v2\/pages\/66"}],"collection":[{"href":"https:\/\/erdogankutlu.com\/index.php\/wp-json\/wp\/v2\/pages"}],"about":[{"href":"https:\/\/erdogankutlu.com\/index.php\/wp-json\/wp\/v2\/types\/page"}],"author":[{"embeddable":true,"href":"https:\/\/erdogankutlu.com\/index.php\/wp-json\/wp\/v2\/users\/1"}],"replies":[{"embeddable":true,"href":"https:\/\/erdogankutlu.com\/index.php\/wp-json\/wp\/v2\/comments?post=66"}],"version-history":[{"count":2,"href":"https:\/\/erdogankutlu.com\/index.php\/wp-json\/wp\/v2\/pages\/66\/revisions"}],"predecessor-version":[{"id":71,"href":"https:\/\/erdogankutlu.com\/index.php\/wp-json\/wp\/v2\/pages\/66\/revisions\/71"}],"wp:attachment":[{"href":"https:\/\/erdogankutlu.com\/index.php\/wp-json\/wp\/v2\/media?parent=66"}],"curies":[{"name":"wp","href":"https:\/\/api.w.org\/{rel}","templated":true}]}}