{"id":73,"date":"2018-10-02T00:48:56","date_gmt":"2018-10-01T21:48:56","guid":{"rendered":"http:\/\/erdogankutlu.com\/yeni\/wordpress\/?page_id=73"},"modified":"2018-10-02T00:50:45","modified_gmt":"2018-10-01T21:50:45","slug":"demokrasi-monarsi-ve-cumhuriyet","status":"publish","type":"page","link":"https:\/\/erdogankutlu.com\/index.php\/demokrasi-monarsi-ve-cumhuriyet\/","title":{"rendered":"DEMOKRAS\u0130, MONAR\u015e\u0130 ve CUMHUR\u0130YET"},"content":{"rendered":"\n<p><em>D\u00fcnya Gazetesi &#8211; 16.05.2015<\/em><\/p>\n\n\n\n<p>\u00dclkelerin y\u00f6netim usulleri birbirlerinden farkl\u0131 \u00f6zellikler g\u00f6stermektedir. \u0130ncelendi\u011finde Demokratik kurallar\u0131 tercih edenlerle etmeyenler aras\u0131nda geli\u015fmi\u015flik a\u00e7\u0131s\u0131ndan \u00e7ok b\u00fcy\u00fck farklar oldu\u011fu g\u00f6r\u00fclmekte.<\/p>\n\n\n\n<p>Demokratik kurallar\u0131 tercih eden \u00fclkelerin, di\u011fer \u00fclkelere nazaran daha g\u00fc\u00e7l\u00fc bir ekonomiye sahip olduklar\u0131, daha \u00e7a\u011fda\u015f ve mutlu olduklar\u0131 g\u00f6r\u00fclmektedir.<\/p>\n\n\n\n<p>Demokratik kurallar;<\/p>\n\n\n\n<p>1) Yasama, y\u00fcr\u00fctme, yarg\u0131 ba\u011f\u0131ms\u0131zl\u0131\u011f\u0131n\u0131n, laikli\u011fin, bilim ve sanat \u00f6zg\u00fcrl\u00fc\u011f\u00fcn\u00fcn ve insan haklar\u0131 ile \u00f6zg\u00fcrl\u00fcklerinin g\u00fcvence alt\u0131na al\u0131nd\u0131\u011f\u0131 \u201cDemokratik Anayasa\u201d<\/p>\n\n\n\n<p>2) Adil ve demokratik se\u00e7im sistemi; \u00d6rne\u011fin se\u00e7im barajlar\u0131n\u0131n olmad\u0131\u011f\u0131, e\u015fit se\u00e7men say\u0131l\u0131 dar b\u00f6lge ve iki dereceli se\u00e7im sistemi,<\/p>\n\n\n\n<p>3) Demokratik Siyasi Partiler Kanunu,<\/p>\n\n\n\n<p>4) Demokratik hukuk kurallar\u0131,<\/p>\n\n\n\n<p>ile bir b\u00fct\u00fcnd\u00fcr ve zorunludur. Hepsinin beraberce ger\u00e7ekle\u015fmesi gerekmektedir.<br\/>Demokratik kurallar monar\u015fi ile y\u00f6netilen \u00fclkelerde de, Cumhuriyet ile y\u00f6netilen \u00fclkelerde de uygulanabiliyor.<br\/>\u00d6rne\u011fin;<br\/>Monar\u015fi ile y\u00f6netilen ve demokratik kurallar\u0131 benimsemi\u015f olan baz\u0131 Avrupa \u00fclkeleri (\u0130sve\u00e7, Norve\u00e7, Danimarka, Finlandiya, Bel\u00e7ika, Hollanda, L\u00fcxemburg ve \u0130ngiltere) bilim, teknoloji, ekonomi, k\u00fclt\u00fcr ve sanat alanlar\u0131nda son derece geli\u015fmi\u015f olduklar\u0131 \u00e7a\u011fda\u015f, g\u00fc\u00e7l\u00fc ve mutlu olduklar\u0131 g\u00f6r\u00fclmektedir. Demokratik kurallar bu \u00fclkelerde o kadar benimsenmi\u015f ki, monar\u015fi y\u00f6netimi de buna uyum g\u00f6stermi\u015f ve krall\u0131k sadece b\u00fcy\u00fck o\u011fula de\u011fil k\u0131z evlatlara da ge\u00e7mektedir. Ayr\u0131ca; Laiklik sistemi de son derece \u00e7a\u011fda\u015f bir bi\u00e7imde uygulanmaktad\u0131r. Dini inan\u0131\u015flara sayg\u0131 g\u00f6sterilmekte ve kad\u0131n-erkek ay\u0131r\u0131m\u0131 yap\u0131lmamaktad\u0131r. Pazar g\u00fcnleri kiliselerde yap\u0131lan dini ayinlere baba, anne ve \u00e7ocuklar beraberce kat\u0131labilmektedirler. Kiliselerde g\u00f6rev yapacak papazlar\u0131n felsefe ve pedogogluk e\u011fitimleri yan\u0131nda \u00f6zel e\u011fitimleri de alm\u0131\u015f olmas\u0131na dikkat ediliyor.<\/p>\n\n\n\n<p>Kiliselerde ayr\u0131ca, nikah t\u00f6renleri, yemin t\u00f6renleri d\u00fczenleniyor ve konserler bile veriliyor. Monar\u015fi ile y\u00f6netilen ve demokratik kurallar\u0131 uygulayan Japonya\u2019da geli\u015fmi\u015f \u00fclkeler d\u00fczeyine bu sayede y\u00fckselmi\u015ftir.<\/p>\n\n\n\n<p>Monar\u015fi ile y\u00f6netilen ancak demokratik kurallar\u0131 uygulamayan \u00fclkelerde ise<\/p>\n\n\n\n<p>\u00d6rne\u011fin;<br\/>Arap Yar\u0131madas\u0131&#8217;nda ki \u00fclkeler babadan b\u00fcy\u00fck o\u011fula ge\u00e7en \u015feyhlik sistemi uygulanmaktad\u0131r. Tek s\u00f6z sahibi \u015feyhtir. Petrol gelirleri ile milli gelirleri y\u00fcksek g\u00f6z\u00fckse de milli gelirin da\u011f\u0131l\u0131m\u0131 adil de\u011fildir. As\u0131l gelir \u015feyh ve hanedan\u0131na da\u011f\u0131t\u0131l\u0131r.<\/p>\n\n\n\n<p>Cumhuriyet rejimi ile y\u00f6netilen \u00fclkelerde ise ABD ve Fransa, Almanya gibi baz\u0131 AB \u00fclkeleri d\u0131\u015f\u0131nda genelde demokratik kurallar tercih edilmemektedir. Halk se\u00e7im sand\u0131\u011f\u0131na gidiyor. Ancak se\u00e7me \u015fans\u0131 s\u0131n\u0131rl\u0131 ve adil olmayan se\u00e7im sistemleri uygulan\u0131yor.<\/p>\n\n\n\n<p>\u00d6rne\u011fin;<br\/>Afganistan, Pakistan, \u0130ran, Irak, Suriye, M\u0131s\u0131r, Libya, Sudan, Nijerya&#8230;&#8230;. vb. gibi cumhuriyet rejimi ile y\u00f6netilen \u00fclkelerde demokratik kurallar, laiklik ve \u00e7a\u011fda\u015f e\u011fitim sistemleri ile insan haklar\u0131 ve \u00f6zg\u00fcrl\u00fckleri reddediliyor. Cumhuriyet rejimi ile y\u00f6netilen \u00c7in, Rusya, Orta Asya \u00dclkeleri, Orta ve G\u00fcney Amerika \u00fclkeleri ile Afrika \u00dclkelerinde de; baz\u0131lar\u0131nda kominizm sistemi, baz\u0131lar\u0131nda ise ba\u015fkanl\u0131k sistemi ad\u0131 alt\u0131nda tek adama dayal\u0131 y\u00f6netim sistemleri uygulanmakta ve demokratik kurallar reddedilmektedir. \u0130nsanlar \u00e7a\u011fda\u015f ya\u015fam k\u00fclt\u00fcr\u00fcnden, gelecek g\u00fcvencesinden yoksun ve mutsuz bir \u015fekilde ya\u015famlar\u0131n\u0131 s\u00fcrd\u00fcrmektedirler.<\/p>\n\n\n\n<p>D\u00fcnyaya \u00f6rnek olan T\u00fcrkiye Cumhuriyeti&#8217;nin 29 Ekim 1923 tarihinde kurulu\u015fu ise 19 May\u0131s 1919 tarihinde ba\u015flam\u0131\u015ft\u0131r. Babadan b\u00fcy\u00fck o\u011fula ge\u00e7en ve 600 y\u0131l h\u00fck\u00fcm s\u00fcren Osmanl\u0131 \u0130mparatorlu\u011fu, Avrupa\u2019da ki R\u00f6nesans ve reform hareketlerini, demokratik sistemi, laiklik uygulamas\u0131n\u0131, bilim ve teknolojideki geli\u015fmeleri, sanayilerindeki geli\u015fmeleri, ekonomilerindeki geli\u015fmeleri, k\u00fclt\u00fcr ve sanat alanlar\u0131ndaki geli\u015fmeleri dikkate almamas\u0131n\u0131n faturas\u0131n\u0131 \u00f6nce Duyun-u umumiyeyi, sonra Mondros\u2019u daha sonra da Sevr\u2019i imzalayarak ve t\u00fcm topraklar\u0131n\u0131 kaybederek \u00f6demi\u015ftir.<\/p>\n\n\n\n<p>Gazi Mustafa Kemal Atat\u00fcrk&#8217;\u00fcn \u00f6nderli\u011finde ba\u015flat\u0131lan Milli M\u00fccadele\u2019nin ilk hedefi Emperyalistlerin i\u015fgal etti\u011fi topraklardan kovulmas\u0131, ikinci hedef ise tam ba\u011f\u0131ms\u0131z, Anti &#8211; Emperyalist, \u00c7a\u011fda\u015f T\u00fcrkiye&#8217;nin kurulmas\u0131 idi.<\/p>\n\n\n\n<p>Atat\u00fcrk\u2019\u00fcn \u00fcst\u00fcn askeri dehas\u0131 ile ilk hedef ba\u015far\u0131ld\u0131 ve ikinci hedefin \u00e7al\u0131\u015fmalar\u0131na ba\u015fland\u0131. 600 y\u0131l \u00fcmmet olarak ya\u015fayan insanlar T\u00fcrkiye Cumhuriyeti\u2019nin kurulmas\u0131 ile beraber millet ve vatanda\u015f oldular. \u00d6ncelikle \u00e7al\u0131\u015fmalara \u00e7ok d\u00fc\u015f\u00fck olan okuma &#8211; yazma oran\u0131 ve fert ba\u015f\u0131na d\u00fc\u015fen milli gelirin artt\u0131r\u0131lmas\u0131 ile ba\u015fland\u0131. Bu ama\u00e7la yap\u0131lmas\u0131 gereken \u00c7a\u011fda\u015f devrimler ile Milli Kalk\u0131nma Projesi&#8217;nin uygulanmas\u0131 \u00e7al\u0131\u015fmalar\u0131 ba\u015flat\u0131ld\u0131. \u00c7a\u011fda\u015f devrimler olarak laiklik ve \u00e7a\u011fda\u015f e\u011fitim sistemine ge\u00e7ildi. K\u00f6ylerin kalk\u0131nmas\u0131 i\u00e7in, \u00fcretim ama\u00e7l\u0131 ihtisas k\u00f6yleri \u201cCumhuriyet K\u00f6yleri\u201dnin kurulmas\u0131, kooperatifle\u015fmelerin sa\u011flanmas\u0131, topraks\u0131z k\u00f6yl\u00fcye toprak verilmesi ve e\u011fitimleri i\u00e7inde \u201cK\u00f6y Enstit\u00fcleri\u201dnin kurulmas\u0131 \u00e7al\u0131\u015fmalar\u0131 ba\u015flat\u0131ld\u0131. Sanayile\u015fmek i\u00e7inde; \u00f6nce milli bankalar (T\u00fcrkiye Cumhuriyet Merkez Bankas\u0131, T\u00fcrkiye \u0130\u015f Bankas\u0131, S\u00fcmerbank, Etibank, Denizcilik Bankas\u0131 ve Halk Bankas\u0131) kuruldu. Sonra \u00f6zkaynaklara dayal\u0131 tasarruflar ile sanayiler kurulmaya ba\u015fland\u0131. Karab\u00fck Demir-\u00c7elik Fabrikas\u0131, K\u0131r\u0131kkale Silah Fabrikas\u0131, Kayseri U\u00e7ak Fabrikas\u0131, Nazilli Bez ve Basma Fabrikas\u0131, Bursa Merinos Y\u00fcnl\u00fc Mamuller Fabrikas\u0131, \u0130peki\u015f \u0130pekli Mamuller Fabrikas\u0131, Alpullu \u015eeker Fabrikas\u0131, Turhal \u015eeker Fabrikas\u0131, Pa\u015fabah\u00e7e Cam Fabrikas\u0131, Seka Ka\u011f\u0131t Fabrikas\u0131, Sivas \u00c7imento Fabrikas\u0131, Bitlis Sigara Fabrikas\u0131 &#8230;..vb. gibi tesisler \u00fclkemizin d\u00f6rt bir taraf\u0131na kurulmaya ba\u015fland\u0131. Ula\u015f\u0131m alan\u0131nda da karayollar\u0131na ve \u00f6zellikle demiryollar\u0131na ve limanlar ile ba\u011flant\u0131lar\u0131na \u00f6nem verildi. Ayr\u0131ca \u00fcretilecek \u00fcr\u00fcnlerin Uluslararas\u0131 pazarlarda pazarlanabilmesi i\u00e7in d\u00fcnyada bir ilk olan \u201c Fuar Gemisi\u201d projesi hayata ge\u00e7irildi. \u0130\u00e7inde \u0130\u015f Bankas\u0131&#8217;n\u0131n \u015fubesinin de bulundu\u011fu gemi 1926 y\u0131l\u0131nda Karadeniz \u00fclkeleri ile Akdeniz ve Kuzey Avrupa \u00fclkelerinin limanlar\u0131na g\u00f6nderildi. Ama\u00e7 yeni kurulmu\u015f olan T\u00fcrkiye Cumhuriyeti&#8217;nin tan\u0131t\u0131lmas\u0131 idi ve \u00e7ok etkili oldu.<\/p>\n\n\n\n<p>Gazi&#8217;nin en b\u00fcy\u00fck hedefi; \u00c7a\u011fda\u015f e\u011fitim sistemleri ile \u00e7a\u011fda\u015f bir toplum yaratmak ve \u00f6z kaynaklara dayal\u0131 &#8216;milli ekonomi&#8217;yi\u00fc olu\u015fturarak tam ba\u011f\u0131ms\u0131z, Anti-Emperyalist, \u00e7a\u011fda\u015f, g\u00fc\u00e7l\u00fc ve mutlu T\u00fcrkiye&#8217;yi kurmak ve demokrasiye ge\u00e7mek idi.<\/p>\n\n\n\n<p>Ancak 10 Kas\u0131m 1938 tarihinde Atam\u0131z\u0131 kaybetmemiz ile beraber heyecan\u0131m\u0131z\u0131 da kaybettik. \u00c7a\u011fda\u015f e\u011fitim sistemi ile halk\u0131n e\u011fitim d\u00fczeyi y\u00fckseltilmeden ve fert ba\u015f\u0131na milli gelir art\u0131r\u0131lmadan \u00e7ok partili sisteme ge\u00e7ilmesi sonucu Tam Ba\u011f\u0131ms\u0131z, Anti-Emperyalist, \u00e7a\u011fda\u015f ve g\u00fc\u00e7l\u00fc T\u00fcrkiye hedefinden vazge\u00e7ildi.<\/p>\n\n\n\n<p>\u00d6nce toprak reformu iptal edildi ve K\u00f6y Enstit\u00fcleri kapat\u0131ld\u0131. Sonra NATO\u2019ya girildi ve yabanc\u0131 sermayeye \u00f6nemli te\u015fvikler verildi. K\u00f6yler \u00fcretim merkezleri olmaktan \u00e7\u0131kar\u0131ld\u0131\u011f\u0131 i\u00e7in k\u00f6yden &#8211; kente i\u015f i\u00e7in g\u00f6\u00e7 ba\u015flad\u0131. Kentlerin etraf\u0131 \u00f6nce ticari rant sonra siyasi rant merkezleri haline d\u00f6n\u00fc\u015ft\u00fc. Milletin efendisi olan k\u00f6yl\u00fclerimiz milletin hizmet\u00e7isi olmaya ba\u015flad\u0131. \u00d6zelle\u015ftirme ad\u0131 alt\u0131nda milletin tasarruflar\u0131 ile yap\u0131lan t\u00fcm milli tesisler sat\u0131ld\u0131.<\/p>\n\n\n\n<p>\u00c7a\u011fda\u015f devrimlerden, Milli Kalk\u0131nma Projesinden ve Karma Ekonomiden vazge\u00e7ildi. Sonu\u00e7ta geldi\u011fimiz noktada \u201c Cari A\u00e7\u0131klar\u201d nedeni ile D\u0131\u015f Bor\u00e7lar s\u00fcrekli artmaya ba\u015flad\u0131. Oysa; 1923 &#8211; 1938 tarihleri aras\u0131 15 y\u0131l ekonomideki b\u00fcy\u00fcmesi ile de d\u00fcnyaya \u00f6rnek olan yeni kurulmu\u015f T\u00fcrkiye Cumhuriyeti Osmanl\u0131 \u0130mparatorlu\u011fu\u2019nun bor\u00e7lar\u0131n\u0131 da \u00f6demi\u015f ve hi\u00e7 bor\u00e7 b\u0131rakmam\u0131\u015ft\u0131.<\/p>\n\n\n\n<p>\u00c7e\u015fitli zamanlarda yap\u0131lan askeri m\u00fcdahalelerin de etkisi ile demokrasiye ge\u00e7i\u015f maalesef m\u00fcmk\u00fcn olamad\u0131.<\/p>\n\n\n\n<p style=\"text-align:center\">***<\/p>\n\n\n\n<p style=\"text-align:center\">\u201c \u0130ktisadi ba\u011f\u0131ms\u0131zl\u0131k sa\u011flanmadan<br\/>tam ba\u011f\u0131ms\u0131zl\u0131ktan s\u00f6z edilemez.<br\/>\u00c7al\u0131\u015fmadan, Yorulmadan, \u00d6\u011frenmeden<br\/>rahat ya\u015famay\u0131 adet etmi\u015f \u00fclkeler<br\/>\u00d6nce Haysiyetlerini,<br\/>Sonra \u0130stikballerini,<br\/>Daha sonra da \u0130stiklallerini<br\/>Kaybetmeye mahkumdurlar.\u201d<\/p>\n\n\n\n<p style=\"text-align:center\">***<br\/>Kemal Atat\u00fcrk<\/p>\n","protected":false},"excerpt":{"rendered":"<p>D\u00fcnya Gazetesi &#8211; 16.05.2015 \u00dclkelerin y\u00f6netim usulleri birbirlerinden farkl\u0131 \u00f6zellikler g\u00f6stermektedir. \u0130ncelendi\u011finde Demokratik kurallar\u0131 tercih edenlerle etmeyenler aras\u0131nda geli\u015fmi\u015flik a\u00e7\u0131s\u0131ndan \u00e7ok b\u00fcy\u00fck farklar oldu\u011fu g\u00f6r\u00fclmekte.&#8230;<\/p>\n","protected":false},"author":1,"featured_media":0,"parent":0,"menu_order":0,"comment_status":"closed","ping_status":"closed","template":"templates\/full-width.php","meta":[],"_links":{"self":[{"href":"https:\/\/erdogankutlu.com\/index.php\/wp-json\/wp\/v2\/pages\/73"}],"collection":[{"href":"https:\/\/erdogankutlu.com\/index.php\/wp-json\/wp\/v2\/pages"}],"about":[{"href":"https:\/\/erdogankutlu.com\/index.php\/wp-json\/wp\/v2\/types\/page"}],"author":[{"embeddable":true,"href":"https:\/\/erdogankutlu.com\/index.php\/wp-json\/wp\/v2\/users\/1"}],"replies":[{"embeddable":true,"href":"https:\/\/erdogankutlu.com\/index.php\/wp-json\/wp\/v2\/comments?post=73"}],"version-history":[{"count":3,"href":"https:\/\/erdogankutlu.com\/index.php\/wp-json\/wp\/v2\/pages\/73\/revisions"}],"predecessor-version":[{"id":77,"href":"https:\/\/erdogankutlu.com\/index.php\/wp-json\/wp\/v2\/pages\/73\/revisions\/77"}],"wp:attachment":[{"href":"https:\/\/erdogankutlu.com\/index.php\/wp-json\/wp\/v2\/media?parent=73"}],"curies":[{"name":"wp","href":"https:\/\/api.w.org\/{rel}","templated":true}]}}