{"id":78,"date":"2018-10-02T00:52:36","date_gmt":"2018-10-01T21:52:36","guid":{"rendered":"http:\/\/erdogankutlu.com\/yeni\/wordpress\/?page_id=78"},"modified":"2019-05-31T10:40:17","modified_gmt":"2019-05-31T07:40:17","slug":"gelecegin-planlamasi-yapilirken","status":"publish","type":"page","link":"https:\/\/erdogankutlu.com\/index.php\/gelecegin-planlamasi-yapilirken\/","title":{"rendered":"Gelece\u011fin Planlamas\u0131 Yap\u0131l\u0131rken"},"content":{"rendered":"\n<p><em>29 Mart 2006 &#8211; D\u00fcnya Gazetesi<\/em><\/p>\n\n\n<p style=\"font-weight: 400;\">Konumu itibariyle d\u00fcnyan\u0131n \u00f6nemli b\u00f6lgesinde bulunan \u00fclkemizin g\u00fc\u00e7l\u00fc ekonomiye sahip olabilmesi i\u00e7in, g\u00fc\u00e7l\u00fc bilim ve teknoloji &#8220;AR-GE&#8221; merkezlerine ve g\u00fc\u00e7l\u00fc finans kurulu\u015flar\u0131na ihtiyac\u0131 vard\u0131r.<\/p>\n<p style=\"font-weight: 400;\">\u015eu an d\u00fcnya pazarlar\u0131nda bilim-teknoloji, finans ve yat\u0131r\u0131m sava\u015flar\u0131 ya\u015fanmaktad\u0131r. Bu sava\u015f uzayda da devam etmektedir.<\/p>\n<p style=\"font-weight: 400;\">Bilim ve teknolojideki geli\u015fmeler h\u0131zl\u0131 bir \u015fekilde devam ederken, geli\u015fen teknolojiler beraberinde yeni meslek dallar\u0131n\u0131 ve yeni i\u015f dallar\u0131n\u0131 da getirmektedir. \u00d6rne\u011fin genetik teknolojisindeki geli\u015fmeler beraberinde meslek dal\u0131 olarak genetik m\u00fchendisli\u011fi ile teknisyenli\u011fini getirirken i\u015f dal\u0131 olarak da bio-teknoloji, bio-enerji ve bio-t\u0131p sekt\u00f6rlerinin ortaya \u00e7\u0131kmas\u0131na neden olmu\u015ftur.<\/p>\n<p style=\"font-weight: 400;\">Benzer \u00f6rnekleri \u00e7o\u011faltabiliriz.<\/p>\n<ul>\n<li style=\"font-weight: 400;\">Bilgi teknolojisindeki geli\u015fmeler beraberinde bilgisayar m\u00fchendisli\u011fi ile teknisyenli\u011fini getirirken i\u015f dallar\u0131 olarak yaz\u0131l\u0131m ve web tasar\u0131mc\u0131l\u0131\u011f\u0131 sekt\u00f6rlerinin ortaya \u00e7\u0131kmas\u0131na neden olmu\u015ftur.<\/li>\n<li style=\"font-weight: 400;\">Uzay teknolojisindeki geli\u015fmeler beraberinde meslek dal\u0131 olarak uzay ve uydu m\u00fchendisli\u011fi ile teknisyenliklerini getirirken i\u015f dallar\u0131 olarak uydu ve ileti\u015fim sekt\u00f6rlerinin, mobil ileti\u015fim sekt\u00f6rlerinin, navigasyon cihazlar\u0131 \u00fcretim sekt\u00f6rlerinin ortaya \u00e7\u0131kmas\u0131na neden olmu\u015ftur.<\/li>\n<li style=\"font-weight: 400;\">Makine ve elektronik teknolojilerindeki geli\u015fmeler meslek dallar\u0131 olarak mekatronik m\u00fchendisli\u011fini robot m\u00fchendisli\u011fini, lazer m\u00fchendisli\u011fini ve teknisyenliklerini getirirken i\u015f dallar\u0131 olarak end\u00fcstri ve t\u0131p robot \u00fcretim tesislerinin ve lazer cihazlar\u0131 \u00fcretim tesislerinin, ak\u0131ll\u0131 ve uzaktan kumanda edilebilen cihazlar\u0131n ortaya \u00e7\u0131kmas\u0131na neden olmu\u015ftur.<\/li>\n<li style=\"font-weight: 400;\">Enerji teknolojilerindeki geli\u015fmeler meslek dallar\u0131 olarak \u0131\u015f\u0131k\/\u0131\u015f\u0131n m\u00fchendisli\u011fini, enerji m\u00fchendisli\u011fini ve teknisyenliklerini getirirken i\u015f dallar\u0131 olarak, mikro-dalga ile ileti\u015fim cihazlar\u0131 \u00fcretim tesislerinin, g\u00fcne\u015f pilleri ve cihazlar\u0131 \u00fcretim tesislerinin, hidrojen enerjisi ve &#8220;Fuel-Cell&#8221; ile \u00e7al\u0131\u015fan otomotiv \u00fcretim tesislerinin s\u00fcper iletken \u00fcretim tesislerinin, s\u00fcper h\u0131zl\u0131 tren ve s\u00fcpersonik u\u00e7ak \u00fcretim tesislerinin ortaya \u00e7\u0131kmas\u0131na neden olmu\u015ftur.<\/li>\n<\/ul>\n<p style=\"font-weight: 400;\">\u00d6zetle, geli\u015fen teknolojiler s\u00fcrekli olarak hem meslek dallar\u0131n\u0131, hem de i\u015f dallar\u0131n\u0131 de\u011fi\u015ftirmektedir. Gelece\u011fimizi planlarken bunlara dikkat etmemiz gerekmektedir.<\/p>\n<p style=\"font-weight: 400;\">ABD ve Japonya&#8217;dan sonra teknoloji yo\u011fun \u00fcretimleri ile dikkat \u00e7eken Hindistan ve \u0130srail &#8220;gelecek planlamalar\u0131n\u0131&#8221; bu y\u00f6nde yapmaya karar verdiler. Hindistan; g\u00fcneybas\u0131nda bulunan Bangolor b\u00f6lgesinde be\u015f silikon vadisi bulunmakta olup 2008 y\u0131l\u0131 hedefleri olarak bu b\u00f6lgeden 60 milyar USD ihracat ve \u00fc\u00e7 milyon ki\u015fiye i\u015f istihdam\u0131 planlanmaktad\u0131r.<\/p>\n<p style=\"font-weight: 400;\">\u0130srail ise; genetic-tech. \u00fcr\u00fcnleri ihracat\u0131 olarak d\u00fcnya pazar\u0131n\u0131n lideri olmay\u0131, high-tech. ve nano-tech. \u00fcr\u00fcnleri ihracat\u0131 olarak da d\u00fcnya bilgi teknoloji pazar\u0131ndan ve nano teknoloji pazar\u0131ndan \u00f6nemli pay almay\u0131 planlamaktad\u0131r. D\u00fcnya bilgi teknolojileri pazar\u0131 1.1 trilyon USD, nano teknolojileri pazar\u0131n\u0131n ise 1.0 trilyon USD civar\u0131nda oldu\u011fu tahmin edilmektedir. Pazar\u0131n lideri ABD&#8217;dir. ABD&#8217;yi Japonya ve AB \u00fclkeleri takip etmektedir.<\/p>\n<p style=\"font-weight: 400;\">Bilim ve teknoloji dallar\u0131ndaki bu h\u0131zl\u0131 geli\u015fmeleri dikkate alarak &#8220;\u00fclkemizin gelecek planlamas\u0131n\u0131&#8221; yapmam\u0131z uygun olacakt\u0131r.<\/p>\n<p style=\"font-weight: 400;\">Bu ama\u00e7la,<\/p>\n<ol>\n<li style=\"font-weight: 400;\">Bilim ve teknolojideki geli\u015fmelerin de\u011ferlendirilmesi ve koordinesi i\u00e7in Bilim ve Teknoloji Bakanl\u0131\u011f\u0131&#8217;n\u0131n kurulmas\u0131.<\/li>\n<li style=\"font-weight: 400;\">Bilim ve teknoloji &#8220;AR-GE&#8221; giderlerinin kar\u015f\u0131lanmas\u0131 amac\u0131yla Bilim ve Teknoloji Fonu&#8217;nun kurulmas\u0131.<\/li>\n<li style=\"font-weight: 400;\">Genetik-Tech., High-Tech., Nano-Tech. ve Space-Tech. teknoparklar\u0131n\u0131n kurulmas\u0131.<\/li>\n<li style=\"font-weight: 400;\">Teknoparklardaki projelerin sanayiye d\u00f6n\u00fc\u015ft\u00fcr\u00fclebilmesi ve teknokentlerin (silikon vadileri) kurulabilmesi i\u00e7in gerekli kredilerin temini amac\u0131yla T\u00fcrkiye Teknoloji Bankas\u0131&#8217;n\u0131n (Teknobank) kurulmas\u0131.<\/li>\n<li style=\"font-weight: 400;\">Geli\u015fen teknolojilerin beraberinde getirdi\u011fi yeni meslek dallar\u0131n\u0131n e\u011fitim sistemimize ilavesi ve e\u011fitim sistemimizin okul \u00f6ncesi d\u00f6nemden ba\u015flamak \u00fczere i\u00e7inde bulundu\u011fumuz bilgi \u00e7a\u011f\u0131na uygun olarak analitik d\u00fc\u015f\u00fcnmenin \u00f6\u011fretilece\u011fi ve yarat\u0131c\u0131l\u0131\u011f\u0131n geli\u015ftirilece\u011fi bir yap\u0131lanma ile modemizasyona gidilmesi.<\/li>\n<li style=\"font-weight: 400;\">Milli teknolojilerimizi \u00fcretmemiz amac\u0131yla Projekt\u00fcrk proje yar\u0131\u015fmalar\u0131n\u0131n d\u00fczenlenmesi ve geleneksel hale getirilmesi.<\/li>\n<li style=\"font-weight: 400;\">Ekonominin tek elden y\u00f6netilmesi amac\u0131yla Ekonomi ve D\u0131\u015f Ticaret Bakanl\u0131\u011f\u0131&#8217;n\u0131n kurulmas\u0131.<\/li>\n<li style=\"font-weight: 400;\">D\u00fcnya pazarlar\u0131nda aktif rol oynayabilmek i\u00e7in CETRA (China extern trade) KOTRA (Korea ektern trade), JETRA (Japan extern trade) benzeri Ekonomi ve D\u0131\u015f Ticaret Konseyinin kurulmas\u0131 ve yurtd\u0131\u015f\u0131nda &#8220;ekonomi el\u00e7ilikleri&#8221; \u015feklinde yap\u0131lan\u0131lmas\u0131.<\/li>\n<li style=\"font-weight: 400;\">Kamu bankalar\u0131m\u0131z\u0131n birle\u015ftirilerek uluslararas\u0131 yat\u0131r\u0131m ve kredi ama\u00e7l\u0131 bir &#8220;ihtisas bankas\u0131&#8221; haline getirilmesi.<\/li>\n<li style=\"font-weight: 400;\">Sosyal g\u00fcvenlik primlerinin (SSK, Ba\u011f-Kur, Emekli Sand\u0131\u011f\u0131) Merkez Bankas\u0131 nezdinde a\u00e7\u0131lacak Emeklilik Fonu ve Sa\u011fl\u0131k Fonu hesaplar\u0131nda toplanmas\u0131 ve bu kaynaklar\u0131n teknoloji yo\u011fun yat\u0131r\u0131mlar taraf\u0131ndan \u00e7\u0131kar\u0131lacak &#8220;Eurobond&#8221;lardan al\u0131narak de\u011ferlendirilmesi uygun olacakt\u0131r.<\/li>\n<\/ol>\n\n\n<p><\/p>\n","protected":false},"excerpt":{"rendered":"<p>29 Mart 2006 &#8211; D\u00fcnya Gazetesi Konumu itibariyle d\u00fcnyan\u0131n \u00f6nemli b\u00f6lgesinde bulunan \u00fclkemizin g\u00fc\u00e7l\u00fc ekonomiye sahip olabilmesi i\u00e7in, g\u00fc\u00e7l\u00fc bilim ve teknoloji &#8220;AR-GE&#8221; merkezlerine ve&#8230;<\/p>\n","protected":false},"author":1,"featured_media":0,"parent":0,"menu_order":0,"comment_status":"closed","ping_status":"closed","template":"","meta":[],"_links":{"self":[{"href":"https:\/\/erdogankutlu.com\/index.php\/wp-json\/wp\/v2\/pages\/78"}],"collection":[{"href":"https:\/\/erdogankutlu.com\/index.php\/wp-json\/wp\/v2\/pages"}],"about":[{"href":"https:\/\/erdogankutlu.com\/index.php\/wp-json\/wp\/v2\/types\/page"}],"author":[{"embeddable":true,"href":"https:\/\/erdogankutlu.com\/index.php\/wp-json\/wp\/v2\/users\/1"}],"replies":[{"embeddable":true,"href":"https:\/\/erdogankutlu.com\/index.php\/wp-json\/wp\/v2\/comments?post=78"}],"version-history":[{"count":4,"href":"https:\/\/erdogankutlu.com\/index.php\/wp-json\/wp\/v2\/pages\/78\/revisions"}],"predecessor-version":[{"id":418,"href":"https:\/\/erdogankutlu.com\/index.php\/wp-json\/wp\/v2\/pages\/78\/revisions\/418"}],"wp:attachment":[{"href":"https:\/\/erdogankutlu.com\/index.php\/wp-json\/wp\/v2\/media?parent=78"}],"curies":[{"name":"wp","href":"https:\/\/api.w.org\/{rel}","templated":true}]}}