{"id":80,"date":"2018-10-02T00:54:15","date_gmt":"2018-10-01T21:54:15","guid":{"rendered":"http:\/\/erdogankutlu.com\/yeni\/wordpress\/?page_id=80"},"modified":"2018-10-02T00:54:15","modified_gmt":"2018-10-01T21:54:15","slug":"gelecegin-aristokratlari","status":"publish","type":"page","link":"https:\/\/erdogankutlu.com\/index.php\/gelecegin-aristokratlari\/","title":{"rendered":"GELECE\u011e\u0130N AR\u0130STOKRATLARI"},"content":{"rendered":"\n<p><em>19 Haziran 2010 &#8211; D\u00fcnya Gazetesi<\/em><\/p>\n\n\n\n<p>Bilimsel Ar-Ge \u00e7al\u0131\u015fmalar\u0131 sonucu teknolojilerdeki geli\u015fmeler, Toplum yap\u0131s\u0131 ile Ya\u015fam k\u00fclt\u00fcr\u00fcn\u00fc de de\u011fi\u015ftirmektedir.<\/p>\n\n\n\n<p>Genetic-Tech., High-Tech., Nano-Tech. ve Space-Tech. alanlar\u0131ndaki geli\u015fmeler Toplum yap\u0131s\u0131n\u0131, Tar\u0131m toplumundan Sanayi toplumuna, Sanayi toplumundan da bilgi toplumuna ta\u015f\u0131m\u0131\u015ft\u0131r.<\/p>\n\n\n\n<p>Geli\u015ftirilen teknolojiler, beraberinde ya\u015fam k\u00fclt\u00fcr\u00fcn\u00fc de de\u011fi\u015ftirmektedir.<\/p>\n\n\n\n<p>\u00d6rne\u011fin:<\/p>\n\n\n\n<p><strong><em>\u201cTar\u0131m toplumunda Emek yo\u011fun \u00fcretim yap\u0131l\u0131rken Sanayi toplumunda Makina yo\u011fun \u00fcretime ge\u00e7ilmi\u015ftir. Bilgi toplumunda ise makinalar\u0131n yerini bilgisayarlar\u0131n kumanda etti\u011fi Robotlar almaya ba\u015flam\u0131\u015ft\u0131r. Yak\u0131n bir gelecekte ise Enerjinin depo edilmesi, kablosuz iletilebilmesi ve cisimlerin \u0131\u015f\u0131nlanabilmesi m\u00fcmk\u00fcn olabilecektir. Ya\u015fam k\u00fclt\u00fcr\u00fc de bu geli\u015fmelere g\u00f6re yeniden \u015fekillenecektir.\u201d<\/em><\/strong><\/p>\n\n\n\n<p>Geli\u015ftirilen teknolojiler, Toplumu y\u00f6neten Aristokrat s\u0131n\u0131flar\u0131n\u0131 da de\u011fi\u015ftirmektedir.<\/p>\n\n\n\n<p>\u00d6rne\u011fin:<\/p>\n\n\n\n<p><strong><em>\u201cTar\u0131m toplumunda Aristokrat s\u0131n\u0131flar\u0131, Krallar, Asiller, Askerler ve Din adamlar\u0131 olurken Sanayi toplumunda, R\u00f6nesans ve Reformun etkisi ile halk\u0131n se\u00e7ti\u011fi Devlet Ba\u015fkanlar\u0131 ile Sanayiciler ve \u0130\u015fadamlar\u0131ndan olu\u015fan Burjuva s\u0131n\u0131f\u0131 Aristokrat s\u0131n\u0131f\u0131n\u0131 olu\u015fturmu\u015ftur. Bilgi toplumunda ise Aristokrat s\u0131n\u0131f\u0131 yine de\u011fi\u015fecektir. Yeni Aristokrat s\u0131n\u0131f\u0131 Bilimsel Ar-Ge \u00e7al\u0131\u015fmalar\u0131 yapan ve teknoloji geli\u015ftiren Bilim insanlar\u0131 ile bu teknolojileri sanayi \u00fcr\u00fcnleri haline getiren sanayiciler olacakt\u0131r.\u201d<\/em><\/strong><strong><\/strong><\/p>\n\n\n\n<p><strong>Gelece\u011fin Arstokratlar\u0131;<\/strong>\u00a0Genetic-Tech. Ar-Ge \u00e7al\u0131\u015fmalar\u0131 ile, Geneti\u011fi De\u011fi\u015ftirilmi\u015f Organizmalar\u0131n (GDO) \u00fcretimi ile, High-tech., Nano-tech. ve Space-tech. Ar-ge \u00e7al\u0131\u015fmalar\u0131 ve \u00fcretimleri ile toplumlar\u0131n gelece\u011fini y\u00f6nlendireceklerdir. \u00dclkelerin ba\u011f\u0131ms\u0131zl\u0131\u011f\u0131 i\u00e7in art\u0131k teknoloji ba\u011f\u0131ms\u0131zl\u0131\u011f\u0131 da \u00f6nem ta\u015f\u0131yacakt\u0131r. \u00dclkemizin gelece\u011fi planlan\u0131rken bu geli\u015fmelerin dikkate al\u0131nmas\u0131 gerekir.<\/p>\n\n\n\n<p>\u00dclkemiz olarak Bilim ve Teknoloji Ar-Ge \u00e7al\u0131\u015fmalar\u0131na ve teknoloji yo\u011fun \u00fcr\u00fcnlerin \u00fcretimine daha fazla \u00f6nem vermemiz gerekiyor. \u00c7a\u011fda\u015f, g\u00fc\u00e7l\u00fc ba\u011f\u0131ms\u0131z ve mutlu T\u00dcRK\u0130YE i\u00e7in bu zorunludur.<\/p>\n\n\n\n<p>Bu ama\u00e7la, bilim insanlar\u0131m\u0131za, m\u00fchendislerimize ve sanayicilerimize b\u00fcy\u00fck g\u00f6revler d\u00fc\u015fmektedir. \u00dclkemiz olarak tar\u0131m \u00fcr\u00fcnleri, tekstil \u00fcr\u00fcnleri, makina, beyaz e\u015fya ve otomotiv \u00fcr\u00fcnleri ihra\u00e7 ediyoruz, teknoloji yo\u011fun \u00fcr\u00fcnleri ithal ediyoruz ve s\u00fcrekli D\u0131\u015f Ticaret a\u00e7\u0131\u011f\u0131 veriyoruz.<\/p>\n\n\n\n<p>\u00dclkemizin art\u0131k teknoloji geli\u015ftiren, teknoloji yo\u011fun \u00fcr\u00fcnleri \u00fcreten ve ihra\u00e7 eden \u00dclke konumuna kavu\u015fmas\u0131 ve gelece\u011fin Aristokratlar\u0131 (Bilim \u0130nsanlar\u0131 ile Sanayicilerini) yeti\u015ftirmesi gerekir.<\/p>\n\n\n\n<p>Bu hepimizin ortak amac\u0131 ve dile\u011fidir.<\/p>\n\n\n\n<p>\u00dclkemizin gelece\u011fini kendi Bilim insanlar\u0131m\u0131z ile sanayicilerimizin belirleyebilmesi i\u00e7in;<\/p>\n\n\n\n<p>a) E\u011fitim sistemimizin modernizasyonu ve ezberci yap\u0131dan uygulamal\u0131 \u00f6\u011fretim yap\u0131s\u0131na ge\u00e7ilmesi<\/p>\n\n\n\n<p>b) \u00c7ocuklar\u0131m\u0131z\u0131n yarat\u0131c\u0131 zekalar\u0131n\u0131n geli\u015ftirilebilmesi amac\u0131yla \u00f6d\u00fcll\u00fc &#8220;Oyuncak yapma yar\u0131\u015fmalar\u0131&#8221; n\u0131n d\u00fczenlenmesi<\/p>\n\n\n\n<p>c) Geli\u015fen teknolojilerin beraberinde getirdi\u011fi yeni meslek dallar\u0131n\u0131n e\u011fitim sistemimize ilave edilmesi<\/p>\n\n\n\n<p>\u00d6rne\u011fin:<\/p>\n\n\n\n<p><strong><em>\u201cGenetich. M\u00fch., Mekatronik M\u00fch., Enerji M\u00fch., I\u015f\u0131k\/I\u015f\u0131n M\u00fch., Uzay\/Uydu M\u00fch., \u0130leti\u015fim M\u00fch., Navigasyon M\u00fch., T\u0131p M\u00fch., Optik M\u00fch. ve teknisyenlikleri ile Biyo-Teknoloji, N\u00fckleer T\u0131p ve Positron Emisyonlu Tomografi teknisyenlikleri gibi.\u201d<\/em><\/strong><\/p>\n\n\n\n<p>d) Bilim ve Teknoloji &#8220;Ar-Ge&#8221; \u00e7al\u0131\u015fmalar\u0131n\u0131 koordine etmek amac\u0131yla &#8220;Bilim ve Teknoloji Bakanl\u0131\u011f\u0131&#8221; n\u0131n kurulmas\u0131<\/p>\n\n\n\n<p>e) B\u00fcnyesinde Genetic-tech., High-tech., Nano-tech. ve Space-tech. &#8220;Ar-Ge&#8221; Enstit\u00fclerinin bulunaca\u011f\u0131 &#8220;T\u00fcrkiye Teknoloji Merkezi&#8221;nin kurulmas\u0131<\/p>\n\n\n\n<p>f) Nobel t\u00fcr\u00fc &#8220;ProjeT\u00fcrk&#8221; proje yar\u0131\u015fmalar\u0131n\u0131n d\u00fczenlenmesi ve projelerin sergilenmesi<\/p>\n\n\n\n<p>g) Teknoloji Fonu&#8217;nun olu\u015fturulmas\u0131 ve ithal edilen teknoloji yo\u011fun \u00fcr\u00fcnlerden \u00d6zel t\u00fcketim vergisi al\u0131narak kaynak yarat\u0131lmas\u0131<\/p>\n\n\n\n<p>h) Yat\u0131r\u0131m ve Kredi ama\u00e7l\u0131 \u0130htisas Bankas\u0131 konumunda T\u00fcrkiye Teknoloji Bankas\u0131&#8217;n\u0131n kurulmas\u0131 ve Teknoloji Fonunda olu\u015fan kayna\u011f\u0131n teknoloji yo\u011fun \u00fcretim yapacak sanayicilerimize d\u00fc\u015f\u00fck faizli kredi \u015feklinde kulland\u0131r\u0131lmas\u0131<\/p>\n\n\n\n<p>I) Geli\u015ftirilen teknolojilerin sergilenece\u011fi ve pazarlanabilece\u011fi &#8220;Teknoloji Pazarlar\u0131&#8221;n\u0131n kurulmas\u0131<\/p>\n\n\n\n<p>k) Organize Teknoloji B\u00f6lgeleri&#8217;nin kurulmas\u0131 ve teknoloji yo\u011fun \u00fcr\u00fcnlerin \u00fcretilmesi<\/p>\n\n\n\n<p>\u00d6rne\u011fin:<\/p>\n\n\n\n<p><strong><em>\u201cMicro-Chip, Nano-Chip, S\u00fcper \u0130letkenler, Kompozit Malzemeler, Robotlar, Robotik Sistemler, Bilgisayar Cihazlar\u0131, GSM Cihazlar\u0131, Navigasyon Chazlar\u0131, T\u0131bbi Cihazlar (MR,PET, Robot Doktorlar, Klap Pili &#8230; vb gibi), Optik Cihazlar, Baraj T\u00fcrbinleri, Buhar T\u00fcrbinleri, Enerji Santralleri, Gaz T\u00fcrbinleri, U\u00e7aklar, Uydular, S\u00fcper H\u0131zl\u0131 Trenler, Gemiler, \u00dc\u00e7 Boyutlu Televizyonlar &#8230;vb. gibi \u00fcr\u00fcnler\u201d<\/em><\/strong><\/p>\n\n\n\n<p>l) Organize Savunma Teknolojileri ve Sanayi B\u00f6lgeleri&#8217;nin kurulmas\u0131 ve teknoloji yo\u011fun savunma silahlar\u0131 ile ara\u00e7lar\u0131n\u0131n \u00fcretilmesi<\/p>\n\n\n\n<p>\u00d6rne\u011fin:<\/p>\n\n\n\n<p><strong><em>\u201cAk\u0131ll\u0131 f\u00fczeler,Lazerli silahlar, Sava\u015f u\u00e7aklar\u0131, Sava\u015f gemileri, Denizalt\u0131lar, Torpidolar, \u0130nsans\u0131z u\u00e7abilen u\u00e7aklar, Robot askerler, ..vb. gibi savunma silahlar\u0131 ile Sahra tipi \u00e7ad\u0131rlar ve hastaneler hafif ve yal\u0131t\u0131ml\u0131 giysiler, mi\u011fferler, gece g\u00f6ren d\u00fcrb\u00fcnler, GPS cihazlar\u0131, GSM cihazlar\u0131, Radar cihazlar\u0131 ..vb. gibi savunma ara\u00e7lar\u0131\u201d<\/em><\/strong><\/p>\n\n\n\n<p>m) Gelecek nesillerin sa\u011fl\u0131kl\u0131 yeti\u015fmesi amac\u0131yla, \u00dcniversitelerimiz taraf\u0131ndan Organik Tar\u0131m ve Organik Hayvanc\u0131l\u0131k \u00fcretim teknolojilerinin geli\u015ftirilmesi ve geli\u015ftirilen teknolojilerin Organik Tar\u0131m ve Hayvanc\u0131l\u0131k Teknoloji Parklar\u0131nda sergilenmesi<\/p>\n\n\n\n<p>n) Organik Tar\u0131m ve Organik Hayvanc\u0131l\u0131k \u00fcretiminin geli\u015ftirilmesi amac\u0131yla en son teknolojilerin uygulanaca\u011f\u0131\u00a0<strong><em>&#8220;birim araziden ve birim hayvandan en y\u00fcksek verimin al\u0131naca\u011f\u0131&#8221;\u00a0<\/em><\/strong>Organik Organize Tar\u0131m b\u00f6lgeleri ile Organik Organize Hayvanc\u0131l\u0131k B\u00f6lgelerinin kurulmas\u0131n\u0131n te\u015fvik edilmesi<\/p>\n\n\n\n<p>&#8230; vb gibi projeler d\u00fc\u015f\u00fcn\u00fclebilir.<\/p>\n\n\n\n<p>Gelece\u011fimiz a\u00e7\u0131s\u0131ndan \u00f6nem ta\u015f\u0131yan bu t\u00fcr projelerin ger\u00e7ekle\u015fmesi umuduyla&#8230;<\/p>\n","protected":false},"excerpt":{"rendered":"<p>19 Haziran 2010 &#8211; D\u00fcnya Gazetesi Bilimsel Ar-Ge \u00e7al\u0131\u015fmalar\u0131 sonucu teknolojilerdeki geli\u015fmeler, Toplum yap\u0131s\u0131 ile Ya\u015fam k\u00fclt\u00fcr\u00fcn\u00fc de de\u011fi\u015ftirmektedir. Genetic-Tech., High-Tech., Nano-Tech. ve Space-Tech. alanlar\u0131ndaki&#8230;<\/p>\n","protected":false},"author":1,"featured_media":0,"parent":0,"menu_order":0,"comment_status":"closed","ping_status":"closed","template":"","meta":[],"_links":{"self":[{"href":"https:\/\/erdogankutlu.com\/index.php\/wp-json\/wp\/v2\/pages\/80"}],"collection":[{"href":"https:\/\/erdogankutlu.com\/index.php\/wp-json\/wp\/v2\/pages"}],"about":[{"href":"https:\/\/erdogankutlu.com\/index.php\/wp-json\/wp\/v2\/types\/page"}],"author":[{"embeddable":true,"href":"https:\/\/erdogankutlu.com\/index.php\/wp-json\/wp\/v2\/users\/1"}],"replies":[{"embeddable":true,"href":"https:\/\/erdogankutlu.com\/index.php\/wp-json\/wp\/v2\/comments?post=80"}],"version-history":[{"count":1,"href":"https:\/\/erdogankutlu.com\/index.php\/wp-json\/wp\/v2\/pages\/80\/revisions"}],"predecessor-version":[{"id":81,"href":"https:\/\/erdogankutlu.com\/index.php\/wp-json\/wp\/v2\/pages\/80\/revisions\/81"}],"wp:attachment":[{"href":"https:\/\/erdogankutlu.com\/index.php\/wp-json\/wp\/v2\/media?parent=80"}],"curies":[{"name":"wp","href":"https:\/\/api.w.org\/{rel}","templated":true}]}}