{"id":82,"date":"2018-10-02T00:55:42","date_gmt":"2018-10-01T21:55:42","guid":{"rendered":"http:\/\/erdogankutlu.com\/yeni\/wordpress\/?page_id=82"},"modified":"2018-10-02T00:55:42","modified_gmt":"2018-10-01T21:55:42","slug":"nobel-bilim-odulleri-ve-egitim-sistemimiz","status":"publish","type":"page","link":"https:\/\/erdogankutlu.com\/index.php\/nobel-bilim-odulleri-ve-egitim-sistemimiz\/","title":{"rendered":"Nobel Bilim \u00d6d\u00fclleri ve E\u011fitim Sistemimiz"},"content":{"rendered":"\n<p><em>15 Eyl\u00fcl 2003 &#8211;\u00a0<em>D\u00fcnya Gazetesi<\/em><\/em><\/p>\n\n\n\n<p>\u00dclkelerin geli\u015fmesi i\u00e7in e\u011fitimin \u00f6nemi tespit edilen bilimsel bir ger\u00e7ek olup, ba\u015far\u0131 i\u00e7in uygulanan e\u011fitim sistemi b\u00fcy\u00fck \u00f6nem ta\u015f\u0131maktad\u0131r. E\u011fitim sisteminde ama\u00e7; \u00f6\u011frencilerin \u00f6\u011frenmeyi, soru sormay\u0131, analitik d\u00fc\u015f\u00fcnmeyi \u00f6\u011frenmeleri ve yarat\u0131c\u0131 olmalar\u0131n\u0131 sa\u011flanmakt\u0131r.<\/p>\n\n\n\n<p>Fizik, kimya, fizyoloji (t\u0131p) alanlar\u0131 ba\u015fta olmak \u00fczere \u00e7e\u015fitli alanlarda Nobel Bilim \u00d6d\u00fcl\u00fc kazanan \u00fclkeleri inceleyecek olursak, bu \u00fclkelerin teknoloji \u00fcreten ve satan \u00fclkeler olduklar\u0131n\u0131, e\u011fitim sistemlerini inceleyecek olursak ezbercilik yerine &#8220;AR-GE&#8221;ye dayal\u0131 bir e\u011fitim sistemi uygulad\u0131klar\u0131n\u0131 g\u00f6r\u00fcr\u00fcz.<\/p>\n\n\n\n<p>\u00d6rne\u011fin en fazla Nobel Bilim \u00d6d\u00fcl\u00fc kazanan \u00fclke ABD, ayn\u0131 zamanda en geli\u015fmi\u015f \u00fclkedir ve e\u011fitim sistemi tamamen &#8220;AR-GE&#8221;ye dayal\u0131d\u0131r.<\/p>\n\n\n\n<p>Geli\u015fmi\u015f \u00fclke, teknoloji (genetic tech., high. tech., space tech.) \u00fcreten ve satan \u00fclkedir. Ger\u00e7ek ba\u011f\u0131ms\u0131zl\u0131k da ancak teknoloji ba\u011f\u0131ms\u0131zl\u0131\u011f\u0131 ile m\u00fcmk\u00fcnd\u00fcr.<\/p>\n\n\n\n<p>Toprak alt\u0131ndaki zengin maden ve petrol gibi do\u011fal kaynaklar art\u0131k \u00fclkelerin ba\u011f\u0131ms\u0131zl\u0131\u011f\u0131 i\u00e7in yeterli olmamaktad\u0131r.<\/p>\n\n\n\n<p>Geli\u015fmi\u015f \u00fclkeler, bilim ve teknoloji alanlar\u0131ndaki ba\u015far\u0131lar\u0131 ile art\u0131k emek-yo\u011fun toplum yap\u0131s\u0131ndan, bilgi-yo\u011fun toplum yap\u0131s\u0131na ge\u00e7mi\u015f bulunmaktad\u0131rlar.<\/p>\n\n\n\n<p>Geli\u015fmi\u015f \u00fclkelerde fert ba\u015f\u0131na milli gelir 20.000 (yirmi bin) USD&#8217;nin \u00fczerindedir. Geli\u015fmi\u015f \u00fclkeler bu geli\u015fmi\u015flik d\u00fczeyine e\u011fitim sistemleri ile ula\u015fm\u0131\u015flard\u0131r.<\/p>\n\n\n\n<p>Hi\u00e7bir Nobel Bilim \u00d6d\u00fcl\u00fc kazanamam\u0131\u015f \u00fclkelerin e\u011fitim sistemlerini inceleyecek olursak ezbercili\u011fe ve a\u015f\u0131r\u0131 disipline dayal\u0131 bir sistem uyguland\u0131\u011f\u0131n\u0131 g\u00f6r\u00fcr\u00fcz.<\/p>\n\n\n\n<p>Ezbercili\u011fin; yarat\u0131c\u0131l\u0131\u011f\u0131, analitik d\u00fc\u015f\u00fcnmeyi ve \u00f6\u011frenmeyi engelledi\u011fi bilimsel olarak tespit edilmi\u015ftir.<\/p>\n\n\n\n<p>Bu bilimsel ger\u00e7ekler g\u00f6z \u00f6n\u00fcne al\u0131narak bug\u00fcne kadar Nobel Bilim \u00d6d\u00fcl\u00fc kazanamam\u0131\u015f olan \u00fclkemizin e\u011fitim sisteminin geli\u015fmi\u015f \u00fclkelerdeki uygulamalara benzer yeni bir yap\u0131lanmaya kavu\u015fturulmas\u0131 uygun olacakt\u0131r.<\/p>\n\n\n\n<p>\u00dclkemizin gelece\u011fi a\u00e7\u0131s\u0131ndan son derece \u00f6nem arz eden bu sorunun \u00e7\u00f6z\u00fcm\u00fc i\u00e7in, Albert Einstein&#8217;in &#8220;Kar\u015f\u0131la\u015f\u0131lan \u00f6nemli sorunlar, o sorunlar\u0131 ortaya \u00e7\u0131karan d\u00fc\u015f\u00fcnce d\u00fczeyinde \u00e7\u00f6z\u00fclemez&#8221; g\u00f6r\u00fc\u015fleri do\u011frultusunda ba\u015fta geli\u015fmi\u015f \u00fclkelerde ba\u015far\u0131l\u0131 AR-GE \u00e7al\u0131\u015fmalar\u0131nda bulunan T\u00fcrk bilim adamlar\u0131m\u0131z olmak \u00fczere yabanc\u0131 bilim adamlar\u0131ndan ve yurti\u00e7inde AR-GE \u00e7al\u0131\u015fmalar\u0131 yapan bilim adamlar\u0131m\u0131zdan m\u00fcte\u015fekkil bir bilim ve teknoloji y\u00fcksek kurulu olu\u015fturulabilir ve g\u00f6r\u00fc\u015fleri de\u011ferlendirilerek e\u011fitim sistemimizin modernizasyonu sa\u011flanabilir.<\/p>\n\n\n\n<p>Ayr\u0131ca; teknoparklar\u0131n ve teknokentlerin (Silikon Vadileri) kurulma \u00e7al\u0131\u015fmalar\u0131 ile bilim ve teknoloji AR-GE \u00e7al\u0131\u015fmalar\u0131n\u0131 koordine edecek ve y\u00f6nlendirecek bilim ve teknoloji bakanl\u0131\u011f\u0131n\u0131n kurulmas\u0131 da bu \u00e7al\u0131\u015fmalar\u0131n bir b\u00fct\u00fcnl\u00fck i\u00e7inde y\u00fcr\u00fct\u00fclmesine \u00f6nemli katk\u0131 sa\u011flayabilir.<\/p>\n\n\n\n<p>\u00d6zetle; emek-yo\u011fun toplum yap\u0131s\u0131ndan bilgi-yo\u011fun toplum yap\u0131s\u0131na ge\u00e7ebilmemiz i\u00e7in bu \u00e7al\u0131\u015fmalar gereklidir.<\/p>\n\n\n\n<p>B\u00f6ylece, \u00fclke olarak art\u0131k biz de tar\u0131m ve hayvanc\u0131l\u0131kta &#8220;genetic tech.&#8221; uygulamas\u0131 yaparak birim tohumundan, birim araziden ve birim hayvandan en y\u00fcksek verimi alabilece\u011fiz. (GAP&#8217;ta bulunan Ko\u00e7 Ata \u00c7iftli\u011fi gibi.)<\/p>\n\n\n\n<p>Sanayilerimizde &#8220;High Tech&#8221; ve bilgi teknolojileri uygulamalar\u0131 ile \u00fcretimden en y\u00fcksek geliri ve katma de\u011feri sa\u011flayabilece\u011fiz. (Micro chip, s\u00fcper iletkenler, kompozit malzemeler, optik cihazlar, t\u0131bbi cihazlar, elektronik cihazlar, navigasyon cihazlar\u0131, bilgisayar cihazlar\u0131, s\u00fcper h\u0131zl\u0131 trenler&#8230; vb. gibi \u00fcretimleri yaparak).<\/p>\n\n\n\n<p>Ayr\u0131ca &#8220;Space Tech.&#8221; \u00fcretimlerimiz ile biz de art\u0131k yay\u0131n uydusu, meteoroloji uydusu, GPS uydusu, AR-GE uydusu vb. gibi uydular yapabilece\u011fiz ve artan n\u00fcfusumuza ra\u011fmen e\u011fitim sistemimizin modernizasyonu neticesi GSMH&#8217;mizi ve fert ba\u015f\u0131na d\u00fc\u015fen milli gelirimizi s\u00fcrekli olarak art\u0131rabilece\u011fiz ve biz de Nobel Bilim \u00d6d\u00fclleri kazanabilece\u011fiz.<\/p>\n","protected":false},"excerpt":{"rendered":"<p>15 Eyl\u00fcl 2003 &#8211;\u00a0D\u00fcnya Gazetesi \u00dclkelerin geli\u015fmesi i\u00e7in e\u011fitimin \u00f6nemi tespit edilen bilimsel bir ger\u00e7ek olup, ba\u015far\u0131 i\u00e7in uygulanan e\u011fitim sistemi b\u00fcy\u00fck \u00f6nem ta\u015f\u0131maktad\u0131r. E\u011fitim&#8230;<\/p>\n","protected":false},"author":1,"featured_media":0,"parent":0,"menu_order":0,"comment_status":"closed","ping_status":"closed","template":"","meta":[],"_links":{"self":[{"href":"https:\/\/erdogankutlu.com\/index.php\/wp-json\/wp\/v2\/pages\/82"}],"collection":[{"href":"https:\/\/erdogankutlu.com\/index.php\/wp-json\/wp\/v2\/pages"}],"about":[{"href":"https:\/\/erdogankutlu.com\/index.php\/wp-json\/wp\/v2\/types\/page"}],"author":[{"embeddable":true,"href":"https:\/\/erdogankutlu.com\/index.php\/wp-json\/wp\/v2\/users\/1"}],"replies":[{"embeddable":true,"href":"https:\/\/erdogankutlu.com\/index.php\/wp-json\/wp\/v2\/comments?post=82"}],"version-history":[{"count":1,"href":"https:\/\/erdogankutlu.com\/index.php\/wp-json\/wp\/v2\/pages\/82\/revisions"}],"predecessor-version":[{"id":83,"href":"https:\/\/erdogankutlu.com\/index.php\/wp-json\/wp\/v2\/pages\/82\/revisions\/83"}],"wp:attachment":[{"href":"https:\/\/erdogankutlu.com\/index.php\/wp-json\/wp\/v2\/media?parent=82"}],"curies":[{"name":"wp","href":"https:\/\/api.w.org\/{rel}","templated":true}]}}