{"id":90,"date":"2018-10-02T01:09:19","date_gmt":"2018-10-01T22:09:19","guid":{"rendered":"http:\/\/erdogankutlu.com\/yeni\/wordpress\/?page_id=90"},"modified":"2018-10-02T01:09:19","modified_gmt":"2018-10-01T22:09:19","slug":"teknoloji-bankasi-kurulmali","status":"publish","type":"page","link":"https:\/\/erdogankutlu.com\/index.php\/teknoloji-bankasi-kurulmali\/","title":{"rendered":"Teknoloji Bankas\u0131 Kurulmal\u0131"},"content":{"rendered":"\n<p><em>D\u00fcnya Gazetesi &#8211; 20 Mart 2007<\/em><\/p>\n\n\n\n<p>Co\u011frafi konumu itibariyle D\u00fcnyan\u0131n \u00f6nemli b\u00f6lgesinde bulunan \u00dclkemizin g\u00fc\u00e7l\u00fc bir ekonomiye ve g\u00fc\u00e7l\u00fc bir savunmaya sahip olmas\u0131 hepimizin ortak amac\u0131 ve dile\u011fidir. G\u00fc\u00e7l\u00fc ekonomiye ve g\u00fc\u00e7l\u00fc savunmaya sahip olabilmemiz i\u00e7in teknoloji \u00fcretmemiz, geli\u015ftirmemiz ve katma de\u011feri y\u00fcksek ileri teknoloji (Genetik-tech., High.-tech., Nano-tech., Space-tech.)\u00fcr\u00fcnlerini \u00fcretmemiz ve D\u00fcnya Pazarlar\u0131 ile Uzay Pazar\u0131nda pazarlayabilmemiz gerekmektedir. Teknoloji h\u0131zla geli\u015fmektedir. Ya\u015fam\u0131m\u0131z uydular kanal\u0131yla sa\u011flanan ileti\u015fim ile bilgisayar sistemlerine ba\u011flanm\u0131\u015f durumdad\u0131r. T\u00fcm bilgi, ses ve g\u00f6r\u00fcnt\u00fc ileti\u015fimleri art\u0131k uydular kanal\u0131yla ve GSM Cihazlar\u0131yla yap\u0131lmaktad\u0131r. \u0130leri Teknoloji \u00fcr\u00fcn\u00fc bu cihazlar\u0131 \u00fcretmemiz ve pazarlayabilmemiz gelece\u011fimiz a\u00e7\u0131s\u0131ndan son derece \u00f6nemlidir.<\/p>\n\n\n\n<p>Evrensel Pazar\u0131n Lideri 13.2 Trilyonluk USD. l\u0131k Milli Geliri ile ABD\u2019dir. ABD\u2019yi 4.46 Trilyon USD. ile Japonya, 2.89 Trilyon USD. ile Almanya ve 2.55 Trilyon USD ile \u00c7in takip etmektedir. \u00c7in 4. b\u00fcy\u00fck ekonomi olmu\u015ftur. Hindistan 854 Milyar USD ile 13. ekonomi olurken \u00dclkemiz 378 Milyar USD ile 19. ekonomi olmu\u015ftur. (2006) ABD, Japonya ve Almanya bu g\u00fc\u00e7lerine teknoloji \u00fcreterek, geli\u015ftirerek, sanayiye uygulanabilir ileri teknoloji \u00fcr\u00fcnleri haline getirerek ve D\u00fcnya Pazarlar\u0131nda yap\u0131lanarak ula\u015fm\u0131\u015flard\u0131r. \u00c7in ise ucuz emek ile \u00fcretti\u011fi emek yo\u011fun \u00fcr\u00fcnler ile girdi\u011fi D\u00fcnya Pazarlar\u0131na art\u0131k teknoloji yo\u011fun \u00fcr\u00fcnler ile girmektedir. \u00c7in\u2019in en b\u00fcy\u00fck hedefi ileri teknoloji \u00fcr\u00fcnlerini \u00fcreterek D\u00fcnya ve Uzay Pazarlar\u0131nda s\u00f6z sahibi olmakt\u0131r. \u00dclkemiz olarak katma de\u011feri y\u00fcksek ileri teknoloji \u00fcr\u00fcnlerini ithal ediyor. Tar\u0131m, tekstil, beyaz e\u015fya, otomotiv\u2026v.b. gibi sanayi \u00fcr\u00fcnlerini ihra\u00e7 ediyoruz. \u0130hra\u00e7 etmekte oldu\u011fumuz \u00fcr\u00fcnler ile ithal etmekte oldu\u011fumuz \u00fcr\u00fcnlerin \u00f6demelerini yapam\u0131yoruz ve s\u00fcrekli d\u0131\u015f ticaret a\u00e7\u0131\u011f\u0131 veriyoruz. Bu durum ise cari a\u00e7\u0131k vermemize, d\u0131\u015f bor\u00e7lar\u0131m\u0131z\u0131n artmas\u0131na ve \u00dclke riskimizin artmas\u0131na neden oluyor. \u00dclke riskimizin artmas\u0131 ile sanayicilerimizin d\u0131\u015f rakiplerine oranla yabanc\u0131 bankalardan daha y\u00fcksek faizle ve daha d\u00fc\u015f\u00fck vade ile kredi bulmalar\u0131na neden olmaktad\u0131r. Buda d\u0131\u015f pazarlardaki rekabet g\u00fc\u00e7lerini azaltmaktad\u0131r. Di\u011fer taraftan s\u00fcrekli b\u00fcy\u00fcyen iki b\u00fcy\u00fck ekonomi \u00c7in ve Hindistan \u2018\u0131n otomotiv ve beyaz e\u015fya pazarlar\u0131na girmeleri ile bu pazarlarda da zorlanaca\u011f\u0131m\u0131z g\u00f6r\u00fcl\u00fcyor. \u00d6zetle; Teknoloji \u00fcretmemiz, geli\u015ftirmemiz ve sanayiye uygulanabilir ileri teknoloji (Genetic-tech., High-tech., Nano-tech., Space-tech.) \u00fcr\u00fcnlerini \u00fcretmemizin ve Evrensel pazarda pazarlayabilmemizin \u00dclkemizin gelece\u011fi a\u00e7\u0131s\u0131ndan son derece \u00f6nemli ve gerekli oldu\u011fu d\u00fc\u015f\u00fcn\u00fclmektedir. Bu ama\u00e7la; TEKNOLOJ\u0130 ve F\u0130NANSI konusundaki Devlet Politikas\u0131n\u0131n belirlenmesi ve uygulanmas\u0131 \u00f6nem kazanmaktad\u0131r.<\/p>\n\n\n\n<p>\u00d6rne\u011fin;<\/p>\n\n\n\n<p><strong>1.<\/strong>\u00a0Bilim ve Teknoloji Bakanl\u0131\u011f\u0131n\u0131n Kurulmas\u0131<\/p>\n\n\n\n<p><strong>2.<\/strong>\u00a0T\u00fcrkiye Teknoloji Merkezinin Kurulmas\u0131<\/p>\n\n\n\n<p><strong>3.<\/strong>\u00a0T\u00fcrkiye Proje Pazar\u0131 ve Bulu\u015f ( Teknoloji ) Borsas\u0131n\u0131n Kurulmas\u0131<\/p>\n\n\n\n<p><strong>4.<\/strong>\u00a0T\u00fcrkiye Teknoloji Bankas\u0131n\u0131n Kurulmas\u0131<\/p>\n\n\n\n<p><strong>5.<\/strong>\u00a0Organize Teknoloji B\u00f6lgelerinin ( Silikon Vadilerinin ) Kurulmas\u0131<\/p>\n\n\n\n<p><strong>6.<\/strong>\u00a0Uluslararas\u0131 Teknoloji Fuarlar\u0131n\u0131n d\u00fczenlenmesi<\/p>\n\n\n\n<p><strong>7.<\/strong>\u00a0Geli\u015fen teknolojilerin beraberinde getirdi\u011fi yeni meslek dallar\u0131n\u0131n ( Genetik M\u00fch., Mekatronik M\u00fch.,<\/p>\n\n\n\n<p>Robot M\u00fch., I\u015f\u0131k\/I\u015f\u0131n M\u00fch., Optik M\u00fch., \u0130leti\u015fim M\u00fch., Finans M\u00fch., Laser M\u00fch., Uzay \/ Uydu M\u00fch\u2026v.b. gibi ) e\u011fitim sistemimize ilavesi v.b. gibi projeler olabilir.<\/p>\n\n\n\n<p>Sanayiye uygulanabilir ileri teknoloji \u00fcr\u00fcnlerinin \u00fcretimi i\u00e7in gerekli F\u0130NANS \u2018 \u0131n temini amac\u0131yla;<\/p>\n\n\n\n<p>Uluslararas\u0131 Yat\u0131r\u0131m ve Kredi ama\u00e7l\u0131 \u201c \u0130htisas Bankas\u0131 \u201c konumunda T\u00dcRK\u0130YE TEKNOLOJ\u0130 BANKASI\u2019 n\u0131n kurulmas\u0131 uygun olacakt\u0131r.<\/p>\n\n\n\n<p>Kurulacak Banka ile, Sanayicilerimizin d\u0131\u015f rakipleri gibi d\u00fc\u015f\u00fck faizli \u2013 uzun vadeli kredi imkan\u0131na kavu\u015fabilmeleri sa\u011flanabilecek ve Uluslararas\u0131 Yat\u0131r\u0131m yapabilmeleri konusunda te\u015fvik edilmi\u015f olacakt\u0131r.<\/p>\n\n\n\n<p>Kurulacak Banka i\u00e7in kaynak;<\/p>\n\n\n\n<p><strong>1.<\/strong>\u00a0Sosyal G\u00fcvenlik Primlerinin ( SSK, Ba\u011fKur, Emekli Sand\u0131\u011f\u0131 ) Merkez Bankas\u0131 nezdinde \u201c Emeklilik Fonu\u201d hesab\u0131nda toplanmas\u0131 ve Banka taraf\u0131ndan \u00e7\u0131kar\u0131lacak \u201c Euro bond \u201c lardan alarak de\u011ferlendirilmesi ve Bankaya da kaynak sa\u011flanmas\u0131<\/p>\n\n\n\n<p><strong>2.<\/strong>\u00a0\u201c Bilim ve Teknoloji Fonu \u201c nun kurulmas\u0131 ve teknoloji yo\u011fun \u00fcr\u00fcnlerinin ithalinden elde edilecek Fon gelirlerinin, Banka taraf\u0131ndan \u00e7\u0131kar\u0131lacak Yat\u0131r\u0131m Fonlar\u0131ndan al\u0131narak de\u011ferlendirilmesi ve kaynak sa\u011flanmas\u0131<\/p>\n\n\n\n<p><strong>3.<\/strong>\u00a0Bankan\u0131n \u201c Lead \u2013 Manager\u201d li\u011finde Euro Pazarlardan kredi talebinde bulunacak Sanayiciler i\u00e7in Euro kredi alarak veya Euro &#8211; Tahvil ihra\u00e7 ederek kaynak sa\u011flanmas\u0131<\/p>\n\n\n\n<p><strong>4.<\/strong>\u00a0D\u00fcnya Bankas\u0131 ile Avrupa Yat\u0131r\u0131m Bankas\u0131ndan sa\u011flanacak krediler ile,<\/p>\n\n\n\n<p><strong>5.\u00a0<\/strong>\u00c7\u0131kar\u0131lacak &#8220;Yat\u0131r\u0131m Fonlar\u0131&#8221; ile sa\u011flanabilir.<\/p>\n","protected":false},"excerpt":{"rendered":"<p>D\u00fcnya Gazetesi &#8211; 20 Mart 2007 Co\u011frafi konumu itibariyle D\u00fcnyan\u0131n \u00f6nemli b\u00f6lgesinde bulunan \u00dclkemizin g\u00fc\u00e7l\u00fc bir ekonomiye ve g\u00fc\u00e7l\u00fc bir savunmaya sahip olmas\u0131 hepimizin ortak&#8230;<\/p>\n","protected":false},"author":1,"featured_media":0,"parent":0,"menu_order":0,"comment_status":"closed","ping_status":"closed","template":"","meta":[],"_links":{"self":[{"href":"https:\/\/erdogankutlu.com\/index.php\/wp-json\/wp\/v2\/pages\/90"}],"collection":[{"href":"https:\/\/erdogankutlu.com\/index.php\/wp-json\/wp\/v2\/pages"}],"about":[{"href":"https:\/\/erdogankutlu.com\/index.php\/wp-json\/wp\/v2\/types\/page"}],"author":[{"embeddable":true,"href":"https:\/\/erdogankutlu.com\/index.php\/wp-json\/wp\/v2\/users\/1"}],"replies":[{"embeddable":true,"href":"https:\/\/erdogankutlu.com\/index.php\/wp-json\/wp\/v2\/comments?post=90"}],"version-history":[{"count":1,"href":"https:\/\/erdogankutlu.com\/index.php\/wp-json\/wp\/v2\/pages\/90\/revisions"}],"predecessor-version":[{"id":91,"href":"https:\/\/erdogankutlu.com\/index.php\/wp-json\/wp\/v2\/pages\/90\/revisions\/91"}],"wp:attachment":[{"href":"https:\/\/erdogankutlu.com\/index.php\/wp-json\/wp\/v2\/media?parent=90"}],"curies":[{"name":"wp","href":"https:\/\/api.w.org\/{rel}","templated":true}]}}