{"id":92,"date":"2018-10-02T01:09:56","date_gmt":"2018-10-01T22:09:56","guid":{"rendered":"http:\/\/erdogankutlu.com\/yeni\/wordpress\/?page_id=92"},"modified":"2018-10-02T01:09:56","modified_gmt":"2018-10-01T22:09:56","slug":"kuresel-vizyonumuzu-belirleyelim-2","status":"publish","type":"page","link":"https:\/\/erdogankutlu.com\/index.php\/kuresel-vizyonumuzu-belirleyelim-2\/","title":{"rendered":"K\u00dcRESEL V\u0130ZYONUMUZU BEL\u0130RLEYEL\u0130M"},"content":{"rendered":"\n<p>D\u00fcnya ve Uzay pazarlar\u0131nda ya\u015fanan Bilim, Teknoloji, Finans ve Yat\u0131r\u0131m Sava\u015flar\u0131 daha h\u0131zl\u0131 bir d\u00f6neme girmektedir.<\/p>\n\n\n\n<p>Bu pazarlarda ba\u015far\u0131l\u0131 olabilmek, \u00fcretilecek en son teknolojiyi ihtiva eden \u00fcr\u00fcnleri, en uygun fiyata pazarlayabilmekle ancak m\u00fcmk\u00fcnd\u00fcr.<\/p>\n\n\n\n<p>\u00dclkemizin gelece\u011fi a\u00e7\u0131s\u0131ndan son derece \u00f6nem arz eden K\u00fcresel Pazarda yer alabilmemiz \u00fcretece\u011fimiz \u201cK\u00fcresel Vizyona\u201d ba\u011fl\u0131d\u0131r.<\/p>\n\n\n\n<p>K\u00fcresel Vizyonumuzun belirlenmesi, Sanayici ve \u0130\u015fadamlar\u0131m\u0131z taraf\u0131ndan haz\u0131rlanmal\u0131 ve H\u00fck\u00fcmet ile isti\u015fareleri yap\u0131larak son \u015feklini almal\u0131 ve gerekli hukuki d\u00fczenlemeleri ile Kanuni d\u00fczenlemeleri yap\u0131larak disiplinli bir \u015fekilde uygulanmal\u0131d\u0131r.<\/p>\n\n\n\n<p>K\u00fcresel Vizyonumuz, \u00d6rne\u011fin;<\/p>\n\n\n\n<p><strong>1-DEMOKRAS\u0130<\/strong><\/p>\n\n\n\n<p><strong>a-<\/strong>\u00a0Demokratik Anayasa haz\u0131rlanmal\u0131d\u0131r,<\/p>\n\n\n\n<p><strong>b-<\/strong>\u00a0Demokratik Se\u00e7im Sistemi haz\u0131rlanmal\u0131d\u0131r,<\/p>\n\n\n\n<p><strong>c-<\/strong>\u00a0Demokratik Siyasi Partiler Kanunu haz\u0131rlanmal\u0131d\u0131r,<\/p>\n\n\n\n<p><strong>d-<\/strong>\u00a0Demokratik Hukuk Kurallar\u0131 haz\u0131rlanmal\u0131d\u0131r.<\/p>\n\n\n\n<p><strong>2- TEKNOLOJ\u0130<\/strong><\/p>\n\n\n\n<p><strong>a-<\/strong>\u00a0Bilim ve Teknoloji Bakanl\u0131\u011f\u0131n\u0131n kurulmas\u0131,<\/p>\n\n\n\n<p><strong>b-<\/strong>T\u00fcrkiye Teknoloji Merkezi\u2019nin kurulmas\u0131,<\/p>\n\n\n\n<p>ve b\u00fcnyesinde;<\/p>\n\n\n\n<ul><li>Genetic Tech.<\/li><li>High-Tech.<\/li><li>Nano-Tech.<\/li><li>Space-Tech. \u201cAR-GE\u201d merkezlerinin kurulmas\u0131<\/li><\/ul>\n\n\n\n<p><strong>c-<\/strong>\u00a0Teknoloji Fonu\u2019nun olu\u015fturulmas\u0131,<\/p>\n\n\n\n<p><strong>d-<\/strong>\u00a0Geli\u015fen teknolojilerin beraberinde getirdi\u011fi yeni meslek dallar\u0131n\u0131n E\u011fitim Sistemimize ilave edilmesi (Genetik M\u00fchendisli\u011fi, Biyo-Teknoloji M\u00fchendisli\u011fi, Finans M\u00fchendisli\u011fi, Robot M\u00fchendisli\u011fi, Laser M\u00fchendisli\u011fi, Optik M\u00fchendisli\u011fi, I\u015f\u0131k\/I\u015f\u0131n M\u00fchendisli\u011fi, Uzay\/Uydu M\u00fchendisli\u011fi, Enerji M\u00fchendisli\u011fi ve teknisyenlikleri ile N\u00fckleer T\u0131p Teknisyenli\u011fi, Biyo-T\u0131p Teknisyenli\u011fi, Positron Emisyonlu Tomografi Teknisyenli\u011fi\u2026v.b. gibi)<\/p>\n\n\n\n<p><strong>e-\u00a0<\/strong>\u00dcniversitelerimiz ile Uluslar aras\u0131 \u00dcniversiteler aras\u0131nda m\u00fc\u015fterek \u201cAR-GE\u201d Enstit\u00fclerinin kurulmas\u0131<\/p>\n\n\n\n<p><strong>3- F\u0130NANS<\/strong><\/p>\n\n\n\n<p><strong>a-\u00a0<\/strong>T\u00dcRK\u0130YE TEKNOLOJ\u0130 BANKASI\u2019 n\u0131n kurulmas\u0131 ve Teknoloji yo\u011fun Projeler i\u00e7in uzun vadeli\/d\u00fc\u015f\u00fck faizli kredi sa\u011flanmas\u0131.<\/p>\n\n\n\n<p>Banka i\u00e7in kaynak;25-30 y\u0131l vadeli olarak yat\u0131r\u0131lan Sosyal G\u00fcvenlik (SSK, Ba\u011f-Kur, Emekli Sand\u0131\u011f\u0131) primlerinin Merkez Bankas\u0131 nezdinde olu\u015fturulacak \u201cEMEKL\u0130L\u0130K FONU\u201d nda toplanmas\u0131 ve banka taraf\u0131ndan \u00e7\u0131kar\u0131lacak \u201cEurobond\u201d lar\u2019 dan al\u0131narak hem fonun de\u011ferlendirilmesi hem de Bankaya kaynak sa\u011flanmas\u0131 d\u00fc\u015f\u00fcnebilir.<\/p>\n\n\n\n<p><strong>b-\u00a0<\/strong>ULUSLAR ARASI YATIRIM VE KRED\u0130 BANKASI\u2019 n\u0131n kurulmas\u0131 ve \u00f6nemli d\u0131\u015f pazarlarda \u015fubelerinin a\u00e7\u0131larak ihracat\u00e7\u0131lar\u0131m\u0131z\u0131n ve d\u0131\u015f pazarlarda yat\u0131r\u0131m yapacak yat\u0131r\u0131mc\u0131lar\u0131m\u0131z i\u00e7in kredi verilmesi,<\/p>\n\n\n\n<p><strong>c-<\/strong>\u00a0T\u00dcRK\u0130YE \u00c7EVRE BANKASI\u2019 n\u0131n kurulmas\u0131 ve \u00c7evre Teknolojileri ile Ar\u0131tma Sistemlerini \u00fcretecek sanayicilerimiz ile kullanacak sanayilere ve yerel y\u00f6netimlere kredi vermesi.<\/p>\n\n\n\n<p>Banka i\u00e7in kaynak; \u00c7evre Temizlik Vergilerinin Merkez Bankas\u0131 nezdinde olu\u015fturulacak\u00a0&#8220;\u00c7EVRE FONU&#8221; ndan sa\u011flanabilir.<\/p>\n\n\n\n<p><strong>d-\u00a0<\/strong>T.C. Z\u0130RAAT BANKASI\u2019 n\u0131n Modern Tar\u0131m ve Hayvanc\u0131l\u0131k konular\u0131nda \u201c\u0130htisas Bankas\u0131\u201d haline don\u00fc\u015ft\u00fcr\u00fclmesi.<\/p>\n\n\n\n<p><strong>4-SANAY\u0130<\/strong><\/p>\n\n\n\n<p><strong>a-<\/strong>\u00a0Sanayimizin teknoloji yo\u011fun \u00fcretime y\u00f6nelmelerinin te\u015fvik edilmesi,<\/p>\n\n\n\n<p><strong>b-<\/strong>\u00a0ORGAN\u0130ZE TEKNOLOJ\u0130 B\u00d6LGELER\u0130\u2019 nin kurulmas\u0131 ve ve bu b\u00f6lgelerde;<\/p>\n\n\n\n<p>Elektronik cihazlar, Bilgisayar Cihazlar\u0131, Micro-Chip\u2019ler, Robotik Sistemler, S\u00fcper \u0130letkenler, Kompozit Malzemeler, Optik Cihazlar, T\u0131bbi Cihazlar, Laser Cihazlar\u0131, Telekominikasyon Cihazlar\u0131, GSM Cihazlar\u0131, Navigasyon Cihazlar\u0131, Hidro-Elektrik Santral Baraj T\u00fcrbinleri, Buhar T\u00fcrbinleri, Gaz T\u00fcrbinleri, Enerji Teknolojileri \u00dcr\u00fcnleri, Yak\u0131t Pilleri, U\u00e7aklar, Uydular, Hidrojen enerjisi ile \u00e7al\u0131\u015facak Cihazlar, Mikro Dalga ile \u00e7al\u0131\u015facak Cihazlar, \u00c7evre Teknolojileri \u00fcr\u00fcnleri, Biyo-Teknoloji, Biyo \u2013 Enerji ve Biyo \u2013 T\u0131p Cihazlar\u0131\u2026 v.b. gibi \u00fcr\u00fcnlerin \u00fcretilmesi.<\/p>\n\n\n\n<p><strong>c-\u00a0<\/strong>ORGAN\u0130ZE SAVUNMA SANAY\u0130 B\u00d6LGELER\u0130\u2019 nin kurulmas\u0131 ve bu b\u00f6lgelerde;<\/p>\n\n\n\n<p>Ak\u0131ll\u0131 F\u00fczelerin, Robot askerlerin, Ak\u0131ll\u0131 Savunma Giysilerinin, Lojistik ara\u00e7lar\u0131 ile te\u00e7hizatlar\u0131n\u0131n, istihkam ara\u00e7lar\u0131 ile te\u00e7hizatlar\u0131n\u0131n, Muhabere ara\u00e7lar\u0131 ile te\u00e7hizatlar\u0131n\u0131n, sahra \u00e7ad\u0131rlar\u0131n\u0131n, sahra hastaneleri ile te\u00e7hizatlar\u0131n\u0131n en son teknolojileri ihtiva eden Top\u2019lar\u0131n, Tanklar\u0131n, Helikopterlerin, Sava\u015f u\u00e7aklar\u0131n\u0131n, Sava\u015f gemilerinin, Denizalt\u0131lar\u0131n, torpidolar\u0131n \u2026v.b. gibi savunma ara\u00e7 ve gere\u00e7lerinin \u00fcretilmesi.<\/p>\n\n\n\n<p><strong>d-<\/strong>\u00a0ORGAN\u0130ZE TARIM ve HAYVANCILIK B\u00d6LGELER\u0130 ile \u00fcretim ama\u00e7l\u0131 \u201cihtisas k\u00f6ylerinin\u201d kurulmas\u0131 ve bu b\u00f6lgelerde modern Tar\u0131m ve Hayvanc\u0131l\u0131k usulleri ve Genetic-Tech. Uygulamalar\u0131 ile \u201c Birim araziden ve birim hayvandan en y\u00fcksek verimin al\u0131nmas\u0131 sa\u011flanabilecek ve bu b\u00f6lgelerde kurulacak Entegre tesisler ile nihai \u00fcr\u00fcn \u00fcretilmi\u015f olacakt\u0131r.<\/p>\n\n\n\n<p>\u00d6rne\u011fin;<\/p>\n\n\n\n<ul><li>S\u00fct ve S\u00fct mamulleri<\/li><li>Et ve Et mamulleri<\/li><li>Y\u00fcn ve Y\u00fcnl\u00fc mamulleri<\/li><li>Deri ve Deri mamulleri<\/li><li>Pancar ve \u015eeker mamulleri<\/li><li>Meyve ve Meyve mamulleri<\/li><li>Sebze ve Dondurulmu\u015f Sebzeler\u00a0<br\/><\/li><\/ul>\n\n\n\n<p>\u2026.v.b. gibi<\/p>\n\n\n\n<p><strong>5- ULUSLAR ARASI PAZARLAMA<\/strong><\/p>\n\n\n\n<p><strong>a-<\/strong>\u00a0Ekonomi ve D\u0131\u015f Ticaret Bakanl\u0131\u011f\u0131\u2019 n\u0131n kurulmas\u0131<\/p>\n\n\n\n<p><strong>b-\u00a0<\/strong>Ekonomi ve D\u0131\u015f Ticaret Konseyi\u2019 nin kurulmas\u0131 (Turkish External Trade-TETRA) ve \u00f6nemli d\u0131\u015f pazarlarda \u201cEkonomi El\u00e7ili\u011fi\u201d \u015feklinde yap\u0131land\u0131r\u0131lmas\u0131.<\/p>\n\n\n\n<p>Verilecek Hizmetler;<\/p>\n\n\n\n<ul><li>Pazar hakk\u0131nda bilgi<\/li><li>Reklam hizmetleri<\/li><li>Pazarlama hizmetleri<\/li><li>Fuarc\u0131l\u0131k hizmetleri<\/li><li>Lojistik\/G\u00fcmr\u00fckleme\/Depolama hizmetleri<\/li><\/ul>\n\n\n\n<p>Benzer uygulamay\u0131 Japonya JETRA (Japan External Trade) ile G\u00fcney Kore KOTRA ile Milliyet\u00e7i \u00c7in CETRA ile y\u0131llard\u0131r yapmaktad\u0131r ve \u00fclkemizde de temsilcilikleri bulunmaktad\u0131r.<\/p>\n\n\n\n<p>D\u0131\u015f Pazarlarda kurulacak konsey temsilcilikleri ayr\u0131ca;<\/p>\n\n\n\n<ul><li>G\u0131da marketleri zincirlerinin ,<\/li><li>Fast-food zincirlerinin,<\/li><li>Giyim ma\u011fazalar\u0131 zincirlerinin,<\/li><li>Mobilya ma\u011fazalar\u0131 zincirlerinin,<\/li><li>Hal\u0131 ma\u011fazalar\u0131 zincirlerinin,<\/li><li>Hizmet sekt\u00f6r\u00fc zincirlerinin<\/li><\/ul>\n\n\n\n<p>\u2026v.b. gibi Pazarlama ve Hizmet zincirlerinin kurulmalar\u0131 ile i\u00e7inde koordinasyonlar\u0131 yapmas\u0131<\/p>\n\n\n\n<p><strong>6- ULUSLAR ARASI YATIRIMLAR<\/strong><\/p>\n\n\n\n<p><strong>a-<\/strong>\u00a0Uluslar aras\u0131 Yat\u0131r\u0131m ve Kredi Bankas\u0131\u2019 n\u0131n \u00f6nemli d\u0131\u015f pazarlarda \u015fubelerinin a\u00e7\u0131lmas\u0131,<\/p>\n\n\n\n<p><strong>b-<\/strong>\u00a0Sanayici ve \u0130\u015fadamlar\u0131m\u0131z\u0131n d\u0131\u015f pazarlarda yat\u0131r\u0131m yapmalar\u0131n\u0131n te\u015fvik edilmesi ve kredi imkanlar\u0131n\u0131n sa\u011flanmas\u0131<\/p>\n\n\n\n<p>\u00d6rne\u011fin;<\/p>\n\n\n\n<ul><li>E\u011fitim yat\u0131r\u0131mlar\u0131 (\u00dcniversiteler, Meslek Y\u00fcksek Okullar\u0131, Meslek Okullar\u0131 v.b.)<\/li><li>Teknoloji yo\u011fun sanayi yat\u0131r\u0131mlar\u0131<\/li><li>Turizm yat\u0131r\u0131mlar (Otel ve tatil k\u00f6y\u00fc zincirleri, Havaliman\u0131 i\u015fletmecili\u011fi, Yat liman\u0131 i\u015fletmecili\u011fi, L\u00fcks yolcu gemisi i\u015fletmecili\u011fi, Havayolu i\u015fletmecili\u011fi\u2026v.b.)<\/li><li>Hastane yat\u0131r\u0131mlar\u0131 (Tam te\u015fekk\u00fcll\u00fc Hastaneler ve \u0130htisas Hastaneleri)<\/li><li>\u0130n\u015faat yat\u0131r\u0131mlar\u0131<\/li><li>Modern Tar\u0131m ve Hayvanc\u0131l\u0131k i\u015fletmeleri yat\u0131r\u0131mlar\u0131 (G\u0131da Sanayileri)<\/li><li>Moda \u2013 Giyim &#8211; M\u00fccevher Tasar\u0131m ve Tekstil sanayi yat\u0131r\u0131mlar\u0131<\/li><\/ul>\n\n\n\n<p>\u2026v.b. gibi yat\u0131r\u0131mlar d\u00fc\u015f\u00fcn\u00fclebilir.<\/p>\n\n\n\n<p>\u00d6zetle; K\u00fcresel Vizyonumuzun belirlenmesi ve disiplinli bir \u015fekilde uygulanarak D\u00fcnya ve Uzay pazarlar\u0131nda yer almam\u0131z \u00dclkemizin gelece\u011fi a\u00e7\u0131s\u0131ndan son derece \u00f6nem arz etmektedir.<\/p>\n","protected":false},"excerpt":{"rendered":"<p>D\u00fcnya ve Uzay pazarlar\u0131nda ya\u015fanan Bilim, Teknoloji, Finans ve Yat\u0131r\u0131m Sava\u015flar\u0131 daha h\u0131zl\u0131 bir d\u00f6neme girmektedir. Bu pazarlarda ba\u015far\u0131l\u0131 olabilmek, \u00fcretilecek en son teknolojiyi ihtiva&#8230;<\/p>\n","protected":false},"author":1,"featured_media":0,"parent":0,"menu_order":0,"comment_status":"closed","ping_status":"closed","template":"","meta":[],"_links":{"self":[{"href":"https:\/\/erdogankutlu.com\/index.php\/wp-json\/wp\/v2\/pages\/92"}],"collection":[{"href":"https:\/\/erdogankutlu.com\/index.php\/wp-json\/wp\/v2\/pages"}],"about":[{"href":"https:\/\/erdogankutlu.com\/index.php\/wp-json\/wp\/v2\/types\/page"}],"author":[{"embeddable":true,"href":"https:\/\/erdogankutlu.com\/index.php\/wp-json\/wp\/v2\/users\/1"}],"replies":[{"embeddable":true,"href":"https:\/\/erdogankutlu.com\/index.php\/wp-json\/wp\/v2\/comments?post=92"}],"version-history":[{"count":1,"href":"https:\/\/erdogankutlu.com\/index.php\/wp-json\/wp\/v2\/pages\/92\/revisions"}],"predecessor-version":[{"id":93,"href":"https:\/\/erdogankutlu.com\/index.php\/wp-json\/wp\/v2\/pages\/92\/revisions\/93"}],"wp:attachment":[{"href":"https:\/\/erdogankutlu.com\/index.php\/wp-json\/wp\/v2\/media?parent=92"}],"curies":[{"name":"wp","href":"https:\/\/api.w.org\/{rel}","templated":true}]}}