{"id":96,"date":"2018-10-02T01:12:12","date_gmt":"2018-10-01T22:12:12","guid":{"rendered":"http:\/\/erdogankutlu.com\/yeni\/wordpress\/?page_id=96"},"modified":"2018-10-02T01:12:12","modified_gmt":"2018-10-01T22:12:12","slug":"teknobanklar-ile-teknoparklar-kurulmali","status":"publish","type":"page","link":"https:\/\/erdogankutlu.com\/index.php\/teknobanklar-ile-teknoparklar-kurulmali\/","title":{"rendered":"Teknobanklar ile Teknopark&#8217;lar Kurulmal\u0131"},"content":{"rendered":"\n<p><em>D\u00fcnya Gazetesi &#8211; 6 Eyl\u00fcl 1995<\/em><\/p>\n\n\n\n<p>\u00dclke ekonomilerinin geli\u015fmesini ve b\u00fcy\u00fcmesini sa\u011flayacak yat\u0131r\u0131mlar\u0131n teknoloji y\u00f6n\u00fcnden en son geli\u015fmeleri ihtiva etmesi ve en d\u00fc\u015f\u00fck finans maliyeti ile kurulmas\u0131 gerekir.<\/p>\n\n\n\n<p>Geri teknoloji ve y\u00fcksek finans maliyeti ile kurulan yat\u0131r\u0131mlarda \u00fcretilen mamullerin, ileri teknoloji ve d\u00fc\u015f\u00fck finans maliyeti ile kurulan yet\u0131r\u0131mlarda \u00fcretilen mamullerle Uluslararas\u0131 Pazarlarda rekabet etmesi m\u00fcmk\u00fcn de\u011fildir. Uluslararas\u0131 pazarlarda Bilim, Teknoloji ve Finans sava\u015f\u0131 ya\u015fanmaktad\u0131r ve bu sava\u015f Uzay\u2019da da devam etmektedir. Bu sava\u015fta uluslararas\u0131 standartlara (ISO) uygun y\u00f6netim yap\u0131lanmas\u0131 temel olup h\u0131z esast\u0131r. Ses h\u0131z\u0131na ula\u015fmak kafi de\u011fildir. I\u015f\u0131k h\u0131z\u0131n\u0131 yakalamak hedeftir. Bu bak\u0131mdan yap\u0131laca \u00e7al\u0131\u015fmalar\u0131n Ana \u00fcss\u00fc art\u0131k uzayda yerle\u015fik bilgi istasy\u0131nlar\u0131 olacakt\u0131r.<\/p>\n\n\n\n<p>D\u00fcnyadaki yeralt\u0131 ve yer\u00fcst\u00fc kaynaklar\u0131n\u0131n tespiti Geodezik Uydular\u0131 ile \u015fu an m\u00fcmk\u00fcnd\u00fcr. \u00dclkelerin gelecek tar\u0131m hasatlar\u0131n\u0131n miktar\u0131 da meteoroloji uydular\u0131ndan al\u0131nacakya\u011f\u0131\u015f miktarlar\u0131 ile ayn\u0131 \u015fekilde ana bilgi istasyonlar\u0131ndan \u00f6\u011frenilebilmekte ve d\u00fcnyadaki tah\u0131l borsalar\u0131 ile navlun fiyatlar\u0131 buna g\u00f6re belirlenmektedir.<\/p>\n\n\n\n<p>Haberle\u015fme uydular\u0131yla da d\u00fcnya borsalar\u0131 an\u0131nda takip edilmekte ve uluslararas\u0131 finans m\u00fcesseseleri ile kurulan bili\u015fimle uluslararas\u0131 yat\u0131r\u0131mlar yap\u0131labilmektedir.<\/p>\n\n\n\n<p>\u00d6zetle \u00fclkelerin son h\u0131zla devam eden bu ekonomik sava\u015fta ba\u015far\u0131 ile ayakta kalabilmeleri i\u00e7in uluslararas\u0131 standartlara uygun y\u00f6netim ve \u00fcretim yap\u0131lanmalar\u0131n\u0131 sa\u011flamalar\u0131, bilim ve teknoloji \u00fcretmeleri ve bu \u00fcretimlerini uluslararas\u0131 d\u00fczeyde yap\u0131lanm\u0131\u015f finans m\u00fcesseselernin kordinat\u00f6rl\u00fc\u011f\u00fcnde en d\u00fc\u015f\u00fck maliyetle uluslar aras\u0131 yat\u0131r\u0131mlara d\u00f6n\u00fc\u015ft\u00fcrebilmeleri gerekmektedir.<\/p>\n\n\n\n<p>\u00dclkemiz olarak finans+teknoloji y\u00f6n\u00fcnden g\u00fc\u00e7l\u00fc bu \u00fclkelerin seviyesne ula\u015fabilmemiz i\u00e7in; Bizim de \u201cY\u00f6netim ve \u00dcretim yap\u0131lanmas\u0131 olarak ISO Standartlar\u0131na uymam\u0131z\u201d bilim ve teknoloji \u00fcretmemiz ve bu \u00fcretimlerimizi uluslararas\u0131 d\u00fczeyde yap\u0131lanacak finans m\u00fcesseselerimizin koordinat\u00f6rl\u00fc\u011f\u00fcnde uluslararas\u0131 yat\u0131r\u0131mlara d\u00f6n\u00fc\u015ft\u00fcrmemiz gerekmektedir.<\/p>\n\n\n\n<p>Uluslararas\u0131 standartlara uygun y\u00f6netici yeti\u015ftirebilmemiz i\u00e7in b\u00fcnyesinde finans m\u00fchendisli\u011fi, uluslararas\u0131 i\u015fletmecilik, devletler aras\u0131 hukuk v.b. Gibi b\u00f6l\u00fcmlerin bulunaca\u011f\u0131 uluslaras\u0131 \u00f6zel \u00fcniversiteleri kurmam\u0131z uygun olacakt\u0131r. Bilim ve teknololoji \u00fcretmemizde; \u00fcniversitelerimizin uluslararas\u0131 \u00fcniversitelerle m\u00fc\u015fterek olarak kuracaklar\u0131 uluslararas\u0131 bilim ve teknoloji enstit\u00fcleri ile sa\u011flanabilir ve \u00fcretilecek Genetic-Tech.+High Tech.ler ile Teknoparklar olu\u015fturulabilir.<\/p>\n\n\n\n<p>Teknoparklardai en son teknolojiyi ihtiva eden projelerin en d\u00fc\u015f\u00fck finans maliyeti ile \u00fcretime d\u00f6n\u00fc\u015ft\u00fcr\u00fclmesi de kurulacak teknoparklarla m\u00fcmk\u00fcn olabilir.<\/p>\n\n\n\n<p>\u0130htisas Bankas\u0131 konumunda olacak teknobanklar, Teknoparklardaki projeleri pazarlayabilirler ve bu projelerin yat\u0131r\u0131m\u0131a d\u00f6n\u00fc\u015febilmesi i\u00e7in gerekli finans\u0131 faiz yerine \u201ckar ortakl\u0131\u011f\u0131\u201d ve \u201cm\u00fclkiyet ortakl\u0131\u011f\u0131\u201d \u015feklinde yat\u0131r\u0131mc\u0131lardan temin edebilirler.<\/p>\n\n\n\n<p>Bu \u015fekilde en son teknolojileri ihitva eden projeler en d\u00fc\u015f\u00fck finans maliyeti ile yat\u0131r\u0131mlara d\u00f6n\u00fc\u015ft\u00fcr\u00fclebilir. Teknobankalr\u0131m\u0131z\u0131n uluslararas\u0131 d\u00fczeyde yap\u0131lanmas\u0131 ile de bu yat\u0131r\u0131mlar\u0131n uluslararas\u0131 d\u00fczeyde ger\u00e7ekle\u015ftirilmesi m\u00fcmk\u00fcn olabilir. Di\u011fer taraftan y\u00fcksek faize as\u0131l neden olan kamu bor\u00e7lanmalar\u0131 miktar\u0131n\u0131n anayasal bir d\u00fczenleme ile belirlenmesi uygun olacakt\u0131r.<\/p>\n\n\n\n<p>Kamunun sorumsuzca yapm\u0131\u015f oldu\u011fu harcamalar ve israflar kamu a\u00e7\u0131klar\u0131n\u0131 artt\u0131rmakta ve bu a\u00e7\u0131klar y\u00fcksek faizli bor\u00e7lanma ara\u00e7lar\u0131 ile kapat\u0131lmaktad\u0131r. Bor\u00e7lanma oran\u0131n\u0131n belirlenecek bir miktarda (\u00f6rne\u011fin y\u00fczde 5 gibi) s\u0131n\u0131rland\u0131r\u0131l\u0131p anayasal g\u00fcvence alt\u0131na al\u0131nmas\u0131 uygun olacakt\u0131r. Ayn\u0131 \u015fekilde anyasaya denk b\u00fct\u00e7e yap\u0131lmas\u0131 ve uygulanmas\u0131 \u015fart\u0131n\u0131nda getirilmesi b\u00fct\u00e7e a\u00e7\u0131klar\u0131n\u0131 sona erdirecek ve kamunun paraya olan talebini azaltacakt\u0131r. B\u00f6ylece faiz d\u00fc\u015fecek ve para teknobanklarda yat\u0131r\u0131mc\u0131lara sunulan uluslararas\u0131 standartlara uygun y\u00f6netim anlay\u0131\u015f\u0131yla \u00fcretilecek ideal projelere y\u00f6nelebilecektir.<\/p>\n","protected":false},"excerpt":{"rendered":"<p>D\u00fcnya Gazetesi &#8211; 6 Eyl\u00fcl 1995 \u00dclke ekonomilerinin geli\u015fmesini ve b\u00fcy\u00fcmesini sa\u011flayacak yat\u0131r\u0131mlar\u0131n teknoloji y\u00f6n\u00fcnden en son geli\u015fmeleri ihtiva etmesi ve en d\u00fc\u015f\u00fck finans maliyeti&#8230;<\/p>\n","protected":false},"author":1,"featured_media":0,"parent":0,"menu_order":0,"comment_status":"closed","ping_status":"closed","template":"","meta":[],"_links":{"self":[{"href":"https:\/\/erdogankutlu.com\/index.php\/wp-json\/wp\/v2\/pages\/96"}],"collection":[{"href":"https:\/\/erdogankutlu.com\/index.php\/wp-json\/wp\/v2\/pages"}],"about":[{"href":"https:\/\/erdogankutlu.com\/index.php\/wp-json\/wp\/v2\/types\/page"}],"author":[{"embeddable":true,"href":"https:\/\/erdogankutlu.com\/index.php\/wp-json\/wp\/v2\/users\/1"}],"replies":[{"embeddable":true,"href":"https:\/\/erdogankutlu.com\/index.php\/wp-json\/wp\/v2\/comments?post=96"}],"version-history":[{"count":1,"href":"https:\/\/erdogankutlu.com\/index.php\/wp-json\/wp\/v2\/pages\/96\/revisions"}],"predecessor-version":[{"id":97,"href":"https:\/\/erdogankutlu.com\/index.php\/wp-json\/wp\/v2\/pages\/96\/revisions\/97"}],"wp:attachment":[{"href":"https:\/\/erdogankutlu.com\/index.php\/wp-json\/wp\/v2\/media?parent=96"}],"curies":[{"name":"wp","href":"https:\/\/api.w.org\/{rel}","templated":true}]}}