{"id":98,"date":"2018-10-02T01:13:04","date_gmt":"2018-10-01T22:13:04","guid":{"rendered":"http:\/\/erdogankutlu.com\/yeni\/wordpress\/?page_id=98"},"modified":"2018-10-02T01:13:20","modified_gmt":"2018-10-01T22:13:20","slug":"bilgi-endustrileri-ile-silikon-vadileri-kuralim","status":"publish","type":"page","link":"https:\/\/erdogankutlu.com\/index.php\/bilgi-endustrileri-ile-silikon-vadileri-kuralim\/","title":{"rendered":"Bilgi End\u00fcstrileri ile Silikon Vadileri Kural\u0131m"},"content":{"rendered":"\n<p><em>D\u00fcnya Gazetesi &#8211; 16 Kas\u0131m 2001<\/em><\/p>\n\n\n\n<p>Tar\u0131m, tekstil ve otomotiv \u00fcr\u00fcnleri ihra\u00e7 eden \u00fclkemiz, u\u00e7ak, t\u0131bbi cihazlar, optik cihazlar, telekom\u00fcnikasyon cihazlar\u0131, elektronik cihazlar, bilgisayar cihazlar\u0131, enerji santrallar\u0131 (buhar t\u00fcrbinleri, su t\u00fcrbinleri, gaz t\u00fcrbinleri) savunma ara\u00e7lar\u0131 (ak\u0131ll\u0131 f\u00fczeler, roketler, torpidolar&#8230; vb. gibi), navigasyon cihazlar\u0131 (GPS, radar vb.), haberle\u015fme uydusu, vs. gibi ileri teknoloji \u00fcr\u00fcnleri ithal etmektedir.<\/p>\n\n\n\n<p>\u0130hra\u00e7 etmekte oldu\u011fumuz \u00fcr\u00fcnler 1-10 USD\/kg civar\u0131nda olurken, ithal etmekte oldu\u011fumuz \u00fcr\u00fcnler 100-1000 USD\/kg civar\u0131nda olmaktad\u0131r. (\u0130hra\u00e7 etmekte oldu\u011fumuz tar\u0131m \u00fcr\u00fcnleri 1 USD\/kg, tekstil \u00fcr\u00fcnleri 5 USD\/kg, otomotiv \u00fcr\u00fcnleri 10 USD\/kg, ithal etmekte oldu\u011fumuz bilgisayar cihazlar\u0131 100 USD\/kg, u\u00e7ak 1000\/kg civar\u0131ndad\u0131r.) Bunun i\u00e7in ihracat\u0131m\u0131z\u0131n ithalat\u0131m\u0131z\u0131 kar\u015f\u0131lama oran\u0131 daima negatif (-) olmaktad\u0131r. Bu durumda devaml\u0131 olarak d\u0131\u015f bor\u00e7lar\u0131m\u0131z\u0131n artmas\u0131na neden olmaktad\u0131r. \u0130hracat\u0131m\u0131z\u0131n ithalat\u0131m\u0131zdan fazla olabilmesi i\u00e7in yeni teknolojiler \u00fcretmemiz ve ihra\u00e7 etmemiz gerekmektedir. \u00dclkemizin g\u00fc\u00e7lenmesi ve emek yo\u011fun toplum yap\u0131s\u0131ndan bilgi yo\u011fun toplum yap\u0131s\u0131na ge\u00e7ebilmesi i\u00e7in bu gereklidir.<\/p>\n\n\n\n<p>Bilgi toplumuna ge\u00e7ebilmemiz i\u00e7in e\u011fitim sistemimizin modernizasyonu ile end\u00fcstri meslek liselerimizin ve teknik \u00fcniversitelerimizin AR-GE&#8217;ye y\u00f6nelmesi son derece \u00f6nem arz etmektedir. Kurulacak AR-GE end\u00fcstrilerinde \u00fcretilecek genetik-tech., high-tech. ve space-tech. geli\u015fmelerinin teknoparklarda sergilenmesi yat\u0131r\u0131mc\u0131lar\u0131n ve m\u00fcte\u015febbislerin ilgisini \u00e7ekecek ve bilgi end\u00fcstrilerinin kurulmas\u0131 g\u00fcndeme gelecektir.<\/p>\n\n\n\n<p>Bilgi end\u00fcstrilerinin kurulmas\u0131 ve i\u015fletilmesi i\u00e7in di\u011fer \u00f6nemli konu ise gerekli finans\u0131n son derece d\u00fc\u015f\u00fck maliyetli temin edilmesi olacakt\u0131r. \u00c7\u00fcnk\u00fc, teknolojik geli\u015fmelerin \u00fcretilmesi kadar pazarlanmas\u0131 da son derece \u00f6nemlidir. Bunun i\u00e7in de, teknoparklar ile teknoloji borsalar\u0131n\u0131n kurulmas\u0131 ve d\u0131\u015f pazarlarda yap\u0131lanmam\u0131z gerekiyor.<\/p>\n\n\n\n<p>Teknobanklar, yat\u0131r\u0131m ve kredi ama\u00e7l\u0131 ihtisas bankalar\u0131 konumunda yat\u0131r\u0131mc\u0131lar ile m\u00fcte\u015febbisler aras\u0131nda k\u00f6pr\u00fc g\u00f6revi g\u00f6recektir. Ayr\u0131ca, uluslararas\u0131 bankalar ile &#8220;consortium&#8221;lar kurarak yabanc\u0131 sermayenin gelmesini de sa\u011flayabilecektir.<\/p>\n\n\n\n<p>Teknoloji borsalar\u0131 ile de bu t\u00fcr yat\u0131r\u0131mlar\u0131n hisse senetleri yerli ve yabanc\u0131 yat\u0131r\u0131mc\u0131lara sunularak gerekli kaynak faizsiz ve \u00f6zkaynak olarak temin edilebilecektir. Bilgi end\u00fcstrilerinde \u00fcretilecek yeni teknolojik \u00fcr\u00fcnlerin d\u0131\u015f pazarlarda pazarlanabilmesi i\u00e7in ise, ekonomi ve d\u0131\u015f ticaret konseyinin kurulmas\u0131 ve yurtd\u0131\u015f\u0131nda &#8220;ekonomi el\u00e7ilikleri&#8221; \u015feklinde yap\u0131lanmam\u0131z uygun m\u00fctalaa edilmektedir.<\/p>\n","protected":false},"excerpt":{"rendered":"<p>D\u00fcnya Gazetesi &#8211; 16 Kas\u0131m 2001 Tar\u0131m, tekstil ve otomotiv \u00fcr\u00fcnleri ihra\u00e7 eden \u00fclkemiz, u\u00e7ak, t\u0131bbi cihazlar, optik cihazlar, telekom\u00fcnikasyon cihazlar\u0131, elektronik cihazlar, bilgisayar cihazlar\u0131,&#8230;<\/p>\n","protected":false},"author":1,"featured_media":0,"parent":0,"menu_order":0,"comment_status":"closed","ping_status":"closed","template":"","meta":[],"_links":{"self":[{"href":"https:\/\/erdogankutlu.com\/index.php\/wp-json\/wp\/v2\/pages\/98"}],"collection":[{"href":"https:\/\/erdogankutlu.com\/index.php\/wp-json\/wp\/v2\/pages"}],"about":[{"href":"https:\/\/erdogankutlu.com\/index.php\/wp-json\/wp\/v2\/types\/page"}],"author":[{"embeddable":true,"href":"https:\/\/erdogankutlu.com\/index.php\/wp-json\/wp\/v2\/users\/1"}],"replies":[{"embeddable":true,"href":"https:\/\/erdogankutlu.com\/index.php\/wp-json\/wp\/v2\/comments?post=98"}],"version-history":[{"count":2,"href":"https:\/\/erdogankutlu.com\/index.php\/wp-json\/wp\/v2\/pages\/98\/revisions"}],"predecessor-version":[{"id":100,"href":"https:\/\/erdogankutlu.com\/index.php\/wp-json\/wp\/v2\/pages\/98\/revisions\/100"}],"wp:attachment":[{"href":"https:\/\/erdogankutlu.com\/index.php\/wp-json\/wp\/v2\/media?parent=98"}],"curies":[{"name":"wp","href":"https:\/\/api.w.org\/{rel}","templated":true}]}}